{"id":679,"date":"2025-05-15T16:31:56","date_gmt":"2025-05-15T16:31:56","guid":{"rendered":"https:\/\/www.novotelbucharestcitycentre.com\/?page_id=679"},"modified":"2025-06-12T10:01:27","modified_gmt":"2025-06-12T10:01:27","slug":"sustenabilitate","status":"publish","type":"page","link":"https:\/\/www.novotelbucharestcitycentre.com\/ro\/sustenabilitate\/","title":{"rendered":"Sustenabilitate"},"content":{"rendered":"<p><img loading=\"lazy\" decoding=\"async\" class=\"aligncenter wp-image-719 size-large\" src=\"http:\/\/www.novotelbucharestcitycentre.com\/wp-content\/uploads\/sites\/26\/2025\/06\/Fara-titlu-15-x-5-cm-12-x-4-cm-1024x341.png\" alt=\"\" width=\"1024\" height=\"341\" srcset=\"https:\/\/www.novotelbucharestcitycentre.com\/wp-content\/uploads\/sites\/26\/2025\/06\/Fara-titlu-15-x-5-cm-12-x-4-cm-1024x341.png 1024w, https:\/\/www.novotelbucharestcitycentre.com\/wp-content\/uploads\/sites\/26\/2025\/06\/Fara-titlu-15-x-5-cm-12-x-4-cm-300x100.png 300w, https:\/\/www.novotelbucharestcitycentre.com\/wp-content\/uploads\/sites\/26\/2025\/06\/Fara-titlu-15-x-5-cm-12-x-4-cm-768x256.png 768w, https:\/\/www.novotelbucharestcitycentre.com\/wp-content\/uploads\/sites\/26\/2025\/06\/Fara-titlu-15-x-5-cm-12-x-4-cm-600x200.png 600w, https:\/\/www.novotelbucharestcitycentre.com\/wp-content\/uploads\/sites\/26\/2025\/06\/Fara-titlu-15-x-5-cm-12-x-4-cm-1000x333.png 1000w, https:\/\/www.novotelbucharestcitycentre.com\/wp-content\/uploads\/sites\/26\/2025\/06\/Fara-titlu-15-x-5-cm-12-x-4-cm.png 1417w\" sizes=\"auto, (max-width: 1024px) 100vw, 1024px\" \/><\/p>\n<p data-start=\"48\" data-end=\"288\">La Novotel Bucharest City Centre, credem c\u0103 ospitalitatea \u0219i sustenabilitatea merg m\u00e2n\u0103 \u00een m\u00e2n\u0103. Ne angaj\u0103m s\u0103 avem un impact pozitiv asupra mediului \u0219i asupra comunit\u0103\u021bii locale prin integrarea practicilor sustenabile \u00een tot ceea ce facem.<\/p>\n<p data-start=\"290\" data-end=\"698\"><strong data-start=\"290\" data-end=\"329\">M\u00e2ndri s\u0103 fim certifica\u021bi Green Key<\/strong><br data-start=\"329\" data-end=\"332\" \/>Suntem onora\u021bi s\u0103 fi primit prestigioasa certificare Green Key, un standard de excelen\u021b\u0103 recunoscut la nivel interna\u021bional pentru responsabilitatea fa\u021b\u0103 de mediu \u0219i operarea sustenabil\u0103 \u00een industria turismului. Aceast\u0103 recunoa\u0219tere reflect\u0103 eforturile noastre continue de a atinge cele mai \u00eenalte standarde \u00een materie de sustenabilitate \u0219i ospitalitate responsabil\u0103.<\/p>\n<p data-start=\"700\" data-end=\"1081\"><strong data-start=\"700\" data-end=\"740\">Cele \u0219ase piloni ai sustenabilit\u0103\u021bii<\/strong><br data-start=\"740\" data-end=\"743\" \/>Ne desf\u0103\u0219ur\u0103m activitatea ghida\u021bi de \u0219ase piloni esen\u021biali care definesc obiectivele noastre \u0219i ne ajut\u0103 s\u0103 m\u0103sur\u0103m progresul \u00een urm\u0103toarele domenii:<br \/>\n\u2022 Sustenabilitate de mediu<br data-start=\"919\" data-end=\"922\" \/>\u2022 Incluziune social\u0103<br data-start=\"942\" data-end=\"945\" \/>\u2022 Achizi\u021bii responsabile<br data-start=\"969\" data-end=\"972\" \/>\u2022 Circularitate \u0219i gestionarea de\u0219eurilor<br data-start=\"1013\" data-end=\"1016\" \/>\u2022 Implicarea oaspe\u021bilor<br data-start=\"1039\" data-end=\"1042\" \/>\u2022 Sprijinirea \u0219i educarea angaja\u021bilor<\/p>\n<p data-start=\"1083\" data-end=\"1185\">Ace\u0219ti piloni nu sunt doar principii\u2014ei ne modeleaz\u0103 ac\u021biunile de zi cu zi \u0219i viziunea pe termen lung.<\/p>\n<p data-start=\"1187\" data-end=\"1565\"><strong data-start=\"1187\" data-end=\"1210\">Privind spre viitor<\/strong><br data-start=\"1210\" data-end=\"1213\" \/>Sustenabilitatea este o c\u0103l\u0103torie, iar noi suntem m\u00e2ndri s\u0103 facem parte dintr-o mi\u0219care global\u0103 condus\u0103 de Accor pentru a construi un viitor mai responsabil \u00een ospitalitate. Fie c\u0103 ne vizita\u021bi \u00een interes de afaceri sau pentru relaxare, experien\u021ba dumneavoastr\u0103 la Novotel Bucharest City Centre este una care respect\u0103 planeta \u0219i sus\u021bine valorile locale.<\/p>\n<p data-start=\"1567\" data-end=\"1615\"><strong data-start=\"1567\" data-end=\"1615\">Hai s\u0103 construim \u00eempreun\u0103 un viitor mai bun.<\/strong><\/p>\n<p><img loading=\"lazy\" decoding=\"async\" class=\"size-large wp-image-673\" src=\"http:\/\/www.novotelbucharestcitycentre.com\/wp-content\/uploads\/sites\/26\/2025\/05\/elderly-person-children-holding-plant-1024x685.jpg\" alt=\"Sustainability\" width=\"1024\" height=\"685\" srcset=\"https:\/\/www.novotelbucharestcitycentre.com\/wp-content\/uploads\/sites\/26\/2025\/05\/elderly-person-children-holding-plant-1024x685.jpg 1024w, https:\/\/www.novotelbucharestcitycentre.com\/wp-content\/uploads\/sites\/26\/2025\/05\/elderly-person-children-holding-plant-300x201.jpg 300w, https:\/\/www.novotelbucharestcitycentre.com\/wp-content\/uploads\/sites\/26\/2025\/05\/elderly-person-children-holding-plant-768x514.jpg 768w, https:\/\/www.novotelbucharestcitycentre.com\/wp-content\/uploads\/sites\/26\/2025\/05\/elderly-person-children-holding-plant-1536x1028.jpg 1536w, https:\/\/www.novotelbucharestcitycentre.com\/wp-content\/uploads\/sites\/26\/2025\/05\/elderly-person-children-holding-plant-2048x1370.jpg 2048w, https:\/\/www.novotelbucharestcitycentre.com\/wp-content\/uploads\/sites\/26\/2025\/05\/elderly-person-children-holding-plant-600x401.jpg 600w, https:\/\/www.novotelbucharestcitycentre.com\/wp-content\/uploads\/sites\/26\/2025\/05\/elderly-person-children-holding-plant-1000x669.jpg 1000w\" sizes=\"auto, (max-width: 1024px) 100vw, 1024px\" \/><\/p>\n","protected":false},"excerpt":{"rendered":"<p>La Novotel Bucharest City Centre, credem c\u0103 ospitalitatea \u0219i sustenabilitatea merg m\u00e2n\u0103 \u00een m\u00e2n\u0103. Ne angaj\u0103m s\u0103 avem un impact pozitiv asupra mediului \u0219i asupra comunit\u0103\u021bii locale prin integrarea practicilor sustenabile \u00een tot ceea ce facem. M\u00e2ndri s\u0103 fim certifica\u021bi Green KeySuntem onora\u021bi s\u0103 fi primit prestigioasa certificare Green Key, un standard de excelen\u021b\u0103 recunoscut [&hellip;]<\/p>\n","protected":false},"author":73,"featured_media":0,"parent":0,"menu_order":0,"comment_status":"closed","ping_status":"closed","template":"","meta":{"footnotes":""},"categories":[],"class_list":["post-679","page","type-page","status-publish","hentry"],"acf":[],"yoast_head":"<!-- This site is optimized with the Yoast SEO plugin v26.9 - https:\/\/yoast.com\/product\/yoast-seo-wordpress\/ -->\n<title>Sustenabilitate - Novotel Bucarest City Centre SL<\/title>\n<meta name=\"robots\" content=\"index, follow, max-snippet:-1, max-image-preview:large, max-video-preview:-1\" \/>\n<link rel=\"canonical\" href=\"https:\/\/www.novotelbucharestcitycentre.com\/ro\/sustenabilitate\/\" \/>\n<meta property=\"og:locale\" content=\"ro_RO\" \/>\n<meta property=\"og:type\" content=\"article\" \/>\n<meta property=\"og:title\" content=\"Sustenabilitate - Novotel Bucarest City Centre SL\" \/>\n<meta property=\"og:description\" content=\"La Novotel Bucharest City Centre, credem c\u0103 ospitalitatea \u0219i sustenabilitatea merg m\u00e2n\u0103 \u00een m\u00e2n\u0103. Ne angaj\u0103m s\u0103 avem un impact pozitiv asupra mediului \u0219i asupra comunit\u0103\u021bii locale prin integrarea practicilor sustenabile \u00een tot ceea ce facem. M\u00e2ndri s\u0103 fim certifica\u021bi Green KeySuntem onora\u021bi s\u0103 fi primit prestigioasa certificare Green Key, un standard de excelen\u021b\u0103 recunoscut [&hellip;]\" \/>\n<meta property=\"og:url\" content=\"https:\/\/www.novotelbucharestcitycentre.com\/ro\/sustenabilitate\/\" \/>\n<meta property=\"og:site_name\" content=\"Novotel Bucarest City Centre SL\" \/>\n<meta property=\"article:modified_time\" content=\"2025-06-12T10:01:27+00:00\" \/>\n<meta property=\"og:image\" content=\"https:\/\/www.novotelbucharestcitycentre.com\/wp-content\/uploads\/sites\/26\/2025\/06\/Fara-titlu-15-x-5-cm-12-x-4-cm.png\" \/>\n\t<meta property=\"og:image:width\" content=\"1417\" \/>\n\t<meta property=\"og:image:height\" content=\"472\" \/>\n\t<meta property=\"og:image:type\" content=\"image\/png\" \/>\n<meta name=\"twitter:card\" content=\"summary_large_image\" \/>\n<meta name=\"twitter:label1\" content=\"Timp estimat pentru citire\" \/>\n\t<meta name=\"twitter:data1\" content=\"1 minut\" \/>\n<script type=\"application\/ld+json\" class=\"yoast-schema-graph\">{\"@context\":\"https:\/\/schema.org\",\"@graph\":[{\"@type\":\"WebPage\",\"@id\":\"https:\/\/www.novotelbucharestcitycentre.com\/ro\/sustenabilitate\/\",\"url\":\"https:\/\/www.novotelbucharestcitycentre.com\/ro\/sustenabilitate\/\",\"name\":\"Sustenabilitate - Novotel Bucarest City Centre SL\",\"isPartOf\":{\"@id\":\"https:\/\/www.novotelbucharestcitycentre.com\/#website\"},\"primaryImageOfPage\":{\"@id\":\"https:\/\/www.novotelbucharestcitycentre.com\/ro\/sustenabilitate\/#primaryimage\"},\"image\":{\"@id\":\"https:\/\/www.novotelbucharestcitycentre.com\/ro\/sustenabilitate\/#primaryimage\"},\"thumbnailUrl\":\"http:\/\/www.novotelbucharestcitycentre.com\/wp-content\/uploads\/sites\/26\/2025\/06\/Fara-titlu-15-x-5-cm-12-x-4-cm-1024x341.png\",\"datePublished\":\"2025-05-15T16:31:56+00:00\",\"dateModified\":\"2025-06-12T10:01:27+00:00\",\"breadcrumb\":{\"@id\":\"https:\/\/www.novotelbucharestcitycentre.com\/ro\/sustenabilitate\/#breadcrumb\"},\"inLanguage\":\"ro-RO\",\"potentialAction\":[{\"@type\":\"ReadAction\",\"target\":[\"https:\/\/www.novotelbucharestcitycentre.com\/ro\/sustenabilitate\/\"]}]},{\"@type\":\"ImageObject\",\"inLanguage\":\"ro-RO\",\"@id\":\"https:\/\/www.novotelbucharestcitycentre.com\/ro\/sustenabilitate\/#primaryimage\",\"url\":\"http:\/\/www.novotelbucharestcitycentre.com\/wp-content\/uploads\/sites\/26\/2025\/06\/Fara-titlu-15-x-5-cm-12-x-4-cm-1024x341.png\",\"contentUrl\":\"http:\/\/www.novotelbucharestcitycentre.com\/wp-content\/uploads\/sites\/26\/2025\/06\/Fara-titlu-15-x-5-cm-12-x-4-cm-1024x341.png\"},{\"@type\":\"BreadcrumbList\",\"@id\":\"https:\/\/www.novotelbucharestcitycentre.com\/ro\/sustenabilitate\/#breadcrumb\",\"itemListElement\":[{\"@type\":\"ListItem\",\"position\":1,\"name\":\"Home\",\"item\":\"https:\/\/www.novotelbucharestcitycentre.com\/ro\/\"},{\"@type\":\"ListItem\",\"position\":2,\"name\":\"Sustenabilitate\"}]},{\"@type\":\"WebSite\",\"@id\":\"https:\/\/www.novotelbucharestcitycentre.com\/#website\",\"url\":\"https:\/\/www.novotelbucharestcitycentre.com\/\",\"name\":\"Novotel Bucarest City Centre SL\",\"description\":\"Just another D-Edge Accor V2 Sites Hosting site\",\"potentialAction\":[{\"@type\":\"SearchAction\",\"target\":{\"@type\":\"EntryPoint\",\"urlTemplate\":\"https:\/\/www.novotelbucharestcitycentre.com\/?s={search_term_string}\"},\"query-input\":{\"@type\":\"PropertyValueSpecification\",\"valueRequired\":true,\"valueName\":\"search_term_string\"}}],\"inLanguage\":\"ro-RO\"}]}<\/script>\n<!-- \/ Yoast SEO plugin. -->","yoast_head_json":{"title":"Sustenabilitate - Novotel Bucarest City Centre SL","robots":{"index":"index","follow":"follow","max-snippet":"max-snippet:-1","max-image-preview":"max-image-preview:large","max-video-preview":"max-video-preview:-1"},"canonical":"https:\/\/www.novotelbucharestcitycentre.com\/ro\/sustenabilitate\/","og_locale":"ro_RO","og_type":"article","og_title":"Sustenabilitate - Novotel Bucarest City Centre SL","og_description":"La Novotel Bucharest City Centre, credem c\u0103 ospitalitatea \u0219i sustenabilitatea merg m\u00e2n\u0103 \u00een m\u00e2n\u0103. Ne angaj\u0103m s\u0103 avem un impact pozitiv asupra mediului \u0219i asupra comunit\u0103\u021bii locale prin integrarea practicilor sustenabile \u00een tot ceea ce facem. M\u00e2ndri s\u0103 fim certifica\u021bi Green KeySuntem onora\u021bi s\u0103 fi primit prestigioasa certificare Green Key, un standard de excelen\u021b\u0103 recunoscut [&hellip;]","og_url":"https:\/\/www.novotelbucharestcitycentre.com\/ro\/sustenabilitate\/","og_site_name":"Novotel Bucarest City Centre SL","article_modified_time":"2025-06-12T10:01:27+00:00","og_image":[{"width":1417,"height":472,"url":"https:\/\/www.novotelbucharestcitycentre.com\/wp-content\/uploads\/sites\/26\/2025\/06\/Fara-titlu-15-x-5-cm-12-x-4-cm.png","type":"image\/png"}],"twitter_card":"summary_large_image","twitter_misc":{"Timp estimat pentru citire":"1 minut"},"schema":{"@context":"https:\/\/schema.org","@graph":[{"@type":"WebPage","@id":"https:\/\/www.novotelbucharestcitycentre.com\/ro\/sustenabilitate\/","url":"https:\/\/www.novotelbucharestcitycentre.com\/ro\/sustenabilitate\/","name":"Sustenabilitate - Novotel Bucarest City Centre SL","isPartOf":{"@id":"https:\/\/www.novotelbucharestcitycentre.com\/#website"},"primaryImageOfPage":{"@id":"https:\/\/www.novotelbucharestcitycentre.com\/ro\/sustenabilitate\/#primaryimage"},"image":{"@id":"https:\/\/www.novotelbucharestcitycentre.com\/ro\/sustenabilitate\/#primaryimage"},"thumbnailUrl":"http:\/\/www.novotelbucharestcitycentre.com\/wp-content\/uploads\/sites\/26\/2025\/06\/Fara-titlu-15-x-5-cm-12-x-4-cm-1024x341.png","datePublished":"2025-05-15T16:31:56+00:00","dateModified":"2025-06-12T10:01:27+00:00","breadcrumb":{"@id":"https:\/\/www.novotelbucharestcitycentre.com\/ro\/sustenabilitate\/#breadcrumb"},"inLanguage":"ro-RO","potentialAction":[{"@type":"ReadAction","target":["https:\/\/www.novotelbucharestcitycentre.com\/ro\/sustenabilitate\/"]}]},{"@type":"ImageObject","inLanguage":"ro-RO","@id":"https:\/\/www.novotelbucharestcitycentre.com\/ro\/sustenabilitate\/#primaryimage","url":"http:\/\/www.novotelbucharestcitycentre.com\/wp-content\/uploads\/sites\/26\/2025\/06\/Fara-titlu-15-x-5-cm-12-x-4-cm-1024x341.png","contentUrl":"http:\/\/www.novotelbucharestcitycentre.com\/wp-content\/uploads\/sites\/26\/2025\/06\/Fara-titlu-15-x-5-cm-12-x-4-cm-1024x341.png"},{"@type":"BreadcrumbList","@id":"https:\/\/www.novotelbucharestcitycentre.com\/ro\/sustenabilitate\/#breadcrumb","itemListElement":[{"@type":"ListItem","position":1,"name":"Home","item":"https:\/\/www.novotelbucharestcitycentre.com\/ro\/"},{"@type":"ListItem","position":2,"name":"Sustenabilitate"}]},{"@type":"WebSite","@id":"https:\/\/www.novotelbucharestcitycentre.com\/#website","url":"https:\/\/www.novotelbucharestcitycentre.com\/","name":"Novotel Bucarest City Centre SL","description":"Just another D-Edge Accor V2 Sites Hosting site","potentialAction":[{"@type":"SearchAction","target":{"@type":"EntryPoint","urlTemplate":"https:\/\/www.novotelbucharestcitycentre.com\/?s={search_term_string}"},"query-input":{"@type":"PropertyValueSpecification","valueRequired":true,"valueName":"search_term_string"}}],"inLanguage":"ro-RO"}]}},"_links":{"self":[{"href":"https:\/\/www.novotelbucharestcitycentre.com\/ro\/wp-json\/wp\/v2\/pages\/679","targetHints":{"allow":["GET"]}}],"collection":[{"href":"https:\/\/www.novotelbucharestcitycentre.com\/ro\/wp-json\/wp\/v2\/pages"}],"about":[{"href":"https:\/\/www.novotelbucharestcitycentre.com\/ro\/wp-json\/wp\/v2\/types\/page"}],"author":[{"embeddable":true,"href":"https:\/\/www.novotelbucharestcitycentre.com\/ro\/wp-json\/wp\/v2\/users\/73"}],"replies":[{"embeddable":true,"href":"https:\/\/www.novotelbucharestcitycentre.com\/ro\/wp-json\/wp\/v2\/comments?post=679"}],"version-history":[{"count":0,"href":"https:\/\/www.novotelbucharestcitycentre.com\/ro\/wp-json\/wp\/v2\/pages\/679\/revisions"}],"wp:attachment":[{"href":"https:\/\/www.novotelbucharestcitycentre.com\/ro\/wp-json\/wp\/v2\/media?parent=679"}],"wp:term":[{"taxonomy":"category","embeddable":true,"href":"https:\/\/www.novotelbucharestcitycentre.com\/ro\/wp-json\/wp\/v2\/categories?post=679"}],"curies":[{"name":"wp","href":"https:\/\/api.w.org\/{rel}","templated":true}]}}