{"id":255,"date":"2022-11-09T14:38:26","date_gmt":"2022-11-09T14:38:26","guid":{"rendered":"https:\/\/novotelbucarest.accorv2prod.decms.eu\/novotel-bucharest-city-centre\/"},"modified":"2022-12-22T14:25:52","modified_gmt":"2022-12-22T14:25:52","slug":"novotel-bucharest-city-centre","status":"publish","type":"page","link":"https:\/\/www.novotelbucharestcitycentre.com\/ro\/","title":{"rendered":"NOVOTEL BUCHAREST CITY CENTRE"},"content":{"rendered":"\r\n<p>La doar c\u00e2\u021biva pa\u0219i de centrul vechi, pe Calea Victoriei, cel mai prestigios bulevard al ora\u0219ului, Novotel Bucharest City Center se \u00eenal\u021b\u0103 \u00een spatele fa\u021badei neoclasice impresionante a fostului Teatru Na\u021bional al Rom\u00e2niei. Intr\u0103 \u00een holul nostru vibrant \u0219i modern, beneficiaz\u0103 de check-in-ul rapid \u0219i de un bun venit care \u00eembin\u0103 c\u0103ldura tradi\u021bional\u0103 rom\u00e2neasc\u0103 cu ospitalitatea marca Novotel.<\/p>\r\n<p>Cele 258 de <a href=\"\/ro\/camere-apartamente\/\">camere \u0219i apartamente<\/a> ale hotelului nostru de 4 stele din centrul Bucure\u0219tiului pun accentul pe confortul \u0219i starea dumneavoastr\u0103 de bine. Toate ofer\u0103 un design atent, intuitiv \u0219i facilit\u0103\u021bi premium, vedere la Calea Victoriei sau la orizontul ora\u0219ului \u0219i Wi-Fi gratuit de mare vitez\u0103, astfel \u00eenc\u00e2t s\u0103 r\u0103m\u00e2ne\u021bi conectat at\u00e2t c\u00e2t dori\u021bi. \u0218i pentru c\u0103 familia este totul, copiii sub 16 ani caza\u021bi \u00een camer\u0103 cu p\u0103rin\u021bii, vor lua micul dejun gratuit, mai mult decat atat, pute\u021bi economisi 50% la a doua camer\u0103 pentru copii.<\/p>\r\n<p>Ziua dumneavoastr\u0103 \u00een Bucure\u0219ti \u00eencepe cu un mic dejun delicios \u0219i energizant servit \u00een restaurantul nostru plin de lumin\u0103 <a href=\"\/ro\/restaurante-si-baruri\/teatro\/\">Teatro<\/a>, cu delicii venite de la ferm\u0103, din peisajul rural fertil direct pe mas\u0103. Savura\u021bi vinuri artizanale din cele mai bune podgorii de tip boutique din Rom\u00e2nia, \u00eempreun\u0103 cu buc\u0103t\u0103ria local\u0103 \u0219i global\u0103 creativ\u0103, la <a href=\"\/ro\/restaurante-si-baruri\/winestone\/\">Winestone<\/a>, cel mai bun bar \u0219i restaurant din Bucure\u0219ti.<\/p>\r\n<p><a href=\"\/ro\/intalniri-si-evenimente\/\">Evenimentul<\/a> dumneavoastr\u0103 din Bucure\u0219ti \u2013 de la o conferin\u021b\u0103 la o \u0219edin\u021b\u0103 de consiliu, de la un cocktail p\u00e2n\u0103 la o nunt\u0103 \u2013 se va desf\u0103\u0219ura f\u0103r\u0103 probleme cu ajutorul echipei noastre de Ambasadori Novotel. La noi, ve\u021bi g\u0103si loca\u021bia adaptat\u0103 perfect nevoilor dumneavoastr\u0103, de la amfiteatrul \u0219i sala de bal Paris, p\u00e2n\u0103 la foaierul nostru elegant \u0219i s\u0103lile de \u0219edin\u021b\u0103 complet echipate.<\/p>\r\n","protected":false},"excerpt":{"rendered":"<p>La doar c\u00e2\u021biva pa\u0219i de centrul vechi, pe Calea Victoriei, cel mai prestigios bulevard al ora\u0219ului, Novotel Bucharest City Center se \u00eenal\u021b\u0103 \u00een spatele fa\u021badei neoclasice impresionante a fostului Teatru Na\u021bional al Rom\u00e2niei. Intr\u0103 \u00een holul nostru vibrant \u0219i modern, beneficiaz\u0103 de check-in-ul rapid \u0219i de un bun venit care \u00eembin\u0103 c\u0103ldura tradi\u021bional\u0103 rom\u00e2neasc\u0103 cu [&hellip;]<\/p>\n","protected":false},"author":26,"featured_media":0,"parent":0,"menu_order":0,"comment_status":"closed","ping_status":"closed","template":"","meta":{"footnotes":""},"categories":[],"class_list":["post-255","page","type-page","status-publish","hentry"],"acf":[],"yoast_head":"<!-- This site is optimized with the Yoast SEO plugin v26.9 - https:\/\/yoast.com\/product\/yoast-seo-wordpress\/ -->\n<title>Pagina de start oficial\u0103 | Novotel Bucharest City Center | Hotel de 4 stele<\/title>\n<meta name=\"description\" content=\"Bine a\u021bi venit la Novotel Bucharest City Centre! Rezerva\u021bi-v\u0103 camera sau apartamentul preferat pe Calea Victoriei, l\u00e2ng\u0103 centrul vechi, \u00een inima Bucure\u0219tiului.\" \/>\n<meta name=\"robots\" content=\"index, follow, max-snippet:-1, max-image-preview:large, max-video-preview:-1\" \/>\n<link rel=\"canonical\" href=\"https:\/\/www.novotelbucharestcitycentre.com\/ro\/\" \/>\n<meta property=\"og:locale\" content=\"ro_RO\" \/>\n<meta property=\"og:type\" content=\"article\" \/>\n<meta property=\"og:title\" content=\"Pagina de start oficial\u0103 | Novotel Bucharest City Center | Hotel de 4 stele\" \/>\n<meta property=\"og:description\" content=\"Bine a\u021bi venit la Novotel Bucharest City Centre! Rezerva\u021bi-v\u0103 camera sau apartamentul preferat pe Calea Victoriei, l\u00e2ng\u0103 centrul vechi, \u00een inima Bucure\u0219tiului.\" \/>\n<meta property=\"og:url\" content=\"https:\/\/www.novotelbucharestcitycentre.com\/ro\/\" \/>\n<meta property=\"og:site_name\" content=\"Novotel Bucarest City Centre SL\" \/>\n<meta property=\"article:modified_time\" content=\"2022-12-22T14:25:52+00:00\" \/>\n<meta name=\"twitter:card\" content=\"summary_large_image\" \/>\n<meta name=\"twitter:label1\" content=\"Timp estimat pentru citire\" \/>\n\t<meta name=\"twitter:data1\" content=\"2 minute\" \/>\n<script type=\"application\/ld+json\" class=\"yoast-schema-graph\">{\"@context\":\"https:\/\/schema.org\",\"@graph\":[{\"@type\":\"WebPage\",\"@id\":\"https:\/\/www.novotelbucharestcitycentre.com\/ro\/\",\"url\":\"https:\/\/www.novotelbucharestcitycentre.com\/ro\/\",\"name\":\"Pagina de start oficial\u0103 | Novotel Bucharest City Center | Hotel de 4 stele\",\"isPartOf\":{\"@id\":\"https:\/\/www.novotelbucharestcitycentre.com\/#website\"},\"datePublished\":\"2022-11-09T14:38:26+00:00\",\"dateModified\":\"2022-12-22T14:25:52+00:00\",\"description\":\"Bine a\u021bi venit la Novotel Bucharest City Centre! Rezerva\u021bi-v\u0103 camera sau apartamentul preferat pe Calea Victoriei, l\u00e2ng\u0103 centrul vechi, \u00een inima Bucure\u0219tiului.\",\"breadcrumb\":{\"@id\":\"https:\/\/www.novotelbucharestcitycentre.com\/ro\/#breadcrumb\"},\"inLanguage\":\"ro-RO\",\"potentialAction\":[{\"@type\":\"ReadAction\",\"target\":[\"https:\/\/www.novotelbucharestcitycentre.com\/ro\/\"]}]},{\"@type\":\"BreadcrumbList\",\"@id\":\"https:\/\/www.novotelbucharestcitycentre.com\/ro\/#breadcrumb\",\"itemListElement\":[{\"@type\":\"ListItem\",\"position\":1,\"name\":\"Home\",\"item\":\"https:\/\/www.novotelbucharestcitycentre.com\/ro\/\"},{\"@type\":\"ListItem\",\"position\":2,\"name\":\"NOVOTEL BUCHAREST CITY CENTRE\"}]},{\"@type\":\"WebSite\",\"@id\":\"https:\/\/www.novotelbucharestcitycentre.com\/#website\",\"url\":\"https:\/\/www.novotelbucharestcitycentre.com\/\",\"name\":\"Novotel Bucarest City Centre SL\",\"description\":\"Just another D-Edge Accor V2 Sites Hosting site\",\"potentialAction\":[{\"@type\":\"SearchAction\",\"target\":{\"@type\":\"EntryPoint\",\"urlTemplate\":\"https:\/\/www.novotelbucharestcitycentre.com\/?s={search_term_string}\"},\"query-input\":{\"@type\":\"PropertyValueSpecification\",\"valueRequired\":true,\"valueName\":\"search_term_string\"}}],\"inLanguage\":\"ro-RO\"}]}<\/script>\n<!-- \/ Yoast SEO plugin. -->","yoast_head_json":{"title":"Pagina de start oficial\u0103 | Novotel Bucharest City Center | Hotel de 4 stele","description":"Bine a\u021bi venit la Novotel Bucharest City Centre! Rezerva\u021bi-v\u0103 camera sau apartamentul preferat pe Calea Victoriei, l\u00e2ng\u0103 centrul vechi, \u00een inima Bucure\u0219tiului.","robots":{"index":"index","follow":"follow","max-snippet":"max-snippet:-1","max-image-preview":"max-image-preview:large","max-video-preview":"max-video-preview:-1"},"canonical":"https:\/\/www.novotelbucharestcitycentre.com\/ro\/","og_locale":"ro_RO","og_type":"article","og_title":"Pagina de start oficial\u0103 | Novotel Bucharest City Center | Hotel de 4 stele","og_description":"Bine a\u021bi venit la Novotel Bucharest City Centre! Rezerva\u021bi-v\u0103 camera sau apartamentul preferat pe Calea Victoriei, l\u00e2ng\u0103 centrul vechi, \u00een inima Bucure\u0219tiului.","og_url":"https:\/\/www.novotelbucharestcitycentre.com\/ro\/","og_site_name":"Novotel Bucarest City Centre SL","article_modified_time":"2022-12-22T14:25:52+00:00","twitter_card":"summary_large_image","twitter_misc":{"Timp estimat pentru citire":"2 minute"},"schema":{"@context":"https:\/\/schema.org","@graph":[{"@type":"WebPage","@id":"https:\/\/www.novotelbucharestcitycentre.com\/ro\/","url":"https:\/\/www.novotelbucharestcitycentre.com\/ro\/","name":"Pagina de start oficial\u0103 | Novotel Bucharest City Center | Hotel de 4 stele","isPartOf":{"@id":"https:\/\/www.novotelbucharestcitycentre.com\/#website"},"datePublished":"2022-11-09T14:38:26+00:00","dateModified":"2022-12-22T14:25:52+00:00","description":"Bine a\u021bi venit la Novotel Bucharest City Centre! Rezerva\u021bi-v\u0103 camera sau apartamentul preferat pe Calea Victoriei, l\u00e2ng\u0103 centrul vechi, \u00een inima Bucure\u0219tiului.","breadcrumb":{"@id":"https:\/\/www.novotelbucharestcitycentre.com\/ro\/#breadcrumb"},"inLanguage":"ro-RO","potentialAction":[{"@type":"ReadAction","target":["https:\/\/www.novotelbucharestcitycentre.com\/ro\/"]}]},{"@type":"BreadcrumbList","@id":"https:\/\/www.novotelbucharestcitycentre.com\/ro\/#breadcrumb","itemListElement":[{"@type":"ListItem","position":1,"name":"Home","item":"https:\/\/www.novotelbucharestcitycentre.com\/ro\/"},{"@type":"ListItem","position":2,"name":"NOVOTEL BUCHAREST CITY CENTRE"}]},{"@type":"WebSite","@id":"https:\/\/www.novotelbucharestcitycentre.com\/#website","url":"https:\/\/www.novotelbucharestcitycentre.com\/","name":"Novotel Bucarest City Centre SL","description":"Just another D-Edge Accor V2 Sites Hosting site","potentialAction":[{"@type":"SearchAction","target":{"@type":"EntryPoint","urlTemplate":"https:\/\/www.novotelbucharestcitycentre.com\/?s={search_term_string}"},"query-input":{"@type":"PropertyValueSpecification","valueRequired":true,"valueName":"search_term_string"}}],"inLanguage":"ro-RO"}]}},"_links":{"self":[{"href":"https:\/\/www.novotelbucharestcitycentre.com\/ro\/wp-json\/wp\/v2\/pages\/255","targetHints":{"allow":["GET"]}}],"collection":[{"href":"https:\/\/www.novotelbucharestcitycentre.com\/ro\/wp-json\/wp\/v2\/pages"}],"about":[{"href":"https:\/\/www.novotelbucharestcitycentre.com\/ro\/wp-json\/wp\/v2\/types\/page"}],"author":[{"embeddable":true,"href":"https:\/\/www.novotelbucharestcitycentre.com\/ro\/wp-json\/wp\/v2\/users\/26"}],"replies":[{"embeddable":true,"href":"https:\/\/www.novotelbucharestcitycentre.com\/ro\/wp-json\/wp\/v2\/comments?post=255"}],"version-history":[{"count":0,"href":"https:\/\/www.novotelbucharestcitycentre.com\/ro\/wp-json\/wp\/v2\/pages\/255\/revisions"}],"wp:attachment":[{"href":"https:\/\/www.novotelbucharestcitycentre.com\/ro\/wp-json\/wp\/v2\/media?parent=255"}],"wp:term":[{"taxonomy":"category","embeddable":true,"href":"https:\/\/www.novotelbucharestcitycentre.com\/ro\/wp-json\/wp\/v2\/categories?post=255"}],"curies":[{"name":"wp","href":"https:\/\/api.w.org\/{rel}","templated":true}]}}