{"id":239,"date":"2022-11-30T10:44:03","date_gmt":"2022-11-30T10:44:03","guid":{"rendered":"https:\/\/novotelbucarest.accorv2prod.decms.eu\/legal-notice\/"},"modified":"2023-06-12T15:05:07","modified_gmt":"2023-06-12T15:05:07","slug":"legal-notice","status":"publish","type":"page","link":"https:\/\/www.novotelbucharestcitycentre.com\/ro\/legal-notice\/","title":{"rendered":"LEGAL NOTICE"},"content":{"rendered":"<p><strong><u>REGULAMENT DE ORDINE INTERIOARA<\/strong><\/u><\/p>\n<p>STIMATI OASPETI, <\/p>\n<p>Dorim sa va oferim o sedere\/experienta placuta, de aceea am stabilit un set de reguli si principii de care va rugam, in mod respectuos sa tineti cont in timpul sejurului dvs la Hotel NOVOTEL. <\/p>\n<p><strong>CONDITII GENERALE <\/strong><br \/>\nPrezentul regulament are ca obiectiv stabilirea conditiilor de sedere a turistilor in incinta hotelului. Regulamentul se aplica tuturor turistilor, care il accepta prin insusi faptul cazarii lor in hotel si trebuie sa i se conformeze fara limite si fara rezerve. Regulamentul este afisat pe sevaletul de langa receptie, la intrare la micul dejun, pe plasma din lift, pe tableta mica de pe masa din receptie si poate fi accesat oricand prin intermediul QR codului aflat pe brelocul cheii de acces in camera.<\/p>\n<p><strong>CAZARE (REGULI DE ORDINE INTERIOARA IN CAMERE SI SPATIU PUBLIC) <\/strong><br \/>\nOaspetii au luat la cunostinta urmatoarele reguli si se obliga sa le respecte:   <\/p>\n<p>1.\tSa nu deterioreze obiectele din dotarea hotelului, in caz contrar acestia datoreaza hotelului suma egala cu valoarea achizitionarii obiectului deteriorat si manopera aferenta \u2013 vezi mapa din camera preturi obiecte inventar.<br \/>\n2.\tSa nu preia la plecare bunuri din dotarea hotelului.<br \/>\n3.\tSa pastreze linistea intre orele 22.00-.08.00 astfel incat sa nu deranjeze alti oaspeti.<br \/>\n4.\tSa nu foloseasca prosoapele din camere decat pentru uz corporal. Este interzisa folosirea prosoapelor pentru vopsit parul, demachiat, curatat incaltamintea. Prosoapele NU se folosesc in afara camerelor, in caz contrar se va achita contravaloarea acestora (10 euro\/bucata).<br \/>\n5.\tSa nu lase copiii nesupravegheati in niciunul din spatiile hotelului.<br \/>\n6.\tSa nu arunce in toaleta obiecte ce ar putea duce la avarierea statiei de colectare reziduri.<br \/>\n7.\tSa anunte de indata orice defectiune a aparatelor, instalatiilor sau alte neconformitati tehnice\/mobilier din dotarea hotelului.<br \/>\n8.\tSunt interzise: prepararea alimentelor si consumul in camera. Este interzis accesul cu consumatori electrici: cuptor cu microunde, radiatoare, resouri, fierbatoare, etc.<br \/>\n9.\tNU este permis  a se aduce in hotel\/restaurant mancare sau bauturi din afara hotelului , f\u0103r\u0103 acordul prealabil din partea conducerii.<br \/>\n10.\tNe rezerv\u0103m dreptul de a refuza cazarea, servirea \u00een restaurant \u0219i accesul la piscine a clien\u021bilor \u00een stare de ebrietate, nepolitico\u0219i sau turbulen\u021bi, care au consumat droguri, substante toxice sau halucinogene, care prin atitudinea lor aduc prejudicii imaginii hotelului sau deranjeaz\u0103 al\u021bi clien\u021bi.<br \/>\n11.\tNe rezerv\u0103m dreptul de a evacua din hotel sau restaurant clien\u021bii \u00een stare de ebrietate, care au consumat droguri, substante toxice sau halucinogene, nepolitico\u0219i sau turbulen\u021bi. \u021ain\u00e2nd cont de cele men\u021bionate mai sus, ne rezerv\u0103m dreptul de a ne selecta clien\u021bii. <\/p>\n<p><strong>FUMATUL<\/strong><br \/>\nFumatul tradi\u021bional si tigara electronica nu sunt permise \u00een incinta hotelului, conform legislatiei aplicabile in vigoare (legea 349\/2002 modificata si completata prin legea 15\/2016). Hotelul are amenajate in aer liber spatii pentru fumatori. Hotelul Novotel dispune doar de camere pentru nefum\u0103tori. In cazul in care nu se respecta prevederile prezentului regulament, se va aplica o taxa in valoare 500 RON\/zi, reprezentand serviciile de curatenie a camerei precum si imposibilitatea vanzarii imediate a camerei care va fi debitata de pe cardul oaspetelui.<br \/>\nHotelul dispune de sisteme, instala\u021bii, aparate \u0219i dispozitive de semnalizare, alarmare, avertizare \u0219i alertare, destinate detect\u0103rii \u0219i semnaliz\u0103rii in cazul in care se fumeaza in orice incapere din hotel. Ne rezerv\u0103m dreptul de a evacua for\u021bat din hotel sau restaurant clien\u021bii care nu respecta cerinta cu privire la FUMAT. <\/p>\n<p><strong>SIGURANTA OBIECTELOR PERSONALE<\/strong><br \/>\nHotel NOVOTEL este dotat cu sisteme electronice omologate de monitorizare a accesului \u00een camer\u0103 \u0219i de deschidere a seifurilor. Recomand\u0103m folosirea seifurilor disponibile \u00een camere pentru depozitarea obiectelor de valoare. Nu ne asum\u0103m nici un fel de r\u0103spundere pentru obiectele uitate, pierdute sau presupus furate \u00een incinta Hotelului Novotel.<br \/>\nDISPUTE SI RECLAMATII<br \/>\nNe rezerv\u0103m dreptul de a debita cardul oaspe\u021bilor no\u0219tri, independent de dorin\u021ba lor, \u00een cel pu\u021bin urm\u0103toarele cazuri:<br \/>\n\u2022\tau p\u0103r\u0103sit incinta hotelului, f\u0103r\u0103 s\u0103 pl\u0103teasc\u0103 pentru serviciile Hotelului Novotel de care au beneficiat;<br \/>\n\u2022\tau produs degrad\u0103ri sau distrugeri;<br \/>\n\u2022\tau plecat cu obiecte care nu le apar\u021bin \u0219i a c\u0103ror contravaloare nu au pl\u0103tit-o la recep\u021bie;<br \/>\n\u2022\tau incalcat obligatia privind fumatul in cadrul hotelului;<br \/>\n\u2022\tnu au anulat rezervarea la termenul stabilit.<br \/>\nPentru orice distrugere sau avariere a bunurilor sau nerespectarea normelor de curatenie si liniste se vor lua masuri \u00een consecinta si se vor achita sumele aferente repararii daunelor produse.<br \/>\nContravaloarea eventualelor distrugeri sau degrad\u0103ri ale bunurilor materiale apar\u021bin\u00e2nd Hotel Novotel va fi suportat\u0103 de c\u0103tre cei vinova\u021bi de producerea acestora. <\/p>\n<p><strong>CONDUITA NECONFORMA<\/strong><br \/>\nClientul trebuie s\u0103 se conformeze uzan\u021belor hoteliere. Acesta va trebui s\u0103 respecte at\u00e2t lini\u0219tea \u00een hotel, restaurant \u0219i piscina, c\u00e2t \u0219i normele de convie\u021buire social\u0103 \u0219i cele morale. De asemenea, clientul Hotelului NOVOTEL trebuie s\u0103 aib\u0103 grij\u0103 de proprietatea \u00eencredin\u021bat\u0103 lui pe parcursul caz\u0103rii.<br \/>\nOrice \u00eenc\u0103lcare a uzan\u021belor hoteliere sau a normelor morale \u0219i de convie\u021buire social\u0103 d\u0103 dreptul hotelierului s\u0103 \u00eentrerup\u0103 imediat contractul\/cazarea, f\u0103r\u0103 nici un preaviz.<br \/>\nOrice oaspete in momentul accesarii oricarui serviciu oferit de catre hotel are posibilitatea de a se informa si in consecinta ia cunostinta de termenii si conditiile mai sus mentionate acceptandu-le tacit.<\/p>\n<p>V\u0103 mul\u021bumim pentru \u00een\u021belegere \u0219i v\u0103 dorim un sejur pl\u0103cut la Hotel Novotel! <\/p>\n","protected":false},"excerpt":{"rendered":"<p>REGULAMENT DE ORDINE INTERIOARA STIMATI OASPETI, Dorim sa va oferim o sedere\/experienta placuta, de aceea am stabilit un set de reguli si principii de care va rugam, in mod respectuos sa tineti cont in timpul sejurului dvs la Hotel NOVOTEL. CONDITII GENERALE Prezentul regulament are ca obiectiv stabilirea conditiilor de sedere a turistilor in incinta [&hellip;]<\/p>\n","protected":false},"author":26,"featured_media":0,"parent":0,"menu_order":995,"comment_status":"closed","ping_status":"closed","template":"template-legal-notice.php","meta":{"footnotes":""},"categories":[],"class_list":["post-239","page","type-page","status-publish","hentry"],"acf":[],"yoast_head":"<!-- This site is optimized with the Yoast SEO plugin v26.9 - https:\/\/yoast.com\/product\/yoast-seo-wordpress\/ -->\n<title>LEGAL NOTICE - Novotel Bucarest City Centre SL<\/title>\n<meta name=\"description\" content=\"Internal Regulations\" \/>\n<meta name=\"robots\" content=\"index, follow, max-snippet:-1, max-image-preview:large, max-video-preview:-1\" \/>\n<link rel=\"canonical\" href=\"https:\/\/www.novotelbucharestcitycentre.com\/ro\/legal-notice\/\" \/>\n<meta property=\"og:locale\" content=\"ro_RO\" \/>\n<meta property=\"og:type\" content=\"article\" \/>\n<meta property=\"og:title\" content=\"LEGAL NOTICE - Novotel Bucarest City Centre SL\" \/>\n<meta property=\"og:description\" content=\"Internal Regulations\" \/>\n<meta property=\"og:url\" content=\"https:\/\/www.novotelbucharestcitycentre.com\/ro\/legal-notice\/\" \/>\n<meta property=\"og:site_name\" content=\"Novotel Bucarest City Centre SL\" \/>\n<meta property=\"article:modified_time\" content=\"2023-06-12T15:05:07+00:00\" \/>\n<meta name=\"twitter:card\" content=\"summary_large_image\" \/>\n<meta name=\"twitter:label1\" content=\"Timp estimat pentru citire\" \/>\n\t<meta name=\"twitter:data1\" content=\"4 minute\" \/>\n<script type=\"application\/ld+json\" class=\"yoast-schema-graph\">{\"@context\":\"https:\/\/schema.org\",\"@graph\":[{\"@type\":\"WebPage\",\"@id\":\"https:\/\/www.novotelbucharestcitycentre.com\/ro\/legal-notice\/\",\"url\":\"https:\/\/www.novotelbucharestcitycentre.com\/ro\/legal-notice\/\",\"name\":\"LEGAL NOTICE - Novotel Bucarest City Centre SL\",\"isPartOf\":{\"@id\":\"https:\/\/www.novotelbucharestcitycentre.com\/#website\"},\"datePublished\":\"2022-11-30T10:44:03+00:00\",\"dateModified\":\"2023-06-12T15:05:07+00:00\",\"description\":\"Internal Regulations\",\"breadcrumb\":{\"@id\":\"https:\/\/www.novotelbucharestcitycentre.com\/ro\/legal-notice\/#breadcrumb\"},\"inLanguage\":\"ro-RO\",\"potentialAction\":[{\"@type\":\"ReadAction\",\"target\":[\"https:\/\/www.novotelbucharestcitycentre.com\/ro\/legal-notice\/\"]}]},{\"@type\":\"BreadcrumbList\",\"@id\":\"https:\/\/www.novotelbucharestcitycentre.com\/ro\/legal-notice\/#breadcrumb\",\"itemListElement\":[{\"@type\":\"ListItem\",\"position\":1,\"name\":\"Home\",\"item\":\"https:\/\/www.novotelbucharestcitycentre.com\/ro\/\"},{\"@type\":\"ListItem\",\"position\":2,\"name\":\"LEGAL NOTICE\"}]},{\"@type\":\"WebSite\",\"@id\":\"https:\/\/www.novotelbucharestcitycentre.com\/#website\",\"url\":\"https:\/\/www.novotelbucharestcitycentre.com\/\",\"name\":\"Novotel Bucarest City Centre SL\",\"description\":\"Just another D-Edge Accor V2 Sites Hosting site\",\"potentialAction\":[{\"@type\":\"SearchAction\",\"target\":{\"@type\":\"EntryPoint\",\"urlTemplate\":\"https:\/\/www.novotelbucharestcitycentre.com\/?s={search_term_string}\"},\"query-input\":{\"@type\":\"PropertyValueSpecification\",\"valueRequired\":true,\"valueName\":\"search_term_string\"}}],\"inLanguage\":\"ro-RO\"}]}<\/script>\n<!-- \/ Yoast SEO plugin. -->","yoast_head_json":{"title":"LEGAL NOTICE - Novotel Bucarest City Centre SL","description":"Internal Regulations","robots":{"index":"index","follow":"follow","max-snippet":"max-snippet:-1","max-image-preview":"max-image-preview:large","max-video-preview":"max-video-preview:-1"},"canonical":"https:\/\/www.novotelbucharestcitycentre.com\/ro\/legal-notice\/","og_locale":"ro_RO","og_type":"article","og_title":"LEGAL NOTICE - Novotel Bucarest City Centre SL","og_description":"Internal Regulations","og_url":"https:\/\/www.novotelbucharestcitycentre.com\/ro\/legal-notice\/","og_site_name":"Novotel Bucarest City Centre SL","article_modified_time":"2023-06-12T15:05:07+00:00","twitter_card":"summary_large_image","twitter_misc":{"Timp estimat pentru citire":"4 minute"},"schema":{"@context":"https:\/\/schema.org","@graph":[{"@type":"WebPage","@id":"https:\/\/www.novotelbucharestcitycentre.com\/ro\/legal-notice\/","url":"https:\/\/www.novotelbucharestcitycentre.com\/ro\/legal-notice\/","name":"LEGAL NOTICE - Novotel Bucarest City Centre SL","isPartOf":{"@id":"https:\/\/www.novotelbucharestcitycentre.com\/#website"},"datePublished":"2022-11-30T10:44:03+00:00","dateModified":"2023-06-12T15:05:07+00:00","description":"Internal Regulations","breadcrumb":{"@id":"https:\/\/www.novotelbucharestcitycentre.com\/ro\/legal-notice\/#breadcrumb"},"inLanguage":"ro-RO","potentialAction":[{"@type":"ReadAction","target":["https:\/\/www.novotelbucharestcitycentre.com\/ro\/legal-notice\/"]}]},{"@type":"BreadcrumbList","@id":"https:\/\/www.novotelbucharestcitycentre.com\/ro\/legal-notice\/#breadcrumb","itemListElement":[{"@type":"ListItem","position":1,"name":"Home","item":"https:\/\/www.novotelbucharestcitycentre.com\/ro\/"},{"@type":"ListItem","position":2,"name":"LEGAL NOTICE"}]},{"@type":"WebSite","@id":"https:\/\/www.novotelbucharestcitycentre.com\/#website","url":"https:\/\/www.novotelbucharestcitycentre.com\/","name":"Novotel Bucarest City Centre SL","description":"Just another D-Edge Accor V2 Sites Hosting site","potentialAction":[{"@type":"SearchAction","target":{"@type":"EntryPoint","urlTemplate":"https:\/\/www.novotelbucharestcitycentre.com\/?s={search_term_string}"},"query-input":{"@type":"PropertyValueSpecification","valueRequired":true,"valueName":"search_term_string"}}],"inLanguage":"ro-RO"}]}},"_links":{"self":[{"href":"https:\/\/www.novotelbucharestcitycentre.com\/ro\/wp-json\/wp\/v2\/pages\/239","targetHints":{"allow":["GET"]}}],"collection":[{"href":"https:\/\/www.novotelbucharestcitycentre.com\/ro\/wp-json\/wp\/v2\/pages"}],"about":[{"href":"https:\/\/www.novotelbucharestcitycentre.com\/ro\/wp-json\/wp\/v2\/types\/page"}],"author":[{"embeddable":true,"href":"https:\/\/www.novotelbucharestcitycentre.com\/ro\/wp-json\/wp\/v2\/users\/26"}],"replies":[{"embeddable":true,"href":"https:\/\/www.novotelbucharestcitycentre.com\/ro\/wp-json\/wp\/v2\/comments?post=239"}],"version-history":[{"count":0,"href":"https:\/\/www.novotelbucharestcitycentre.com\/ro\/wp-json\/wp\/v2\/pages\/239\/revisions"}],"wp:attachment":[{"href":"https:\/\/www.novotelbucharestcitycentre.com\/ro\/wp-json\/wp\/v2\/media?parent=239"}],"wp:term":[{"taxonomy":"category","embeddable":true,"href":"https:\/\/www.novotelbucharestcitycentre.com\/ro\/wp-json\/wp\/v2\/categories?post=239"}],"curies":[{"name":"wp","href":"https:\/\/api.w.org\/{rel}","templated":true}]}}