{"id":237,"date":"2022-11-30T10:39:23","date_gmt":"2022-11-30T10:39:23","guid":{"rendered":"https:\/\/novotelbucarest.accorv2prod.decms.eu\/careers\/"},"modified":"2022-12-22T13:19:20","modified_gmt":"2022-12-22T13:19:20","slug":"cariere","status":"publish","type":"page","link":"https:\/\/www.novotelbucharestcitycentre.com\/ro\/cariere\/","title":{"rendered":"CARIERE"},"content":{"rendered":"<p>Novotel Bucharest City Center este cel mai bun hotel de 4 stele din ora\u0219, iar personalul nostru pasionat este dedicat s\u0103 fac\u0103 fiecare moment al \u0219ederii fiec\u0103rui oaspete s\u0103 fie memorabil. Vrei s\u0103 faci parte din echipa noastr\u0103 t\u00e2n\u0103r\u0103 \u0219i dinamic\u0103? Te rug\u0103m s\u0103 nu ezi\u021bi s\u0103 ne contactezi \u2013 A\u0219tept\u0103m cu ner\u0103bdare ve\u0219ti de la tine!<\/p>\n<p>Simte-te binevenit!<\/p>\n","protected":false},"excerpt":{"rendered":"<p>Novotel Bucharest City Center este cel mai bun hotel de 4 stele din ora\u0219, iar personalul nostru pasionat este dedicat s\u0103 fac\u0103 fiecare moment al \u0219ederii fiec\u0103rui oaspete s\u0103 fie memorabil. Vrei s\u0103 faci parte din echipa noastr\u0103 t\u00e2n\u0103r\u0103 \u0219i dinamic\u0103? Te rug\u0103m s\u0103 nu ezi\u021bi s\u0103 ne contactezi \u2013 A\u0219tept\u0103m cu ner\u0103bdare ve\u0219ti de [&hellip;]<\/p>\n","protected":false},"author":26,"featured_media":0,"parent":0,"menu_order":110,"comment_status":"closed","ping_status":"closed","template":"template-faq.php","meta":{"footnotes":""},"categories":[],"class_list":["post-237","page","type-page","status-publish","hentry"],"acf":[],"yoast_head":"<!-- This site is optimized with the Yoast SEO plugin v26.9 - https:\/\/yoast.com\/product\/yoast-seo-wordpress\/ -->\n<title>Cariere | Novotel Bucharest City Center<\/title>\n<meta name=\"description\" content=\"Cau\u021bi un loc de munc\u0103 deosebit \u00een cel mai bun hotel de 4 stele din Bucure\u0219ti? C\u0103ut\u0103m mereu s\u0103 ne complet\u0103m echipa noastr\u0103 t\u00e2n\u0103r\u0103 \u0219i dinamic\u0103, a\u0219a c\u0103 aplic\u0103 aici.\" \/>\n<meta name=\"robots\" content=\"index, follow, max-snippet:-1, max-image-preview:large, max-video-preview:-1\" \/>\n<link rel=\"canonical\" href=\"https:\/\/www.novotelbucharestcitycentre.com\/ro\/cariere\/\" \/>\n<meta property=\"og:locale\" content=\"ro_RO\" \/>\n<meta property=\"og:type\" content=\"article\" \/>\n<meta property=\"og:title\" content=\"Cariere | Novotel Bucharest City Center\" \/>\n<meta property=\"og:description\" content=\"Cau\u021bi un loc de munc\u0103 deosebit \u00een cel mai bun hotel de 4 stele din Bucure\u0219ti? C\u0103ut\u0103m mereu s\u0103 ne complet\u0103m echipa noastr\u0103 t\u00e2n\u0103r\u0103 \u0219i dinamic\u0103, a\u0219a c\u0103 aplic\u0103 aici.\" \/>\n<meta property=\"og:url\" content=\"https:\/\/www.novotelbucharestcitycentre.com\/ro\/cariere\/\" \/>\n<meta property=\"og:site_name\" content=\"Novotel Bucarest City Centre SL\" \/>\n<meta property=\"article:modified_time\" content=\"2022-12-22T13:19:20+00:00\" \/>\n<meta name=\"twitter:card\" content=\"summary_large_image\" \/>\n<meta name=\"twitter:label1\" content=\"Timp estimat pentru citire\" \/>\n\t<meta name=\"twitter:data1\" content=\"1 minut\" \/>\n<script type=\"application\/ld+json\" class=\"yoast-schema-graph\">{\"@context\":\"https:\/\/schema.org\",\"@graph\":[{\"@type\":\"WebPage\",\"@id\":\"https:\/\/www.novotelbucharestcitycentre.com\/ro\/cariere\/\",\"url\":\"https:\/\/www.novotelbucharestcitycentre.com\/ro\/cariere\/\",\"name\":\"Cariere | Novotel Bucharest City Center\",\"isPartOf\":{\"@id\":\"https:\/\/www.novotelbucharestcitycentre.com\/#website\"},\"datePublished\":\"2022-11-30T10:39:23+00:00\",\"dateModified\":\"2022-12-22T13:19:20+00:00\",\"description\":\"Cau\u021bi un loc de munc\u0103 deosebit \u00een cel mai bun hotel de 4 stele din Bucure\u0219ti? C\u0103ut\u0103m mereu s\u0103 ne complet\u0103m echipa noastr\u0103 t\u00e2n\u0103r\u0103 \u0219i dinamic\u0103, a\u0219a c\u0103 aplic\u0103 aici.\",\"breadcrumb\":{\"@id\":\"https:\/\/www.novotelbucharestcitycentre.com\/ro\/cariere\/#breadcrumb\"},\"inLanguage\":\"ro-RO\",\"potentialAction\":[{\"@type\":\"ReadAction\",\"target\":[\"https:\/\/www.novotelbucharestcitycentre.com\/ro\/cariere\/\"]}]},{\"@type\":\"BreadcrumbList\",\"@id\":\"https:\/\/www.novotelbucharestcitycentre.com\/ro\/cariere\/#breadcrumb\",\"itemListElement\":[{\"@type\":\"ListItem\",\"position\":1,\"name\":\"Home\",\"item\":\"https:\/\/www.novotelbucharestcitycentre.com\/ro\/\"},{\"@type\":\"ListItem\",\"position\":2,\"name\":\"CARIERE\"}]},{\"@type\":\"WebSite\",\"@id\":\"https:\/\/www.novotelbucharestcitycentre.com\/#website\",\"url\":\"https:\/\/www.novotelbucharestcitycentre.com\/\",\"name\":\"Novotel Bucarest City Centre SL\",\"description\":\"Just another D-Edge Accor V2 Sites Hosting site\",\"potentialAction\":[{\"@type\":\"SearchAction\",\"target\":{\"@type\":\"EntryPoint\",\"urlTemplate\":\"https:\/\/www.novotelbucharestcitycentre.com\/?s={search_term_string}\"},\"query-input\":{\"@type\":\"PropertyValueSpecification\",\"valueRequired\":true,\"valueName\":\"search_term_string\"}}],\"inLanguage\":\"ro-RO\"}]}<\/script>\n<!-- \/ Yoast SEO plugin. -->","yoast_head_json":{"title":"Cariere | Novotel Bucharest City Center","description":"Cau\u021bi un loc de munc\u0103 deosebit \u00een cel mai bun hotel de 4 stele din Bucure\u0219ti? C\u0103ut\u0103m mereu s\u0103 ne complet\u0103m echipa noastr\u0103 t\u00e2n\u0103r\u0103 \u0219i dinamic\u0103, a\u0219a c\u0103 aplic\u0103 aici.","robots":{"index":"index","follow":"follow","max-snippet":"max-snippet:-1","max-image-preview":"max-image-preview:large","max-video-preview":"max-video-preview:-1"},"canonical":"https:\/\/www.novotelbucharestcitycentre.com\/ro\/cariere\/","og_locale":"ro_RO","og_type":"article","og_title":"Cariere | Novotel Bucharest City Center","og_description":"Cau\u021bi un loc de munc\u0103 deosebit \u00een cel mai bun hotel de 4 stele din Bucure\u0219ti? C\u0103ut\u0103m mereu s\u0103 ne complet\u0103m echipa noastr\u0103 t\u00e2n\u0103r\u0103 \u0219i dinamic\u0103, a\u0219a c\u0103 aplic\u0103 aici.","og_url":"https:\/\/www.novotelbucharestcitycentre.com\/ro\/cariere\/","og_site_name":"Novotel Bucarest City Centre SL","article_modified_time":"2022-12-22T13:19:20+00:00","twitter_card":"summary_large_image","twitter_misc":{"Timp estimat pentru citire":"1 minut"},"schema":{"@context":"https:\/\/schema.org","@graph":[{"@type":"WebPage","@id":"https:\/\/www.novotelbucharestcitycentre.com\/ro\/cariere\/","url":"https:\/\/www.novotelbucharestcitycentre.com\/ro\/cariere\/","name":"Cariere | Novotel Bucharest City Center","isPartOf":{"@id":"https:\/\/www.novotelbucharestcitycentre.com\/#website"},"datePublished":"2022-11-30T10:39:23+00:00","dateModified":"2022-12-22T13:19:20+00:00","description":"Cau\u021bi un loc de munc\u0103 deosebit \u00een cel mai bun hotel de 4 stele din Bucure\u0219ti? C\u0103ut\u0103m mereu s\u0103 ne complet\u0103m echipa noastr\u0103 t\u00e2n\u0103r\u0103 \u0219i dinamic\u0103, a\u0219a c\u0103 aplic\u0103 aici.","breadcrumb":{"@id":"https:\/\/www.novotelbucharestcitycentre.com\/ro\/cariere\/#breadcrumb"},"inLanguage":"ro-RO","potentialAction":[{"@type":"ReadAction","target":["https:\/\/www.novotelbucharestcitycentre.com\/ro\/cariere\/"]}]},{"@type":"BreadcrumbList","@id":"https:\/\/www.novotelbucharestcitycentre.com\/ro\/cariere\/#breadcrumb","itemListElement":[{"@type":"ListItem","position":1,"name":"Home","item":"https:\/\/www.novotelbucharestcitycentre.com\/ro\/"},{"@type":"ListItem","position":2,"name":"CARIERE"}]},{"@type":"WebSite","@id":"https:\/\/www.novotelbucharestcitycentre.com\/#website","url":"https:\/\/www.novotelbucharestcitycentre.com\/","name":"Novotel Bucarest City Centre SL","description":"Just another D-Edge Accor V2 Sites Hosting site","potentialAction":[{"@type":"SearchAction","target":{"@type":"EntryPoint","urlTemplate":"https:\/\/www.novotelbucharestcitycentre.com\/?s={search_term_string}"},"query-input":{"@type":"PropertyValueSpecification","valueRequired":true,"valueName":"search_term_string"}}],"inLanguage":"ro-RO"}]}},"_links":{"self":[{"href":"https:\/\/www.novotelbucharestcitycentre.com\/ro\/wp-json\/wp\/v2\/pages\/237","targetHints":{"allow":["GET"]}}],"collection":[{"href":"https:\/\/www.novotelbucharestcitycentre.com\/ro\/wp-json\/wp\/v2\/pages"}],"about":[{"href":"https:\/\/www.novotelbucharestcitycentre.com\/ro\/wp-json\/wp\/v2\/types\/page"}],"author":[{"embeddable":true,"href":"https:\/\/www.novotelbucharestcitycentre.com\/ro\/wp-json\/wp\/v2\/users\/26"}],"replies":[{"embeddable":true,"href":"https:\/\/www.novotelbucharestcitycentre.com\/ro\/wp-json\/wp\/v2\/comments?post=237"}],"version-history":[{"count":0,"href":"https:\/\/www.novotelbucharestcitycentre.com\/ro\/wp-json\/wp\/v2\/pages\/237\/revisions"}],"wp:attachment":[{"href":"https:\/\/www.novotelbucharestcitycentre.com\/ro\/wp-json\/wp\/v2\/media?parent=237"}],"wp:term":[{"taxonomy":"category","embeddable":true,"href":"https:\/\/www.novotelbucharestcitycentre.com\/ro\/wp-json\/wp\/v2\/categories?post=237"}],"curies":[{"name":"wp","href":"https:\/\/api.w.org\/{rel}","templated":true}]}}