{"id":234,"date":"2022-11-30T10:09:55","date_gmt":"2022-11-30T10:09:55","guid":{"rendered":"https:\/\/novotelbucarest.accorv2prod.decms.eu\/where-we-are\/"},"modified":"2022-12-22T13:01:46","modified_gmt":"2022-12-22T13:01:46","slug":"unde-suntem","status":"publish","type":"page","link":"https:\/\/www.novotelbucharestcitycentre.com\/ro\/unde-suntem\/","title":{"rendered":"Unde suntem"},"content":{"rendered":"<p>Novotel Bucharest City Center te pune acolo unde vrei s\u0103 fii.<\/p>\n<p>Hotelul nostru este situat \u00een centrul ora\u0219ului, pe prestigioasa Calea Victoriei, cea mai emblematic\u0103 strad\u0103 din Bucure\u0219ti. C\u00e2\u021biva pa\u0219i v\u0103 duc pe Lipscani, vibrantul centru vechi. Gr\u0103dinile lini\u0219tite ale Ci\u0219migiului \u0219i cele mai bune zone pentru cump\u0103r\u0103turi, via\u021ba de noapte, precum \u0219i muzeele \u0219i teatrele ora\u0219ului, toate sunt \u00een apropiere.<\/p>\n<p>Dac\u0103 explora\u021bi Bucure\u0219tiul cu bicicleta sau scuterul electric, o pist\u0103 de biciclete trece chiar prin fa\u021ba hotelului. Merge\u021bi mai departe? Sta\u021bia de metrou Universitate, pe linia albastr\u0103 M2, este la cinci minute de mers pe jos.<\/p>\n<p>Aeroportul Interna\u021bional Henri Coand\u0103 se afl\u0103 la 16 kilometri de hotel, aproximativ 30 de minute cu ma\u0219ina. Ave\u021bi nevoie de transport la sau de la aeroport? V\u0103 rug\u0103m s\u0103 ne contacta\u021bi pentru a organiza un serviciu de transfer convenabil.<\/p>\n<p>Gara de Nord, gara principal\u0103 din Bucure\u0219ti, se afl\u0103 la o scurt\u0103 c\u0103l\u0103torie cu taxiul de la hotel, sau la aproximativ 10 minute cu autobuzul.<\/p>\n<p>La hotel, v\u0103 punem la dispozi\u021bie o parcare subteran\u0103 cu suficient spa\u021biu pentru 140 de ma\u0219ini.<\/p>\n","protected":false},"excerpt":{"rendered":"<p>Novotel Bucharest City Center te pune acolo unde vrei s\u0103 fii. Hotelul nostru este situat \u00een centrul ora\u0219ului, pe prestigioasa Calea Victoriei, cea mai emblematic\u0103 strad\u0103 din Bucure\u0219ti. C\u00e2\u021biva pa\u0219i v\u0103 duc pe Lipscani, vibrantul centru vechi. Gr\u0103dinile lini\u0219tite ale Ci\u0219migiului \u0219i cele mai bune zone pentru cump\u0103r\u0103turi, via\u021ba de noapte, precum \u0219i muzeele \u0219i [&hellip;]<\/p>\n","protected":false},"author":26,"featured_media":0,"parent":0,"menu_order":80,"comment_status":"closed","ping_status":"closed","template":"template-location.php","meta":{"footnotes":""},"categories":[],"class_list":["post-234","page","type-page","status-publish","hentry"],"acf":[],"yoast_head":"<!-- This site is optimized with the Yoast SEO plugin v26.9 - https:\/\/yoast.com\/product\/yoast-seo-wordpress\/ -->\n<title>Localizare | Novotel Bucharest City Center | Hotel Calea Victoriei<\/title>\n<meta name=\"description\" content=\"Hotelul nostru modern de pe Calea Victoriei v\u0103 pozi\u021bioneaz\u0103 \u00een apropierea centrului vechi al Bucure\u0219tiului \u0219i \u00een apropiere de zona de magazine, via\u021ba de noapte \u0219i obiectivele turistice. Este disponibil\u0103 o parcare subteran\u0103 securizat\u0103.\" \/>\n<meta name=\"robots\" content=\"index, follow, max-snippet:-1, max-image-preview:large, max-video-preview:-1\" \/>\n<link rel=\"canonical\" href=\"https:\/\/www.novotelbucharestcitycentre.com\/ro\/unde-suntem\/\" \/>\n<meta property=\"og:locale\" content=\"ro_RO\" \/>\n<meta property=\"og:type\" content=\"article\" \/>\n<meta property=\"og:title\" content=\"Localizare | Novotel Bucharest City Center | Hotel Calea Victoriei\" \/>\n<meta property=\"og:description\" content=\"Hotelul nostru modern de pe Calea Victoriei v\u0103 pozi\u021bioneaz\u0103 \u00een apropierea centrului vechi al Bucure\u0219tiului \u0219i \u00een apropiere de zona de magazine, via\u021ba de noapte \u0219i obiectivele turistice. Este disponibil\u0103 o parcare subteran\u0103 securizat\u0103.\" \/>\n<meta property=\"og:url\" content=\"https:\/\/www.novotelbucharestcitycentre.com\/ro\/unde-suntem\/\" \/>\n<meta property=\"og:site_name\" content=\"Novotel Bucarest City Centre SL\" \/>\n<meta property=\"article:modified_time\" content=\"2022-12-22T13:01:46+00:00\" \/>\n<meta name=\"twitter:card\" content=\"summary_large_image\" \/>\n<meta name=\"twitter:label1\" content=\"Timp estimat pentru citire\" \/>\n\t<meta name=\"twitter:data1\" content=\"1 minut\" \/>\n<script type=\"application\/ld+json\" class=\"yoast-schema-graph\">{\"@context\":\"https:\/\/schema.org\",\"@graph\":[{\"@type\":\"WebPage\",\"@id\":\"https:\/\/www.novotelbucharestcitycentre.com\/ro\/unde-suntem\/\",\"url\":\"https:\/\/www.novotelbucharestcitycentre.com\/ro\/unde-suntem\/\",\"name\":\"Localizare | Novotel Bucharest City Center | Hotel Calea Victoriei\",\"isPartOf\":{\"@id\":\"https:\/\/www.novotelbucharestcitycentre.com\/#website\"},\"datePublished\":\"2022-11-30T10:09:55+00:00\",\"dateModified\":\"2022-12-22T13:01:46+00:00\",\"description\":\"Hotelul nostru modern de pe Calea Victoriei v\u0103 pozi\u021bioneaz\u0103 \u00een apropierea centrului vechi al Bucure\u0219tiului \u0219i \u00een apropiere de zona de magazine, via\u021ba de noapte \u0219i obiectivele turistice. Este disponibil\u0103 o parcare subteran\u0103 securizat\u0103.\",\"breadcrumb\":{\"@id\":\"https:\/\/www.novotelbucharestcitycentre.com\/ro\/unde-suntem\/#breadcrumb\"},\"inLanguage\":\"ro-RO\",\"potentialAction\":[{\"@type\":\"ReadAction\",\"target\":[\"https:\/\/www.novotelbucharestcitycentre.com\/ro\/unde-suntem\/\"]}]},{\"@type\":\"BreadcrumbList\",\"@id\":\"https:\/\/www.novotelbucharestcitycentre.com\/ro\/unde-suntem\/#breadcrumb\",\"itemListElement\":[{\"@type\":\"ListItem\",\"position\":1,\"name\":\"Home\",\"item\":\"https:\/\/www.novotelbucharestcitycentre.com\/ro\/\"},{\"@type\":\"ListItem\",\"position\":2,\"name\":\"Unde suntem\"}]},{\"@type\":\"WebSite\",\"@id\":\"https:\/\/www.novotelbucharestcitycentre.com\/#website\",\"url\":\"https:\/\/www.novotelbucharestcitycentre.com\/\",\"name\":\"Novotel Bucarest City Centre SL\",\"description\":\"Just another D-Edge Accor V2 Sites Hosting site\",\"potentialAction\":[{\"@type\":\"SearchAction\",\"target\":{\"@type\":\"EntryPoint\",\"urlTemplate\":\"https:\/\/www.novotelbucharestcitycentre.com\/?s={search_term_string}\"},\"query-input\":{\"@type\":\"PropertyValueSpecification\",\"valueRequired\":true,\"valueName\":\"search_term_string\"}}],\"inLanguage\":\"ro-RO\"}]}<\/script>\n<!-- \/ Yoast SEO plugin. -->","yoast_head_json":{"title":"Localizare | Novotel Bucharest City Center | Hotel Calea Victoriei","description":"Hotelul nostru modern de pe Calea Victoriei v\u0103 pozi\u021bioneaz\u0103 \u00een apropierea centrului vechi al Bucure\u0219tiului \u0219i \u00een apropiere de zona de magazine, via\u021ba de noapte \u0219i obiectivele turistice. Este disponibil\u0103 o parcare subteran\u0103 securizat\u0103.","robots":{"index":"index","follow":"follow","max-snippet":"max-snippet:-1","max-image-preview":"max-image-preview:large","max-video-preview":"max-video-preview:-1"},"canonical":"https:\/\/www.novotelbucharestcitycentre.com\/ro\/unde-suntem\/","og_locale":"ro_RO","og_type":"article","og_title":"Localizare | Novotel Bucharest City Center | Hotel Calea Victoriei","og_description":"Hotelul nostru modern de pe Calea Victoriei v\u0103 pozi\u021bioneaz\u0103 \u00een apropierea centrului vechi al Bucure\u0219tiului \u0219i \u00een apropiere de zona de magazine, via\u021ba de noapte \u0219i obiectivele turistice. Este disponibil\u0103 o parcare subteran\u0103 securizat\u0103.","og_url":"https:\/\/www.novotelbucharestcitycentre.com\/ro\/unde-suntem\/","og_site_name":"Novotel Bucarest City Centre SL","article_modified_time":"2022-12-22T13:01:46+00:00","twitter_card":"summary_large_image","twitter_misc":{"Timp estimat pentru citire":"1 minut"},"schema":{"@context":"https:\/\/schema.org","@graph":[{"@type":"WebPage","@id":"https:\/\/www.novotelbucharestcitycentre.com\/ro\/unde-suntem\/","url":"https:\/\/www.novotelbucharestcitycentre.com\/ro\/unde-suntem\/","name":"Localizare | Novotel Bucharest City Center | Hotel Calea Victoriei","isPartOf":{"@id":"https:\/\/www.novotelbucharestcitycentre.com\/#website"},"datePublished":"2022-11-30T10:09:55+00:00","dateModified":"2022-12-22T13:01:46+00:00","description":"Hotelul nostru modern de pe Calea Victoriei v\u0103 pozi\u021bioneaz\u0103 \u00een apropierea centrului vechi al Bucure\u0219tiului \u0219i \u00een apropiere de zona de magazine, via\u021ba de noapte \u0219i obiectivele turistice. Este disponibil\u0103 o parcare subteran\u0103 securizat\u0103.","breadcrumb":{"@id":"https:\/\/www.novotelbucharestcitycentre.com\/ro\/unde-suntem\/#breadcrumb"},"inLanguage":"ro-RO","potentialAction":[{"@type":"ReadAction","target":["https:\/\/www.novotelbucharestcitycentre.com\/ro\/unde-suntem\/"]}]},{"@type":"BreadcrumbList","@id":"https:\/\/www.novotelbucharestcitycentre.com\/ro\/unde-suntem\/#breadcrumb","itemListElement":[{"@type":"ListItem","position":1,"name":"Home","item":"https:\/\/www.novotelbucharestcitycentre.com\/ro\/"},{"@type":"ListItem","position":2,"name":"Unde suntem"}]},{"@type":"WebSite","@id":"https:\/\/www.novotelbucharestcitycentre.com\/#website","url":"https:\/\/www.novotelbucharestcitycentre.com\/","name":"Novotel Bucarest City Centre SL","description":"Just another D-Edge Accor V2 Sites Hosting site","potentialAction":[{"@type":"SearchAction","target":{"@type":"EntryPoint","urlTemplate":"https:\/\/www.novotelbucharestcitycentre.com\/?s={search_term_string}"},"query-input":{"@type":"PropertyValueSpecification","valueRequired":true,"valueName":"search_term_string"}}],"inLanguage":"ro-RO"}]}},"_links":{"self":[{"href":"https:\/\/www.novotelbucharestcitycentre.com\/ro\/wp-json\/wp\/v2\/pages\/234","targetHints":{"allow":["GET"]}}],"collection":[{"href":"https:\/\/www.novotelbucharestcitycentre.com\/ro\/wp-json\/wp\/v2\/pages"}],"about":[{"href":"https:\/\/www.novotelbucharestcitycentre.com\/ro\/wp-json\/wp\/v2\/types\/page"}],"author":[{"embeddable":true,"href":"https:\/\/www.novotelbucharestcitycentre.com\/ro\/wp-json\/wp\/v2\/users\/26"}],"replies":[{"embeddable":true,"href":"https:\/\/www.novotelbucharestcitycentre.com\/ro\/wp-json\/wp\/v2\/comments?post=234"}],"version-history":[{"count":0,"href":"https:\/\/www.novotelbucharestcitycentre.com\/ro\/wp-json\/wp\/v2\/pages\/234\/revisions"}],"wp:attachment":[{"href":"https:\/\/www.novotelbucharestcitycentre.com\/ro\/wp-json\/wp\/v2\/media?parent=234"}],"wp:term":[{"taxonomy":"category","embeddable":true,"href":"https:\/\/www.novotelbucharestcitycentre.com\/ro\/wp-json\/wp\/v2\/categories?post=234"}],"curies":[{"name":"wp","href":"https:\/\/api.w.org\/{rel}","templated":true}]}}