{"id":232,"date":"2022-11-30T09:57:55","date_gmt":"2022-11-30T09:57:55","guid":{"rendered":"https:\/\/novotelbucarest.accorv2prod.decms.eu\/weddings\/"},"modified":"2022-12-22T12:54:37","modified_gmt":"2022-12-22T12:54:37","slug":"nunti","status":"publish","type":"page","link":"https:\/\/www.novotelbucharestcitycentre.com\/ro\/nunti\/","title":{"rendered":"NUN\u021aI"},"content":{"rendered":"<p>V\u0103 vom ajuta s\u0103-l face\u021bi unul de care v\u0103 ve\u021bi aminti pentru totdeauna.<\/p>\n<p>La Novotel Bucharest City Centre, avem at\u00e2t configura\u021biile, c\u00e2t \u0219i expertiza pentru celebrarea perfect\u0103 a iubirii dumneavoastr\u0103.<\/p>\n<p>O gal\u0103 somptuoas\u0103 pentru toat\u0103 familia \u0219i prietenii t\u0103i \u00een sala noastr\u0103 cea mare de bal, Paris. Un spatiu generos de relaxare cu vedere la Calea Victoriei \u00een mijlocul tavanelor \u00eenalte \u0219i a ferestrelor arcuite ale elegantului nostru Foaier, c\u00e2ndva intrarea \u00een Teatrul Na\u021bional al Rom\u00e2niei. Sau o adunare mai intim\u0103 \u00eentr-una dintre s\u0103lile noastre elegante, mai mici. Sau o \u00eentrunire mai intim\u0103 \u00eentr-una dintre s\u0103lile noastre elegante, mai mici, de evenimente. Ve\u021bi g\u0103si locatia perfect\u0103 la hotelul nostru din centrul Bucure\u0219tiului.<\/p>\n<p>Organizatorii no\u0219tri de nunt\u0103 dedica\u021bi v\u0103 vor \u00eenso\u021bi la fiecare pas \u2013 oferindu-v\u0103, de la asisten\u021b\u0103 \u00een alegerea muzicii \u0219i a fotografilor, p\u00e2n\u0103 la decora\u021biuni \u0219i aranjamente pentru mese. Buc\u0103tarii no\u0219tri vor crea un oaspa\u021b de neuitat. \u0218i pentru c\u0103 oaspe\u021bii dumneavoastr\u0103 sunt oaspe\u021bii no\u0219tri, ei vor fi \u00eent\u00e2mpina\u021bi cu ospitalitatea noastr\u0103 marca Novotel.<\/p>\n<p>Tot ce v\u0103 mai r\u0103m\u00e2ne de f\u0103cut este s\u0103 crea\u021bi amintiri de durat\u0103.<\/p>\n","protected":false},"excerpt":{"rendered":"<p>V\u0103 vom ajuta s\u0103-l face\u021bi unul de care v\u0103 ve\u021bi aminti pentru totdeauna. La Novotel Bucharest City Centre, avem at\u00e2t configura\u021biile, c\u00e2t \u0219i expertiza pentru celebrarea perfect\u0103 a iubirii dumneavoastr\u0103. O gal\u0103 somptuoas\u0103 pentru toat\u0103 familia \u0219i prietenii t\u0103i \u00een sala noastr\u0103 cea mare de bal, Paris. Un spatiu generos de relaxare cu vedere la [&hellip;]<\/p>\n","protected":false},"author":26,"featured_media":0,"parent":0,"menu_order":70,"comment_status":"closed","ping_status":"closed","template":"template-wedding.php","meta":{"footnotes":""},"categories":[],"class_list":["post-232","page","type-page","status-publish","hentry"],"acf":[],"yoast_head":"<!-- This site is optimized with the Yoast SEO plugin v26.9 - https:\/\/yoast.com\/product\/yoast-seo-wordpress\/ -->\n<title>Nun\u021bi | Novotel Bucharest City Center | Loc pentru Recep\u021bii<\/title>\n<meta name=\"description\" content=\"S\u0103rb\u0103tore\u0219te-\u021bi nunta din Bucure\u0219ti \u00eentr-unul dintre spa\u021biile noastre elegante pentru recep\u021bii. Planificatorii no\u0219tri dedica\u021bi se vor ocupa de catering \u0219i de toate celelalte aranjamente.\" \/>\n<meta name=\"robots\" content=\"index, follow, max-snippet:-1, max-image-preview:large, max-video-preview:-1\" \/>\n<link rel=\"canonical\" href=\"https:\/\/www.novotelbucharestcitycentre.com\/ro\/nunti\/\" \/>\n<meta property=\"og:locale\" content=\"ro_RO\" \/>\n<meta property=\"og:type\" content=\"article\" \/>\n<meta property=\"og:title\" content=\"Nun\u021bi | Novotel Bucharest City Center | Loc pentru Recep\u021bii\" \/>\n<meta property=\"og:description\" content=\"S\u0103rb\u0103tore\u0219te-\u021bi nunta din Bucure\u0219ti \u00eentr-unul dintre spa\u021biile noastre elegante pentru recep\u021bii. Planificatorii no\u0219tri dedica\u021bi se vor ocupa de catering \u0219i de toate celelalte aranjamente.\" \/>\n<meta property=\"og:url\" content=\"https:\/\/www.novotelbucharestcitycentre.com\/ro\/nunti\/\" \/>\n<meta property=\"og:site_name\" content=\"Novotel Bucarest City Centre SL\" \/>\n<meta property=\"article:modified_time\" content=\"2022-12-22T12:54:37+00:00\" \/>\n<meta name=\"twitter:card\" content=\"summary_large_image\" \/>\n<meta name=\"twitter:label1\" content=\"Timp estimat pentru citire\" \/>\n\t<meta name=\"twitter:data1\" content=\"1 minut\" \/>\n<script type=\"application\/ld+json\" class=\"yoast-schema-graph\">{\"@context\":\"https:\/\/schema.org\",\"@graph\":[{\"@type\":\"WebPage\",\"@id\":\"https:\/\/www.novotelbucharestcitycentre.com\/ro\/nunti\/\",\"url\":\"https:\/\/www.novotelbucharestcitycentre.com\/ro\/nunti\/\",\"name\":\"Nun\u021bi | Novotel Bucharest City Center | Loc pentru Recep\u021bii\",\"isPartOf\":{\"@id\":\"https:\/\/www.novotelbucharestcitycentre.com\/#website\"},\"datePublished\":\"2022-11-30T09:57:55+00:00\",\"dateModified\":\"2022-12-22T12:54:37+00:00\",\"description\":\"S\u0103rb\u0103tore\u0219te-\u021bi nunta din Bucure\u0219ti \u00eentr-unul dintre spa\u021biile noastre elegante pentru recep\u021bii. Planificatorii no\u0219tri dedica\u021bi se vor ocupa de catering \u0219i de toate celelalte aranjamente.\",\"breadcrumb\":{\"@id\":\"https:\/\/www.novotelbucharestcitycentre.com\/ro\/nunti\/#breadcrumb\"},\"inLanguage\":\"ro-RO\",\"potentialAction\":[{\"@type\":\"ReadAction\",\"target\":[\"https:\/\/www.novotelbucharestcitycentre.com\/ro\/nunti\/\"]}]},{\"@type\":\"BreadcrumbList\",\"@id\":\"https:\/\/www.novotelbucharestcitycentre.com\/ro\/nunti\/#breadcrumb\",\"itemListElement\":[{\"@type\":\"ListItem\",\"position\":1,\"name\":\"Home\",\"item\":\"https:\/\/www.novotelbucharestcitycentre.com\/ro\/\"},{\"@type\":\"ListItem\",\"position\":2,\"name\":\"NUN\u021aI\"}]},{\"@type\":\"WebSite\",\"@id\":\"https:\/\/www.novotelbucharestcitycentre.com\/#website\",\"url\":\"https:\/\/www.novotelbucharestcitycentre.com\/\",\"name\":\"Novotel Bucarest City Centre SL\",\"description\":\"Just another D-Edge Accor V2 Sites Hosting site\",\"potentialAction\":[{\"@type\":\"SearchAction\",\"target\":{\"@type\":\"EntryPoint\",\"urlTemplate\":\"https:\/\/www.novotelbucharestcitycentre.com\/?s={search_term_string}\"},\"query-input\":{\"@type\":\"PropertyValueSpecification\",\"valueRequired\":true,\"valueName\":\"search_term_string\"}}],\"inLanguage\":\"ro-RO\"}]}<\/script>\n<!-- \/ Yoast SEO plugin. -->","yoast_head_json":{"title":"Nun\u021bi | Novotel Bucharest City Center | Loc pentru Recep\u021bii","description":"S\u0103rb\u0103tore\u0219te-\u021bi nunta din Bucure\u0219ti \u00eentr-unul dintre spa\u021biile noastre elegante pentru recep\u021bii. Planificatorii no\u0219tri dedica\u021bi se vor ocupa de catering \u0219i de toate celelalte aranjamente.","robots":{"index":"index","follow":"follow","max-snippet":"max-snippet:-1","max-image-preview":"max-image-preview:large","max-video-preview":"max-video-preview:-1"},"canonical":"https:\/\/www.novotelbucharestcitycentre.com\/ro\/nunti\/","og_locale":"ro_RO","og_type":"article","og_title":"Nun\u021bi | Novotel Bucharest City Center | Loc pentru Recep\u021bii","og_description":"S\u0103rb\u0103tore\u0219te-\u021bi nunta din Bucure\u0219ti \u00eentr-unul dintre spa\u021biile noastre elegante pentru recep\u021bii. Planificatorii no\u0219tri dedica\u021bi se vor ocupa de catering \u0219i de toate celelalte aranjamente.","og_url":"https:\/\/www.novotelbucharestcitycentre.com\/ro\/nunti\/","og_site_name":"Novotel Bucarest City Centre SL","article_modified_time":"2022-12-22T12:54:37+00:00","twitter_card":"summary_large_image","twitter_misc":{"Timp estimat pentru citire":"1 minut"},"schema":{"@context":"https:\/\/schema.org","@graph":[{"@type":"WebPage","@id":"https:\/\/www.novotelbucharestcitycentre.com\/ro\/nunti\/","url":"https:\/\/www.novotelbucharestcitycentre.com\/ro\/nunti\/","name":"Nun\u021bi | Novotel Bucharest City Center | Loc pentru Recep\u021bii","isPartOf":{"@id":"https:\/\/www.novotelbucharestcitycentre.com\/#website"},"datePublished":"2022-11-30T09:57:55+00:00","dateModified":"2022-12-22T12:54:37+00:00","description":"S\u0103rb\u0103tore\u0219te-\u021bi nunta din Bucure\u0219ti \u00eentr-unul dintre spa\u021biile noastre elegante pentru recep\u021bii. Planificatorii no\u0219tri dedica\u021bi se vor ocupa de catering \u0219i de toate celelalte aranjamente.","breadcrumb":{"@id":"https:\/\/www.novotelbucharestcitycentre.com\/ro\/nunti\/#breadcrumb"},"inLanguage":"ro-RO","potentialAction":[{"@type":"ReadAction","target":["https:\/\/www.novotelbucharestcitycentre.com\/ro\/nunti\/"]}]},{"@type":"BreadcrumbList","@id":"https:\/\/www.novotelbucharestcitycentre.com\/ro\/nunti\/#breadcrumb","itemListElement":[{"@type":"ListItem","position":1,"name":"Home","item":"https:\/\/www.novotelbucharestcitycentre.com\/ro\/"},{"@type":"ListItem","position":2,"name":"NUN\u021aI"}]},{"@type":"WebSite","@id":"https:\/\/www.novotelbucharestcitycentre.com\/#website","url":"https:\/\/www.novotelbucharestcitycentre.com\/","name":"Novotel Bucarest City Centre SL","description":"Just another D-Edge Accor V2 Sites Hosting site","potentialAction":[{"@type":"SearchAction","target":{"@type":"EntryPoint","urlTemplate":"https:\/\/www.novotelbucharestcitycentre.com\/?s={search_term_string}"},"query-input":{"@type":"PropertyValueSpecification","valueRequired":true,"valueName":"search_term_string"}}],"inLanguage":"ro-RO"}]}},"_links":{"self":[{"href":"https:\/\/www.novotelbucharestcitycentre.com\/ro\/wp-json\/wp\/v2\/pages\/232","targetHints":{"allow":["GET"]}}],"collection":[{"href":"https:\/\/www.novotelbucharestcitycentre.com\/ro\/wp-json\/wp\/v2\/pages"}],"about":[{"href":"https:\/\/www.novotelbucharestcitycentre.com\/ro\/wp-json\/wp\/v2\/types\/page"}],"author":[{"embeddable":true,"href":"https:\/\/www.novotelbucharestcitycentre.com\/ro\/wp-json\/wp\/v2\/users\/26"}],"replies":[{"embeddable":true,"href":"https:\/\/www.novotelbucharestcitycentre.com\/ro\/wp-json\/wp\/v2\/comments?post=232"}],"version-history":[{"count":0,"href":"https:\/\/www.novotelbucharestcitycentre.com\/ro\/wp-json\/wp\/v2\/pages\/232\/revisions"}],"wp:attachment":[{"href":"https:\/\/www.novotelbucharestcitycentre.com\/ro\/wp-json\/wp\/v2\/media?parent=232"}],"wp:term":[{"taxonomy":"category","embeddable":true,"href":"https:\/\/www.novotelbucharestcitycentre.com\/ro\/wp-json\/wp\/v2\/categories?post=232"}],"curies":[{"name":"wp","href":"https:\/\/api.w.org\/{rel}","templated":true}]}}