{"id":221,"date":"2022-11-30T09:15:57","date_gmt":"2022-11-30T09:15:57","guid":{"rendered":"https:\/\/novotelbucarest.accorv2prod.decms.eu\/meetings-events\/"},"modified":"2022-12-22T12:49:28","modified_gmt":"2022-12-22T12:49:28","slug":"intalniri-si-evenimente","status":"publish","type":"page","link":"https:\/\/www.novotelbucharestcitycentre.com\/ro\/intalniri-si-evenimente\/","title":{"rendered":"\u00ceNT\u00c2LNIRI \u0218I EVENIMENTE"},"content":{"rendered":"<p>Ne dorim ca evenimentul dumneavoastr\u0103 s\u0103 fie un succes. Ambasadorii no\u0219tri Novotel v\u0103 vor fi al\u0103turi de la \u00eenceput p\u00e2n\u0103 la sf\u00e2r\u0219it. V\u0103 vom ajuta s\u0103 decide\u021bi conceptul potrivit pentru eveniment, ne vom ocupa de toate detaliile logistice \u0219i vom fi disponibili oric\u00e2nd ave\u021bi nevoie de noi.<\/p>\n<p>Cele zece spa\u021bii versatile pentru evenimente ofer\u0103 set\u0103ri elegante \u0219i func\u021bionale pentru orice, de la o \u0219edin\u021b\u0103 discret\u0103 a consiliului de administra\u021bie la o conferin\u021b\u0103 prestigioas\u0103, un banchet sau o recep\u021bie cocktail plin\u0103 de farmec. Tehnologia de ultim\u0103 or\u0103 pentru evenimente \u0219i mobilierul ergonomic permite ca oaspe\u021bii dumneavoastr\u0103 s\u0103 se concentreze pe ceea ce conteaz\u0103. Iar ofertele noastre flexibile de b\u0103uturi r\u0103coritoare \u0219i mese \u00eei men\u021bin pe participan\u021bi plini de energie.<\/p>\n<p>Foaierul salii de conferin\u021b\u0103 Paris, restaurantele noastre \u0219i terasa \u00een aer liber pot fi, de asemenea, spa\u021bii care sa g\u0103zduiasc\u0103 evenimentul dumneavoastr\u0103 ideal.<\/p>\n<p>&nbsp;<\/p>\n","protected":false},"excerpt":{"rendered":"<p>Ne dorim ca evenimentul dumneavoastr\u0103 s\u0103 fie un succes. Ambasadorii no\u0219tri Novotel v\u0103 vor fi al\u0103turi de la \u00eenceput p\u00e2n\u0103 la sf\u00e2r\u0219it. V\u0103 vom ajuta s\u0103 decide\u021bi conceptul potrivit pentru eveniment, ne vom ocupa de toate detaliile logistice \u0219i vom fi disponibili oric\u00e2nd ave\u021bi nevoie de noi. Cele zece spa\u021bii versatile pentru evenimente ofer\u0103 set\u0103ri [&hellip;]<\/p>\n","protected":false},"author":26,"featured_media":0,"parent":0,"menu_order":50,"comment_status":"closed","ping_status":"closed","template":"template-meetings.php","meta":{"footnotes":""},"categories":[],"class_list":["post-221","page","type-page","status-publish","hentry"],"acf":[],"yoast_head":"<!-- This site is optimized with the Yoast SEO plugin v26.9 - https:\/\/yoast.com\/product\/yoast-seo-wordpress\/ -->\n<title>\u00cent\u00e2lniri \u0219i Evenimente | Novotel Bucharest City Centre<\/title>\n<meta name=\"description\" content=\"Organiza\u021bi-v\u0103 evenimentul sau \u00eent\u00e2lnirea \u00een Bucure\u0219ti, la hotelul nostru de pe Calea Victoriei. Oferim planificare de la \u00eenceput la sf\u00e2r\u0219it pentru evenimente de toate dimensiunile, derulate \u00een spa\u021bii moderne.\" \/>\n<meta name=\"robots\" content=\"index, follow, max-snippet:-1, max-image-preview:large, max-video-preview:-1\" \/>\n<link rel=\"canonical\" href=\"https:\/\/www.novotelbucharestcitycentre.com\/ro\/intalniri-si-evenimente\/\" \/>\n<meta property=\"og:locale\" content=\"ro_RO\" \/>\n<meta property=\"og:type\" content=\"article\" \/>\n<meta property=\"og:title\" content=\"\u00cent\u00e2lniri \u0219i Evenimente | Novotel Bucharest City Centre\" \/>\n<meta property=\"og:description\" content=\"Organiza\u021bi-v\u0103 evenimentul sau \u00eent\u00e2lnirea \u00een Bucure\u0219ti, la hotelul nostru de pe Calea Victoriei. Oferim planificare de la \u00eenceput la sf\u00e2r\u0219it pentru evenimente de toate dimensiunile, derulate \u00een spa\u021bii moderne.\" \/>\n<meta property=\"og:url\" content=\"https:\/\/www.novotelbucharestcitycentre.com\/ro\/intalniri-si-evenimente\/\" \/>\n<meta property=\"og:site_name\" content=\"Novotel Bucarest City Centre SL\" \/>\n<meta property=\"article:modified_time\" content=\"2022-12-22T12:49:28+00:00\" \/>\n<meta name=\"twitter:card\" content=\"summary_large_image\" \/>\n<meta name=\"twitter:label1\" content=\"Timp estimat pentru citire\" \/>\n\t<meta name=\"twitter:data1\" content=\"1 minut\" \/>\n<script type=\"application\/ld+json\" class=\"yoast-schema-graph\">{\"@context\":\"https:\/\/schema.org\",\"@graph\":[{\"@type\":\"WebPage\",\"@id\":\"https:\/\/www.novotelbucharestcitycentre.com\/ro\/intalniri-si-evenimente\/\",\"url\":\"https:\/\/www.novotelbucharestcitycentre.com\/ro\/intalniri-si-evenimente\/\",\"name\":\"\u00cent\u00e2lniri \u0219i Evenimente | Novotel Bucharest City Centre\",\"isPartOf\":{\"@id\":\"https:\/\/www.novotelbucharestcitycentre.com\/#website\"},\"datePublished\":\"2022-11-30T09:15:57+00:00\",\"dateModified\":\"2022-12-22T12:49:28+00:00\",\"description\":\"Organiza\u021bi-v\u0103 evenimentul sau \u00eent\u00e2lnirea \u00een Bucure\u0219ti, la hotelul nostru de pe Calea Victoriei. Oferim planificare de la \u00eenceput la sf\u00e2r\u0219it pentru evenimente de toate dimensiunile, derulate \u00een spa\u021bii moderne.\",\"breadcrumb\":{\"@id\":\"https:\/\/www.novotelbucharestcitycentre.com\/ro\/intalniri-si-evenimente\/#breadcrumb\"},\"inLanguage\":\"ro-RO\",\"potentialAction\":[{\"@type\":\"ReadAction\",\"target\":[\"https:\/\/www.novotelbucharestcitycentre.com\/ro\/intalniri-si-evenimente\/\"]}]},{\"@type\":\"BreadcrumbList\",\"@id\":\"https:\/\/www.novotelbucharestcitycentre.com\/ro\/intalniri-si-evenimente\/#breadcrumb\",\"itemListElement\":[{\"@type\":\"ListItem\",\"position\":1,\"name\":\"Home\",\"item\":\"https:\/\/www.novotelbucharestcitycentre.com\/ro\/\"},{\"@type\":\"ListItem\",\"position\":2,\"name\":\"\u00ceNT\u00c2LNIRI \u0218I EVENIMENTE\"}]},{\"@type\":\"WebSite\",\"@id\":\"https:\/\/www.novotelbucharestcitycentre.com\/#website\",\"url\":\"https:\/\/www.novotelbucharestcitycentre.com\/\",\"name\":\"Novotel Bucarest City Centre SL\",\"description\":\"Just another D-Edge Accor V2 Sites Hosting site\",\"potentialAction\":[{\"@type\":\"SearchAction\",\"target\":{\"@type\":\"EntryPoint\",\"urlTemplate\":\"https:\/\/www.novotelbucharestcitycentre.com\/?s={search_term_string}\"},\"query-input\":{\"@type\":\"PropertyValueSpecification\",\"valueRequired\":true,\"valueName\":\"search_term_string\"}}],\"inLanguage\":\"ro-RO\"}]}<\/script>\n<!-- \/ Yoast SEO plugin. -->","yoast_head_json":{"title":"\u00cent\u00e2lniri \u0219i Evenimente | Novotel Bucharest City Centre","description":"Organiza\u021bi-v\u0103 evenimentul sau \u00eent\u00e2lnirea \u00een Bucure\u0219ti, la hotelul nostru de pe Calea Victoriei. Oferim planificare de la \u00eenceput la sf\u00e2r\u0219it pentru evenimente de toate dimensiunile, derulate \u00een spa\u021bii moderne.","robots":{"index":"index","follow":"follow","max-snippet":"max-snippet:-1","max-image-preview":"max-image-preview:large","max-video-preview":"max-video-preview:-1"},"canonical":"https:\/\/www.novotelbucharestcitycentre.com\/ro\/intalniri-si-evenimente\/","og_locale":"ro_RO","og_type":"article","og_title":"\u00cent\u00e2lniri \u0219i Evenimente | Novotel Bucharest City Centre","og_description":"Organiza\u021bi-v\u0103 evenimentul sau \u00eent\u00e2lnirea \u00een Bucure\u0219ti, la hotelul nostru de pe Calea Victoriei. Oferim planificare de la \u00eenceput la sf\u00e2r\u0219it pentru evenimente de toate dimensiunile, derulate \u00een spa\u021bii moderne.","og_url":"https:\/\/www.novotelbucharestcitycentre.com\/ro\/intalniri-si-evenimente\/","og_site_name":"Novotel Bucarest City Centre SL","article_modified_time":"2022-12-22T12:49:28+00:00","twitter_card":"summary_large_image","twitter_misc":{"Timp estimat pentru citire":"1 minut"},"schema":{"@context":"https:\/\/schema.org","@graph":[{"@type":"WebPage","@id":"https:\/\/www.novotelbucharestcitycentre.com\/ro\/intalniri-si-evenimente\/","url":"https:\/\/www.novotelbucharestcitycentre.com\/ro\/intalniri-si-evenimente\/","name":"\u00cent\u00e2lniri \u0219i Evenimente | Novotel Bucharest City Centre","isPartOf":{"@id":"https:\/\/www.novotelbucharestcitycentre.com\/#website"},"datePublished":"2022-11-30T09:15:57+00:00","dateModified":"2022-12-22T12:49:28+00:00","description":"Organiza\u021bi-v\u0103 evenimentul sau \u00eent\u00e2lnirea \u00een Bucure\u0219ti, la hotelul nostru de pe Calea Victoriei. Oferim planificare de la \u00eenceput la sf\u00e2r\u0219it pentru evenimente de toate dimensiunile, derulate \u00een spa\u021bii moderne.","breadcrumb":{"@id":"https:\/\/www.novotelbucharestcitycentre.com\/ro\/intalniri-si-evenimente\/#breadcrumb"},"inLanguage":"ro-RO","potentialAction":[{"@type":"ReadAction","target":["https:\/\/www.novotelbucharestcitycentre.com\/ro\/intalniri-si-evenimente\/"]}]},{"@type":"BreadcrumbList","@id":"https:\/\/www.novotelbucharestcitycentre.com\/ro\/intalniri-si-evenimente\/#breadcrumb","itemListElement":[{"@type":"ListItem","position":1,"name":"Home","item":"https:\/\/www.novotelbucharestcitycentre.com\/ro\/"},{"@type":"ListItem","position":2,"name":"\u00ceNT\u00c2LNIRI \u0218I EVENIMENTE"}]},{"@type":"WebSite","@id":"https:\/\/www.novotelbucharestcitycentre.com\/#website","url":"https:\/\/www.novotelbucharestcitycentre.com\/","name":"Novotel Bucarest City Centre SL","description":"Just another D-Edge Accor V2 Sites Hosting site","potentialAction":[{"@type":"SearchAction","target":{"@type":"EntryPoint","urlTemplate":"https:\/\/www.novotelbucharestcitycentre.com\/?s={search_term_string}"},"query-input":{"@type":"PropertyValueSpecification","valueRequired":true,"valueName":"search_term_string"}}],"inLanguage":"ro-RO"}]}},"_links":{"self":[{"href":"https:\/\/www.novotelbucharestcitycentre.com\/ro\/wp-json\/wp\/v2\/pages\/221","targetHints":{"allow":["GET"]}}],"collection":[{"href":"https:\/\/www.novotelbucharestcitycentre.com\/ro\/wp-json\/wp\/v2\/pages"}],"about":[{"href":"https:\/\/www.novotelbucharestcitycentre.com\/ro\/wp-json\/wp\/v2\/types\/page"}],"author":[{"embeddable":true,"href":"https:\/\/www.novotelbucharestcitycentre.com\/ro\/wp-json\/wp\/v2\/users\/26"}],"replies":[{"embeddable":true,"href":"https:\/\/www.novotelbucharestcitycentre.com\/ro\/wp-json\/wp\/v2\/comments?post=221"}],"version-history":[{"count":0,"href":"https:\/\/www.novotelbucharestcitycentre.com\/ro\/wp-json\/wp\/v2\/pages\/221\/revisions"}],"wp:attachment":[{"href":"https:\/\/www.novotelbucharestcitycentre.com\/ro\/wp-json\/wp\/v2\/media?parent=221"}],"wp:term":[{"taxonomy":"category","embeddable":true,"href":"https:\/\/www.novotelbucharestcitycentre.com\/ro\/wp-json\/wp\/v2\/categories?post=221"}],"curies":[{"name":"wp","href":"https:\/\/api.w.org\/{rel}","templated":true}]}}