{"id":219,"date":"2022-11-30T09:02:01","date_gmt":"2022-11-30T09:02:01","guid":{"rendered":"https:\/\/novotelbucarest.accorv2prod.decms.eu\/restaurants-bars\/teatro\/"},"modified":"2022-12-22T12:16:00","modified_gmt":"2022-12-22T12:16:00","slug":"teatro","status":"publish","type":"page","link":"https:\/\/www.novotelbucharestcitycentre.com\/ro\/restaurante-si-baruri\/teatro\/","title":{"rendered":"TEATRO"},"content":{"rendered":"<p>Micul dejun este cea mai important\u0103 mas\u0103 a zilei. Iar Teatro este fundalul unui \u00eenceput luminos al zilei dumneavoastr\u0103.<\/p>\n<p>O poart\u0103 din lemn sculptat\u0103 manual, \u00eempodobe\u0219te un perete albastru viu \u00een restaurantul nostru primitor, inundat de lumin\u0103, inspirat\u0103 din frumuse\u021bea natural\u0103 curat\u0103 \u0219i arhitectura satului distinct\u0103 din regiunea Maramure\u0219, din nord-vestul Rom\u00e2niei. Aceast\u0103 leg\u0103tur\u0103 cu natura \u0219i tradi\u021bia artizanal\u0103 se reflect\u0103 \u0219i \u00een cel mai bun mic dejun din Bucure\u0219ti. G\u00e2ndi\u021bi-v\u0103 la cereale s\u0103n\u0103toase, sucuri proasp\u0103t presate, p\u00e2ine crocant\u0103 \u0219i produse calde de patiserie, o cafea parfumat\u0103, ou\u0103 preparate a\u0219a cum v\u0103 plac&#8230; \u0219i multe altele.<\/p>\n<p>C\u00e2nd vremea este cald\u0103, \u00eencepe\u021bi-v\u0103 ziua cu un mic dejun \u00eensorit pe terasa noastr\u0103 spa\u021bioas\u0103 \u00een aer liber.<\/p>\n<p>Dori\u021bi s\u0103 organiza\u021bi un eveniment? Pute\u021bi alege c\u0103 loca\u021bie, pe l\u00e2ng\u0103 s\u0103lile de conferin\u021b\u0103 \u0219i restaurantul Teatro sau terasa restaurantului. Restaurantul Teatro are o capacitate de 136 locuri, iar teras\u0103 are 50 de locuri. Amdasadorii Novotel se vor asigura c\u0103 indiferent de loca\u021bia aleas\u0103, evenimentul dumneavoastr\u0103 va fi un succes iar invita\u021bii dumneavoastr\u0103 se vor bucura de cele mai bune servicii \u00een inima ora\u0219ului, pe Calea Victoriei.<\/p>\n","protected":false},"excerpt":{"rendered":"<p>Micul dejun este cea mai important\u0103 mas\u0103 a zilei. Iar Teatro este fundalul unui \u00eenceput luminos al zilei dumneavoastr\u0103. O poart\u0103 din lemn sculptat\u0103 manual, \u00eempodobe\u0219te un perete albastru viu \u00een restaurantul nostru primitor, inundat de lumin\u0103, inspirat\u0103 din frumuse\u021bea natural\u0103 curat\u0103 \u0219i arhitectura satului distinct\u0103 din regiunea Maramure\u0219, din nord-vestul Rom\u00e2niei. Aceast\u0103 leg\u0103tur\u0103 cu [&hellip;]<\/p>\n","protected":false},"author":26,"featured_media":0,"parent":216,"menu_order":22,"comment_status":"closed","ping_status":"closed","template":"template-restaurant.php","meta":{"footnotes":""},"categories":[],"class_list":["post-219","page","type-page","status-publish","hentry"],"acf":[],"yoast_head":"<!-- This site is optimized with the Yoast SEO plugin v26.9 - https:\/\/yoast.com\/product\/yoast-seo-wordpress\/ -->\n<title>Teatro | Novotel Bucharest City Centre | Restaurant \u0219i loca\u021bie pentru evenimente \u00een Bucure\u0219ti<\/title>\n<meta name=\"description\" content=\"\u00cencepe\u021bi o zi grozav\u0103 cu un mic dejun energizant la restaurantul nostru primitor Teatro de l\u00e2ng\u0103 Lipscani din Bucure\u0219ti; este disponibil \u0219i pentru evenimente private.\" \/>\n<meta name=\"robots\" content=\"index, follow, max-snippet:-1, max-image-preview:large, max-video-preview:-1\" \/>\n<link rel=\"canonical\" href=\"https:\/\/www.novotelbucharestcitycentre.com\/ro\/restaurante-si-baruri\/teatro\/\" \/>\n<meta property=\"og:locale\" content=\"ro_RO\" \/>\n<meta property=\"og:type\" content=\"article\" \/>\n<meta property=\"og:title\" content=\"Teatro | Novotel Bucharest City Centre | Restaurant \u0219i loca\u021bie pentru evenimente \u00een Bucure\u0219ti\" \/>\n<meta property=\"og:description\" content=\"\u00cencepe\u021bi o zi grozav\u0103 cu un mic dejun energizant la restaurantul nostru primitor Teatro de l\u00e2ng\u0103 Lipscani din Bucure\u0219ti; este disponibil \u0219i pentru evenimente private.\" \/>\n<meta property=\"og:url\" content=\"https:\/\/www.novotelbucharestcitycentre.com\/ro\/restaurante-si-baruri\/teatro\/\" \/>\n<meta property=\"og:site_name\" content=\"Novotel Bucarest City Centre SL\" \/>\n<meta property=\"article:modified_time\" content=\"2022-12-22T12:16:00+00:00\" \/>\n<meta name=\"twitter:card\" content=\"summary_large_image\" \/>\n<meta name=\"twitter:label1\" content=\"Timp estimat pentru citire\" \/>\n\t<meta name=\"twitter:data1\" content=\"1 minut\" \/>\n<script type=\"application\/ld+json\" class=\"yoast-schema-graph\">{\"@context\":\"https:\/\/schema.org\",\"@graph\":[{\"@type\":\"WebPage\",\"@id\":\"https:\/\/www.novotelbucharestcitycentre.com\/ro\/restaurante-si-baruri\/teatro\/\",\"url\":\"https:\/\/www.novotelbucharestcitycentre.com\/ro\/restaurante-si-baruri\/teatro\/\",\"name\":\"Teatro | Novotel Bucharest City Centre | Restaurant \u0219i loca\u021bie pentru evenimente \u00een Bucure\u0219ti\",\"isPartOf\":{\"@id\":\"https:\/\/www.novotelbucharestcitycentre.com\/#website\"},\"datePublished\":\"2022-11-30T09:02:01+00:00\",\"dateModified\":\"2022-12-22T12:16:00+00:00\",\"description\":\"\u00cencepe\u021bi o zi grozav\u0103 cu un mic dejun energizant la restaurantul nostru primitor Teatro de l\u00e2ng\u0103 Lipscani din Bucure\u0219ti; este disponibil \u0219i pentru evenimente private.\",\"breadcrumb\":{\"@id\":\"https:\/\/www.novotelbucharestcitycentre.com\/ro\/restaurante-si-baruri\/teatro\/#breadcrumb\"},\"inLanguage\":\"ro-RO\",\"potentialAction\":[{\"@type\":\"ReadAction\",\"target\":[\"https:\/\/www.novotelbucharestcitycentre.com\/ro\/restaurante-si-baruri\/teatro\/\"]}]},{\"@type\":\"BreadcrumbList\",\"@id\":\"https:\/\/www.novotelbucharestcitycentre.com\/ro\/restaurante-si-baruri\/teatro\/#breadcrumb\",\"itemListElement\":[{\"@type\":\"ListItem\",\"position\":1,\"name\":\"Home\",\"item\":\"https:\/\/www.novotelbucharestcitycentre.com\/ro\/\"},{\"@type\":\"ListItem\",\"position\":2,\"name\":\"RESTAURANTE \u0218I BARURI\",\"item\":\"https:\/\/www.novotelbucharestcitycentre.com\/ro\/restaurante-si-baruri\/\"},{\"@type\":\"ListItem\",\"position\":3,\"name\":\"TEATRO\"}]},{\"@type\":\"WebSite\",\"@id\":\"https:\/\/www.novotelbucharestcitycentre.com\/#website\",\"url\":\"https:\/\/www.novotelbucharestcitycentre.com\/\",\"name\":\"Novotel Bucarest City Centre SL\",\"description\":\"Just another D-Edge Accor V2 Sites Hosting site\",\"potentialAction\":[{\"@type\":\"SearchAction\",\"target\":{\"@type\":\"EntryPoint\",\"urlTemplate\":\"https:\/\/www.novotelbucharestcitycentre.com\/?s={search_term_string}\"},\"query-input\":{\"@type\":\"PropertyValueSpecification\",\"valueRequired\":true,\"valueName\":\"search_term_string\"}}],\"inLanguage\":\"ro-RO\"}]}<\/script>\n<!-- \/ Yoast SEO plugin. -->","yoast_head_json":{"title":"Teatro | Novotel Bucharest City Centre | Restaurant \u0219i loca\u021bie pentru evenimente \u00een Bucure\u0219ti","description":"\u00cencepe\u021bi o zi grozav\u0103 cu un mic dejun energizant la restaurantul nostru primitor Teatro de l\u00e2ng\u0103 Lipscani din Bucure\u0219ti; este disponibil \u0219i pentru evenimente private.","robots":{"index":"index","follow":"follow","max-snippet":"max-snippet:-1","max-image-preview":"max-image-preview:large","max-video-preview":"max-video-preview:-1"},"canonical":"https:\/\/www.novotelbucharestcitycentre.com\/ro\/restaurante-si-baruri\/teatro\/","og_locale":"ro_RO","og_type":"article","og_title":"Teatro | Novotel Bucharest City Centre | Restaurant \u0219i loca\u021bie pentru evenimente \u00een Bucure\u0219ti","og_description":"\u00cencepe\u021bi o zi grozav\u0103 cu un mic dejun energizant la restaurantul nostru primitor Teatro de l\u00e2ng\u0103 Lipscani din Bucure\u0219ti; este disponibil \u0219i pentru evenimente private.","og_url":"https:\/\/www.novotelbucharestcitycentre.com\/ro\/restaurante-si-baruri\/teatro\/","og_site_name":"Novotel Bucarest City Centre SL","article_modified_time":"2022-12-22T12:16:00+00:00","twitter_card":"summary_large_image","twitter_misc":{"Timp estimat pentru citire":"1 minut"},"schema":{"@context":"https:\/\/schema.org","@graph":[{"@type":"WebPage","@id":"https:\/\/www.novotelbucharestcitycentre.com\/ro\/restaurante-si-baruri\/teatro\/","url":"https:\/\/www.novotelbucharestcitycentre.com\/ro\/restaurante-si-baruri\/teatro\/","name":"Teatro | Novotel Bucharest City Centre | Restaurant \u0219i loca\u021bie pentru evenimente \u00een Bucure\u0219ti","isPartOf":{"@id":"https:\/\/www.novotelbucharestcitycentre.com\/#website"},"datePublished":"2022-11-30T09:02:01+00:00","dateModified":"2022-12-22T12:16:00+00:00","description":"\u00cencepe\u021bi o zi grozav\u0103 cu un mic dejun energizant la restaurantul nostru primitor Teatro de l\u00e2ng\u0103 Lipscani din Bucure\u0219ti; este disponibil \u0219i pentru evenimente private.","breadcrumb":{"@id":"https:\/\/www.novotelbucharestcitycentre.com\/ro\/restaurante-si-baruri\/teatro\/#breadcrumb"},"inLanguage":"ro-RO","potentialAction":[{"@type":"ReadAction","target":["https:\/\/www.novotelbucharestcitycentre.com\/ro\/restaurante-si-baruri\/teatro\/"]}]},{"@type":"BreadcrumbList","@id":"https:\/\/www.novotelbucharestcitycentre.com\/ro\/restaurante-si-baruri\/teatro\/#breadcrumb","itemListElement":[{"@type":"ListItem","position":1,"name":"Home","item":"https:\/\/www.novotelbucharestcitycentre.com\/ro\/"},{"@type":"ListItem","position":2,"name":"RESTAURANTE \u0218I BARURI","item":"https:\/\/www.novotelbucharestcitycentre.com\/ro\/restaurante-si-baruri\/"},{"@type":"ListItem","position":3,"name":"TEATRO"}]},{"@type":"WebSite","@id":"https:\/\/www.novotelbucharestcitycentre.com\/#website","url":"https:\/\/www.novotelbucharestcitycentre.com\/","name":"Novotel Bucarest City Centre SL","description":"Just another D-Edge Accor V2 Sites Hosting site","potentialAction":[{"@type":"SearchAction","target":{"@type":"EntryPoint","urlTemplate":"https:\/\/www.novotelbucharestcitycentre.com\/?s={search_term_string}"},"query-input":{"@type":"PropertyValueSpecification","valueRequired":true,"valueName":"search_term_string"}}],"inLanguage":"ro-RO"}]}},"_links":{"self":[{"href":"https:\/\/www.novotelbucharestcitycentre.com\/ro\/wp-json\/wp\/v2\/pages\/219","targetHints":{"allow":["GET"]}}],"collection":[{"href":"https:\/\/www.novotelbucharestcitycentre.com\/ro\/wp-json\/wp\/v2\/pages"}],"about":[{"href":"https:\/\/www.novotelbucharestcitycentre.com\/ro\/wp-json\/wp\/v2\/types\/page"}],"author":[{"embeddable":true,"href":"https:\/\/www.novotelbucharestcitycentre.com\/ro\/wp-json\/wp\/v2\/users\/26"}],"replies":[{"embeddable":true,"href":"https:\/\/www.novotelbucharestcitycentre.com\/ro\/wp-json\/wp\/v2\/comments?post=219"}],"version-history":[{"count":0,"href":"https:\/\/www.novotelbucharestcitycentre.com\/ro\/wp-json\/wp\/v2\/pages\/219\/revisions"}],"up":[{"embeddable":true,"href":"https:\/\/www.novotelbucharestcitycentre.com\/ro\/wp-json\/wp\/v2\/pages\/216"}],"wp:attachment":[{"href":"https:\/\/www.novotelbucharestcitycentre.com\/ro\/wp-json\/wp\/v2\/media?parent=219"}],"wp:term":[{"taxonomy":"category","embeddable":true,"href":"https:\/\/www.novotelbucharestcitycentre.com\/ro\/wp-json\/wp\/v2\/categories?post=219"}],"curies":[{"name":"wp","href":"https:\/\/api.w.org\/{rel}","templated":true}]}}