{"id":217,"date":"2022-11-29T16:23:58","date_gmt":"2022-11-29T16:23:58","guid":{"rendered":"https:\/\/novotelbucarest.accorv2prod.decms.eu\/restaurants-bars\/winestone\/"},"modified":"2022-12-22T12:11:25","modified_gmt":"2022-12-22T12:11:25","slug":"winestone","status":"publish","type":"page","link":"https:\/\/www.novotelbucharestcitycentre.com\/ro\/restaurante-si-baruri\/winestone\/","title":{"rendered":"WINESTONE"},"content":{"rendered":"<p>Elegant \u0219i stilat. Cald \u0219i primitor. La fel de flexibil ca \u0219i tine.<\/p>\n<p>Cea mai bun\u0103 enotec\u0103 din Bucure\u0219ti, Winestone este renumit pentru selec\u021bia sa atent\u0103 de vinuri vintage de la cele mai bune crame de tip boutique din Rom\u00e2nia \u2013 fructele unui terroir fertil, un climat bl\u00e2nd \u0219i o istorie de o mie de ani de viticultur\u0103. \u00censo\u021bi\u021bi-v\u0103 paharul cu o gam\u0103 ademenitoare de br\u00e2nzeturi, prosciutto \u0219i aperitive.<\/p>\n<p>V\u0103 sim\u021bi\u021bi \u00eenfometat? Winestone este, de asemenea, un restaurant \u00e0 la carte cu servicii complete. Alege\u021bi dintr-un meniu creativ de delicii locale \u0219i globale, de la salate crocante \u0219i burgeri inventivi p\u00e2n\u0103 la paste delicioase \u0219i m\u00e2nc\u0103ruri consistente din carne \u2013 toate create din cele mai proaspete ingrediente de la ferm\u0103 produse \u00een peisajul rural roditor al Rom\u00e2niei direct pe mas\u0103. Iar Winestone este preg\u0103tit, oric\u00e2nd sunte\u021bi \u0219i dumneavoastr\u0103, pentru cafea aromat\u0103, b\u0103uturi r\u0103coritoare \u0219i pr\u0103jituri delicioase de cas\u0103.<\/p>\n<p>Fi\u021bi cu ochii pe evenimentele noastre frecvente de degustare de vinuri la Winestone.<\/p>\n<p>&nbsp;<\/p>\n","protected":false},"excerpt":{"rendered":"<p>Elegant \u0219i stilat. Cald \u0219i primitor. La fel de flexibil ca \u0219i tine. Cea mai bun\u0103 enotec\u0103 din Bucure\u0219ti, Winestone este renumit pentru selec\u021bia sa atent\u0103 de vinuri vintage de la cele mai bune crame de tip boutique din Rom\u00e2nia \u2013 fructele unui terroir fertil, un climat bl\u00e2nd \u0219i o istorie de o mie de [&hellip;]<\/p>\n","protected":false},"author":26,"featured_media":0,"parent":216,"menu_order":21,"comment_status":"closed","ping_status":"closed","template":"template-restaurant.php","meta":{"footnotes":""},"categories":[],"class_list":["post-217","page","type-page","status-publish","hentry"],"acf":[],"yoast_head":"<!-- This site is optimized with the Yoast SEO plugin v26.9 - https:\/\/yoast.com\/product\/yoast-seo-wordpress\/ -->\n<title>Winestone | Novotel Bucharest City Centre | Bar de Vinuri \u0219i Restaurant<\/title>\n<meta name=\"description\" content=\"Savura\u021bi cele mai bune vinuri rom\u00e2ne\u0219ti \u0219i o buc\u0103t\u0103rie interna\u021bional\u0103 inventiv\u0103 la Winestone, elegantul nostru restaurant de pe Calea Victoriei, Bucure\u0219ti.\" \/>\n<meta name=\"robots\" content=\"index, follow, max-snippet:-1, max-image-preview:large, max-video-preview:-1\" \/>\n<link rel=\"canonical\" href=\"https:\/\/www.novotelbucharestcitycentre.com\/ro\/restaurante-si-baruri\/winestone\/\" \/>\n<meta property=\"og:locale\" content=\"ro_RO\" \/>\n<meta property=\"og:type\" content=\"article\" \/>\n<meta property=\"og:title\" content=\"Winestone | Novotel Bucharest City Centre | Bar de Vinuri \u0219i Restaurant\" \/>\n<meta property=\"og:description\" content=\"Savura\u021bi cele mai bune vinuri rom\u00e2ne\u0219ti \u0219i o buc\u0103t\u0103rie interna\u021bional\u0103 inventiv\u0103 la Winestone, elegantul nostru restaurant de pe Calea Victoriei, Bucure\u0219ti.\" \/>\n<meta property=\"og:url\" content=\"https:\/\/www.novotelbucharestcitycentre.com\/ro\/restaurante-si-baruri\/winestone\/\" \/>\n<meta property=\"og:site_name\" content=\"Novotel Bucarest City Centre SL\" \/>\n<meta property=\"article:modified_time\" content=\"2022-12-22T12:11:25+00:00\" \/>\n<meta name=\"twitter:card\" content=\"summary_large_image\" \/>\n<meta name=\"twitter:label1\" content=\"Timp estimat pentru citire\" \/>\n\t<meta name=\"twitter:data1\" content=\"1 minut\" \/>\n<script type=\"application\/ld+json\" class=\"yoast-schema-graph\">{\"@context\":\"https:\/\/schema.org\",\"@graph\":[{\"@type\":\"WebPage\",\"@id\":\"https:\/\/www.novotelbucharestcitycentre.com\/ro\/restaurante-si-baruri\/winestone\/\",\"url\":\"https:\/\/www.novotelbucharestcitycentre.com\/ro\/restaurante-si-baruri\/winestone\/\",\"name\":\"Winestone | Novotel Bucharest City Centre | Bar de Vinuri \u0219i Restaurant\",\"isPartOf\":{\"@id\":\"https:\/\/www.novotelbucharestcitycentre.com\/#website\"},\"datePublished\":\"2022-11-29T16:23:58+00:00\",\"dateModified\":\"2022-12-22T12:11:25+00:00\",\"description\":\"Savura\u021bi cele mai bune vinuri rom\u00e2ne\u0219ti \u0219i o buc\u0103t\u0103rie interna\u021bional\u0103 inventiv\u0103 la Winestone, elegantul nostru restaurant de pe Calea Victoriei, Bucure\u0219ti.\",\"breadcrumb\":{\"@id\":\"https:\/\/www.novotelbucharestcitycentre.com\/ro\/restaurante-si-baruri\/winestone\/#breadcrumb\"},\"inLanguage\":\"ro-RO\",\"potentialAction\":[{\"@type\":\"ReadAction\",\"target\":[\"https:\/\/www.novotelbucharestcitycentre.com\/ro\/restaurante-si-baruri\/winestone\/\"]}]},{\"@type\":\"BreadcrumbList\",\"@id\":\"https:\/\/www.novotelbucharestcitycentre.com\/ro\/restaurante-si-baruri\/winestone\/#breadcrumb\",\"itemListElement\":[{\"@type\":\"ListItem\",\"position\":1,\"name\":\"Home\",\"item\":\"https:\/\/www.novotelbucharestcitycentre.com\/ro\/\"},{\"@type\":\"ListItem\",\"position\":2,\"name\":\"RESTAURANTE \u0218I BARURI\",\"item\":\"https:\/\/www.novotelbucharestcitycentre.com\/ro\/restaurante-si-baruri\/\"},{\"@type\":\"ListItem\",\"position\":3,\"name\":\"WINESTONE\"}]},{\"@type\":\"WebSite\",\"@id\":\"https:\/\/www.novotelbucharestcitycentre.com\/#website\",\"url\":\"https:\/\/www.novotelbucharestcitycentre.com\/\",\"name\":\"Novotel Bucarest City Centre SL\",\"description\":\"Just another D-Edge Accor V2 Sites Hosting site\",\"potentialAction\":[{\"@type\":\"SearchAction\",\"target\":{\"@type\":\"EntryPoint\",\"urlTemplate\":\"https:\/\/www.novotelbucharestcitycentre.com\/?s={search_term_string}\"},\"query-input\":{\"@type\":\"PropertyValueSpecification\",\"valueRequired\":true,\"valueName\":\"search_term_string\"}}],\"inLanguage\":\"ro-RO\"}]}<\/script>\n<!-- \/ Yoast SEO plugin. -->","yoast_head_json":{"title":"Winestone | Novotel Bucharest City Centre | Bar de Vinuri \u0219i Restaurant","description":"Savura\u021bi cele mai bune vinuri rom\u00e2ne\u0219ti \u0219i o buc\u0103t\u0103rie interna\u021bional\u0103 inventiv\u0103 la Winestone, elegantul nostru restaurant de pe Calea Victoriei, Bucure\u0219ti.","robots":{"index":"index","follow":"follow","max-snippet":"max-snippet:-1","max-image-preview":"max-image-preview:large","max-video-preview":"max-video-preview:-1"},"canonical":"https:\/\/www.novotelbucharestcitycentre.com\/ro\/restaurante-si-baruri\/winestone\/","og_locale":"ro_RO","og_type":"article","og_title":"Winestone | Novotel Bucharest City Centre | Bar de Vinuri \u0219i Restaurant","og_description":"Savura\u021bi cele mai bune vinuri rom\u00e2ne\u0219ti \u0219i o buc\u0103t\u0103rie interna\u021bional\u0103 inventiv\u0103 la Winestone, elegantul nostru restaurant de pe Calea Victoriei, Bucure\u0219ti.","og_url":"https:\/\/www.novotelbucharestcitycentre.com\/ro\/restaurante-si-baruri\/winestone\/","og_site_name":"Novotel Bucarest City Centre SL","article_modified_time":"2022-12-22T12:11:25+00:00","twitter_card":"summary_large_image","twitter_misc":{"Timp estimat pentru citire":"1 minut"},"schema":{"@context":"https:\/\/schema.org","@graph":[{"@type":"WebPage","@id":"https:\/\/www.novotelbucharestcitycentre.com\/ro\/restaurante-si-baruri\/winestone\/","url":"https:\/\/www.novotelbucharestcitycentre.com\/ro\/restaurante-si-baruri\/winestone\/","name":"Winestone | Novotel Bucharest City Centre | Bar de Vinuri \u0219i Restaurant","isPartOf":{"@id":"https:\/\/www.novotelbucharestcitycentre.com\/#website"},"datePublished":"2022-11-29T16:23:58+00:00","dateModified":"2022-12-22T12:11:25+00:00","description":"Savura\u021bi cele mai bune vinuri rom\u00e2ne\u0219ti \u0219i o buc\u0103t\u0103rie interna\u021bional\u0103 inventiv\u0103 la Winestone, elegantul nostru restaurant de pe Calea Victoriei, Bucure\u0219ti.","breadcrumb":{"@id":"https:\/\/www.novotelbucharestcitycentre.com\/ro\/restaurante-si-baruri\/winestone\/#breadcrumb"},"inLanguage":"ro-RO","potentialAction":[{"@type":"ReadAction","target":["https:\/\/www.novotelbucharestcitycentre.com\/ro\/restaurante-si-baruri\/winestone\/"]}]},{"@type":"BreadcrumbList","@id":"https:\/\/www.novotelbucharestcitycentre.com\/ro\/restaurante-si-baruri\/winestone\/#breadcrumb","itemListElement":[{"@type":"ListItem","position":1,"name":"Home","item":"https:\/\/www.novotelbucharestcitycentre.com\/ro\/"},{"@type":"ListItem","position":2,"name":"RESTAURANTE \u0218I BARURI","item":"https:\/\/www.novotelbucharestcitycentre.com\/ro\/restaurante-si-baruri\/"},{"@type":"ListItem","position":3,"name":"WINESTONE"}]},{"@type":"WebSite","@id":"https:\/\/www.novotelbucharestcitycentre.com\/#website","url":"https:\/\/www.novotelbucharestcitycentre.com\/","name":"Novotel Bucarest City Centre SL","description":"Just another D-Edge Accor V2 Sites Hosting site","potentialAction":[{"@type":"SearchAction","target":{"@type":"EntryPoint","urlTemplate":"https:\/\/www.novotelbucharestcitycentre.com\/?s={search_term_string}"},"query-input":{"@type":"PropertyValueSpecification","valueRequired":true,"valueName":"search_term_string"}}],"inLanguage":"ro-RO"}]}},"_links":{"self":[{"href":"https:\/\/www.novotelbucharestcitycentre.com\/ro\/wp-json\/wp\/v2\/pages\/217","targetHints":{"allow":["GET"]}}],"collection":[{"href":"https:\/\/www.novotelbucharestcitycentre.com\/ro\/wp-json\/wp\/v2\/pages"}],"about":[{"href":"https:\/\/www.novotelbucharestcitycentre.com\/ro\/wp-json\/wp\/v2\/types\/page"}],"author":[{"embeddable":true,"href":"https:\/\/www.novotelbucharestcitycentre.com\/ro\/wp-json\/wp\/v2\/users\/26"}],"replies":[{"embeddable":true,"href":"https:\/\/www.novotelbucharestcitycentre.com\/ro\/wp-json\/wp\/v2\/comments?post=217"}],"version-history":[{"count":0,"href":"https:\/\/www.novotelbucharestcitycentre.com\/ro\/wp-json\/wp\/v2\/pages\/217\/revisions"}],"up":[{"embeddable":true,"href":"https:\/\/www.novotelbucharestcitycentre.com\/ro\/wp-json\/wp\/v2\/pages\/216"}],"wp:attachment":[{"href":"https:\/\/www.novotelbucharestcitycentre.com\/ro\/wp-json\/wp\/v2\/media?parent=217"}],"wp:term":[{"taxonomy":"category","embeddable":true,"href":"https:\/\/www.novotelbucharestcitycentre.com\/ro\/wp-json\/wp\/v2\/categories?post=217"}],"curies":[{"name":"wp","href":"https:\/\/api.w.org\/{rel}","templated":true}]}}