{"id":216,"date":"2022-11-29T16:15:04","date_gmt":"2022-11-29T16:15:04","guid":{"rendered":"https:\/\/novotelbucarest.accorv2prod.decms.eu\/restaurants-bars\/"},"modified":"2022-12-22T12:07:50","modified_gmt":"2022-12-22T12:07:50","slug":"restaurante-si-baruri","status":"publish","type":"page","link":"https:\/\/www.novotelbucharestcitycentre.com\/ro\/restaurante-si-baruri\/","title":{"rendered":"RESTAURANTE \u0218I BARURI"},"content":{"rendered":"<p>La Novotel Bucharest City Center credem c\u0103 ceea ce m\u00e2nca\u021bi \u0219i ceea ce be\u021bi trebuie s\u0103 fie bun pentru trup \u0219i bun pentru suflet.<\/p>\n<p>Mic dejun plin de toat\u0103 vitalitatea peisajului rural rom\u00e2nesc bogat. Cele mai bune alegeri de la cele mai bune crame artizanale ale noastre. O cafea parfumat\u0103 \u00eentr-o pauz\u0103 lini\u0219tit\u0103, \u00eentr-o zi plin\u0103. O mas\u0103 delicioas\u0103, s\u0103n\u0103toas\u0103, \u00eemp\u0103rt\u0103\u0219it\u0103 cu familia \u0219i prietenii&#8230; \u0219tim c\u0103 fiecare mu\u0219c\u0103tur\u0103 \u0219i fiecare \u00eenghi\u021bitur\u0103 conteaz\u0103.<\/p>\n","protected":false},"excerpt":{"rendered":"<p>La Novotel Bucharest City Center credem c\u0103 ceea ce m\u00e2nca\u021bi \u0219i ceea ce be\u021bi trebuie s\u0103 fie bun pentru trup \u0219i bun pentru suflet. Mic dejun plin de toat\u0103 vitalitatea peisajului rural rom\u00e2nesc bogat. Cele mai bune alegeri de la cele mai bune crame artizanale ale noastre. O cafea parfumat\u0103 \u00eentr-o pauz\u0103 lini\u0219tit\u0103, \u00eentr-o zi [&hellip;]<\/p>\n","protected":false},"author":26,"featured_media":0,"parent":0,"menu_order":20,"comment_status":"closed","ping_status":"closed","template":"template-restaurants.php","meta":{"footnotes":""},"categories":[],"class_list":["post-216","page","type-page","status-publish","hentry"],"acf":[],"yoast_head":"<!-- This site is optimized with the Yoast SEO plugin v26.9 - https:\/\/yoast.com\/product\/yoast-seo-wordpress\/ -->\n<title>Restaurante \u0219i Baruri | Novotel Bucharest City Center | Hotel de 4 stele<\/title>\n<meta name=\"description\" content=\"Barul \u0219i restaurantul nostru de l\u00e2ng\u0103 Lipscani, din Bucure\u0219ti, servesc m\u00e2nc\u0103ruri \u0219i b\u0103uturi s\u0103n\u0103toase \u0219i delicioase \u00eentr-un cadru luminos \u0219i modern. Vinurile rom\u00e2ne\u0219ti sunt o specialitate.\" \/>\n<meta name=\"robots\" content=\"index, follow, max-snippet:-1, max-image-preview:large, max-video-preview:-1\" \/>\n<link rel=\"canonical\" href=\"https:\/\/www.novotelbucharestcitycentre.com\/ro\/restaurante-si-baruri\/\" \/>\n<meta property=\"og:locale\" content=\"ro_RO\" \/>\n<meta property=\"og:type\" content=\"article\" \/>\n<meta property=\"og:title\" content=\"Restaurante \u0219i Baruri | Novotel Bucharest City Center | Hotel de 4 stele\" \/>\n<meta property=\"og:description\" content=\"Barul \u0219i restaurantul nostru de l\u00e2ng\u0103 Lipscani, din Bucure\u0219ti, servesc m\u00e2nc\u0103ruri \u0219i b\u0103uturi s\u0103n\u0103toase \u0219i delicioase \u00eentr-un cadru luminos \u0219i modern. Vinurile rom\u00e2ne\u0219ti sunt o specialitate.\" \/>\n<meta property=\"og:url\" content=\"https:\/\/www.novotelbucharestcitycentre.com\/ro\/restaurante-si-baruri\/\" \/>\n<meta property=\"og:site_name\" content=\"Novotel Bucarest City Centre SL\" \/>\n<meta property=\"article:modified_time\" content=\"2022-12-22T12:07:50+00:00\" \/>\n<meta name=\"twitter:card\" content=\"summary_large_image\" \/>\n<meta name=\"twitter:label1\" content=\"Timp estimat pentru citire\" \/>\n\t<meta name=\"twitter:data1\" content=\"1 minut\" \/>\n<script type=\"application\/ld+json\" class=\"yoast-schema-graph\">{\"@context\":\"https:\/\/schema.org\",\"@graph\":[{\"@type\":\"WebPage\",\"@id\":\"https:\/\/www.novotelbucharestcitycentre.com\/ro\/restaurante-si-baruri\/\",\"url\":\"https:\/\/www.novotelbucharestcitycentre.com\/ro\/restaurante-si-baruri\/\",\"name\":\"Restaurante \u0219i Baruri | Novotel Bucharest City Center | Hotel de 4 stele\",\"isPartOf\":{\"@id\":\"https:\/\/www.novotelbucharestcitycentre.com\/#website\"},\"datePublished\":\"2022-11-29T16:15:04+00:00\",\"dateModified\":\"2022-12-22T12:07:50+00:00\",\"description\":\"Barul \u0219i restaurantul nostru de l\u00e2ng\u0103 Lipscani, din Bucure\u0219ti, servesc m\u00e2nc\u0103ruri \u0219i b\u0103uturi s\u0103n\u0103toase \u0219i delicioase \u00eentr-un cadru luminos \u0219i modern. Vinurile rom\u00e2ne\u0219ti sunt o specialitate.\",\"breadcrumb\":{\"@id\":\"https:\/\/www.novotelbucharestcitycentre.com\/ro\/restaurante-si-baruri\/#breadcrumb\"},\"inLanguage\":\"ro-RO\",\"potentialAction\":[{\"@type\":\"ReadAction\",\"target\":[\"https:\/\/www.novotelbucharestcitycentre.com\/ro\/restaurante-si-baruri\/\"]}]},{\"@type\":\"BreadcrumbList\",\"@id\":\"https:\/\/www.novotelbucharestcitycentre.com\/ro\/restaurante-si-baruri\/#breadcrumb\",\"itemListElement\":[{\"@type\":\"ListItem\",\"position\":1,\"name\":\"Home\",\"item\":\"https:\/\/www.novotelbucharestcitycentre.com\/ro\/\"},{\"@type\":\"ListItem\",\"position\":2,\"name\":\"RESTAURANTE \u0218I BARURI\"}]},{\"@type\":\"WebSite\",\"@id\":\"https:\/\/www.novotelbucharestcitycentre.com\/#website\",\"url\":\"https:\/\/www.novotelbucharestcitycentre.com\/\",\"name\":\"Novotel Bucarest City Centre SL\",\"description\":\"Just another D-Edge Accor V2 Sites Hosting site\",\"potentialAction\":[{\"@type\":\"SearchAction\",\"target\":{\"@type\":\"EntryPoint\",\"urlTemplate\":\"https:\/\/www.novotelbucharestcitycentre.com\/?s={search_term_string}\"},\"query-input\":{\"@type\":\"PropertyValueSpecification\",\"valueRequired\":true,\"valueName\":\"search_term_string\"}}],\"inLanguage\":\"ro-RO\"}]}<\/script>\n<!-- \/ Yoast SEO plugin. -->","yoast_head_json":{"title":"Restaurante \u0219i Baruri | Novotel Bucharest City Center | Hotel de 4 stele","description":"Barul \u0219i restaurantul nostru de l\u00e2ng\u0103 Lipscani, din Bucure\u0219ti, servesc m\u00e2nc\u0103ruri \u0219i b\u0103uturi s\u0103n\u0103toase \u0219i delicioase \u00eentr-un cadru luminos \u0219i modern. Vinurile rom\u00e2ne\u0219ti sunt o specialitate.","robots":{"index":"index","follow":"follow","max-snippet":"max-snippet:-1","max-image-preview":"max-image-preview:large","max-video-preview":"max-video-preview:-1"},"canonical":"https:\/\/www.novotelbucharestcitycentre.com\/ro\/restaurante-si-baruri\/","og_locale":"ro_RO","og_type":"article","og_title":"Restaurante \u0219i Baruri | Novotel Bucharest City Center | Hotel de 4 stele","og_description":"Barul \u0219i restaurantul nostru de l\u00e2ng\u0103 Lipscani, din Bucure\u0219ti, servesc m\u00e2nc\u0103ruri \u0219i b\u0103uturi s\u0103n\u0103toase \u0219i delicioase \u00eentr-un cadru luminos \u0219i modern. Vinurile rom\u00e2ne\u0219ti sunt o specialitate.","og_url":"https:\/\/www.novotelbucharestcitycentre.com\/ro\/restaurante-si-baruri\/","og_site_name":"Novotel Bucarest City Centre SL","article_modified_time":"2022-12-22T12:07:50+00:00","twitter_card":"summary_large_image","twitter_misc":{"Timp estimat pentru citire":"1 minut"},"schema":{"@context":"https:\/\/schema.org","@graph":[{"@type":"WebPage","@id":"https:\/\/www.novotelbucharestcitycentre.com\/ro\/restaurante-si-baruri\/","url":"https:\/\/www.novotelbucharestcitycentre.com\/ro\/restaurante-si-baruri\/","name":"Restaurante \u0219i Baruri | Novotel Bucharest City Center | Hotel de 4 stele","isPartOf":{"@id":"https:\/\/www.novotelbucharestcitycentre.com\/#website"},"datePublished":"2022-11-29T16:15:04+00:00","dateModified":"2022-12-22T12:07:50+00:00","description":"Barul \u0219i restaurantul nostru de l\u00e2ng\u0103 Lipscani, din Bucure\u0219ti, servesc m\u00e2nc\u0103ruri \u0219i b\u0103uturi s\u0103n\u0103toase \u0219i delicioase \u00eentr-un cadru luminos \u0219i modern. Vinurile rom\u00e2ne\u0219ti sunt o specialitate.","breadcrumb":{"@id":"https:\/\/www.novotelbucharestcitycentre.com\/ro\/restaurante-si-baruri\/#breadcrumb"},"inLanguage":"ro-RO","potentialAction":[{"@type":"ReadAction","target":["https:\/\/www.novotelbucharestcitycentre.com\/ro\/restaurante-si-baruri\/"]}]},{"@type":"BreadcrumbList","@id":"https:\/\/www.novotelbucharestcitycentre.com\/ro\/restaurante-si-baruri\/#breadcrumb","itemListElement":[{"@type":"ListItem","position":1,"name":"Home","item":"https:\/\/www.novotelbucharestcitycentre.com\/ro\/"},{"@type":"ListItem","position":2,"name":"RESTAURANTE \u0218I BARURI"}]},{"@type":"WebSite","@id":"https:\/\/www.novotelbucharestcitycentre.com\/#website","url":"https:\/\/www.novotelbucharestcitycentre.com\/","name":"Novotel Bucarest City Centre SL","description":"Just another D-Edge Accor V2 Sites Hosting site","potentialAction":[{"@type":"SearchAction","target":{"@type":"EntryPoint","urlTemplate":"https:\/\/www.novotelbucharestcitycentre.com\/?s={search_term_string}"},"query-input":{"@type":"PropertyValueSpecification","valueRequired":true,"valueName":"search_term_string"}}],"inLanguage":"ro-RO"}]}},"_links":{"self":[{"href":"https:\/\/www.novotelbucharestcitycentre.com\/ro\/wp-json\/wp\/v2\/pages\/216","targetHints":{"allow":["GET"]}}],"collection":[{"href":"https:\/\/www.novotelbucharestcitycentre.com\/ro\/wp-json\/wp\/v2\/pages"}],"about":[{"href":"https:\/\/www.novotelbucharestcitycentre.com\/ro\/wp-json\/wp\/v2\/types\/page"}],"author":[{"embeddable":true,"href":"https:\/\/www.novotelbucharestcitycentre.com\/ro\/wp-json\/wp\/v2\/users\/26"}],"replies":[{"embeddable":true,"href":"https:\/\/www.novotelbucharestcitycentre.com\/ro\/wp-json\/wp\/v2\/comments?post=216"}],"version-history":[{"count":0,"href":"https:\/\/www.novotelbucharestcitycentre.com\/ro\/wp-json\/wp\/v2\/pages\/216\/revisions"}],"wp:attachment":[{"href":"https:\/\/www.novotelbucharestcitycentre.com\/ro\/wp-json\/wp\/v2\/media?parent=216"}],"wp:term":[{"taxonomy":"category","embeddable":true,"href":"https:\/\/www.novotelbucharestcitycentre.com\/ro\/wp-json\/wp\/v2\/categories?post=216"}],"curies":[{"name":"wp","href":"https:\/\/api.w.org\/{rel}","templated":true}]}}