{"id":214,"date":"2022-11-29T16:07:27","date_gmt":"2022-11-29T16:07:27","guid":{"rendered":"https:\/\/novotelbucarest.accorv2prod.decms.eu\/rooms-suites\/novation-suite\/"},"modified":"2022-12-22T11:53:19","modified_gmt":"2022-12-22T11:53:19","slug":"apartament-novation","status":"publish","type":"page","link":"https:\/\/www.novotelbucharestcitycentre.com\/ro\/camere-apartamente\/apartament-novation\/","title":{"rendered":"APARTAMENT NOVATION"},"content":{"rendered":"<p>C\u0103uta\u021bi pu\u021bin mai mult spa\u021biu \u0219i intimitate \u00een timpul \u0219ederii dumneavoastr\u0103 \u00een centrul Bucure\u0219tiului? L-a\u021bi g\u0103sit \u00een apartamentul nostru spa\u021bios Novation, cu vedere la ora\u0219, cu o suprafa\u021b\u0103 de cel pu\u021bin 50 m\u00b2 \u0219i un plus de exclusivitate la un etaj al hotelului destinat exclusiv apartamentelor.<\/p>\n<p>C\u0103l\u0103tori\u021bi cu familia? Canapeaua mare se transform\u0103 \u00eentr-un pat confortabil, \u00een timp ce zona de zi spa\u021bioas\u0103, decorat\u0103 elegant \u0219i un dormitor separat \u00eenseamn\u0103 c\u0103 v\u0103 ve\u021bi bucura cu to\u021bii de combina\u021bia potrivit\u0103 de intimitate \u0219i unitate. Combinarea afacerilor \u0219i a pl\u0103cerii este simpl\u0103 datorit\u0103 spa\u021biului de lucru amplu \u0219i Wi-Fi-ului premium de mare vitez\u0103 \u2013 \u0219i exist\u0103 un espressor la \u00eendem\u00e2n\u0103 atunci c\u00e2nd este nevoie de mai mult\u0103 energie.<\/p>\n<p>B\u0103uturile gratuite din minibar, precum \u0219i parcarea securizat\u0103 gratuit\u0103 \u0219i utilizarea gratuit\u0103 a s\u0103lii de \u0219edin\u021be (\u00een func\u021bie de disponibilitate) sunt printre celelalte mici lucruri care v\u0103 fac \u0219ederea \u00eentr-un Apartament Novation \u0219i mai pl\u0103cut\u0103.<\/p>\n","protected":false},"excerpt":{"rendered":"<p>C\u0103uta\u021bi pu\u021bin mai mult spa\u021biu \u0219i intimitate \u00een timpul \u0219ederii dumneavoastr\u0103 \u00een centrul Bucure\u0219tiului? L-a\u021bi g\u0103sit \u00een apartamentul nostru spa\u021bios Novation, cu vedere la ora\u0219, cu o suprafa\u021b\u0103 de cel pu\u021bin 50 m\u00b2 \u0219i un plus de exclusivitate la un etaj al hotelului destinat exclusiv apartamentelor. C\u0103l\u0103tori\u021bi cu familia? Canapeaua mare se transform\u0103 \u00eentr-un pat [&hellip;]<\/p>\n","protected":false},"author":26,"featured_media":0,"parent":206,"menu_order":15,"comment_status":"closed","ping_status":"closed","template":"template-room.php","meta":{"footnotes":""},"categories":[21],"class_list":["post-214","page","type-page","status-publish","hentry","category-apartament"],"acf":[],"yoast_head":"<!-- This site is optimized with the Yoast SEO plugin v26.9 - https:\/\/yoast.com\/product\/yoast-seo-wordpress\/ -->\n<title>Apartament Novation | Novotel Bucharest City Center | Hotel de 4 stele<\/title>\n<meta name=\"description\" content=\"Rezerva\u021bi un apartament Novation spa\u021bios, cu zon\u0103 de zi separat\u0103, pentru o vacan\u021b\u0103 de familie \u00een Bucure\u0219ti, cu avantaje suplimentare, inclusiv un espressor \u0219i parcare gratuit\u0103.\" \/>\n<meta name=\"robots\" content=\"index, follow, max-snippet:-1, max-image-preview:large, max-video-preview:-1\" \/>\n<link rel=\"canonical\" href=\"https:\/\/www.novotelbucharestcitycentre.com\/ro\/camere-apartamente\/apartament-novation\/\" \/>\n<meta property=\"og:locale\" content=\"ro_RO\" \/>\n<meta property=\"og:type\" content=\"article\" \/>\n<meta property=\"og:title\" content=\"Apartament Novation | Novotel Bucharest City Center | Hotel de 4 stele\" \/>\n<meta property=\"og:description\" content=\"Rezerva\u021bi un apartament Novation spa\u021bios, cu zon\u0103 de zi separat\u0103, pentru o vacan\u021b\u0103 de familie \u00een Bucure\u0219ti, cu avantaje suplimentare, inclusiv un espressor \u0219i parcare gratuit\u0103.\" \/>\n<meta property=\"og:url\" content=\"https:\/\/www.novotelbucharestcitycentre.com\/ro\/camere-apartamente\/apartament-novation\/\" \/>\n<meta property=\"og:site_name\" content=\"Novotel Bucarest City Centre SL\" \/>\n<meta property=\"article:modified_time\" content=\"2022-12-22T11:53:19+00:00\" \/>\n<meta name=\"twitter:card\" content=\"summary_large_image\" \/>\n<meta name=\"twitter:label1\" content=\"Timp estimat pentru citire\" \/>\n\t<meta name=\"twitter:data1\" content=\"1 minut\" \/>\n<script type=\"application\/ld+json\" class=\"yoast-schema-graph\">{\"@context\":\"https:\/\/schema.org\",\"@graph\":[{\"@type\":\"WebPage\",\"@id\":\"https:\/\/www.novotelbucharestcitycentre.com\/ro\/camere-apartamente\/apartament-novation\/\",\"url\":\"https:\/\/www.novotelbucharestcitycentre.com\/ro\/camere-apartamente\/apartament-novation\/\",\"name\":\"Apartament Novation | Novotel Bucharest City Center | Hotel de 4 stele\",\"isPartOf\":{\"@id\":\"https:\/\/www.novotelbucharestcitycentre.com\/#website\"},\"datePublished\":\"2022-11-29T16:07:27+00:00\",\"dateModified\":\"2022-12-22T11:53:19+00:00\",\"description\":\"Rezerva\u021bi un apartament Novation spa\u021bios, cu zon\u0103 de zi separat\u0103, pentru o vacan\u021b\u0103 de familie \u00een Bucure\u0219ti, cu avantaje suplimentare, inclusiv un espressor \u0219i parcare gratuit\u0103.\",\"breadcrumb\":{\"@id\":\"https:\/\/www.novotelbucharestcitycentre.com\/ro\/camere-apartamente\/apartament-novation\/#breadcrumb\"},\"inLanguage\":\"ro-RO\",\"potentialAction\":[{\"@type\":\"ReadAction\",\"target\":[\"https:\/\/www.novotelbucharestcitycentre.com\/ro\/camere-apartamente\/apartament-novation\/\"]}]},{\"@type\":\"BreadcrumbList\",\"@id\":\"https:\/\/www.novotelbucharestcitycentre.com\/ro\/camere-apartamente\/apartament-novation\/#breadcrumb\",\"itemListElement\":[{\"@type\":\"ListItem\",\"position\":1,\"name\":\"Home\",\"item\":\"https:\/\/www.novotelbucharestcitycentre.com\/ro\/\"},{\"@type\":\"ListItem\",\"position\":2,\"name\":\"CAMERE &#038; APARTAMENTE\",\"item\":\"https:\/\/www.novotelbucharestcitycentre.com\/ro\/camere-apartamente\/\"},{\"@type\":\"ListItem\",\"position\":3,\"name\":\"APARTAMENT NOVATION\"}]},{\"@type\":\"WebSite\",\"@id\":\"https:\/\/www.novotelbucharestcitycentre.com\/#website\",\"url\":\"https:\/\/www.novotelbucharestcitycentre.com\/\",\"name\":\"Novotel Bucarest City Centre SL\",\"description\":\"Just another D-Edge Accor V2 Sites Hosting site\",\"potentialAction\":[{\"@type\":\"SearchAction\",\"target\":{\"@type\":\"EntryPoint\",\"urlTemplate\":\"https:\/\/www.novotelbucharestcitycentre.com\/?s={search_term_string}\"},\"query-input\":{\"@type\":\"PropertyValueSpecification\",\"valueRequired\":true,\"valueName\":\"search_term_string\"}}],\"inLanguage\":\"ro-RO\"}]}<\/script>\n<!-- \/ Yoast SEO plugin. -->","yoast_head_json":{"title":"Apartament Novation | Novotel Bucharest City Center | Hotel de 4 stele","description":"Rezerva\u021bi un apartament Novation spa\u021bios, cu zon\u0103 de zi separat\u0103, pentru o vacan\u021b\u0103 de familie \u00een Bucure\u0219ti, cu avantaje suplimentare, inclusiv un espressor \u0219i parcare gratuit\u0103.","robots":{"index":"index","follow":"follow","max-snippet":"max-snippet:-1","max-image-preview":"max-image-preview:large","max-video-preview":"max-video-preview:-1"},"canonical":"https:\/\/www.novotelbucharestcitycentre.com\/ro\/camere-apartamente\/apartament-novation\/","og_locale":"ro_RO","og_type":"article","og_title":"Apartament Novation | Novotel Bucharest City Center | Hotel de 4 stele","og_description":"Rezerva\u021bi un apartament Novation spa\u021bios, cu zon\u0103 de zi separat\u0103, pentru o vacan\u021b\u0103 de familie \u00een Bucure\u0219ti, cu avantaje suplimentare, inclusiv un espressor \u0219i parcare gratuit\u0103.","og_url":"https:\/\/www.novotelbucharestcitycentre.com\/ro\/camere-apartamente\/apartament-novation\/","og_site_name":"Novotel Bucarest City Centre SL","article_modified_time":"2022-12-22T11:53:19+00:00","twitter_card":"summary_large_image","twitter_misc":{"Timp estimat pentru citire":"1 minut"},"schema":{"@context":"https:\/\/schema.org","@graph":[{"@type":"WebPage","@id":"https:\/\/www.novotelbucharestcitycentre.com\/ro\/camere-apartamente\/apartament-novation\/","url":"https:\/\/www.novotelbucharestcitycentre.com\/ro\/camere-apartamente\/apartament-novation\/","name":"Apartament Novation | Novotel Bucharest City Center | Hotel de 4 stele","isPartOf":{"@id":"https:\/\/www.novotelbucharestcitycentre.com\/#website"},"datePublished":"2022-11-29T16:07:27+00:00","dateModified":"2022-12-22T11:53:19+00:00","description":"Rezerva\u021bi un apartament Novation spa\u021bios, cu zon\u0103 de zi separat\u0103, pentru o vacan\u021b\u0103 de familie \u00een Bucure\u0219ti, cu avantaje suplimentare, inclusiv un espressor \u0219i parcare gratuit\u0103.","breadcrumb":{"@id":"https:\/\/www.novotelbucharestcitycentre.com\/ro\/camere-apartamente\/apartament-novation\/#breadcrumb"},"inLanguage":"ro-RO","potentialAction":[{"@type":"ReadAction","target":["https:\/\/www.novotelbucharestcitycentre.com\/ro\/camere-apartamente\/apartament-novation\/"]}]},{"@type":"BreadcrumbList","@id":"https:\/\/www.novotelbucharestcitycentre.com\/ro\/camere-apartamente\/apartament-novation\/#breadcrumb","itemListElement":[{"@type":"ListItem","position":1,"name":"Home","item":"https:\/\/www.novotelbucharestcitycentre.com\/ro\/"},{"@type":"ListItem","position":2,"name":"CAMERE &#038; APARTAMENTE","item":"https:\/\/www.novotelbucharestcitycentre.com\/ro\/camere-apartamente\/"},{"@type":"ListItem","position":3,"name":"APARTAMENT NOVATION"}]},{"@type":"WebSite","@id":"https:\/\/www.novotelbucharestcitycentre.com\/#website","url":"https:\/\/www.novotelbucharestcitycentre.com\/","name":"Novotel Bucarest City Centre SL","description":"Just another D-Edge Accor V2 Sites Hosting site","potentialAction":[{"@type":"SearchAction","target":{"@type":"EntryPoint","urlTemplate":"https:\/\/www.novotelbucharestcitycentre.com\/?s={search_term_string}"},"query-input":{"@type":"PropertyValueSpecification","valueRequired":true,"valueName":"search_term_string"}}],"inLanguage":"ro-RO"}]}},"_links":{"self":[{"href":"https:\/\/www.novotelbucharestcitycentre.com\/ro\/wp-json\/wp\/v2\/pages\/214","targetHints":{"allow":["GET"]}}],"collection":[{"href":"https:\/\/www.novotelbucharestcitycentre.com\/ro\/wp-json\/wp\/v2\/pages"}],"about":[{"href":"https:\/\/www.novotelbucharestcitycentre.com\/ro\/wp-json\/wp\/v2\/types\/page"}],"author":[{"embeddable":true,"href":"https:\/\/www.novotelbucharestcitycentre.com\/ro\/wp-json\/wp\/v2\/users\/26"}],"replies":[{"embeddable":true,"href":"https:\/\/www.novotelbucharestcitycentre.com\/ro\/wp-json\/wp\/v2\/comments?post=214"}],"version-history":[{"count":0,"href":"https:\/\/www.novotelbucharestcitycentre.com\/ro\/wp-json\/wp\/v2\/pages\/214\/revisions"}],"up":[{"embeddable":true,"href":"https:\/\/www.novotelbucharestcitycentre.com\/ro\/wp-json\/wp\/v2\/pages\/206"}],"wp:attachment":[{"href":"https:\/\/www.novotelbucharestcitycentre.com\/ro\/wp-json\/wp\/v2\/media?parent=214"}],"wp:term":[{"taxonomy":"category","embeddable":true,"href":"https:\/\/www.novotelbucharestcitycentre.com\/ro\/wp-json\/wp\/v2\/categories?post=214"}],"curies":[{"name":"wp","href":"https:\/\/api.w.org\/{rel}","templated":true}]}}