{"id":213,"date":"2022-11-29T16:04:37","date_gmt":"2022-11-29T16:04:37","guid":{"rendered":"https:\/\/novotelbucarest.accorv2prod.decms.eu\/rooms-suites\/junior-suite\/"},"modified":"2022-12-22T11:46:14","modified_gmt":"2022-12-22T11:46:14","slug":"apartament-junior","status":"publish","type":"page","link":"https:\/\/www.novotelbucharestcitycentre.com\/ro\/camere-apartamente\/apartament-junior\/","title":{"rendered":"APARTAMENT JUNIOR"},"content":{"rendered":"<p>Apartamentul Junior v\u0103 ofer\u0103 spa\u021biul suplimentar de care ave\u021bi nevoie \u0219i confortul pe care \u00eel merita\u021bi. Cu o suprafa\u021b\u0103 de cel pu\u021bin 48 m\u00b2, acest apartament din Bucure\u0219ti, proiectat atent, ofer\u0103 o zon\u0103 de zi \u0219i de luat masa extins\u0103, decorat\u0103 \u00een tonuri neutre, lini\u0219titoare, cu spa\u021biu de lucru generos \u0219i Wi-Fi rapid. Canapeaua confortabil\u0103 v\u0103 invit\u0103 s\u0103 v\u0103 ghemui\u021bi \u00een fa\u021ba televizorului pentru un film.<\/p>\n<p>Dup\u0103 o zi de aventur\u0103, face\u021bi o baie lini\u0219titoare \u00een cada mare &#8211; articolele de toalet\u0103 premium o fac \u0219i mai relaxant\u0103. Un pat queen-size somptuos \u00een dormitorul separat promite un somn odihnitor.<\/p>\n<p>Un sejur \u00eentr-un Apartament Junior include mici lucruri extra, cum ar fi b\u0103uturi \u0219i gust\u0103ri gratuite de la minibar, parcare securizat\u0103 gratuit\u0103 \u0219i utilizarea gratuit\u0103 a s\u0103lii de \u0219edin\u021be (\u00een func\u021bie de disponibilitate).<\/p>\n","protected":false},"excerpt":{"rendered":"<p>Apartamentul Junior v\u0103 ofer\u0103 spa\u021biul suplimentar de care ave\u021bi nevoie \u0219i confortul pe care \u00eel merita\u021bi. Cu o suprafa\u021b\u0103 de cel pu\u021bin 48 m\u00b2, acest apartament din Bucure\u0219ti, proiectat atent, ofer\u0103 o zon\u0103 de zi \u0219i de luat masa extins\u0103, decorat\u0103 \u00een tonuri neutre, lini\u0219titoare, cu spa\u021biu de lucru generos \u0219i Wi-Fi rapid. Canapeaua confortabil\u0103 [&hellip;]<\/p>\n","protected":false},"author":26,"featured_media":0,"parent":206,"menu_order":14,"comment_status":"closed","ping_status":"closed","template":"template-room.php","meta":{"footnotes":""},"categories":[21],"class_list":["post-213","page","type-page","status-publish","hentry","category-apartament"],"acf":[],"yoast_head":"<!-- This site is optimized with the Yoast SEO plugin v26.9 - https:\/\/yoast.com\/product\/yoast-seo-wordpress\/ -->\n<title>Apartament Junior | Novotel Bucharest City Center | Hotel de 4 stele<\/title>\n<meta name=\"description\" content=\"Pentru o vacan\u021b\u0103 de lux la Bucure\u0219ti pe Calea Victoriei, rezerva\u021bi un Apartament Junior spa\u021bios, cu zon\u0103 separat\u0103 de zi \u0219i de luat masa, precum \u0219i parcare securizat\u0103 gratuit\u0103.\" \/>\n<meta name=\"robots\" content=\"index, follow, max-snippet:-1, max-image-preview:large, max-video-preview:-1\" \/>\n<link rel=\"canonical\" href=\"https:\/\/www.novotelbucharestcitycentre.com\/ro\/camere-apartamente\/apartament-junior\/\" \/>\n<meta property=\"og:locale\" content=\"ro_RO\" \/>\n<meta property=\"og:type\" content=\"article\" \/>\n<meta property=\"og:title\" content=\"Apartament Junior | Novotel Bucharest City Center | Hotel de 4 stele\" \/>\n<meta property=\"og:description\" content=\"Pentru o vacan\u021b\u0103 de lux la Bucure\u0219ti pe Calea Victoriei, rezerva\u021bi un Apartament Junior spa\u021bios, cu zon\u0103 separat\u0103 de zi \u0219i de luat masa, precum \u0219i parcare securizat\u0103 gratuit\u0103.\" \/>\n<meta property=\"og:url\" content=\"https:\/\/www.novotelbucharestcitycentre.com\/ro\/camere-apartamente\/apartament-junior\/\" \/>\n<meta property=\"og:site_name\" content=\"Novotel Bucarest City Centre SL\" \/>\n<meta property=\"article:modified_time\" content=\"2022-12-22T11:46:14+00:00\" \/>\n<meta name=\"twitter:card\" content=\"summary_large_image\" \/>\n<meta name=\"twitter:label1\" content=\"Timp estimat pentru citire\" \/>\n\t<meta name=\"twitter:data1\" content=\"1 minut\" \/>\n<script type=\"application\/ld+json\" class=\"yoast-schema-graph\">{\"@context\":\"https:\/\/schema.org\",\"@graph\":[{\"@type\":\"WebPage\",\"@id\":\"https:\/\/www.novotelbucharestcitycentre.com\/ro\/camere-apartamente\/apartament-junior\/\",\"url\":\"https:\/\/www.novotelbucharestcitycentre.com\/ro\/camere-apartamente\/apartament-junior\/\",\"name\":\"Apartament Junior | Novotel Bucharest City Center | Hotel de 4 stele\",\"isPartOf\":{\"@id\":\"https:\/\/www.novotelbucharestcitycentre.com\/#website\"},\"datePublished\":\"2022-11-29T16:04:37+00:00\",\"dateModified\":\"2022-12-22T11:46:14+00:00\",\"description\":\"Pentru o vacan\u021b\u0103 de lux la Bucure\u0219ti pe Calea Victoriei, rezerva\u021bi un Apartament Junior spa\u021bios, cu zon\u0103 separat\u0103 de zi \u0219i de luat masa, precum \u0219i parcare securizat\u0103 gratuit\u0103.\",\"breadcrumb\":{\"@id\":\"https:\/\/www.novotelbucharestcitycentre.com\/ro\/camere-apartamente\/apartament-junior\/#breadcrumb\"},\"inLanguage\":\"ro-RO\",\"potentialAction\":[{\"@type\":\"ReadAction\",\"target\":[\"https:\/\/www.novotelbucharestcitycentre.com\/ro\/camere-apartamente\/apartament-junior\/\"]}]},{\"@type\":\"BreadcrumbList\",\"@id\":\"https:\/\/www.novotelbucharestcitycentre.com\/ro\/camere-apartamente\/apartament-junior\/#breadcrumb\",\"itemListElement\":[{\"@type\":\"ListItem\",\"position\":1,\"name\":\"Home\",\"item\":\"https:\/\/www.novotelbucharestcitycentre.com\/ro\/\"},{\"@type\":\"ListItem\",\"position\":2,\"name\":\"CAMERE &#038; APARTAMENTE\",\"item\":\"https:\/\/www.novotelbucharestcitycentre.com\/ro\/camere-apartamente\/\"},{\"@type\":\"ListItem\",\"position\":3,\"name\":\"APARTAMENT JUNIOR\"}]},{\"@type\":\"WebSite\",\"@id\":\"https:\/\/www.novotelbucharestcitycentre.com\/#website\",\"url\":\"https:\/\/www.novotelbucharestcitycentre.com\/\",\"name\":\"Novotel Bucarest City Centre SL\",\"description\":\"Just another D-Edge Accor V2 Sites Hosting site\",\"potentialAction\":[{\"@type\":\"SearchAction\",\"target\":{\"@type\":\"EntryPoint\",\"urlTemplate\":\"https:\/\/www.novotelbucharestcitycentre.com\/?s={search_term_string}\"},\"query-input\":{\"@type\":\"PropertyValueSpecification\",\"valueRequired\":true,\"valueName\":\"search_term_string\"}}],\"inLanguage\":\"ro-RO\"}]}<\/script>\n<!-- \/ Yoast SEO plugin. -->","yoast_head_json":{"title":"Apartament Junior | Novotel Bucharest City Center | Hotel de 4 stele","description":"Pentru o vacan\u021b\u0103 de lux la Bucure\u0219ti pe Calea Victoriei, rezerva\u021bi un Apartament Junior spa\u021bios, cu zon\u0103 separat\u0103 de zi \u0219i de luat masa, precum \u0219i parcare securizat\u0103 gratuit\u0103.","robots":{"index":"index","follow":"follow","max-snippet":"max-snippet:-1","max-image-preview":"max-image-preview:large","max-video-preview":"max-video-preview:-1"},"canonical":"https:\/\/www.novotelbucharestcitycentre.com\/ro\/camere-apartamente\/apartament-junior\/","og_locale":"ro_RO","og_type":"article","og_title":"Apartament Junior | Novotel Bucharest City Center | Hotel de 4 stele","og_description":"Pentru o vacan\u021b\u0103 de lux la Bucure\u0219ti pe Calea Victoriei, rezerva\u021bi un Apartament Junior spa\u021bios, cu zon\u0103 separat\u0103 de zi \u0219i de luat masa, precum \u0219i parcare securizat\u0103 gratuit\u0103.","og_url":"https:\/\/www.novotelbucharestcitycentre.com\/ro\/camere-apartamente\/apartament-junior\/","og_site_name":"Novotel Bucarest City Centre SL","article_modified_time":"2022-12-22T11:46:14+00:00","twitter_card":"summary_large_image","twitter_misc":{"Timp estimat pentru citire":"1 minut"},"schema":{"@context":"https:\/\/schema.org","@graph":[{"@type":"WebPage","@id":"https:\/\/www.novotelbucharestcitycentre.com\/ro\/camere-apartamente\/apartament-junior\/","url":"https:\/\/www.novotelbucharestcitycentre.com\/ro\/camere-apartamente\/apartament-junior\/","name":"Apartament Junior | Novotel Bucharest City Center | Hotel de 4 stele","isPartOf":{"@id":"https:\/\/www.novotelbucharestcitycentre.com\/#website"},"datePublished":"2022-11-29T16:04:37+00:00","dateModified":"2022-12-22T11:46:14+00:00","description":"Pentru o vacan\u021b\u0103 de lux la Bucure\u0219ti pe Calea Victoriei, rezerva\u021bi un Apartament Junior spa\u021bios, cu zon\u0103 separat\u0103 de zi \u0219i de luat masa, precum \u0219i parcare securizat\u0103 gratuit\u0103.","breadcrumb":{"@id":"https:\/\/www.novotelbucharestcitycentre.com\/ro\/camere-apartamente\/apartament-junior\/#breadcrumb"},"inLanguage":"ro-RO","potentialAction":[{"@type":"ReadAction","target":["https:\/\/www.novotelbucharestcitycentre.com\/ro\/camere-apartamente\/apartament-junior\/"]}]},{"@type":"BreadcrumbList","@id":"https:\/\/www.novotelbucharestcitycentre.com\/ro\/camere-apartamente\/apartament-junior\/#breadcrumb","itemListElement":[{"@type":"ListItem","position":1,"name":"Home","item":"https:\/\/www.novotelbucharestcitycentre.com\/ro\/"},{"@type":"ListItem","position":2,"name":"CAMERE &#038; APARTAMENTE","item":"https:\/\/www.novotelbucharestcitycentre.com\/ro\/camere-apartamente\/"},{"@type":"ListItem","position":3,"name":"APARTAMENT JUNIOR"}]},{"@type":"WebSite","@id":"https:\/\/www.novotelbucharestcitycentre.com\/#website","url":"https:\/\/www.novotelbucharestcitycentre.com\/","name":"Novotel Bucarest City Centre SL","description":"Just another D-Edge Accor V2 Sites Hosting site","potentialAction":[{"@type":"SearchAction","target":{"@type":"EntryPoint","urlTemplate":"https:\/\/www.novotelbucharestcitycentre.com\/?s={search_term_string}"},"query-input":{"@type":"PropertyValueSpecification","valueRequired":true,"valueName":"search_term_string"}}],"inLanguage":"ro-RO"}]}},"_links":{"self":[{"href":"https:\/\/www.novotelbucharestcitycentre.com\/ro\/wp-json\/wp\/v2\/pages\/213","targetHints":{"allow":["GET"]}}],"collection":[{"href":"https:\/\/www.novotelbucharestcitycentre.com\/ro\/wp-json\/wp\/v2\/pages"}],"about":[{"href":"https:\/\/www.novotelbucharestcitycentre.com\/ro\/wp-json\/wp\/v2\/types\/page"}],"author":[{"embeddable":true,"href":"https:\/\/www.novotelbucharestcitycentre.com\/ro\/wp-json\/wp\/v2\/users\/26"}],"replies":[{"embeddable":true,"href":"https:\/\/www.novotelbucharestcitycentre.com\/ro\/wp-json\/wp\/v2\/comments?post=213"}],"version-history":[{"count":0,"href":"https:\/\/www.novotelbucharestcitycentre.com\/ro\/wp-json\/wp\/v2\/pages\/213\/revisions"}],"up":[{"embeddable":true,"href":"https:\/\/www.novotelbucharestcitycentre.com\/ro\/wp-json\/wp\/v2\/pages\/206"}],"wp:attachment":[{"href":"https:\/\/www.novotelbucharestcitycentre.com\/ro\/wp-json\/wp\/v2\/media?parent=213"}],"wp:term":[{"taxonomy":"category","embeddable":true,"href":"https:\/\/www.novotelbucharestcitycentre.com\/ro\/wp-json\/wp\/v2\/categories?post=213"}],"curies":[{"name":"wp","href":"https:\/\/api.w.org\/{rel}","templated":true}]}}