{"id":212,"date":"2022-11-29T15:59:46","date_gmt":"2022-11-29T15:59:46","guid":{"rendered":"https:\/\/novotelbucarest.accorv2prod.decms.eu\/rooms-suites\/executive-room\/"},"modified":"2022-12-22T11:47:37","modified_gmt":"2022-12-22T11:47:37","slug":"camera-executive","status":"publish","type":"page","link":"https:\/\/www.novotelbucharestcitycentre.com\/ro\/camere-apartamente\/camera-executive\/","title":{"rendered":"CAMER\u0102 EXECUTIVE"},"content":{"rendered":"<p>Decorat\u0103 \u00een nuan\u021be neutre puse \u00een eviden\u021b\u0103 de tapete murale atr\u0103g\u0103toare, Camera Executive este cazarea ideal\u0103 \u00een Bucure\u0219ti pentru cei singuri sau pentru cuplurile care caut\u0103 un plus de confort.<br \/>\nUn spa\u021biu de cel pu\u021bin 24 m\u00b2, proiectat inteligent, v\u0103 ofer\u0103 mult loc pentru a v\u0103 mi\u0219ca. Conectivitatea rapid\u0103 \u0219i un espressor fac munca o pl\u0103cere \u0219i tot acolo ve\u021bi g\u0103si o canapea confortabil\u0103 \u0219i b\u0103uturi \u0219i gust\u0103ri gratuite la minibar, pentru momentul \u00een care este timpul s\u0103 v\u0103 relaxa\u021bi.<\/p>\n<p>Vre\u021bi s\u0103 afla\u021bi mai multe? Alte avantaje care vin cu camera dumneavoastr\u0103 Executive includ un pat queen-size, articole de toalet\u0103 premium, parcare securizat\u0103 gratuit\u0103 \u0219i utilizarea gratuit\u0103 a s\u0103lii de \u0219edin\u021be (\u00een func\u021bie de disponibilitate).<\/p>\n","protected":false},"excerpt":{"rendered":"<p>Decorat\u0103 \u00een nuan\u021be neutre puse \u00een eviden\u021b\u0103 de tapete murale atr\u0103g\u0103toare, Camera Executive este cazarea ideal\u0103 \u00een Bucure\u0219ti pentru cei singuri sau pentru cuplurile care caut\u0103 un plus de confort. Un spa\u021biu de cel pu\u021bin 24 m\u00b2, proiectat inteligent, v\u0103 ofer\u0103 mult loc pentru a v\u0103 mi\u0219ca. Conectivitatea rapid\u0103 \u0219i un espressor fac munca o [&hellip;]<\/p>\n","protected":false},"author":26,"featured_media":0,"parent":206,"menu_order":13,"comment_status":"closed","ping_status":"closed","template":"template-room.php","meta":{"footnotes":""},"categories":[22],"class_list":["post-212","page","type-page","status-publish","hentry","category-camerele"],"acf":[],"yoast_head":"<!-- This site is optimized with the Yoast SEO plugin v26.9 - https:\/\/yoast.com\/product\/yoast-seo-wordpress\/ -->\n<title>Camer\u0103 Executive | Novotel Bucharest City Center | Hotel de 4 stele<\/title>\n<meta name=\"description\" content=\"Rezerva\u021bi o Camer\u0103 Executive, contemporan\u0103, pe Calea Victoriei \u0219i bucura\u021bi-v\u0103 de beneficii precum un minibar gratuit \u0219i parcare securizat\u0103 gratuit\u0103 \u00een centrul Bucure\u0219tiului.\" \/>\n<meta name=\"robots\" content=\"index, follow, max-snippet:-1, max-image-preview:large, max-video-preview:-1\" \/>\n<link rel=\"canonical\" href=\"https:\/\/www.novotelbucharestcitycentre.com\/ro\/camere-apartamente\/camera-executive\/\" \/>\n<meta property=\"og:locale\" content=\"ro_RO\" \/>\n<meta property=\"og:type\" content=\"article\" \/>\n<meta property=\"og:title\" content=\"Camer\u0103 Executive | Novotel Bucharest City Center | Hotel de 4 stele\" \/>\n<meta property=\"og:description\" content=\"Rezerva\u021bi o Camer\u0103 Executive, contemporan\u0103, pe Calea Victoriei \u0219i bucura\u021bi-v\u0103 de beneficii precum un minibar gratuit \u0219i parcare securizat\u0103 gratuit\u0103 \u00een centrul Bucure\u0219tiului.\" \/>\n<meta property=\"og:url\" content=\"https:\/\/www.novotelbucharestcitycentre.com\/ro\/camere-apartamente\/camera-executive\/\" \/>\n<meta property=\"og:site_name\" content=\"Novotel Bucarest City Centre SL\" \/>\n<meta property=\"article:modified_time\" content=\"2022-12-22T11:47:37+00:00\" \/>\n<meta name=\"twitter:card\" content=\"summary_large_image\" \/>\n<meta name=\"twitter:label1\" content=\"Timp estimat pentru citire\" \/>\n\t<meta name=\"twitter:data1\" content=\"1 minut\" \/>\n<script type=\"application\/ld+json\" class=\"yoast-schema-graph\">{\"@context\":\"https:\/\/schema.org\",\"@graph\":[{\"@type\":\"WebPage\",\"@id\":\"https:\/\/www.novotelbucharestcitycentre.com\/ro\/camere-apartamente\/camera-executive\/\",\"url\":\"https:\/\/www.novotelbucharestcitycentre.com\/ro\/camere-apartamente\/camera-executive\/\",\"name\":\"Camer\u0103 Executive | Novotel Bucharest City Center | Hotel de 4 stele\",\"isPartOf\":{\"@id\":\"https:\/\/www.novotelbucharestcitycentre.com\/#website\"},\"datePublished\":\"2022-11-29T15:59:46+00:00\",\"dateModified\":\"2022-12-22T11:47:37+00:00\",\"description\":\"Rezerva\u021bi o Camer\u0103 Executive, contemporan\u0103, pe Calea Victoriei \u0219i bucura\u021bi-v\u0103 de beneficii precum un minibar gratuit \u0219i parcare securizat\u0103 gratuit\u0103 \u00een centrul Bucure\u0219tiului.\",\"breadcrumb\":{\"@id\":\"https:\/\/www.novotelbucharestcitycentre.com\/ro\/camere-apartamente\/camera-executive\/#breadcrumb\"},\"inLanguage\":\"ro-RO\",\"potentialAction\":[{\"@type\":\"ReadAction\",\"target\":[\"https:\/\/www.novotelbucharestcitycentre.com\/ro\/camere-apartamente\/camera-executive\/\"]}]},{\"@type\":\"BreadcrumbList\",\"@id\":\"https:\/\/www.novotelbucharestcitycentre.com\/ro\/camere-apartamente\/camera-executive\/#breadcrumb\",\"itemListElement\":[{\"@type\":\"ListItem\",\"position\":1,\"name\":\"Home\",\"item\":\"https:\/\/www.novotelbucharestcitycentre.com\/ro\/\"},{\"@type\":\"ListItem\",\"position\":2,\"name\":\"CAMERE &#038; APARTAMENTE\",\"item\":\"https:\/\/www.novotelbucharestcitycentre.com\/ro\/camere-apartamente\/\"},{\"@type\":\"ListItem\",\"position\":3,\"name\":\"CAMER\u0102 EXECUTIVE\"}]},{\"@type\":\"WebSite\",\"@id\":\"https:\/\/www.novotelbucharestcitycentre.com\/#website\",\"url\":\"https:\/\/www.novotelbucharestcitycentre.com\/\",\"name\":\"Novotel Bucarest City Centre SL\",\"description\":\"Just another D-Edge Accor V2 Sites Hosting site\",\"potentialAction\":[{\"@type\":\"SearchAction\",\"target\":{\"@type\":\"EntryPoint\",\"urlTemplate\":\"https:\/\/www.novotelbucharestcitycentre.com\/?s={search_term_string}\"},\"query-input\":{\"@type\":\"PropertyValueSpecification\",\"valueRequired\":true,\"valueName\":\"search_term_string\"}}],\"inLanguage\":\"ro-RO\"}]}<\/script>\n<!-- \/ Yoast SEO plugin. -->","yoast_head_json":{"title":"Camer\u0103 Executive | Novotel Bucharest City Center | Hotel de 4 stele","description":"Rezerva\u021bi o Camer\u0103 Executive, contemporan\u0103, pe Calea Victoriei \u0219i bucura\u021bi-v\u0103 de beneficii precum un minibar gratuit \u0219i parcare securizat\u0103 gratuit\u0103 \u00een centrul Bucure\u0219tiului.","robots":{"index":"index","follow":"follow","max-snippet":"max-snippet:-1","max-image-preview":"max-image-preview:large","max-video-preview":"max-video-preview:-1"},"canonical":"https:\/\/www.novotelbucharestcitycentre.com\/ro\/camere-apartamente\/camera-executive\/","og_locale":"ro_RO","og_type":"article","og_title":"Camer\u0103 Executive | Novotel Bucharest City Center | Hotel de 4 stele","og_description":"Rezerva\u021bi o Camer\u0103 Executive, contemporan\u0103, pe Calea Victoriei \u0219i bucura\u021bi-v\u0103 de beneficii precum un minibar gratuit \u0219i parcare securizat\u0103 gratuit\u0103 \u00een centrul Bucure\u0219tiului.","og_url":"https:\/\/www.novotelbucharestcitycentre.com\/ro\/camere-apartamente\/camera-executive\/","og_site_name":"Novotel Bucarest City Centre SL","article_modified_time":"2022-12-22T11:47:37+00:00","twitter_card":"summary_large_image","twitter_misc":{"Timp estimat pentru citire":"1 minut"},"schema":{"@context":"https:\/\/schema.org","@graph":[{"@type":"WebPage","@id":"https:\/\/www.novotelbucharestcitycentre.com\/ro\/camere-apartamente\/camera-executive\/","url":"https:\/\/www.novotelbucharestcitycentre.com\/ro\/camere-apartamente\/camera-executive\/","name":"Camer\u0103 Executive | Novotel Bucharest City Center | Hotel de 4 stele","isPartOf":{"@id":"https:\/\/www.novotelbucharestcitycentre.com\/#website"},"datePublished":"2022-11-29T15:59:46+00:00","dateModified":"2022-12-22T11:47:37+00:00","description":"Rezerva\u021bi o Camer\u0103 Executive, contemporan\u0103, pe Calea Victoriei \u0219i bucura\u021bi-v\u0103 de beneficii precum un minibar gratuit \u0219i parcare securizat\u0103 gratuit\u0103 \u00een centrul Bucure\u0219tiului.","breadcrumb":{"@id":"https:\/\/www.novotelbucharestcitycentre.com\/ro\/camere-apartamente\/camera-executive\/#breadcrumb"},"inLanguage":"ro-RO","potentialAction":[{"@type":"ReadAction","target":["https:\/\/www.novotelbucharestcitycentre.com\/ro\/camere-apartamente\/camera-executive\/"]}]},{"@type":"BreadcrumbList","@id":"https:\/\/www.novotelbucharestcitycentre.com\/ro\/camere-apartamente\/camera-executive\/#breadcrumb","itemListElement":[{"@type":"ListItem","position":1,"name":"Home","item":"https:\/\/www.novotelbucharestcitycentre.com\/ro\/"},{"@type":"ListItem","position":2,"name":"CAMERE &#038; APARTAMENTE","item":"https:\/\/www.novotelbucharestcitycentre.com\/ro\/camere-apartamente\/"},{"@type":"ListItem","position":3,"name":"CAMER\u0102 EXECUTIVE"}]},{"@type":"WebSite","@id":"https:\/\/www.novotelbucharestcitycentre.com\/#website","url":"https:\/\/www.novotelbucharestcitycentre.com\/","name":"Novotel Bucarest City Centre SL","description":"Just another D-Edge Accor V2 Sites Hosting site","potentialAction":[{"@type":"SearchAction","target":{"@type":"EntryPoint","urlTemplate":"https:\/\/www.novotelbucharestcitycentre.com\/?s={search_term_string}"},"query-input":{"@type":"PropertyValueSpecification","valueRequired":true,"valueName":"search_term_string"}}],"inLanguage":"ro-RO"}]}},"_links":{"self":[{"href":"https:\/\/www.novotelbucharestcitycentre.com\/ro\/wp-json\/wp\/v2\/pages\/212","targetHints":{"allow":["GET"]}}],"collection":[{"href":"https:\/\/www.novotelbucharestcitycentre.com\/ro\/wp-json\/wp\/v2\/pages"}],"about":[{"href":"https:\/\/www.novotelbucharestcitycentre.com\/ro\/wp-json\/wp\/v2\/types\/page"}],"author":[{"embeddable":true,"href":"https:\/\/www.novotelbucharestcitycentre.com\/ro\/wp-json\/wp\/v2\/users\/26"}],"replies":[{"embeddable":true,"href":"https:\/\/www.novotelbucharestcitycentre.com\/ro\/wp-json\/wp\/v2\/comments?post=212"}],"version-history":[{"count":0,"href":"https:\/\/www.novotelbucharestcitycentre.com\/ro\/wp-json\/wp\/v2\/pages\/212\/revisions"}],"up":[{"embeddable":true,"href":"https:\/\/www.novotelbucharestcitycentre.com\/ro\/wp-json\/wp\/v2\/pages\/206"}],"wp:attachment":[{"href":"https:\/\/www.novotelbucharestcitycentre.com\/ro\/wp-json\/wp\/v2\/media?parent=212"}],"wp:term":[{"taxonomy":"category","embeddable":true,"href":"https:\/\/www.novotelbucharestcitycentre.com\/ro\/wp-json\/wp\/v2\/categories?post=212"}],"curies":[{"name":"wp","href":"https:\/\/api.w.org\/{rel}","templated":true}]}}