{"id":207,"date":"2022-11-29T14:41:56","date_gmt":"2022-11-29T14:41:56","guid":{"rendered":"https:\/\/novotelbucarest.accorv2prod.decms.eu\/rooms-suites\/superior-room-with-double-bed\/"},"modified":"2022-12-22T11:49:23","modified_gmt":"2022-12-22T11:49:23","slug":"camera-superioara-cu-pat-dublu","status":"publish","type":"page","link":"https:\/\/www.novotelbucharestcitycentre.com\/ro\/camere-apartamente\/camera-superioara-cu-pat-dublu\/","title":{"rendered":"CAMER\u0102 SUPERIOAR\u0102 CU PAT DUBLU"},"content":{"rendered":"<p>Camera superioar\u0103 cu pat dublu \u0219i canapea este o oaz\u0103 de lini\u0219tite \u00een inima Bucure\u0219tiului at\u00e2t pentru cei care c\u0103l\u0103toresc \u00een interes de afaceri c\u00e2t \u0219i pentru cupluri sau familii cu copii. Tonurile subtile, marcate de accente colorate, creeaz\u0103 o atmosfer\u0103 lini\u0219titoare, iar suprafa\u021ba de cel pu\u021bin 24 m\u00b2 v\u0103 ofer\u0103 tot spa\u021biul de care ave\u021bi nevoie pentru a v\u0103 sim\u021bi ca acas\u0103.<\/p>\n<p>Wi-Fi-ul gratuit \u0219i rapid, precum \u0219i spa\u021biul de lucru generos fac ca munca s\u0103 fie o nimica toat\u0103. Seara, scufunda\u021bi-v\u0103 \u00een canapeaua confortabil\u0103 \u0219i viziona\u021bi un film pe televizor. A fost o zi captivant\u0103!<\/p>\n","protected":false},"excerpt":{"rendered":"<p>Camera superioar\u0103 cu pat dublu \u0219i canapea este o oaz\u0103 de lini\u0219tite \u00een inima Bucure\u0219tiului at\u00e2t pentru cei care c\u0103l\u0103toresc \u00een interes de afaceri c\u00e2t \u0219i pentru cupluri sau familii cu copii. Tonurile subtile, marcate de accente colorate, creeaz\u0103 o atmosfer\u0103 lini\u0219titoare, iar suprafa\u021ba de cel pu\u021bin 24 m\u00b2 v\u0103 ofer\u0103 tot spa\u021biul de care [&hellip;]<\/p>\n","protected":false},"author":26,"featured_media":0,"parent":206,"menu_order":11,"comment_status":"closed","ping_status":"closed","template":"template-room.php","meta":{"footnotes":""},"categories":[22],"class_list":["post-207","page","type-page","status-publish","hentry","category-camerele"],"acf":[],"yoast_head":"<!-- This site is optimized with the Yoast SEO plugin v26.9 - https:\/\/yoast.com\/product\/yoast-seo-wordpress\/ -->\n<title>Camer\u0103 superioar\u0103 cu pat dublu | Novotel Bucharest City Centre<\/title>\n<meta name=\"description\" content=\"Perfect\u0103 pentru cei care c\u0103l\u0103toresc \u00een interes de afaceri c\u00e2t \u0219i pentru cupluri sau familii cu copii, camera superioar\u0103 spa\u021bioas\u0103 a hotelului nostru modern din centrul Bucure\u0219tiului ofer\u0103 Wi-Fi gratuit \u0219i facilit\u0103\u021bi premium.\" \/>\n<meta name=\"robots\" content=\"index, follow, max-snippet:-1, max-image-preview:large, max-video-preview:-1\" \/>\n<link rel=\"canonical\" href=\"https:\/\/www.novotelbucharestcitycentre.com\/ro\/camere-apartamente\/camera-superioara-cu-pat-dublu\/\" \/>\n<meta property=\"og:locale\" content=\"ro_RO\" \/>\n<meta property=\"og:type\" content=\"article\" \/>\n<meta property=\"og:title\" content=\"Camer\u0103 superioar\u0103 cu pat dublu | Novotel Bucharest City Centre\" \/>\n<meta property=\"og:description\" content=\"Perfect\u0103 pentru cei care c\u0103l\u0103toresc \u00een interes de afaceri c\u00e2t \u0219i pentru cupluri sau familii cu copii, camera superioar\u0103 spa\u021bioas\u0103 a hotelului nostru modern din centrul Bucure\u0219tiului ofer\u0103 Wi-Fi gratuit \u0219i facilit\u0103\u021bi premium.\" \/>\n<meta property=\"og:url\" content=\"https:\/\/www.novotelbucharestcitycentre.com\/ro\/camere-apartamente\/camera-superioara-cu-pat-dublu\/\" \/>\n<meta property=\"og:site_name\" content=\"Novotel Bucarest City Centre SL\" \/>\n<meta property=\"article:modified_time\" content=\"2022-12-22T11:49:23+00:00\" \/>\n<meta name=\"twitter:card\" content=\"summary_large_image\" \/>\n<meta name=\"twitter:label1\" content=\"Timp estimat pentru citire\" \/>\n\t<meta name=\"twitter:data1\" content=\"1 minut\" \/>\n<script type=\"application\/ld+json\" class=\"yoast-schema-graph\">{\"@context\":\"https:\/\/schema.org\",\"@graph\":[{\"@type\":\"WebPage\",\"@id\":\"https:\/\/www.novotelbucharestcitycentre.com\/ro\/camere-apartamente\/camera-superioara-cu-pat-dublu\/\",\"url\":\"https:\/\/www.novotelbucharestcitycentre.com\/ro\/camere-apartamente\/camera-superioara-cu-pat-dublu\/\",\"name\":\"Camer\u0103 superioar\u0103 cu pat dublu | Novotel Bucharest City Centre\",\"isPartOf\":{\"@id\":\"https:\/\/www.novotelbucharestcitycentre.com\/#website\"},\"datePublished\":\"2022-11-29T14:41:56+00:00\",\"dateModified\":\"2022-12-22T11:49:23+00:00\",\"description\":\"Perfect\u0103 pentru cei care c\u0103l\u0103toresc \u00een interes de afaceri c\u00e2t \u0219i pentru cupluri sau familii cu copii, camera superioar\u0103 spa\u021bioas\u0103 a hotelului nostru modern din centrul Bucure\u0219tiului ofer\u0103 Wi-Fi gratuit \u0219i facilit\u0103\u021bi premium.\",\"breadcrumb\":{\"@id\":\"https:\/\/www.novotelbucharestcitycentre.com\/ro\/camere-apartamente\/camera-superioara-cu-pat-dublu\/#breadcrumb\"},\"inLanguage\":\"ro-RO\",\"potentialAction\":[{\"@type\":\"ReadAction\",\"target\":[\"https:\/\/www.novotelbucharestcitycentre.com\/ro\/camere-apartamente\/camera-superioara-cu-pat-dublu\/\"]}]},{\"@type\":\"BreadcrumbList\",\"@id\":\"https:\/\/www.novotelbucharestcitycentre.com\/ro\/camere-apartamente\/camera-superioara-cu-pat-dublu\/#breadcrumb\",\"itemListElement\":[{\"@type\":\"ListItem\",\"position\":1,\"name\":\"Home\",\"item\":\"https:\/\/www.novotelbucharestcitycentre.com\/ro\/\"},{\"@type\":\"ListItem\",\"position\":2,\"name\":\"CAMERE &#038; APARTAMENTE\",\"item\":\"https:\/\/www.novotelbucharestcitycentre.com\/ro\/camere-apartamente\/\"},{\"@type\":\"ListItem\",\"position\":3,\"name\":\"CAMER\u0102 SUPERIOAR\u0102 CU PAT DUBLU\"}]},{\"@type\":\"WebSite\",\"@id\":\"https:\/\/www.novotelbucharestcitycentre.com\/#website\",\"url\":\"https:\/\/www.novotelbucharestcitycentre.com\/\",\"name\":\"Novotel Bucarest City Centre SL\",\"description\":\"Just another D-Edge Accor V2 Sites Hosting site\",\"potentialAction\":[{\"@type\":\"SearchAction\",\"target\":{\"@type\":\"EntryPoint\",\"urlTemplate\":\"https:\/\/www.novotelbucharestcitycentre.com\/?s={search_term_string}\"},\"query-input\":{\"@type\":\"PropertyValueSpecification\",\"valueRequired\":true,\"valueName\":\"search_term_string\"}}],\"inLanguage\":\"ro-RO\"}]}<\/script>\n<!-- \/ Yoast SEO plugin. -->","yoast_head_json":{"title":"Camer\u0103 superioar\u0103 cu pat dublu | Novotel Bucharest City Centre","description":"Perfect\u0103 pentru cei care c\u0103l\u0103toresc \u00een interes de afaceri c\u00e2t \u0219i pentru cupluri sau familii cu copii, camera superioar\u0103 spa\u021bioas\u0103 a hotelului nostru modern din centrul Bucure\u0219tiului ofer\u0103 Wi-Fi gratuit \u0219i facilit\u0103\u021bi premium.","robots":{"index":"index","follow":"follow","max-snippet":"max-snippet:-1","max-image-preview":"max-image-preview:large","max-video-preview":"max-video-preview:-1"},"canonical":"https:\/\/www.novotelbucharestcitycentre.com\/ro\/camere-apartamente\/camera-superioara-cu-pat-dublu\/","og_locale":"ro_RO","og_type":"article","og_title":"Camer\u0103 superioar\u0103 cu pat dublu | Novotel Bucharest City Centre","og_description":"Perfect\u0103 pentru cei care c\u0103l\u0103toresc \u00een interes de afaceri c\u00e2t \u0219i pentru cupluri sau familii cu copii, camera superioar\u0103 spa\u021bioas\u0103 a hotelului nostru modern din centrul Bucure\u0219tiului ofer\u0103 Wi-Fi gratuit \u0219i facilit\u0103\u021bi premium.","og_url":"https:\/\/www.novotelbucharestcitycentre.com\/ro\/camere-apartamente\/camera-superioara-cu-pat-dublu\/","og_site_name":"Novotel Bucarest City Centre SL","article_modified_time":"2022-12-22T11:49:23+00:00","twitter_card":"summary_large_image","twitter_misc":{"Timp estimat pentru citire":"1 minut"},"schema":{"@context":"https:\/\/schema.org","@graph":[{"@type":"WebPage","@id":"https:\/\/www.novotelbucharestcitycentre.com\/ro\/camere-apartamente\/camera-superioara-cu-pat-dublu\/","url":"https:\/\/www.novotelbucharestcitycentre.com\/ro\/camere-apartamente\/camera-superioara-cu-pat-dublu\/","name":"Camer\u0103 superioar\u0103 cu pat dublu | Novotel Bucharest City Centre","isPartOf":{"@id":"https:\/\/www.novotelbucharestcitycentre.com\/#website"},"datePublished":"2022-11-29T14:41:56+00:00","dateModified":"2022-12-22T11:49:23+00:00","description":"Perfect\u0103 pentru cei care c\u0103l\u0103toresc \u00een interes de afaceri c\u00e2t \u0219i pentru cupluri sau familii cu copii, camera superioar\u0103 spa\u021bioas\u0103 a hotelului nostru modern din centrul Bucure\u0219tiului ofer\u0103 Wi-Fi gratuit \u0219i facilit\u0103\u021bi premium.","breadcrumb":{"@id":"https:\/\/www.novotelbucharestcitycentre.com\/ro\/camere-apartamente\/camera-superioara-cu-pat-dublu\/#breadcrumb"},"inLanguage":"ro-RO","potentialAction":[{"@type":"ReadAction","target":["https:\/\/www.novotelbucharestcitycentre.com\/ro\/camere-apartamente\/camera-superioara-cu-pat-dublu\/"]}]},{"@type":"BreadcrumbList","@id":"https:\/\/www.novotelbucharestcitycentre.com\/ro\/camere-apartamente\/camera-superioara-cu-pat-dublu\/#breadcrumb","itemListElement":[{"@type":"ListItem","position":1,"name":"Home","item":"https:\/\/www.novotelbucharestcitycentre.com\/ro\/"},{"@type":"ListItem","position":2,"name":"CAMERE &#038; APARTAMENTE","item":"https:\/\/www.novotelbucharestcitycentre.com\/ro\/camere-apartamente\/"},{"@type":"ListItem","position":3,"name":"CAMER\u0102 SUPERIOAR\u0102 CU PAT DUBLU"}]},{"@type":"WebSite","@id":"https:\/\/www.novotelbucharestcitycentre.com\/#website","url":"https:\/\/www.novotelbucharestcitycentre.com\/","name":"Novotel Bucarest City Centre SL","description":"Just another D-Edge Accor V2 Sites Hosting site","potentialAction":[{"@type":"SearchAction","target":{"@type":"EntryPoint","urlTemplate":"https:\/\/www.novotelbucharestcitycentre.com\/?s={search_term_string}"},"query-input":{"@type":"PropertyValueSpecification","valueRequired":true,"valueName":"search_term_string"}}],"inLanguage":"ro-RO"}]}},"_links":{"self":[{"href":"https:\/\/www.novotelbucharestcitycentre.com\/ro\/wp-json\/wp\/v2\/pages\/207","targetHints":{"allow":["GET"]}}],"collection":[{"href":"https:\/\/www.novotelbucharestcitycentre.com\/ro\/wp-json\/wp\/v2\/pages"}],"about":[{"href":"https:\/\/www.novotelbucharestcitycentre.com\/ro\/wp-json\/wp\/v2\/types\/page"}],"author":[{"embeddable":true,"href":"https:\/\/www.novotelbucharestcitycentre.com\/ro\/wp-json\/wp\/v2\/users\/26"}],"replies":[{"embeddable":true,"href":"https:\/\/www.novotelbucharestcitycentre.com\/ro\/wp-json\/wp\/v2\/comments?post=207"}],"version-history":[{"count":0,"href":"https:\/\/www.novotelbucharestcitycentre.com\/ro\/wp-json\/wp\/v2\/pages\/207\/revisions"}],"up":[{"embeddable":true,"href":"https:\/\/www.novotelbucharestcitycentre.com\/ro\/wp-json\/wp\/v2\/pages\/206"}],"wp:attachment":[{"href":"https:\/\/www.novotelbucharestcitycentre.com\/ro\/wp-json\/wp\/v2\/media?parent=207"}],"wp:term":[{"taxonomy":"category","embeddable":true,"href":"https:\/\/www.novotelbucharestcitycentre.com\/ro\/wp-json\/wp\/v2\/categories?post=207"}],"curies":[{"name":"wp","href":"https:\/\/api.w.org\/{rel}","templated":true}]}}