{"id":206,"date":"2022-11-29T14:27:58","date_gmt":"2022-11-29T14:27:58","guid":{"rendered":"https:\/\/novotelbucarest.accorv2prod.decms.eu\/rooms-suites\/"},"modified":"2022-12-21T17:01:12","modified_gmt":"2022-12-21T17:01:12","slug":"camere-apartamente","status":"publish","type":"page","link":"https:\/\/www.novotelbucharestcitycentre.com\/ro\/camere-apartamente\/","title":{"rendered":"CAMERE &#038; APARTAMENTE"},"content":{"rendered":"<p>Cele 258 de camere \u0219i apartamente de la Novotel Bucharest City Center sunt concepute pentru confortul dumneavoastr\u0103. Toate au vedere la reperul istoric Calea Victoriei sau la panorama ora\u0219ului. Design intuitiv \u0219i eficient, \u00eempreun\u0103 cu facilit\u0103\u021bi premium de ultim\u0103 or\u0103, cu accent pe confortul \u0219i pl\u0103cerea dumneavoastr\u0103, astfel \u00eenc\u00e2t s\u0103 v\u0103 fie u\u0219or s\u0103 v\u0103 petrece\u021bi timpul in modul \u00een care dori\u021bi.<\/p>\n<p>\u0218i pentru c\u0103 \u00een\u021belegem c\u00e2t de important\u0103 este familia dumneavoastr\u0103, copiii p\u00e2n\u0103 la 16 ani stau \u0219i se bucur\u0103 de mic dejun gratuit.<\/p>\n","protected":false},"excerpt":{"rendered":"<p>Cele 258 de camere \u0219i apartamente de la Novotel Bucharest City Center sunt concepute pentru confortul dumneavoastr\u0103. Toate au vedere la reperul istoric Calea Victoriei sau la panorama ora\u0219ului. Design intuitiv \u0219i eficient, \u00eempreun\u0103 cu facilit\u0103\u021bi premium de ultim\u0103 or\u0103, cu accent pe confortul \u0219i pl\u0103cerea dumneavoastr\u0103, astfel \u00eenc\u00e2t s\u0103 v\u0103 fie u\u0219or s\u0103 v\u0103 [&hellip;]<\/p>\n","protected":false},"author":26,"featured_media":0,"parent":0,"menu_order":10,"comment_status":"closed","ping_status":"closed","template":"template-rooms.php","meta":{"footnotes":""},"categories":[],"class_list":["post-206","page","type-page","status-publish","hentry"],"acf":[],"yoast_head":"<!-- This site is optimized with the Yoast SEO plugin v26.9 - https:\/\/yoast.com\/product\/yoast-seo-wordpress\/ -->\n<title>Camere \u0219i apartamente | Novotel Bucharest City Center | Hotel de 4 stele<\/title>\n<meta name=\"description\" content=\"Camerele \u0219i apartamentele noastre moderne \u0219i elegante de hotel din Bucure\u0219ti au vedere la ora\u0219, design intuitiv \u0219i facilit\u0103\u021bi premium pentru un city-break memorabil.\" \/>\n<meta name=\"robots\" content=\"index, follow, max-snippet:-1, max-image-preview:large, max-video-preview:-1\" \/>\n<link rel=\"canonical\" href=\"https:\/\/www.novotelbucharestcitycentre.com\/ro\/camere-apartamente\/\" \/>\n<meta property=\"og:locale\" content=\"ro_RO\" \/>\n<meta property=\"og:type\" content=\"article\" \/>\n<meta property=\"og:title\" content=\"Camere \u0219i apartamente | Novotel Bucharest City Center | Hotel de 4 stele\" \/>\n<meta property=\"og:description\" content=\"Camerele \u0219i apartamentele noastre moderne \u0219i elegante de hotel din Bucure\u0219ti au vedere la ora\u0219, design intuitiv \u0219i facilit\u0103\u021bi premium pentru un city-break memorabil.\" \/>\n<meta property=\"og:url\" content=\"https:\/\/www.novotelbucharestcitycentre.com\/ro\/camere-apartamente\/\" \/>\n<meta property=\"og:site_name\" content=\"Novotel Bucarest City Centre SL\" \/>\n<meta property=\"article:modified_time\" content=\"2022-12-21T17:01:12+00:00\" \/>\n<meta name=\"twitter:card\" content=\"summary_large_image\" \/>\n<meta name=\"twitter:label1\" content=\"Timp estimat pentru citire\" \/>\n\t<meta name=\"twitter:data1\" content=\"1 minut\" \/>\n<script type=\"application\/ld+json\" class=\"yoast-schema-graph\">{\"@context\":\"https:\/\/schema.org\",\"@graph\":[{\"@type\":\"WebPage\",\"@id\":\"https:\/\/www.novotelbucharestcitycentre.com\/ro\/camere-apartamente\/\",\"url\":\"https:\/\/www.novotelbucharestcitycentre.com\/ro\/camere-apartamente\/\",\"name\":\"Camere \u0219i apartamente | Novotel Bucharest City Center | Hotel de 4 stele\",\"isPartOf\":{\"@id\":\"https:\/\/www.novotelbucharestcitycentre.com\/#website\"},\"datePublished\":\"2022-11-29T14:27:58+00:00\",\"dateModified\":\"2022-12-21T17:01:12+00:00\",\"description\":\"Camerele \u0219i apartamentele noastre moderne \u0219i elegante de hotel din Bucure\u0219ti au vedere la ora\u0219, design intuitiv \u0219i facilit\u0103\u021bi premium pentru un city-break memorabil.\",\"breadcrumb\":{\"@id\":\"https:\/\/www.novotelbucharestcitycentre.com\/ro\/camere-apartamente\/#breadcrumb\"},\"inLanguage\":\"ro-RO\",\"potentialAction\":[{\"@type\":\"ReadAction\",\"target\":[\"https:\/\/www.novotelbucharestcitycentre.com\/ro\/camere-apartamente\/\"]}]},{\"@type\":\"BreadcrumbList\",\"@id\":\"https:\/\/www.novotelbucharestcitycentre.com\/ro\/camere-apartamente\/#breadcrumb\",\"itemListElement\":[{\"@type\":\"ListItem\",\"position\":1,\"name\":\"Home\",\"item\":\"https:\/\/www.novotelbucharestcitycentre.com\/ro\/\"},{\"@type\":\"ListItem\",\"position\":2,\"name\":\"CAMERE &#038; APARTAMENTE\"}]},{\"@type\":\"WebSite\",\"@id\":\"https:\/\/www.novotelbucharestcitycentre.com\/#website\",\"url\":\"https:\/\/www.novotelbucharestcitycentre.com\/\",\"name\":\"Novotel Bucarest City Centre SL\",\"description\":\"Just another D-Edge Accor V2 Sites Hosting site\",\"potentialAction\":[{\"@type\":\"SearchAction\",\"target\":{\"@type\":\"EntryPoint\",\"urlTemplate\":\"https:\/\/www.novotelbucharestcitycentre.com\/?s={search_term_string}\"},\"query-input\":{\"@type\":\"PropertyValueSpecification\",\"valueRequired\":true,\"valueName\":\"search_term_string\"}}],\"inLanguage\":\"ro-RO\"}]}<\/script>\n<!-- \/ Yoast SEO plugin. -->","yoast_head_json":{"title":"Camere \u0219i apartamente | Novotel Bucharest City Center | Hotel de 4 stele","description":"Camerele \u0219i apartamentele noastre moderne \u0219i elegante de hotel din Bucure\u0219ti au vedere la ora\u0219, design intuitiv \u0219i facilit\u0103\u021bi premium pentru un city-break memorabil.","robots":{"index":"index","follow":"follow","max-snippet":"max-snippet:-1","max-image-preview":"max-image-preview:large","max-video-preview":"max-video-preview:-1"},"canonical":"https:\/\/www.novotelbucharestcitycentre.com\/ro\/camere-apartamente\/","og_locale":"ro_RO","og_type":"article","og_title":"Camere \u0219i apartamente | Novotel Bucharest City Center | Hotel de 4 stele","og_description":"Camerele \u0219i apartamentele noastre moderne \u0219i elegante de hotel din Bucure\u0219ti au vedere la ora\u0219, design intuitiv \u0219i facilit\u0103\u021bi premium pentru un city-break memorabil.","og_url":"https:\/\/www.novotelbucharestcitycentre.com\/ro\/camere-apartamente\/","og_site_name":"Novotel Bucarest City Centre SL","article_modified_time":"2022-12-21T17:01:12+00:00","twitter_card":"summary_large_image","twitter_misc":{"Timp estimat pentru citire":"1 minut"},"schema":{"@context":"https:\/\/schema.org","@graph":[{"@type":"WebPage","@id":"https:\/\/www.novotelbucharestcitycentre.com\/ro\/camere-apartamente\/","url":"https:\/\/www.novotelbucharestcitycentre.com\/ro\/camere-apartamente\/","name":"Camere \u0219i apartamente | Novotel Bucharest City Center | Hotel de 4 stele","isPartOf":{"@id":"https:\/\/www.novotelbucharestcitycentre.com\/#website"},"datePublished":"2022-11-29T14:27:58+00:00","dateModified":"2022-12-21T17:01:12+00:00","description":"Camerele \u0219i apartamentele noastre moderne \u0219i elegante de hotel din Bucure\u0219ti au vedere la ora\u0219, design intuitiv \u0219i facilit\u0103\u021bi premium pentru un city-break memorabil.","breadcrumb":{"@id":"https:\/\/www.novotelbucharestcitycentre.com\/ro\/camere-apartamente\/#breadcrumb"},"inLanguage":"ro-RO","potentialAction":[{"@type":"ReadAction","target":["https:\/\/www.novotelbucharestcitycentre.com\/ro\/camere-apartamente\/"]}]},{"@type":"BreadcrumbList","@id":"https:\/\/www.novotelbucharestcitycentre.com\/ro\/camere-apartamente\/#breadcrumb","itemListElement":[{"@type":"ListItem","position":1,"name":"Home","item":"https:\/\/www.novotelbucharestcitycentre.com\/ro\/"},{"@type":"ListItem","position":2,"name":"CAMERE &#038; APARTAMENTE"}]},{"@type":"WebSite","@id":"https:\/\/www.novotelbucharestcitycentre.com\/#website","url":"https:\/\/www.novotelbucharestcitycentre.com\/","name":"Novotel Bucarest City Centre SL","description":"Just another D-Edge Accor V2 Sites Hosting site","potentialAction":[{"@type":"SearchAction","target":{"@type":"EntryPoint","urlTemplate":"https:\/\/www.novotelbucharestcitycentre.com\/?s={search_term_string}"},"query-input":{"@type":"PropertyValueSpecification","valueRequired":true,"valueName":"search_term_string"}}],"inLanguage":"ro-RO"}]}},"_links":{"self":[{"href":"https:\/\/www.novotelbucharestcitycentre.com\/ro\/wp-json\/wp\/v2\/pages\/206","targetHints":{"allow":["GET"]}}],"collection":[{"href":"https:\/\/www.novotelbucharestcitycentre.com\/ro\/wp-json\/wp\/v2\/pages"}],"about":[{"href":"https:\/\/www.novotelbucharestcitycentre.com\/ro\/wp-json\/wp\/v2\/types\/page"}],"author":[{"embeddable":true,"href":"https:\/\/www.novotelbucharestcitycentre.com\/ro\/wp-json\/wp\/v2\/users\/26"}],"replies":[{"embeddable":true,"href":"https:\/\/www.novotelbucharestcitycentre.com\/ro\/wp-json\/wp\/v2\/comments?post=206"}],"version-history":[{"count":0,"href":"https:\/\/www.novotelbucharestcitycentre.com\/ro\/wp-json\/wp\/v2\/pages\/206\/revisions"}],"wp:attachment":[{"href":"https:\/\/www.novotelbucharestcitycentre.com\/ro\/wp-json\/wp\/v2\/media?parent=206"}],"wp:term":[{"taxonomy":"category","embeddable":true,"href":"https:\/\/www.novotelbucharestcitycentre.com\/ro\/wp-json\/wp\/v2\/categories?post=206"}],"curies":[{"name":"wp","href":"https:\/\/api.w.org\/{rel}","templated":true}]}}