{"id":681,"date":"2025-05-15T16:31:56","date_gmt":"2025-05-15T16:31:56","guid":{"rendered":"https:\/\/www.novotelbucharestcitycentre.com\/?page_id=681"},"modified":"2025-06-12T10:05:55","modified_gmt":"2025-06-12T10:05:55","slug":"sostenibilita","status":"publish","type":"page","link":"https:\/\/www.novotelbucharestcitycentre.com\/it\/sostenibilita\/","title":{"rendered":"Sostenibilit\u00e0"},"content":{"rendered":"<p><img loading=\"lazy\" decoding=\"async\" class=\"aligncenter wp-image-719 size-large\" src=\"http:\/\/www.novotelbucharestcitycentre.com\/wp-content\/uploads\/sites\/26\/2025\/06\/Fara-titlu-15-x-5-cm-12-x-4-cm-1024x341.png\" alt=\"\" width=\"1024\" height=\"341\" srcset=\"https:\/\/www.novotelbucharestcitycentre.com\/wp-content\/uploads\/sites\/26\/2025\/06\/Fara-titlu-15-x-5-cm-12-x-4-cm-1024x341.png 1024w, https:\/\/www.novotelbucharestcitycentre.com\/wp-content\/uploads\/sites\/26\/2025\/06\/Fara-titlu-15-x-5-cm-12-x-4-cm-300x100.png 300w, https:\/\/www.novotelbucharestcitycentre.com\/wp-content\/uploads\/sites\/26\/2025\/06\/Fara-titlu-15-x-5-cm-12-x-4-cm-768x256.png 768w, https:\/\/www.novotelbucharestcitycentre.com\/wp-content\/uploads\/sites\/26\/2025\/06\/Fara-titlu-15-x-5-cm-12-x-4-cm-600x200.png 600w, https:\/\/www.novotelbucharestcitycentre.com\/wp-content\/uploads\/sites\/26\/2025\/06\/Fara-titlu-15-x-5-cm-12-x-4-cm-1000x333.png 1000w, https:\/\/www.novotelbucharestcitycentre.com\/wp-content\/uploads\/sites\/26\/2025\/06\/Fara-titlu-15-x-5-cm-12-x-4-cm.png 1417w\" sizes=\"auto, (max-width: 1024px) 100vw, 1024px\" \/><\/p>\n<p data-start=\"59\" data-end=\"300\">Al <strong data-start=\"62\" data-end=\"95\">Novotel Bucharest City Centre<\/strong>, crediamo che ospitalit\u00e0 e sostenibilit\u00e0 vadano di pari passo. Ci impegniamo a generare un impatto positivo sull\u2019ambiente e sulla comunit\u00e0 locale integrando pratiche sostenibili in tutto ci\u00f2 che facciamo.<\/p>\n<p data-start=\"302\" data-end=\"695\"><strong data-start=\"302\" data-end=\"361\">Orgogliosi di aver ricevuto la certificazione Green Key<\/strong><br data-start=\"361\" data-end=\"364\" \/>Siamo onorati di aver ottenuto la prestigiosa certificazione Green Key, uno dei principali standard di eccellenza per la responsabilit\u00e0 ambientale e la gestione sostenibile nel settore turistico. Questo riconoscimento riflette i nostri sforzi costanti per raggiungere i pi\u00f9 alti standard di sostenibilit\u00e0 e ospitalit\u00e0 responsabile.<\/p>\n<p data-start=\"697\" data-end=\"1096\"><strong data-start=\"697\" data-end=\"742\">I nostri sei pilastri della sostenibilit\u00e0<\/strong><br data-start=\"742\" data-end=\"745\" \/>La nostra attivit\u00e0 si basa su sei pilastri fondamentali che guidano i nostri obiettivi e misurano i nostri progressi nei seguenti ambiti:<br \/>\n\u2022 Sostenibilit\u00e0 ambientale<br data-start=\"909\" data-end=\"912\" \/>\u2022 Inclusione sociale<br data-start=\"932\" data-end=\"935\" \/>\u2022 Approvvigionamento responsabile<br data-start=\"968\" data-end=\"971\" \/>\u2022 Economia circolare e gestione dei rifiuti<br data-start=\"1014\" data-end=\"1017\" \/>\u2022 Coinvolgimento degli ospiti<br data-start=\"1046\" data-end=\"1049\" \/>\u2022 Valorizzazione ed educazione dei dipendenti<\/p>\n<p data-start=\"1098\" data-end=\"1212\">Questi pilastri non sono solo principi: modellano le nostre azioni quotidiane e la nostra visione a lungo termine.<\/p>\n<p data-start=\"1214\" data-end=\"1568\"><strong data-start=\"1214\" data-end=\"1237\">Guardando al futuro<\/strong><br data-start=\"1237\" data-end=\"1240\" \/>La sostenibilit\u00e0 \u00e8 un percorso, e siamo orgogliosi di far parte di un movimento globale guidato da Accor per costruire un futuro pi\u00f9 responsabile per l\u2019ospitalit\u00e0. Che il vostro soggiorno sia per affari o per piacere, l\u2019esperienza al Novotel Bucharest City Centre \u00e8 pensata per rispettare il pianeta e sostenere i valori locali.<\/p>\n<p data-start=\"1570\" data-end=\"1612\"><strong data-start=\"1570\" data-end=\"1612\">Costruiamo insieme un domani migliore.<\/strong><\/p>\n<div id=\"attachment_673\" style=\"width: 1034px\" class=\"wp-caption aligncenter\"><img loading=\"lazy\" decoding=\"async\" aria-describedby=\"caption-attachment-673\" class=\"size-large wp-image-673\" src=\"http:\/\/www.novotelbucharestcitycentre.com\/wp-content\/uploads\/sites\/26\/2025\/05\/elderly-person-children-holding-plant-1024x685.jpg\" alt=\"Sustainability\" width=\"1024\" height=\"685\" srcset=\"https:\/\/www.novotelbucharestcitycentre.com\/wp-content\/uploads\/sites\/26\/2025\/05\/elderly-person-children-holding-plant-1024x685.jpg 1024w, https:\/\/www.novotelbucharestcitycentre.com\/wp-content\/uploads\/sites\/26\/2025\/05\/elderly-person-children-holding-plant-300x201.jpg 300w, https:\/\/www.novotelbucharestcitycentre.com\/wp-content\/uploads\/sites\/26\/2025\/05\/elderly-person-children-holding-plant-768x514.jpg 768w, https:\/\/www.novotelbucharestcitycentre.com\/wp-content\/uploads\/sites\/26\/2025\/05\/elderly-person-children-holding-plant-1536x1028.jpg 1536w, https:\/\/www.novotelbucharestcitycentre.com\/wp-content\/uploads\/sites\/26\/2025\/05\/elderly-person-children-holding-plant-2048x1370.jpg 2048w, https:\/\/www.novotelbucharestcitycentre.com\/wp-content\/uploads\/sites\/26\/2025\/05\/elderly-person-children-holding-plant-600x401.jpg 600w, https:\/\/www.novotelbucharestcitycentre.com\/wp-content\/uploads\/sites\/26\/2025\/05\/elderly-person-children-holding-plant-1000x669.jpg 1000w\" sizes=\"auto, (max-width: 1024px) 100vw, 1024px\" \/><p id=\"caption-attachment-673\" class=\"wp-caption-text\">A small tree growing with soil forwarded or delivered between the hands of the elderly and children with the green forest background. Showed the care for the environment with sustainable development.<\/p><\/div>\n","protected":false},"excerpt":{"rendered":"<p>Al Novotel Bucharest City Centre, crediamo che ospitalit\u00e0 e sostenibilit\u00e0 vadano di pari passo. Ci impegniamo a generare un impatto positivo sull\u2019ambiente e sulla comunit\u00e0 locale integrando pratiche sostenibili in tutto ci\u00f2 che facciamo. Orgogliosi di aver ricevuto la certificazione Green KeySiamo onorati di aver ottenuto la prestigiosa certificazione Green Key, uno dei principali standard [&hellip;]<\/p>\n","protected":false},"author":73,"featured_media":0,"parent":0,"menu_order":0,"comment_status":"closed","ping_status":"closed","template":"","meta":{"footnotes":""},"categories":[],"class_list":["post-681","page","type-page","status-publish","hentry"],"acf":[],"yoast_head":"<!-- This site is optimized with the Yoast SEO plugin v26.9 - https:\/\/yoast.com\/product\/yoast-seo-wordpress\/ -->\n<title>Sostenibilit\u00e0 - Novotel Bucarest City Centre SL<\/title>\n<meta name=\"robots\" content=\"index, follow, max-snippet:-1, max-image-preview:large, max-video-preview:-1\" \/>\n<link rel=\"canonical\" href=\"https:\/\/www.novotelbucharestcitycentre.com\/it\/sostenibilita\/\" \/>\n<meta property=\"og:locale\" content=\"it_IT\" \/>\n<meta property=\"og:type\" content=\"article\" \/>\n<meta property=\"og:title\" content=\"Sostenibilit\u00e0 - Novotel Bucarest City Centre SL\" \/>\n<meta property=\"og:description\" content=\"Al Novotel Bucharest City Centre, crediamo che ospitalit\u00e0 e sostenibilit\u00e0 vadano di pari passo. Ci impegniamo a generare un impatto positivo sull\u2019ambiente e sulla comunit\u00e0 locale integrando pratiche sostenibili in tutto ci\u00f2 che facciamo. Orgogliosi di aver ricevuto la certificazione Green KeySiamo onorati di aver ottenuto la prestigiosa certificazione Green Key, uno dei principali standard [&hellip;]\" \/>\n<meta property=\"og:url\" content=\"https:\/\/www.novotelbucharestcitycentre.com\/it\/sostenibilita\/\" \/>\n<meta property=\"og:site_name\" content=\"Novotel Bucarest City Centre SL\" \/>\n<meta property=\"article:modified_time\" content=\"2025-06-12T10:05:55+00:00\" \/>\n<meta property=\"og:image\" content=\"https:\/\/www.novotelbucharestcitycentre.com\/wp-content\/uploads\/sites\/26\/2025\/06\/Fara-titlu-15-x-5-cm-12-x-4-cm.png\" \/>\n\t<meta property=\"og:image:width\" content=\"1417\" \/>\n\t<meta property=\"og:image:height\" content=\"472\" \/>\n\t<meta property=\"og:image:type\" content=\"image\/png\" \/>\n<meta name=\"twitter:card\" content=\"summary_large_image\" \/>\n<meta name=\"twitter:label1\" content=\"Tempo di lettura stimato\" \/>\n\t<meta name=\"twitter:data1\" content=\"1 minuto\" \/>\n<script type=\"application\/ld+json\" class=\"yoast-schema-graph\">{\"@context\":\"https:\/\/schema.org\",\"@graph\":[{\"@type\":\"WebPage\",\"@id\":\"https:\/\/www.novotelbucharestcitycentre.com\/it\/sostenibilita\/\",\"url\":\"https:\/\/www.novotelbucharestcitycentre.com\/it\/sostenibilita\/\",\"name\":\"Sostenibilit\u00e0 - Novotel Bucarest City Centre SL\",\"isPartOf\":{\"@id\":\"https:\/\/www.novotelbucharestcitycentre.com\/#website\"},\"primaryImageOfPage\":{\"@id\":\"https:\/\/www.novotelbucharestcitycentre.com\/it\/sostenibilita\/#primaryimage\"},\"image\":{\"@id\":\"https:\/\/www.novotelbucharestcitycentre.com\/it\/sostenibilita\/#primaryimage\"},\"thumbnailUrl\":\"http:\/\/www.novotelbucharestcitycentre.com\/wp-content\/uploads\/sites\/26\/2025\/06\/Fara-titlu-15-x-5-cm-12-x-4-cm-1024x341.png\",\"datePublished\":\"2025-05-15T16:31:56+00:00\",\"dateModified\":\"2025-06-12T10:05:55+00:00\",\"breadcrumb\":{\"@id\":\"https:\/\/www.novotelbucharestcitycentre.com\/it\/sostenibilita\/#breadcrumb\"},\"inLanguage\":\"it-IT\",\"potentialAction\":[{\"@type\":\"ReadAction\",\"target\":[\"https:\/\/www.novotelbucharestcitycentre.com\/it\/sostenibilita\/\"]}]},{\"@type\":\"ImageObject\",\"inLanguage\":\"it-IT\",\"@id\":\"https:\/\/www.novotelbucharestcitycentre.com\/it\/sostenibilita\/#primaryimage\",\"url\":\"http:\/\/www.novotelbucharestcitycentre.com\/wp-content\/uploads\/sites\/26\/2025\/06\/Fara-titlu-15-x-5-cm-12-x-4-cm-1024x341.png\",\"contentUrl\":\"http:\/\/www.novotelbucharestcitycentre.com\/wp-content\/uploads\/sites\/26\/2025\/06\/Fara-titlu-15-x-5-cm-12-x-4-cm-1024x341.png\"},{\"@type\":\"BreadcrumbList\",\"@id\":\"https:\/\/www.novotelbucharestcitycentre.com\/it\/sostenibilita\/#breadcrumb\",\"itemListElement\":[{\"@type\":\"ListItem\",\"position\":1,\"name\":\"Home\",\"item\":\"https:\/\/www.novotelbucharestcitycentre.com\/it\/\"},{\"@type\":\"ListItem\",\"position\":2,\"name\":\"Sostenibilit\u00e0\"}]},{\"@type\":\"WebSite\",\"@id\":\"https:\/\/www.novotelbucharestcitycentre.com\/#website\",\"url\":\"https:\/\/www.novotelbucharestcitycentre.com\/\",\"name\":\"Novotel Bucarest City Centre SL\",\"description\":\"Just another D-Edge Accor V2 Sites Hosting site\",\"potentialAction\":[{\"@type\":\"SearchAction\",\"target\":{\"@type\":\"EntryPoint\",\"urlTemplate\":\"https:\/\/www.novotelbucharestcitycentre.com\/?s={search_term_string}\"},\"query-input\":{\"@type\":\"PropertyValueSpecification\",\"valueRequired\":true,\"valueName\":\"search_term_string\"}}],\"inLanguage\":\"it-IT\"}]}<\/script>\n<!-- \/ Yoast SEO plugin. -->","yoast_head_json":{"title":"Sostenibilit\u00e0 - Novotel Bucarest City Centre SL","robots":{"index":"index","follow":"follow","max-snippet":"max-snippet:-1","max-image-preview":"max-image-preview:large","max-video-preview":"max-video-preview:-1"},"canonical":"https:\/\/www.novotelbucharestcitycentre.com\/it\/sostenibilita\/","og_locale":"it_IT","og_type":"article","og_title":"Sostenibilit\u00e0 - Novotel Bucarest City Centre SL","og_description":"Al Novotel Bucharest City Centre, crediamo che ospitalit\u00e0 e sostenibilit\u00e0 vadano di pari passo. Ci impegniamo a generare un impatto positivo sull\u2019ambiente e sulla comunit\u00e0 locale integrando pratiche sostenibili in tutto ci\u00f2 che facciamo. Orgogliosi di aver ricevuto la certificazione Green KeySiamo onorati di aver ottenuto la prestigiosa certificazione Green Key, uno dei principali standard [&hellip;]","og_url":"https:\/\/www.novotelbucharestcitycentre.com\/it\/sostenibilita\/","og_site_name":"Novotel Bucarest City Centre SL","article_modified_time":"2025-06-12T10:05:55+00:00","og_image":[{"width":1417,"height":472,"url":"https:\/\/www.novotelbucharestcitycentre.com\/wp-content\/uploads\/sites\/26\/2025\/06\/Fara-titlu-15-x-5-cm-12-x-4-cm.png","type":"image\/png"}],"twitter_card":"summary_large_image","twitter_misc":{"Tempo di lettura stimato":"1 minuto"},"schema":{"@context":"https:\/\/schema.org","@graph":[{"@type":"WebPage","@id":"https:\/\/www.novotelbucharestcitycentre.com\/it\/sostenibilita\/","url":"https:\/\/www.novotelbucharestcitycentre.com\/it\/sostenibilita\/","name":"Sostenibilit\u00e0 - Novotel Bucarest City Centre SL","isPartOf":{"@id":"https:\/\/www.novotelbucharestcitycentre.com\/#website"},"primaryImageOfPage":{"@id":"https:\/\/www.novotelbucharestcitycentre.com\/it\/sostenibilita\/#primaryimage"},"image":{"@id":"https:\/\/www.novotelbucharestcitycentre.com\/it\/sostenibilita\/#primaryimage"},"thumbnailUrl":"http:\/\/www.novotelbucharestcitycentre.com\/wp-content\/uploads\/sites\/26\/2025\/06\/Fara-titlu-15-x-5-cm-12-x-4-cm-1024x341.png","datePublished":"2025-05-15T16:31:56+00:00","dateModified":"2025-06-12T10:05:55+00:00","breadcrumb":{"@id":"https:\/\/www.novotelbucharestcitycentre.com\/it\/sostenibilita\/#breadcrumb"},"inLanguage":"it-IT","potentialAction":[{"@type":"ReadAction","target":["https:\/\/www.novotelbucharestcitycentre.com\/it\/sostenibilita\/"]}]},{"@type":"ImageObject","inLanguage":"it-IT","@id":"https:\/\/www.novotelbucharestcitycentre.com\/it\/sostenibilita\/#primaryimage","url":"http:\/\/www.novotelbucharestcitycentre.com\/wp-content\/uploads\/sites\/26\/2025\/06\/Fara-titlu-15-x-5-cm-12-x-4-cm-1024x341.png","contentUrl":"http:\/\/www.novotelbucharestcitycentre.com\/wp-content\/uploads\/sites\/26\/2025\/06\/Fara-titlu-15-x-5-cm-12-x-4-cm-1024x341.png"},{"@type":"BreadcrumbList","@id":"https:\/\/www.novotelbucharestcitycentre.com\/it\/sostenibilita\/#breadcrumb","itemListElement":[{"@type":"ListItem","position":1,"name":"Home","item":"https:\/\/www.novotelbucharestcitycentre.com\/it\/"},{"@type":"ListItem","position":2,"name":"Sostenibilit\u00e0"}]},{"@type":"WebSite","@id":"https:\/\/www.novotelbucharestcitycentre.com\/#website","url":"https:\/\/www.novotelbucharestcitycentre.com\/","name":"Novotel Bucarest City Centre SL","description":"Just another D-Edge Accor V2 Sites Hosting site","potentialAction":[{"@type":"SearchAction","target":{"@type":"EntryPoint","urlTemplate":"https:\/\/www.novotelbucharestcitycentre.com\/?s={search_term_string}"},"query-input":{"@type":"PropertyValueSpecification","valueRequired":true,"valueName":"search_term_string"}}],"inLanguage":"it-IT"}]}},"_links":{"self":[{"href":"https:\/\/www.novotelbucharestcitycentre.com\/it\/wp-json\/wp\/v2\/pages\/681","targetHints":{"allow":["GET"]}}],"collection":[{"href":"https:\/\/www.novotelbucharestcitycentre.com\/it\/wp-json\/wp\/v2\/pages"}],"about":[{"href":"https:\/\/www.novotelbucharestcitycentre.com\/it\/wp-json\/wp\/v2\/types\/page"}],"author":[{"embeddable":true,"href":"https:\/\/www.novotelbucharestcitycentre.com\/it\/wp-json\/wp\/v2\/users\/73"}],"replies":[{"embeddable":true,"href":"https:\/\/www.novotelbucharestcitycentre.com\/it\/wp-json\/wp\/v2\/comments?post=681"}],"version-history":[{"count":0,"href":"https:\/\/www.novotelbucharestcitycentre.com\/it\/wp-json\/wp\/v2\/pages\/681\/revisions"}],"wp:attachment":[{"href":"https:\/\/www.novotelbucharestcitycentre.com\/it\/wp-json\/wp\/v2\/media?parent=681"}],"wp:term":[{"taxonomy":"category","embeddable":true,"href":"https:\/\/www.novotelbucharestcitycentre.com\/it\/wp-json\/wp\/v2\/categories?post=681"}],"curies":[{"name":"wp","href":"https:\/\/api.w.org\/{rel}","templated":true}]}}