{"id":389,"date":"2022-11-09T14:38:26","date_gmt":"2022-11-09T14:38:26","guid":{"rendered":"https:\/\/novotelbucarest.accorv2prod.decms.eu\/novotel-bucharest-city-centre\/"},"modified":"2022-12-22T14:24:04","modified_gmt":"2022-12-22T14:24:04","slug":"novotel-bucharest-city-centre","status":"publish","type":"page","link":"https:\/\/www.novotelbucharestcitycentre.com\/it\/","title":{"rendered":"NOVOTEL BUCHAREST CITY CENTRE"},"content":{"rendered":"\r\n<p>A pochi passi dall&#8217;antico centro di Lipscani su Calea Victoriei, il viale pi\u00f9 prestigioso della citt\u00e0, il Novotel Bucharest City Center sorge dietro l&#8217;imponente facciata neoclassica dell&#8217;ex Teatro Nazionale della Romania, un punto architettonico di riferimento. Entra nella nostra hall vivace e moderna e potrai beneficiare del check-in rapido e di un&#8217;accoglienza che combina il tradizionale calore rumeno e l&#8217;ospitalit\u00e0 del marchio Novotel.<\/p>\r\n<p>Le 258 <a href=\"\/it\/camere-appartamenti\/\">camere e appartamenti<\/a> del nostro hotel a 4 stelle nel centro della Bucarest enfatizzano il comfort e il benessere. Tutte offrono un design accurato e intuitivo e dei servizi premium, viste su Calea Victoriei o all\u2019orizzonte della citt\u00e0 e Wi-Fi gratuito ad alta velocit\u00e0 per rimanere connesso quanto vuoi. E poich\u00e9 la famiglia \u00e8 tutto, i ragazzi sotto i 16 anni soggiorneranno nella camera dei genitori e avranno la colazione gratis, e tu risparmierai il 50% sulla seconda camera dei bambini.<\/p>\r\n<p>La tua giornata a Bucarest inizia con una deliziosa ed energizzante colazione, con delle prelibatezze della fattoria, dalla fertile campagna direttamente in tavola, servita nel nostro luminoso ristorante <a href=\"\/it\/ristoranti-e-bar\/teatro\/\">Teatro<\/a>. Goditi i vini artigianali dei migliori vigneti boutique della Romania, insieme alla cucina creativa locale e globale, al <a href=\"\/it\/ristoranti-e-bar\/winestone\/\">Winestone<\/a>, il miglior bar e ristorante di Bucarest.<\/p>\r\n<p>Il vostro <a href=\"\/it\/riunioni-ed-eventi\/\">evento<\/a> a Bucarest &#8211; da una conferenza ad una riunione del consiglio di amministrazione, da un cocktail party ad un matrimonio, si svolger\u00e0 senza intoppi con l&#8217;aiuto della nostra squadra di Ambasciatori Novotel. E troverai la locazione perfettamente adatta alle tue esigenze, dall&#8217;anfiteatro e sala da ballo Parigi, al nostro elegante foyer e alle sale riunioni completamente attrezzate.<\/p>\r\n","protected":false},"excerpt":{"rendered":"<p>A pochi passi dall&#8217;antico centro di Lipscani su Calea Victoriei, il viale pi\u00f9 prestigioso della citt\u00e0, il Novotel Bucharest City Center sorge dietro l&#8217;imponente facciata neoclassica dell&#8217;ex Teatro Nazionale della Romania, un punto architettonico di riferimento. Entra nella nostra hall vivace e moderna e potrai beneficiare del check-in rapido e di un&#8217;accoglienza che combina il [&hellip;]<\/p>\n","protected":false},"author":26,"featured_media":0,"parent":0,"menu_order":0,"comment_status":"closed","ping_status":"closed","template":"","meta":{"footnotes":""},"categories":[],"class_list":["post-389","page","type-page","status-publish","hentry"],"acf":[],"yoast_head":"<!-- This site is optimized with the Yoast SEO plugin v26.9 - https:\/\/yoast.com\/product\/yoast-seo-wordpress\/ -->\n<title>Home page ufficiale | Novotel Bucarest Centro Citt\u00e0 | Hotel a 4 stelle<\/title>\n<meta name=\"description\" content=\"Benvenuti nel nostro moderno hotel per passare il tempo libero e per gli affari, vicino al centro storico di Lipscani, nel cuore di Bucarest. Prenota eleganti camere e appartamenti su Calea Victoriei.\" \/>\n<meta name=\"robots\" content=\"index, follow, max-snippet:-1, max-image-preview:large, max-video-preview:-1\" \/>\n<link rel=\"canonical\" href=\"https:\/\/www.novotelbucharestcitycentre.com\/it\/\" \/>\n<meta property=\"og:locale\" content=\"it_IT\" \/>\n<meta property=\"og:type\" content=\"article\" \/>\n<meta property=\"og:title\" content=\"Home page ufficiale | Novotel Bucarest Centro Citt\u00e0 | Hotel a 4 stelle\" \/>\n<meta property=\"og:description\" content=\"Benvenuti nel nostro moderno hotel per passare il tempo libero e per gli affari, vicino al centro storico di Lipscani, nel cuore di Bucarest. Prenota eleganti camere e appartamenti su Calea Victoriei.\" \/>\n<meta property=\"og:url\" content=\"https:\/\/www.novotelbucharestcitycentre.com\/it\/\" \/>\n<meta property=\"og:site_name\" content=\"Novotel Bucarest City Centre SL\" \/>\n<meta property=\"article:modified_time\" content=\"2022-12-22T14:24:04+00:00\" \/>\n<meta name=\"twitter:card\" content=\"summary_large_image\" \/>\n<meta name=\"twitter:label1\" content=\"Tempo di lettura stimato\" \/>\n\t<meta name=\"twitter:data1\" content=\"2 minuti\" \/>\n<script type=\"application\/ld+json\" class=\"yoast-schema-graph\">{\"@context\":\"https:\/\/schema.org\",\"@graph\":[{\"@type\":\"WebPage\",\"@id\":\"https:\/\/www.novotelbucharestcitycentre.com\/it\/\",\"url\":\"https:\/\/www.novotelbucharestcitycentre.com\/it\/\",\"name\":\"Home page ufficiale | Novotel Bucarest Centro Citt\u00e0 | Hotel a 4 stelle\",\"isPartOf\":{\"@id\":\"https:\/\/www.novotelbucharestcitycentre.com\/#website\"},\"datePublished\":\"2022-11-09T14:38:26+00:00\",\"dateModified\":\"2022-12-22T14:24:04+00:00\",\"description\":\"Benvenuti nel nostro moderno hotel per passare il tempo libero e per gli affari, vicino al centro storico di Lipscani, nel cuore di Bucarest. Prenota eleganti camere e appartamenti su Calea Victoriei.\",\"breadcrumb\":{\"@id\":\"https:\/\/www.novotelbucharestcitycentre.com\/it\/#breadcrumb\"},\"inLanguage\":\"it-IT\",\"potentialAction\":[{\"@type\":\"ReadAction\",\"target\":[\"https:\/\/www.novotelbucharestcitycentre.com\/it\/\"]}]},{\"@type\":\"BreadcrumbList\",\"@id\":\"https:\/\/www.novotelbucharestcitycentre.com\/it\/#breadcrumb\",\"itemListElement\":[{\"@type\":\"ListItem\",\"position\":1,\"name\":\"Home\",\"item\":\"https:\/\/www.novotelbucharestcitycentre.com\/it\/\"},{\"@type\":\"ListItem\",\"position\":2,\"name\":\"NOVOTEL BUCHAREST CITY CENTRE\"}]},{\"@type\":\"WebSite\",\"@id\":\"https:\/\/www.novotelbucharestcitycentre.com\/#website\",\"url\":\"https:\/\/www.novotelbucharestcitycentre.com\/\",\"name\":\"Novotel Bucarest City Centre SL\",\"description\":\"Just another D-Edge Accor V2 Sites Hosting site\",\"potentialAction\":[{\"@type\":\"SearchAction\",\"target\":{\"@type\":\"EntryPoint\",\"urlTemplate\":\"https:\/\/www.novotelbucharestcitycentre.com\/?s={search_term_string}\"},\"query-input\":{\"@type\":\"PropertyValueSpecification\",\"valueRequired\":true,\"valueName\":\"search_term_string\"}}],\"inLanguage\":\"it-IT\"}]}<\/script>\n<!-- \/ Yoast SEO plugin. -->","yoast_head_json":{"title":"Home page ufficiale | Novotel Bucarest Centro Citt\u00e0 | Hotel a 4 stelle","description":"Benvenuti nel nostro moderno hotel per passare il tempo libero e per gli affari, vicino al centro storico di Lipscani, nel cuore di Bucarest. Prenota eleganti camere e appartamenti su Calea Victoriei.","robots":{"index":"index","follow":"follow","max-snippet":"max-snippet:-1","max-image-preview":"max-image-preview:large","max-video-preview":"max-video-preview:-1"},"canonical":"https:\/\/www.novotelbucharestcitycentre.com\/it\/","og_locale":"it_IT","og_type":"article","og_title":"Home page ufficiale | Novotel Bucarest Centro Citt\u00e0 | Hotel a 4 stelle","og_description":"Benvenuti nel nostro moderno hotel per passare il tempo libero e per gli affari, vicino al centro storico di Lipscani, nel cuore di Bucarest. Prenota eleganti camere e appartamenti su Calea Victoriei.","og_url":"https:\/\/www.novotelbucharestcitycentre.com\/it\/","og_site_name":"Novotel Bucarest City Centre SL","article_modified_time":"2022-12-22T14:24:04+00:00","twitter_card":"summary_large_image","twitter_misc":{"Tempo di lettura stimato":"2 minuti"},"schema":{"@context":"https:\/\/schema.org","@graph":[{"@type":"WebPage","@id":"https:\/\/www.novotelbucharestcitycentre.com\/it\/","url":"https:\/\/www.novotelbucharestcitycentre.com\/it\/","name":"Home page ufficiale | Novotel Bucarest Centro Citt\u00e0 | Hotel a 4 stelle","isPartOf":{"@id":"https:\/\/www.novotelbucharestcitycentre.com\/#website"},"datePublished":"2022-11-09T14:38:26+00:00","dateModified":"2022-12-22T14:24:04+00:00","description":"Benvenuti nel nostro moderno hotel per passare il tempo libero e per gli affari, vicino al centro storico di Lipscani, nel cuore di Bucarest. Prenota eleganti camere e appartamenti su Calea Victoriei.","breadcrumb":{"@id":"https:\/\/www.novotelbucharestcitycentre.com\/it\/#breadcrumb"},"inLanguage":"it-IT","potentialAction":[{"@type":"ReadAction","target":["https:\/\/www.novotelbucharestcitycentre.com\/it\/"]}]},{"@type":"BreadcrumbList","@id":"https:\/\/www.novotelbucharestcitycentre.com\/it\/#breadcrumb","itemListElement":[{"@type":"ListItem","position":1,"name":"Home","item":"https:\/\/www.novotelbucharestcitycentre.com\/it\/"},{"@type":"ListItem","position":2,"name":"NOVOTEL BUCHAREST CITY CENTRE"}]},{"@type":"WebSite","@id":"https:\/\/www.novotelbucharestcitycentre.com\/#website","url":"https:\/\/www.novotelbucharestcitycentre.com\/","name":"Novotel Bucarest City Centre SL","description":"Just another D-Edge Accor V2 Sites Hosting site","potentialAction":[{"@type":"SearchAction","target":{"@type":"EntryPoint","urlTemplate":"https:\/\/www.novotelbucharestcitycentre.com\/?s={search_term_string}"},"query-input":{"@type":"PropertyValueSpecification","valueRequired":true,"valueName":"search_term_string"}}],"inLanguage":"it-IT"}]}},"_links":{"self":[{"href":"https:\/\/www.novotelbucharestcitycentre.com\/it\/wp-json\/wp\/v2\/pages\/389","targetHints":{"allow":["GET"]}}],"collection":[{"href":"https:\/\/www.novotelbucharestcitycentre.com\/it\/wp-json\/wp\/v2\/pages"}],"about":[{"href":"https:\/\/www.novotelbucharestcitycentre.com\/it\/wp-json\/wp\/v2\/types\/page"}],"author":[{"embeddable":true,"href":"https:\/\/www.novotelbucharestcitycentre.com\/it\/wp-json\/wp\/v2\/users\/26"}],"replies":[{"embeddable":true,"href":"https:\/\/www.novotelbucharestcitycentre.com\/it\/wp-json\/wp\/v2\/comments?post=389"}],"version-history":[{"count":0,"href":"https:\/\/www.novotelbucharestcitycentre.com\/it\/wp-json\/wp\/v2\/pages\/389\/revisions"}],"wp:attachment":[{"href":"https:\/\/www.novotelbucharestcitycentre.com\/it\/wp-json\/wp\/v2\/media?parent=389"}],"wp:term":[{"taxonomy":"category","embeddable":true,"href":"https:\/\/www.novotelbucharestcitycentre.com\/it\/wp-json\/wp\/v2\/categories?post=389"}],"curies":[{"name":"wp","href":"https:\/\/api.w.org\/{rel}","templated":true}]}}