{"id":331,"date":"2022-11-30T09:15:57","date_gmt":"2022-11-30T09:15:57","guid":{"rendered":"https:\/\/novotelbucarest.accorv2prod.decms.eu\/meetings-events\/"},"modified":"2022-12-22T12:49:34","modified_gmt":"2022-12-22T12:49:34","slug":"riunioni-ed-eventi","status":"publish","type":"page","link":"https:\/\/www.novotelbucharestcitycentre.com\/it\/riunioni-ed-eventi\/","title":{"rendered":"RIUNIONI ED EVENTI"},"content":{"rendered":"<p>Vogliamo che il tuo evento a Bucarest sia un successo. Ecco perch\u00e9 offriamo tutto ci\u00f2 di cui hai bisogno per assicurarti che la tua opportunit\u00e0 sia memorabile per le giuste ragioni.<\/p>\n<p>I nostri ambasciatori Novotel saranno con voi dall&#8217;inizio alla fine. Ti aiuteremo a decidere il giusto concetto di evento, ci occuperemo di tutti i dettagli logistici e saremo disponibili ogni volta che avrai bisogno di noi. Tutto ci\u00f2 ti consentir\u00e0 di concentrarti sul quadro generale.<\/p>\n<p>I dieci versatili spazi per eventi offrono ambienti eleganti e funzionali per qualsiasi cosa, da un consiglio di amministrazione discreto a una conferenza prestigiosa, un banchetto sontuoso o un cocktail glamour. La tecnologia all&#8217;avanguardia per eventi e l&#8217;arredamento ergonomico consentono agli ospiti di concentrarsi su ci\u00f2 che conta. E le nostre offerte flessibili di rinfreschi e pasti mantengono i partecipanti pieni di energia e attenti.<\/p>\n<p>Le aree pubbliche dell&#8217;hotel, tra cui il foyer, i nostri ristoranti e la terrazza all&#8217;aperto, possono anche essere rese private come decorazione per il tuo evento.<\/p>\n<p>&nbsp;<\/p>\n","protected":false},"excerpt":{"rendered":"<p>Vogliamo che il tuo evento a Bucarest sia un successo. Ecco perch\u00e9 offriamo tutto ci\u00f2 di cui hai bisogno per assicurarti che la tua opportunit\u00e0 sia memorabile per le giuste ragioni. I nostri ambasciatori Novotel saranno con voi dall&#8217;inizio alla fine. Ti aiuteremo a decidere il giusto concetto di evento, ci occuperemo di tutti i [&hellip;]<\/p>\n","protected":false},"author":26,"featured_media":0,"parent":0,"menu_order":50,"comment_status":"closed","ping_status":"closed","template":"template-meetings.php","meta":{"footnotes":""},"categories":[],"class_list":["post-331","page","type-page","status-publish","hentry"],"acf":[],"yoast_head":"<!-- This site is optimized with the Yoast SEO plugin v26.9 - https:\/\/yoast.com\/product\/yoast-seo-wordpress\/ -->\n<title>Riunioni ed Eventi | Novotel Bucharest City Centre<\/title>\n<meta name=\"description\" content=\"Organizza il tuo evento o riunione a Bucarest, nel nostro hotel a Calea Victoriei. Offriamo pianificazione dall\u2019inizio alla fine per eventi di tutte le dimensioni, realizzati in spazi moderni.\" \/>\n<meta name=\"robots\" content=\"index, follow, max-snippet:-1, max-image-preview:large, max-video-preview:-1\" \/>\n<link rel=\"canonical\" href=\"https:\/\/www.novotelbucharestcitycentre.com\/it\/riunioni-ed-eventi\/\" \/>\n<meta property=\"og:locale\" content=\"it_IT\" \/>\n<meta property=\"og:type\" content=\"article\" \/>\n<meta property=\"og:title\" content=\"Riunioni ed Eventi | Novotel Bucharest City Centre\" \/>\n<meta property=\"og:description\" content=\"Organizza il tuo evento o riunione a Bucarest, nel nostro hotel a Calea Victoriei. Offriamo pianificazione dall\u2019inizio alla fine per eventi di tutte le dimensioni, realizzati in spazi moderni.\" \/>\n<meta property=\"og:url\" content=\"https:\/\/www.novotelbucharestcitycentre.com\/it\/riunioni-ed-eventi\/\" \/>\n<meta property=\"og:site_name\" content=\"Novotel Bucarest City Centre SL\" \/>\n<meta property=\"article:modified_time\" content=\"2022-12-22T12:49:34+00:00\" \/>\n<meta name=\"twitter:card\" content=\"summary_large_image\" \/>\n<meta name=\"twitter:label1\" content=\"Tempo di lettura stimato\" \/>\n\t<meta name=\"twitter:data1\" content=\"1 minuto\" \/>\n<script type=\"application\/ld+json\" class=\"yoast-schema-graph\">{\"@context\":\"https:\/\/schema.org\",\"@graph\":[{\"@type\":\"WebPage\",\"@id\":\"https:\/\/www.novotelbucharestcitycentre.com\/it\/riunioni-ed-eventi\/\",\"url\":\"https:\/\/www.novotelbucharestcitycentre.com\/it\/riunioni-ed-eventi\/\",\"name\":\"Riunioni ed Eventi | Novotel Bucharest City Centre\",\"isPartOf\":{\"@id\":\"https:\/\/www.novotelbucharestcitycentre.com\/#website\"},\"datePublished\":\"2022-11-30T09:15:57+00:00\",\"dateModified\":\"2022-12-22T12:49:34+00:00\",\"description\":\"Organizza il tuo evento o riunione a Bucarest, nel nostro hotel a Calea Victoriei. Offriamo pianificazione dall\u2019inizio alla fine per eventi di tutte le dimensioni, realizzati in spazi moderni.\",\"breadcrumb\":{\"@id\":\"https:\/\/www.novotelbucharestcitycentre.com\/it\/riunioni-ed-eventi\/#breadcrumb\"},\"inLanguage\":\"it-IT\",\"potentialAction\":[{\"@type\":\"ReadAction\",\"target\":[\"https:\/\/www.novotelbucharestcitycentre.com\/it\/riunioni-ed-eventi\/\"]}]},{\"@type\":\"BreadcrumbList\",\"@id\":\"https:\/\/www.novotelbucharestcitycentre.com\/it\/riunioni-ed-eventi\/#breadcrumb\",\"itemListElement\":[{\"@type\":\"ListItem\",\"position\":1,\"name\":\"Home\",\"item\":\"https:\/\/www.novotelbucharestcitycentre.com\/it\/\"},{\"@type\":\"ListItem\",\"position\":2,\"name\":\"RIUNIONI ED EVENTI\"}]},{\"@type\":\"WebSite\",\"@id\":\"https:\/\/www.novotelbucharestcitycentre.com\/#website\",\"url\":\"https:\/\/www.novotelbucharestcitycentre.com\/\",\"name\":\"Novotel Bucarest City Centre SL\",\"description\":\"Just another D-Edge Accor V2 Sites Hosting site\",\"potentialAction\":[{\"@type\":\"SearchAction\",\"target\":{\"@type\":\"EntryPoint\",\"urlTemplate\":\"https:\/\/www.novotelbucharestcitycentre.com\/?s={search_term_string}\"},\"query-input\":{\"@type\":\"PropertyValueSpecification\",\"valueRequired\":true,\"valueName\":\"search_term_string\"}}],\"inLanguage\":\"it-IT\"}]}<\/script>\n<!-- \/ Yoast SEO plugin. -->","yoast_head_json":{"title":"Riunioni ed Eventi | Novotel Bucharest City Centre","description":"Organizza il tuo evento o riunione a Bucarest, nel nostro hotel a Calea Victoriei. Offriamo pianificazione dall\u2019inizio alla fine per eventi di tutte le dimensioni, realizzati in spazi moderni.","robots":{"index":"index","follow":"follow","max-snippet":"max-snippet:-1","max-image-preview":"max-image-preview:large","max-video-preview":"max-video-preview:-1"},"canonical":"https:\/\/www.novotelbucharestcitycentre.com\/it\/riunioni-ed-eventi\/","og_locale":"it_IT","og_type":"article","og_title":"Riunioni ed Eventi | Novotel Bucharest City Centre","og_description":"Organizza il tuo evento o riunione a Bucarest, nel nostro hotel a Calea Victoriei. Offriamo pianificazione dall\u2019inizio alla fine per eventi di tutte le dimensioni, realizzati in spazi moderni.","og_url":"https:\/\/www.novotelbucharestcitycentre.com\/it\/riunioni-ed-eventi\/","og_site_name":"Novotel Bucarest City Centre SL","article_modified_time":"2022-12-22T12:49:34+00:00","twitter_card":"summary_large_image","twitter_misc":{"Tempo di lettura stimato":"1 minuto"},"schema":{"@context":"https:\/\/schema.org","@graph":[{"@type":"WebPage","@id":"https:\/\/www.novotelbucharestcitycentre.com\/it\/riunioni-ed-eventi\/","url":"https:\/\/www.novotelbucharestcitycentre.com\/it\/riunioni-ed-eventi\/","name":"Riunioni ed Eventi | Novotel Bucharest City Centre","isPartOf":{"@id":"https:\/\/www.novotelbucharestcitycentre.com\/#website"},"datePublished":"2022-11-30T09:15:57+00:00","dateModified":"2022-12-22T12:49:34+00:00","description":"Organizza il tuo evento o riunione a Bucarest, nel nostro hotel a Calea Victoriei. Offriamo pianificazione dall\u2019inizio alla fine per eventi di tutte le dimensioni, realizzati in spazi moderni.","breadcrumb":{"@id":"https:\/\/www.novotelbucharestcitycentre.com\/it\/riunioni-ed-eventi\/#breadcrumb"},"inLanguage":"it-IT","potentialAction":[{"@type":"ReadAction","target":["https:\/\/www.novotelbucharestcitycentre.com\/it\/riunioni-ed-eventi\/"]}]},{"@type":"BreadcrumbList","@id":"https:\/\/www.novotelbucharestcitycentre.com\/it\/riunioni-ed-eventi\/#breadcrumb","itemListElement":[{"@type":"ListItem","position":1,"name":"Home","item":"https:\/\/www.novotelbucharestcitycentre.com\/it\/"},{"@type":"ListItem","position":2,"name":"RIUNIONI ED EVENTI"}]},{"@type":"WebSite","@id":"https:\/\/www.novotelbucharestcitycentre.com\/#website","url":"https:\/\/www.novotelbucharestcitycentre.com\/","name":"Novotel Bucarest City Centre SL","description":"Just another D-Edge Accor V2 Sites Hosting site","potentialAction":[{"@type":"SearchAction","target":{"@type":"EntryPoint","urlTemplate":"https:\/\/www.novotelbucharestcitycentre.com\/?s={search_term_string}"},"query-input":{"@type":"PropertyValueSpecification","valueRequired":true,"valueName":"search_term_string"}}],"inLanguage":"it-IT"}]}},"_links":{"self":[{"href":"https:\/\/www.novotelbucharestcitycentre.com\/it\/wp-json\/wp\/v2\/pages\/331","targetHints":{"allow":["GET"]}}],"collection":[{"href":"https:\/\/www.novotelbucharestcitycentre.com\/it\/wp-json\/wp\/v2\/pages"}],"about":[{"href":"https:\/\/www.novotelbucharestcitycentre.com\/it\/wp-json\/wp\/v2\/types\/page"}],"author":[{"embeddable":true,"href":"https:\/\/www.novotelbucharestcitycentre.com\/it\/wp-json\/wp\/v2\/users\/26"}],"replies":[{"embeddable":true,"href":"https:\/\/www.novotelbucharestcitycentre.com\/it\/wp-json\/wp\/v2\/comments?post=331"}],"version-history":[{"count":0,"href":"https:\/\/www.novotelbucharestcitycentre.com\/it\/wp-json\/wp\/v2\/pages\/331\/revisions"}],"wp:attachment":[{"href":"https:\/\/www.novotelbucharestcitycentre.com\/it\/wp-json\/wp\/v2\/media?parent=331"}],"wp:term":[{"taxonomy":"category","embeddable":true,"href":"https:\/\/www.novotelbucharestcitycentre.com\/it\/wp-json\/wp\/v2\/categories?post=331"}],"curies":[{"name":"wp","href":"https:\/\/api.w.org\/{rel}","templated":true}]}}