{"id":309,"date":"2022-11-29T16:15:04","date_gmt":"2022-11-29T16:15:04","guid":{"rendered":"https:\/\/novotelbucarest.accorv2prod.decms.eu\/restaurants-bars\/"},"modified":"2022-12-22T12:07:23","modified_gmt":"2022-12-22T12:07:23","slug":"ristoranti-e-bar","status":"publish","type":"page","link":"https:\/\/www.novotelbucharestcitycentre.com\/it\/ristoranti-e-bar\/","title":{"rendered":"RISTORANTI E BAR"},"content":{"rendered":"<p>Al Novotel Bucharest City Center crediamo che ci\u00f2 che mangi e bevi debba essere buono per il tuo corpo e buono per la tua anima.<\/p>\n<p>Colazione piena di tutta la vitalit\u00e0 della ricca campagna rumena. Le migliori scelte dalle nostre migliori cantine artigianali. Un caff\u00e8 profumato in una tranquilla pausa in una giornata intensa. Un pasto delizioso, sano, condiviso con la famiglia e gli amici&#8230;sappiamo che ogni boccone e ogni sorso conta.<\/p>\n","protected":false},"excerpt":{"rendered":"<p>Al Novotel Bucharest City Center crediamo che ci\u00f2 che mangi e bevi debba essere buono per il tuo corpo e buono per la tua anima. Colazione piena di tutta la vitalit\u00e0 della ricca campagna rumena. Le migliori scelte dalle nostre migliori cantine artigianali. Un caff\u00e8 profumato in una tranquilla pausa in una giornata intensa. Un [&hellip;]<\/p>\n","protected":false},"author":26,"featured_media":0,"parent":0,"menu_order":20,"comment_status":"closed","ping_status":"closed","template":"template-restaurants.php","meta":{"footnotes":""},"categories":[],"class_list":["post-309","page","type-page","status-publish","hentry"],"acf":[],"yoast_head":"<!-- This site is optimized with the Yoast SEO plugin v26.9 - https:\/\/yoast.com\/product\/yoast-seo-wordpress\/ -->\n<title>Ristoranti e Bar | Novotel Bucharest City Center | Hotel a 4 stelle<\/title>\n<meta name=\"description\" content=\"Il nostro bar e il ristorante vicino a Lipscani, a Bucarest, servono dei piatti sani e deliziosi e delle bevande in un ambiente luminoso e moderno. I vini rumeni sono una specialit\u00e0.\" \/>\n<meta name=\"robots\" content=\"index, follow, max-snippet:-1, max-image-preview:large, max-video-preview:-1\" \/>\n<link rel=\"canonical\" href=\"https:\/\/www.novotelbucharestcitycentre.com\/it\/ristoranti-e-bar\/\" \/>\n<meta property=\"og:locale\" content=\"it_IT\" \/>\n<meta property=\"og:type\" content=\"article\" \/>\n<meta property=\"og:title\" content=\"Ristoranti e Bar | Novotel Bucharest City Center | Hotel a 4 stelle\" \/>\n<meta property=\"og:description\" content=\"Il nostro bar e il ristorante vicino a Lipscani, a Bucarest, servono dei piatti sani e deliziosi e delle bevande in un ambiente luminoso e moderno. I vini rumeni sono una specialit\u00e0.\" \/>\n<meta property=\"og:url\" content=\"https:\/\/www.novotelbucharestcitycentre.com\/it\/ristoranti-e-bar\/\" \/>\n<meta property=\"og:site_name\" content=\"Novotel Bucarest City Centre SL\" \/>\n<meta property=\"article:modified_time\" content=\"2022-12-22T12:07:23+00:00\" \/>\n<meta name=\"twitter:card\" content=\"summary_large_image\" \/>\n<meta name=\"twitter:label1\" content=\"Tempo di lettura stimato\" \/>\n\t<meta name=\"twitter:data1\" content=\"1 minuto\" \/>\n<script type=\"application\/ld+json\" class=\"yoast-schema-graph\">{\"@context\":\"https:\/\/schema.org\",\"@graph\":[{\"@type\":\"WebPage\",\"@id\":\"https:\/\/www.novotelbucharestcitycentre.com\/it\/ristoranti-e-bar\/\",\"url\":\"https:\/\/www.novotelbucharestcitycentre.com\/it\/ristoranti-e-bar\/\",\"name\":\"Ristoranti e Bar | Novotel Bucharest City Center | Hotel a 4 stelle\",\"isPartOf\":{\"@id\":\"https:\/\/www.novotelbucharestcitycentre.com\/#website\"},\"datePublished\":\"2022-11-29T16:15:04+00:00\",\"dateModified\":\"2022-12-22T12:07:23+00:00\",\"description\":\"Il nostro bar e il ristorante vicino a Lipscani, a Bucarest, servono dei piatti sani e deliziosi e delle bevande in un ambiente luminoso e moderno. I vini rumeni sono una specialit\u00e0.\",\"breadcrumb\":{\"@id\":\"https:\/\/www.novotelbucharestcitycentre.com\/it\/ristoranti-e-bar\/#breadcrumb\"},\"inLanguage\":\"it-IT\",\"potentialAction\":[{\"@type\":\"ReadAction\",\"target\":[\"https:\/\/www.novotelbucharestcitycentre.com\/it\/ristoranti-e-bar\/\"]}]},{\"@type\":\"BreadcrumbList\",\"@id\":\"https:\/\/www.novotelbucharestcitycentre.com\/it\/ristoranti-e-bar\/#breadcrumb\",\"itemListElement\":[{\"@type\":\"ListItem\",\"position\":1,\"name\":\"Home\",\"item\":\"https:\/\/www.novotelbucharestcitycentre.com\/it\/\"},{\"@type\":\"ListItem\",\"position\":2,\"name\":\"RISTORANTI E BAR\"}]},{\"@type\":\"WebSite\",\"@id\":\"https:\/\/www.novotelbucharestcitycentre.com\/#website\",\"url\":\"https:\/\/www.novotelbucharestcitycentre.com\/\",\"name\":\"Novotel Bucarest City Centre SL\",\"description\":\"Just another D-Edge Accor V2 Sites Hosting site\",\"potentialAction\":[{\"@type\":\"SearchAction\",\"target\":{\"@type\":\"EntryPoint\",\"urlTemplate\":\"https:\/\/www.novotelbucharestcitycentre.com\/?s={search_term_string}\"},\"query-input\":{\"@type\":\"PropertyValueSpecification\",\"valueRequired\":true,\"valueName\":\"search_term_string\"}}],\"inLanguage\":\"it-IT\"}]}<\/script>\n<!-- \/ Yoast SEO plugin. -->","yoast_head_json":{"title":"Ristoranti e Bar | Novotel Bucharest City Center | Hotel a 4 stelle","description":"Il nostro bar e il ristorante vicino a Lipscani, a Bucarest, servono dei piatti sani e deliziosi e delle bevande in un ambiente luminoso e moderno. I vini rumeni sono una specialit\u00e0.","robots":{"index":"index","follow":"follow","max-snippet":"max-snippet:-1","max-image-preview":"max-image-preview:large","max-video-preview":"max-video-preview:-1"},"canonical":"https:\/\/www.novotelbucharestcitycentre.com\/it\/ristoranti-e-bar\/","og_locale":"it_IT","og_type":"article","og_title":"Ristoranti e Bar | Novotel Bucharest City Center | Hotel a 4 stelle","og_description":"Il nostro bar e il ristorante vicino a Lipscani, a Bucarest, servono dei piatti sani e deliziosi e delle bevande in un ambiente luminoso e moderno. I vini rumeni sono una specialit\u00e0.","og_url":"https:\/\/www.novotelbucharestcitycentre.com\/it\/ristoranti-e-bar\/","og_site_name":"Novotel Bucarest City Centre SL","article_modified_time":"2022-12-22T12:07:23+00:00","twitter_card":"summary_large_image","twitter_misc":{"Tempo di lettura stimato":"1 minuto"},"schema":{"@context":"https:\/\/schema.org","@graph":[{"@type":"WebPage","@id":"https:\/\/www.novotelbucharestcitycentre.com\/it\/ristoranti-e-bar\/","url":"https:\/\/www.novotelbucharestcitycentre.com\/it\/ristoranti-e-bar\/","name":"Ristoranti e Bar | Novotel Bucharest City Center | Hotel a 4 stelle","isPartOf":{"@id":"https:\/\/www.novotelbucharestcitycentre.com\/#website"},"datePublished":"2022-11-29T16:15:04+00:00","dateModified":"2022-12-22T12:07:23+00:00","description":"Il nostro bar e il ristorante vicino a Lipscani, a Bucarest, servono dei piatti sani e deliziosi e delle bevande in un ambiente luminoso e moderno. I vini rumeni sono una specialit\u00e0.","breadcrumb":{"@id":"https:\/\/www.novotelbucharestcitycentre.com\/it\/ristoranti-e-bar\/#breadcrumb"},"inLanguage":"it-IT","potentialAction":[{"@type":"ReadAction","target":["https:\/\/www.novotelbucharestcitycentre.com\/it\/ristoranti-e-bar\/"]}]},{"@type":"BreadcrumbList","@id":"https:\/\/www.novotelbucharestcitycentre.com\/it\/ristoranti-e-bar\/#breadcrumb","itemListElement":[{"@type":"ListItem","position":1,"name":"Home","item":"https:\/\/www.novotelbucharestcitycentre.com\/it\/"},{"@type":"ListItem","position":2,"name":"RISTORANTI E BAR"}]},{"@type":"WebSite","@id":"https:\/\/www.novotelbucharestcitycentre.com\/#website","url":"https:\/\/www.novotelbucharestcitycentre.com\/","name":"Novotel Bucarest City Centre SL","description":"Just another D-Edge Accor V2 Sites Hosting site","potentialAction":[{"@type":"SearchAction","target":{"@type":"EntryPoint","urlTemplate":"https:\/\/www.novotelbucharestcitycentre.com\/?s={search_term_string}"},"query-input":{"@type":"PropertyValueSpecification","valueRequired":true,"valueName":"search_term_string"}}],"inLanguage":"it-IT"}]}},"_links":{"self":[{"href":"https:\/\/www.novotelbucharestcitycentre.com\/it\/wp-json\/wp\/v2\/pages\/309","targetHints":{"allow":["GET"]}}],"collection":[{"href":"https:\/\/www.novotelbucharestcitycentre.com\/it\/wp-json\/wp\/v2\/pages"}],"about":[{"href":"https:\/\/www.novotelbucharestcitycentre.com\/it\/wp-json\/wp\/v2\/types\/page"}],"author":[{"embeddable":true,"href":"https:\/\/www.novotelbucharestcitycentre.com\/it\/wp-json\/wp\/v2\/users\/26"}],"replies":[{"embeddable":true,"href":"https:\/\/www.novotelbucharestcitycentre.com\/it\/wp-json\/wp\/v2\/comments?post=309"}],"version-history":[{"count":0,"href":"https:\/\/www.novotelbucharestcitycentre.com\/it\/wp-json\/wp\/v2\/pages\/309\/revisions"}],"wp:attachment":[{"href":"https:\/\/www.novotelbucharestcitycentre.com\/it\/wp-json\/wp\/v2\/media?parent=309"}],"wp:term":[{"taxonomy":"category","embeddable":true,"href":"https:\/\/www.novotelbucharestcitycentre.com\/it\/wp-json\/wp\/v2\/categories?post=309"}],"curies":[{"name":"wp","href":"https:\/\/api.w.org\/{rel}","templated":true}]}}