{"id":297,"date":"2022-11-29T16:07:27","date_gmt":"2022-11-29T16:07:27","guid":{"rendered":"https:\/\/novotelbucarest.accorv2prod.decms.eu\/camere-appartamenti\/novation-suite\/"},"modified":"2022-12-22T11:52:49","modified_gmt":"2022-12-22T11:52:49","slug":"appartamento-novation","status":"publish","type":"page","link":"https:\/\/www.novotelbucharestcitycentre.com\/it\/camere-appartamenti\/appartamento-novation\/","title":{"rendered":"APPARTAMENTO NOVATION"},"content":{"rendered":"<p>Stai cercando un po&#8217; pi\u00f9 di spazio e privacy durante il tuo soggiorno nel centro di Bucarest? L&#8217;hai trovato nel nostro spazioso appartamento Novation con vista sulla citt\u00e0, e una superficie di almeno 50 m\u00b2 un&#8217;esclusivit\u00e0 in pi\u00f9 su un piano dell&#8217;hotel dedicato esclusivamente agli appartamenti.<\/p>\n<p>Viaggi con la tua famiglia? L&#8217;ampio divano si trasforma in un comodo letto, mentre la spaziosa zona giorno elegantemente arredata e una camera da letto separata garantiscono a tutti la giusta combinazione di intimit\u00e0 e unit\u00e0. Combinare lavoro e piacere \u00e8 semplice con l&#8217;ampio spazio di lavoro e il Wi-Fi premium ad alta velocit\u00e0 &#8211; e c&#8217;\u00e8 una macchina per caff\u00e8 espresso a portata di mano quando \u00e8 necessaria un p\u00f2 di energia in pi\u00f9.<\/p>\n<p>Le bevande gratuite dal minibar, il parcheggio custodito gratuito e l\u2019uso gratuito della sala riunioni (in base alla disponibilit\u00e0) sono tra gli altri piccoli lussi che renderanno ancora pi\u00f9 piacevole il tuo soggiorno in un Appartamento Novation.<\/p>\n","protected":false},"excerpt":{"rendered":"<p>Stai cercando un po&#8217; pi\u00f9 di spazio e privacy durante il tuo soggiorno nel centro di Bucarest? L&#8217;hai trovato nel nostro spazioso appartamento Novation con vista sulla citt\u00e0, e una superficie di almeno 50 m\u00b2 un&#8217;esclusivit\u00e0 in pi\u00f9 su un piano dell&#8217;hotel dedicato esclusivamente agli appartamenti. Viaggi con la tua famiglia? L&#8217;ampio divano si trasforma [&hellip;]<\/p>\n","protected":false},"author":26,"featured_media":0,"parent":270,"menu_order":15,"comment_status":"closed","ping_status":"closed","template":"template-room.php","meta":{"footnotes":""},"categories":[55],"class_list":["post-297","page","type-page","status-publish","hentry","category-appartamento"],"acf":[],"yoast_head":"<!-- This site is optimized with the Yoast SEO plugin v26.9 - https:\/\/yoast.com\/product\/yoast-seo-wordpress\/ -->\n<title>Appartamento Novation | Novotel Bucharest City Center | Hotel a 4 stelle<\/title>\n<meta name=\"description\" content=\"Prenota uno spazioso appartamento Novation con area soggiorno separata, per una vacanza in famiglia a Bucarest, con vantaggi aggiuntivi, tra cui una macchina per caff\u00e8 espresso e parcheggio gratuito.\" \/>\n<meta name=\"robots\" content=\"index, follow, max-snippet:-1, max-image-preview:large, max-video-preview:-1\" \/>\n<link rel=\"canonical\" href=\"https:\/\/www.novotelbucharestcitycentre.com\/it\/camere-appartamenti\/appartamento-novation\/\" \/>\n<meta property=\"og:locale\" content=\"it_IT\" \/>\n<meta property=\"og:type\" content=\"article\" \/>\n<meta property=\"og:title\" content=\"Appartamento Novation | Novotel Bucharest City Center | Hotel a 4 stelle\" \/>\n<meta property=\"og:description\" content=\"Prenota uno spazioso appartamento Novation con area soggiorno separata, per una vacanza in famiglia a Bucarest, con vantaggi aggiuntivi, tra cui una macchina per caff\u00e8 espresso e parcheggio gratuito.\" \/>\n<meta property=\"og:url\" content=\"https:\/\/www.novotelbucharestcitycentre.com\/it\/camere-appartamenti\/appartamento-novation\/\" \/>\n<meta property=\"og:site_name\" content=\"Novotel Bucarest City Centre SL\" \/>\n<meta property=\"article:modified_time\" content=\"2022-12-22T11:52:49+00:00\" \/>\n<meta name=\"twitter:card\" content=\"summary_large_image\" \/>\n<meta name=\"twitter:label1\" content=\"Tempo di lettura stimato\" \/>\n\t<meta name=\"twitter:data1\" content=\"1 minuto\" \/>\n<script type=\"application\/ld+json\" class=\"yoast-schema-graph\">{\"@context\":\"https:\/\/schema.org\",\"@graph\":[{\"@type\":\"WebPage\",\"@id\":\"https:\/\/www.novotelbucharestcitycentre.com\/it\/camere-appartamenti\/appartamento-novation\/\",\"url\":\"https:\/\/www.novotelbucharestcitycentre.com\/it\/camere-appartamenti\/appartamento-novation\/\",\"name\":\"Appartamento Novation | Novotel Bucharest City Center | Hotel a 4 stelle\",\"isPartOf\":{\"@id\":\"https:\/\/www.novotelbucharestcitycentre.com\/#website\"},\"datePublished\":\"2022-11-29T16:07:27+00:00\",\"dateModified\":\"2022-12-22T11:52:49+00:00\",\"description\":\"Prenota uno spazioso appartamento Novation con area soggiorno separata, per una vacanza in famiglia a Bucarest, con vantaggi aggiuntivi, tra cui una macchina per caff\u00e8 espresso e parcheggio gratuito.\",\"breadcrumb\":{\"@id\":\"https:\/\/www.novotelbucharestcitycentre.com\/it\/camere-appartamenti\/appartamento-novation\/#breadcrumb\"},\"inLanguage\":\"it-IT\",\"potentialAction\":[{\"@type\":\"ReadAction\",\"target\":[\"https:\/\/www.novotelbucharestcitycentre.com\/it\/camere-appartamenti\/appartamento-novation\/\"]}]},{\"@type\":\"BreadcrumbList\",\"@id\":\"https:\/\/www.novotelbucharestcitycentre.com\/it\/camere-appartamenti\/appartamento-novation\/#breadcrumb\",\"itemListElement\":[{\"@type\":\"ListItem\",\"position\":1,\"name\":\"Home\",\"item\":\"https:\/\/www.novotelbucharestcitycentre.com\/it\/\"},{\"@type\":\"ListItem\",\"position\":2,\"name\":\"CAMERE &#038; APPARTAMENTI\",\"item\":\"https:\/\/www.novotelbucharestcitycentre.com\/it\/camere-appartamenti\/\"},{\"@type\":\"ListItem\",\"position\":3,\"name\":\"APPARTAMENTO NOVATION\"}]},{\"@type\":\"WebSite\",\"@id\":\"https:\/\/www.novotelbucharestcitycentre.com\/#website\",\"url\":\"https:\/\/www.novotelbucharestcitycentre.com\/\",\"name\":\"Novotel Bucarest City Centre SL\",\"description\":\"Just another D-Edge Accor V2 Sites Hosting site\",\"potentialAction\":[{\"@type\":\"SearchAction\",\"target\":{\"@type\":\"EntryPoint\",\"urlTemplate\":\"https:\/\/www.novotelbucharestcitycentre.com\/?s={search_term_string}\"},\"query-input\":{\"@type\":\"PropertyValueSpecification\",\"valueRequired\":true,\"valueName\":\"search_term_string\"}}],\"inLanguage\":\"it-IT\"}]}<\/script>\n<!-- \/ Yoast SEO plugin. -->","yoast_head_json":{"title":"Appartamento Novation | Novotel Bucharest City Center | Hotel a 4 stelle","description":"Prenota uno spazioso appartamento Novation con area soggiorno separata, per una vacanza in famiglia a Bucarest, con vantaggi aggiuntivi, tra cui una macchina per caff\u00e8 espresso e parcheggio gratuito.","robots":{"index":"index","follow":"follow","max-snippet":"max-snippet:-1","max-image-preview":"max-image-preview:large","max-video-preview":"max-video-preview:-1"},"canonical":"https:\/\/www.novotelbucharestcitycentre.com\/it\/camere-appartamenti\/appartamento-novation\/","og_locale":"it_IT","og_type":"article","og_title":"Appartamento Novation | Novotel Bucharest City Center | Hotel a 4 stelle","og_description":"Prenota uno spazioso appartamento Novation con area soggiorno separata, per una vacanza in famiglia a Bucarest, con vantaggi aggiuntivi, tra cui una macchina per caff\u00e8 espresso e parcheggio gratuito.","og_url":"https:\/\/www.novotelbucharestcitycentre.com\/it\/camere-appartamenti\/appartamento-novation\/","og_site_name":"Novotel Bucarest City Centre SL","article_modified_time":"2022-12-22T11:52:49+00:00","twitter_card":"summary_large_image","twitter_misc":{"Tempo di lettura stimato":"1 minuto"},"schema":{"@context":"https:\/\/schema.org","@graph":[{"@type":"WebPage","@id":"https:\/\/www.novotelbucharestcitycentre.com\/it\/camere-appartamenti\/appartamento-novation\/","url":"https:\/\/www.novotelbucharestcitycentre.com\/it\/camere-appartamenti\/appartamento-novation\/","name":"Appartamento Novation | Novotel Bucharest City Center | Hotel a 4 stelle","isPartOf":{"@id":"https:\/\/www.novotelbucharestcitycentre.com\/#website"},"datePublished":"2022-11-29T16:07:27+00:00","dateModified":"2022-12-22T11:52:49+00:00","description":"Prenota uno spazioso appartamento Novation con area soggiorno separata, per una vacanza in famiglia a Bucarest, con vantaggi aggiuntivi, tra cui una macchina per caff\u00e8 espresso e parcheggio gratuito.","breadcrumb":{"@id":"https:\/\/www.novotelbucharestcitycentre.com\/it\/camere-appartamenti\/appartamento-novation\/#breadcrumb"},"inLanguage":"it-IT","potentialAction":[{"@type":"ReadAction","target":["https:\/\/www.novotelbucharestcitycentre.com\/it\/camere-appartamenti\/appartamento-novation\/"]}]},{"@type":"BreadcrumbList","@id":"https:\/\/www.novotelbucharestcitycentre.com\/it\/camere-appartamenti\/appartamento-novation\/#breadcrumb","itemListElement":[{"@type":"ListItem","position":1,"name":"Home","item":"https:\/\/www.novotelbucharestcitycentre.com\/it\/"},{"@type":"ListItem","position":2,"name":"CAMERE &#038; APPARTAMENTI","item":"https:\/\/www.novotelbucharestcitycentre.com\/it\/camere-appartamenti\/"},{"@type":"ListItem","position":3,"name":"APPARTAMENTO NOVATION"}]},{"@type":"WebSite","@id":"https:\/\/www.novotelbucharestcitycentre.com\/#website","url":"https:\/\/www.novotelbucharestcitycentre.com\/","name":"Novotel Bucarest City Centre SL","description":"Just another D-Edge Accor V2 Sites Hosting site","potentialAction":[{"@type":"SearchAction","target":{"@type":"EntryPoint","urlTemplate":"https:\/\/www.novotelbucharestcitycentre.com\/?s={search_term_string}"},"query-input":{"@type":"PropertyValueSpecification","valueRequired":true,"valueName":"search_term_string"}}],"inLanguage":"it-IT"}]}},"_links":{"self":[{"href":"https:\/\/www.novotelbucharestcitycentre.com\/it\/wp-json\/wp\/v2\/pages\/297","targetHints":{"allow":["GET"]}}],"collection":[{"href":"https:\/\/www.novotelbucharestcitycentre.com\/it\/wp-json\/wp\/v2\/pages"}],"about":[{"href":"https:\/\/www.novotelbucharestcitycentre.com\/it\/wp-json\/wp\/v2\/types\/page"}],"author":[{"embeddable":true,"href":"https:\/\/www.novotelbucharestcitycentre.com\/it\/wp-json\/wp\/v2\/users\/26"}],"replies":[{"embeddable":true,"href":"https:\/\/www.novotelbucharestcitycentre.com\/it\/wp-json\/wp\/v2\/comments?post=297"}],"version-history":[{"count":0,"href":"https:\/\/www.novotelbucharestcitycentre.com\/it\/wp-json\/wp\/v2\/pages\/297\/revisions"}],"up":[{"embeddable":true,"href":"https:\/\/www.novotelbucharestcitycentre.com\/it\/wp-json\/wp\/v2\/pages\/270"}],"wp:attachment":[{"href":"https:\/\/www.novotelbucharestcitycentre.com\/it\/wp-json\/wp\/v2\/media?parent=297"}],"wp:term":[{"taxonomy":"category","embeddable":true,"href":"https:\/\/www.novotelbucharestcitycentre.com\/it\/wp-json\/wp\/v2\/categories?post=297"}],"curies":[{"name":"wp","href":"https:\/\/api.w.org\/{rel}","templated":true}]}}