{"id":287,"date":"2022-11-29T15:59:46","date_gmt":"2022-11-29T15:59:46","guid":{"rendered":"https:\/\/novotelbucarest.accorv2prod.decms.eu\/camere-appartamenti\/executive-room\/"},"modified":"2022-12-22T11:47:27","modified_gmt":"2022-12-22T11:47:27","slug":"camera-executive","status":"publish","type":"page","link":"https:\/\/www.novotelbucharestcitycentre.com\/it\/camere-appartamenti\/camera-executive\/","title":{"rendered":"CAMERA EXECUTIVE"},"content":{"rendered":"<p>Decorata in tonalit\u00e0 neutre evidenziate da tocchi di colori vivaci e attraenti murales, la camera Executive \u00e8 la sistemazione ideale a Bucarest per single o coppie in cerca di comfort extra.<br \/>\nUno spazio progettato in modo intelligente di almeno 24 m\u00b2 ti offre molto spazio per muoverti. La connettivit\u00e0 veloce e una macchina per caff\u00e8 espresso rendono il lavoro un piacere e l\u00ec troverai anche un comodo divano e delle bevande e spuntini gratuiti nel minibar, per il momento in cui ti devi rilassare.<\/p>\n<p>Vuoi saperne di pi\u00f9? Altri vantaggi offerti dalla camera Executive includono un letto queen-size, articoli da toeletta di alta qualit\u00e0, parcheggio custodito gratuito e uso gratuito della sala riunioni (in base alla disponibilit\u00e0).<\/p>\n","protected":false},"excerpt":{"rendered":"<p>Decorata in tonalit\u00e0 neutre evidenziate da tocchi di colori vivaci e attraenti murales, la camera Executive \u00e8 la sistemazione ideale a Bucarest per single o coppie in cerca di comfort extra. Uno spazio progettato in modo intelligente di almeno 24 m\u00b2 ti offre molto spazio per muoverti. La connettivit\u00e0 veloce e una macchina per caff\u00e8 [&hellip;]<\/p>\n","protected":false},"author":26,"featured_media":0,"parent":270,"menu_order":13,"comment_status":"closed","ping_status":"closed","template":"template-room.php","meta":{"footnotes":""},"categories":[51],"class_list":["post-287","page","type-page","status-publish","hentry","category-camere"],"acf":[],"yoast_head":"<!-- This site is optimized with the Yoast SEO plugin v26.9 - https:\/\/yoast.com\/product\/yoast-seo-wordpress\/ -->\n<title>Camera Executive | Novotel Bucharest City Center | Hotel a 4 stelle<\/title>\n<meta name=\"description\" content=\"Prenota una moderna camera Executive su Calea Victoriei e goditi i vantaggi, come un minibar gratuito e un parcheggio custodito sempre gratuito nel centro di Bucarest\" \/>\n<meta name=\"robots\" content=\"index, follow, max-snippet:-1, max-image-preview:large, max-video-preview:-1\" \/>\n<link rel=\"canonical\" href=\"https:\/\/www.novotelbucharestcitycentre.com\/it\/camere-appartamenti\/camera-executive\/\" \/>\n<meta property=\"og:locale\" content=\"it_IT\" \/>\n<meta property=\"og:type\" content=\"article\" \/>\n<meta property=\"og:title\" content=\"Camera Executive | Novotel Bucharest City Center | Hotel a 4 stelle\" \/>\n<meta property=\"og:description\" content=\"Prenota una moderna camera Executive su Calea Victoriei e goditi i vantaggi, come un minibar gratuito e un parcheggio custodito sempre gratuito nel centro di Bucarest\" \/>\n<meta property=\"og:url\" content=\"https:\/\/www.novotelbucharestcitycentre.com\/it\/camere-appartamenti\/camera-executive\/\" \/>\n<meta property=\"og:site_name\" content=\"Novotel Bucarest City Centre SL\" \/>\n<meta property=\"article:modified_time\" content=\"2022-12-22T11:47:27+00:00\" \/>\n<meta name=\"twitter:card\" content=\"summary_large_image\" \/>\n<meta name=\"twitter:label1\" content=\"Tempo di lettura stimato\" \/>\n\t<meta name=\"twitter:data1\" content=\"1 minuto\" \/>\n<script type=\"application\/ld+json\" class=\"yoast-schema-graph\">{\"@context\":\"https:\/\/schema.org\",\"@graph\":[{\"@type\":\"WebPage\",\"@id\":\"https:\/\/www.novotelbucharestcitycentre.com\/it\/camere-appartamenti\/camera-executive\/\",\"url\":\"https:\/\/www.novotelbucharestcitycentre.com\/it\/camere-appartamenti\/camera-executive\/\",\"name\":\"Camera Executive | Novotel Bucharest City Center | Hotel a 4 stelle\",\"isPartOf\":{\"@id\":\"https:\/\/www.novotelbucharestcitycentre.com\/#website\"},\"datePublished\":\"2022-11-29T15:59:46+00:00\",\"dateModified\":\"2022-12-22T11:47:27+00:00\",\"description\":\"Prenota una moderna camera Executive su Calea Victoriei e goditi i vantaggi, come un minibar gratuito e un parcheggio custodito sempre gratuito nel centro di Bucarest\",\"breadcrumb\":{\"@id\":\"https:\/\/www.novotelbucharestcitycentre.com\/it\/camere-appartamenti\/camera-executive\/#breadcrumb\"},\"inLanguage\":\"it-IT\",\"potentialAction\":[{\"@type\":\"ReadAction\",\"target\":[\"https:\/\/www.novotelbucharestcitycentre.com\/it\/camere-appartamenti\/camera-executive\/\"]}]},{\"@type\":\"BreadcrumbList\",\"@id\":\"https:\/\/www.novotelbucharestcitycentre.com\/it\/camere-appartamenti\/camera-executive\/#breadcrumb\",\"itemListElement\":[{\"@type\":\"ListItem\",\"position\":1,\"name\":\"Home\",\"item\":\"https:\/\/www.novotelbucharestcitycentre.com\/it\/\"},{\"@type\":\"ListItem\",\"position\":2,\"name\":\"CAMERE &#038; APPARTAMENTI\",\"item\":\"https:\/\/www.novotelbucharestcitycentre.com\/it\/camere-appartamenti\/\"},{\"@type\":\"ListItem\",\"position\":3,\"name\":\"CAMERA EXECUTIVE\"}]},{\"@type\":\"WebSite\",\"@id\":\"https:\/\/www.novotelbucharestcitycentre.com\/#website\",\"url\":\"https:\/\/www.novotelbucharestcitycentre.com\/\",\"name\":\"Novotel Bucarest City Centre SL\",\"description\":\"Just another D-Edge Accor V2 Sites Hosting site\",\"potentialAction\":[{\"@type\":\"SearchAction\",\"target\":{\"@type\":\"EntryPoint\",\"urlTemplate\":\"https:\/\/www.novotelbucharestcitycentre.com\/?s={search_term_string}\"},\"query-input\":{\"@type\":\"PropertyValueSpecification\",\"valueRequired\":true,\"valueName\":\"search_term_string\"}}],\"inLanguage\":\"it-IT\"}]}<\/script>\n<!-- \/ Yoast SEO plugin. -->","yoast_head_json":{"title":"Camera Executive | Novotel Bucharest City Center | Hotel a 4 stelle","description":"Prenota una moderna camera Executive su Calea Victoriei e goditi i vantaggi, come un minibar gratuito e un parcheggio custodito sempre gratuito nel centro di Bucarest","robots":{"index":"index","follow":"follow","max-snippet":"max-snippet:-1","max-image-preview":"max-image-preview:large","max-video-preview":"max-video-preview:-1"},"canonical":"https:\/\/www.novotelbucharestcitycentre.com\/it\/camere-appartamenti\/camera-executive\/","og_locale":"it_IT","og_type":"article","og_title":"Camera Executive | Novotel Bucharest City Center | Hotel a 4 stelle","og_description":"Prenota una moderna camera Executive su Calea Victoriei e goditi i vantaggi, come un minibar gratuito e un parcheggio custodito sempre gratuito nel centro di Bucarest","og_url":"https:\/\/www.novotelbucharestcitycentre.com\/it\/camere-appartamenti\/camera-executive\/","og_site_name":"Novotel Bucarest City Centre SL","article_modified_time":"2022-12-22T11:47:27+00:00","twitter_card":"summary_large_image","twitter_misc":{"Tempo di lettura stimato":"1 minuto"},"schema":{"@context":"https:\/\/schema.org","@graph":[{"@type":"WebPage","@id":"https:\/\/www.novotelbucharestcitycentre.com\/it\/camere-appartamenti\/camera-executive\/","url":"https:\/\/www.novotelbucharestcitycentre.com\/it\/camere-appartamenti\/camera-executive\/","name":"Camera Executive | Novotel Bucharest City Center | Hotel a 4 stelle","isPartOf":{"@id":"https:\/\/www.novotelbucharestcitycentre.com\/#website"},"datePublished":"2022-11-29T15:59:46+00:00","dateModified":"2022-12-22T11:47:27+00:00","description":"Prenota una moderna camera Executive su Calea Victoriei e goditi i vantaggi, come un minibar gratuito e un parcheggio custodito sempre gratuito nel centro di Bucarest","breadcrumb":{"@id":"https:\/\/www.novotelbucharestcitycentre.com\/it\/camere-appartamenti\/camera-executive\/#breadcrumb"},"inLanguage":"it-IT","potentialAction":[{"@type":"ReadAction","target":["https:\/\/www.novotelbucharestcitycentre.com\/it\/camere-appartamenti\/camera-executive\/"]}]},{"@type":"BreadcrumbList","@id":"https:\/\/www.novotelbucharestcitycentre.com\/it\/camere-appartamenti\/camera-executive\/#breadcrumb","itemListElement":[{"@type":"ListItem","position":1,"name":"Home","item":"https:\/\/www.novotelbucharestcitycentre.com\/it\/"},{"@type":"ListItem","position":2,"name":"CAMERE &#038; APPARTAMENTI","item":"https:\/\/www.novotelbucharestcitycentre.com\/it\/camere-appartamenti\/"},{"@type":"ListItem","position":3,"name":"CAMERA EXECUTIVE"}]},{"@type":"WebSite","@id":"https:\/\/www.novotelbucharestcitycentre.com\/#website","url":"https:\/\/www.novotelbucharestcitycentre.com\/","name":"Novotel Bucarest City Centre SL","description":"Just another D-Edge Accor V2 Sites Hosting site","potentialAction":[{"@type":"SearchAction","target":{"@type":"EntryPoint","urlTemplate":"https:\/\/www.novotelbucharestcitycentre.com\/?s={search_term_string}"},"query-input":{"@type":"PropertyValueSpecification","valueRequired":true,"valueName":"search_term_string"}}],"inLanguage":"it-IT"}]}},"_links":{"self":[{"href":"https:\/\/www.novotelbucharestcitycentre.com\/it\/wp-json\/wp\/v2\/pages\/287","targetHints":{"allow":["GET"]}}],"collection":[{"href":"https:\/\/www.novotelbucharestcitycentre.com\/it\/wp-json\/wp\/v2\/pages"}],"about":[{"href":"https:\/\/www.novotelbucharestcitycentre.com\/it\/wp-json\/wp\/v2\/types\/page"}],"author":[{"embeddable":true,"href":"https:\/\/www.novotelbucharestcitycentre.com\/it\/wp-json\/wp\/v2\/users\/26"}],"replies":[{"embeddable":true,"href":"https:\/\/www.novotelbucharestcitycentre.com\/it\/wp-json\/wp\/v2\/comments?post=287"}],"version-history":[{"count":0,"href":"https:\/\/www.novotelbucharestcitycentre.com\/it\/wp-json\/wp\/v2\/pages\/287\/revisions"}],"up":[{"embeddable":true,"href":"https:\/\/www.novotelbucharestcitycentre.com\/it\/wp-json\/wp\/v2\/pages\/270"}],"wp:attachment":[{"href":"https:\/\/www.novotelbucharestcitycentre.com\/it\/wp-json\/wp\/v2\/media?parent=287"}],"wp:term":[{"taxonomy":"category","embeddable":true,"href":"https:\/\/www.novotelbucharestcitycentre.com\/it\/wp-json\/wp\/v2\/categories?post=287"}],"curies":[{"name":"wp","href":"https:\/\/api.w.org\/{rel}","templated":true}]}}