{"id":685,"date":"2025-05-15T16:31:56","date_gmt":"2025-05-15T16:31:56","guid":{"rendered":"https:\/\/www.novotelbucharestcitycentre.com\/?page_id=685"},"modified":"2025-06-12T10:04:32","modified_gmt":"2025-06-12T10:04:32","slug":"sustainability","status":"publish","type":"page","link":"https:\/\/www.novotelbucharestcitycentre.com\/fr\/sustainability\/","title":{"rendered":"Durabilit\u00e9"},"content":{"rendered":"<p><img loading=\"lazy\" decoding=\"async\" class=\"aligncenter wp-image-719 size-large\" src=\"http:\/\/www.novotelbucharestcitycentre.com\/wp-content\/uploads\/sites\/26\/2025\/06\/Fara-titlu-15-x-5-cm-12-x-4-cm-1024x341.png\" alt=\"\" width=\"1024\" height=\"341\" srcset=\"https:\/\/www.novotelbucharestcitycentre.com\/wp-content\/uploads\/sites\/26\/2025\/06\/Fara-titlu-15-x-5-cm-12-x-4-cm-1024x341.png 1024w, https:\/\/www.novotelbucharestcitycentre.com\/wp-content\/uploads\/sites\/26\/2025\/06\/Fara-titlu-15-x-5-cm-12-x-4-cm-300x100.png 300w, https:\/\/www.novotelbucharestcitycentre.com\/wp-content\/uploads\/sites\/26\/2025\/06\/Fara-titlu-15-x-5-cm-12-x-4-cm-768x256.png 768w, https:\/\/www.novotelbucharestcitycentre.com\/wp-content\/uploads\/sites\/26\/2025\/06\/Fara-titlu-15-x-5-cm-12-x-4-cm-600x200.png 600w, https:\/\/www.novotelbucharestcitycentre.com\/wp-content\/uploads\/sites\/26\/2025\/06\/Fara-titlu-15-x-5-cm-12-x-4-cm-1000x333.png 1000w, https:\/\/www.novotelbucharestcitycentre.com\/wp-content\/uploads\/sites\/26\/2025\/06\/Fara-titlu-15-x-5-cm-12-x-4-cm.png 1417w\" sizes=\"auto, (max-width: 1024px) 100vw, 1024px\" \/><\/p>\n<p data-start=\"50\" data-end=\"307\">Au <strong data-start=\"53\" data-end=\"86\">Novotel Bucharest City Centre<\/strong>, nous croyons que l\u2019hospitalit\u00e9 et la durabilit\u00e9 vont de pair. Nous nous engageons \u00e0 avoir un impact positif sur l\u2019environnement et sur notre communaut\u00e9 locale en int\u00e9grant des pratiques durables dans toutes nos actions.<\/p>\n<p data-start=\"309\" data-end=\"697\"><strong data-start=\"309\" data-end=\"363\">Fiers r\u00e9cipiendaires de la certification Green Key<\/strong><br data-start=\"363\" data-end=\"366\" \/>Nous sommes honor\u00e9s d\u2019avoir re\u00e7u la prestigieuse certification Green Key, une r\u00e9f\u00e9rence d\u2019excellence en mati\u00e8re de responsabilit\u00e9 environnementale et de gestion durable dans le secteur du tourisme. Cette reconnaissance refl\u00e8te nos efforts constants pour r\u00e9pondre aux plus hauts standards de durabilit\u00e9 et d\u2019hospitalit\u00e9 responsable.<\/p>\n<p data-start=\"699\" data-end=\"1078\"><strong data-start=\"699\" data-end=\"743\">Nos six piliers du d\u00e9veloppement durable<\/strong><br data-start=\"743\" data-end=\"746\" \/>Nous guidons notre d\u00e9marche \u00e0 travers six piliers fondamentaux qui orientent nos objectifs et mesurent nos progr\u00e8s dans les domaines suivants :<br \/>\n\u2022 Durabilit\u00e9 environnementale<br data-start=\"919\" data-end=\"922\" \/>\u2022 Inclusion sociale<br data-start=\"941\" data-end=\"944\" \/>\u2022 Achats responsables<br data-start=\"965\" data-end=\"968\" \/>\u2022 Circularit\u00e9 et gestion des d\u00e9chets<br data-start=\"1004\" data-end=\"1007\" \/>\u2022 Engagement des clients<br data-start=\"1031\" data-end=\"1034\" \/>\u2022 Autonomisation et \u00e9ducation des employ\u00e9s<\/p>\n<p data-start=\"1080\" data-end=\"1202\">Ces piliers ne sont pas de simples principes \u2013 ils fa\u00e7onnent nos actions quotidiennes ainsi que notre vision \u00e0 long terme.<\/p>\n<p data-start=\"1204\" data-end=\"1562\"><strong data-start=\"1204\" data-end=\"1235\">Regard tourn\u00e9 vers l\u2019avenir<\/strong><br data-start=\"1235\" data-end=\"1238\" \/>Le d\u00e9veloppement durable est un voyage, et nous sommes fiers de faire partie d\u2019un mouvement mondial men\u00e9 par Accor pour b\u00e2tir un avenir plus responsable dans l\u2019h\u00f4tellerie. Que vous soyez ici pour affaires ou pour loisirs, votre exp\u00e9rience au Novotel Bucharest City Centre respecte la plan\u00e8te et soutient les valeurs locales.<\/p>\n<p data-start=\"1564\" data-end=\"1610\"><strong data-start=\"1564\" data-end=\"1610\">Ensemble, construisons un avenir meilleur.<\/strong><\/p>\n<div id=\"attachment_673\" style=\"width: 1034px\" class=\"wp-caption aligncenter\"><img loading=\"lazy\" decoding=\"async\" aria-describedby=\"caption-attachment-673\" class=\"size-large wp-image-673\" src=\"http:\/\/www.novotelbucharestcitycentre.com\/wp-content\/uploads\/sites\/26\/2025\/05\/elderly-person-children-holding-plant-1024x685.jpg\" alt=\"Sustainability\" width=\"1024\" height=\"685\" srcset=\"https:\/\/www.novotelbucharestcitycentre.com\/wp-content\/uploads\/sites\/26\/2025\/05\/elderly-person-children-holding-plant-1024x685.jpg 1024w, https:\/\/www.novotelbucharestcitycentre.com\/wp-content\/uploads\/sites\/26\/2025\/05\/elderly-person-children-holding-plant-300x201.jpg 300w, https:\/\/www.novotelbucharestcitycentre.com\/wp-content\/uploads\/sites\/26\/2025\/05\/elderly-person-children-holding-plant-768x514.jpg 768w, https:\/\/www.novotelbucharestcitycentre.com\/wp-content\/uploads\/sites\/26\/2025\/05\/elderly-person-children-holding-plant-1536x1028.jpg 1536w, https:\/\/www.novotelbucharestcitycentre.com\/wp-content\/uploads\/sites\/26\/2025\/05\/elderly-person-children-holding-plant-2048x1370.jpg 2048w, https:\/\/www.novotelbucharestcitycentre.com\/wp-content\/uploads\/sites\/26\/2025\/05\/elderly-person-children-holding-plant-600x401.jpg 600w, https:\/\/www.novotelbucharestcitycentre.com\/wp-content\/uploads\/sites\/26\/2025\/05\/elderly-person-children-holding-plant-1000x669.jpg 1000w\" sizes=\"auto, (max-width: 1024px) 100vw, 1024px\" \/><p id=\"caption-attachment-673\" class=\"wp-caption-text\">A small tree growing with soil forwarded or delivered between the hands of the elderly and children with the green forest background. Showed the care for the environment with sustainable development.<\/p><\/div>\n","protected":false},"excerpt":{"rendered":"<p>Au Novotel Bucharest City Centre, nous croyons que l\u2019hospitalit\u00e9 et la durabilit\u00e9 vont de pair. Nous nous engageons \u00e0 avoir un impact positif sur l\u2019environnement et sur notre communaut\u00e9 locale en int\u00e9grant des pratiques durables dans toutes nos actions. Fiers r\u00e9cipiendaires de la certification Green KeyNous sommes honor\u00e9s d\u2019avoir re\u00e7u la prestigieuse certification Green Key, [&hellip;]<\/p>\n","protected":false},"author":73,"featured_media":0,"parent":0,"menu_order":0,"comment_status":"closed","ping_status":"closed","template":"","meta":{"footnotes":""},"categories":[],"class_list":["post-685","page","type-page","status-publish","hentry"],"acf":[],"yoast_head":"<!-- This site is optimized with the Yoast SEO plugin v26.9 - https:\/\/yoast.com\/product\/yoast-seo-wordpress\/ -->\n<title>Durabilit\u00e9 - Novotel Bucarest City Centre SL<\/title>\n<meta name=\"robots\" content=\"index, follow, max-snippet:-1, max-image-preview:large, max-video-preview:-1\" \/>\n<link rel=\"canonical\" href=\"https:\/\/www.novotelbucharestcitycentre.com\/fr\/sustainability\/\" \/>\n<meta property=\"og:locale\" content=\"fr_FR\" \/>\n<meta property=\"og:type\" content=\"article\" \/>\n<meta property=\"og:title\" content=\"Durabilit\u00e9 - Novotel Bucarest City Centre SL\" \/>\n<meta property=\"og:description\" content=\"Au Novotel Bucharest City Centre, nous croyons que l\u2019hospitalit\u00e9 et la durabilit\u00e9 vont de pair. Nous nous engageons \u00e0 avoir un impact positif sur l\u2019environnement et sur notre communaut\u00e9 locale en int\u00e9grant des pratiques durables dans toutes nos actions. Fiers r\u00e9cipiendaires de la certification Green KeyNous sommes honor\u00e9s d\u2019avoir re\u00e7u la prestigieuse certification Green Key, [&hellip;]\" \/>\n<meta property=\"og:url\" content=\"https:\/\/www.novotelbucharestcitycentre.com\/fr\/sustainability\/\" \/>\n<meta property=\"og:site_name\" content=\"Novotel Bucarest City Centre SL\" \/>\n<meta property=\"article:modified_time\" content=\"2025-06-12T10:04:32+00:00\" \/>\n<meta property=\"og:image\" content=\"https:\/\/www.novotelbucharestcitycentre.com\/wp-content\/uploads\/sites\/26\/2025\/06\/Fara-titlu-15-x-5-cm-12-x-4-cm.png\" \/>\n\t<meta property=\"og:image:width\" content=\"1417\" \/>\n\t<meta property=\"og:image:height\" content=\"472\" \/>\n\t<meta property=\"og:image:type\" content=\"image\/png\" \/>\n<meta name=\"twitter:card\" content=\"summary_large_image\" \/>\n<meta name=\"twitter:label1\" content=\"Dur\u00e9e de lecture est.\" \/>\n\t<meta name=\"twitter:data1\" content=\"1 minute\" \/>\n<script type=\"application\/ld+json\" class=\"yoast-schema-graph\">{\"@context\":\"https:\/\/schema.org\",\"@graph\":[{\"@type\":\"WebPage\",\"@id\":\"https:\/\/www.novotelbucharestcitycentre.com\/fr\/sustainability\/\",\"url\":\"https:\/\/www.novotelbucharestcitycentre.com\/fr\/sustainability\/\",\"name\":\"Durabilit\u00e9 - Novotel Bucarest City Centre SL\",\"isPartOf\":{\"@id\":\"https:\/\/www.novotelbucharestcitycentre.com\/#website\"},\"primaryImageOfPage\":{\"@id\":\"https:\/\/www.novotelbucharestcitycentre.com\/fr\/sustainability\/#primaryimage\"},\"image\":{\"@id\":\"https:\/\/www.novotelbucharestcitycentre.com\/fr\/sustainability\/#primaryimage\"},\"thumbnailUrl\":\"http:\/\/www.novotelbucharestcitycentre.com\/wp-content\/uploads\/sites\/26\/2025\/06\/Fara-titlu-15-x-5-cm-12-x-4-cm-1024x341.png\",\"datePublished\":\"2025-05-15T16:31:56+00:00\",\"dateModified\":\"2025-06-12T10:04:32+00:00\",\"breadcrumb\":{\"@id\":\"https:\/\/www.novotelbucharestcitycentre.com\/fr\/sustainability\/#breadcrumb\"},\"inLanguage\":\"fr-FR\",\"potentialAction\":[{\"@type\":\"ReadAction\",\"target\":[\"https:\/\/www.novotelbucharestcitycentre.com\/fr\/sustainability\/\"]}]},{\"@type\":\"ImageObject\",\"inLanguage\":\"fr-FR\",\"@id\":\"https:\/\/www.novotelbucharestcitycentre.com\/fr\/sustainability\/#primaryimage\",\"url\":\"http:\/\/www.novotelbucharestcitycentre.com\/wp-content\/uploads\/sites\/26\/2025\/06\/Fara-titlu-15-x-5-cm-12-x-4-cm-1024x341.png\",\"contentUrl\":\"http:\/\/www.novotelbucharestcitycentre.com\/wp-content\/uploads\/sites\/26\/2025\/06\/Fara-titlu-15-x-5-cm-12-x-4-cm-1024x341.png\"},{\"@type\":\"BreadcrumbList\",\"@id\":\"https:\/\/www.novotelbucharestcitycentre.com\/fr\/sustainability\/#breadcrumb\",\"itemListElement\":[{\"@type\":\"ListItem\",\"position\":1,\"name\":\"Home\",\"item\":\"https:\/\/www.novotelbucharestcitycentre.com\/fr\/\"},{\"@type\":\"ListItem\",\"position\":2,\"name\":\"Durabilit\u00e9\"}]},{\"@type\":\"WebSite\",\"@id\":\"https:\/\/www.novotelbucharestcitycentre.com\/#website\",\"url\":\"https:\/\/www.novotelbucharestcitycentre.com\/\",\"name\":\"Novotel Bucarest City Centre SL\",\"description\":\"Just another D-Edge Accor V2 Sites Hosting site\",\"potentialAction\":[{\"@type\":\"SearchAction\",\"target\":{\"@type\":\"EntryPoint\",\"urlTemplate\":\"https:\/\/www.novotelbucharestcitycentre.com\/?s={search_term_string}\"},\"query-input\":{\"@type\":\"PropertyValueSpecification\",\"valueRequired\":true,\"valueName\":\"search_term_string\"}}],\"inLanguage\":\"fr-FR\"}]}<\/script>\n<!-- \/ Yoast SEO plugin. -->","yoast_head_json":{"title":"Durabilit\u00e9 - Novotel Bucarest City Centre SL","robots":{"index":"index","follow":"follow","max-snippet":"max-snippet:-1","max-image-preview":"max-image-preview:large","max-video-preview":"max-video-preview:-1"},"canonical":"https:\/\/www.novotelbucharestcitycentre.com\/fr\/sustainability\/","og_locale":"fr_FR","og_type":"article","og_title":"Durabilit\u00e9 - Novotel Bucarest City Centre SL","og_description":"Au Novotel Bucharest City Centre, nous croyons que l\u2019hospitalit\u00e9 et la durabilit\u00e9 vont de pair. Nous nous engageons \u00e0 avoir un impact positif sur l\u2019environnement et sur notre communaut\u00e9 locale en int\u00e9grant des pratiques durables dans toutes nos actions. Fiers r\u00e9cipiendaires de la certification Green KeyNous sommes honor\u00e9s d\u2019avoir re\u00e7u la prestigieuse certification Green Key, [&hellip;]","og_url":"https:\/\/www.novotelbucharestcitycentre.com\/fr\/sustainability\/","og_site_name":"Novotel Bucarest City Centre SL","article_modified_time":"2025-06-12T10:04:32+00:00","og_image":[{"width":1417,"height":472,"url":"https:\/\/www.novotelbucharestcitycentre.com\/wp-content\/uploads\/sites\/26\/2025\/06\/Fara-titlu-15-x-5-cm-12-x-4-cm.png","type":"image\/png"}],"twitter_card":"summary_large_image","twitter_misc":{"Dur\u00e9e de lecture est.":"1 minute"},"schema":{"@context":"https:\/\/schema.org","@graph":[{"@type":"WebPage","@id":"https:\/\/www.novotelbucharestcitycentre.com\/fr\/sustainability\/","url":"https:\/\/www.novotelbucharestcitycentre.com\/fr\/sustainability\/","name":"Durabilit\u00e9 - Novotel Bucarest City Centre SL","isPartOf":{"@id":"https:\/\/www.novotelbucharestcitycentre.com\/#website"},"primaryImageOfPage":{"@id":"https:\/\/www.novotelbucharestcitycentre.com\/fr\/sustainability\/#primaryimage"},"image":{"@id":"https:\/\/www.novotelbucharestcitycentre.com\/fr\/sustainability\/#primaryimage"},"thumbnailUrl":"http:\/\/www.novotelbucharestcitycentre.com\/wp-content\/uploads\/sites\/26\/2025\/06\/Fara-titlu-15-x-5-cm-12-x-4-cm-1024x341.png","datePublished":"2025-05-15T16:31:56+00:00","dateModified":"2025-06-12T10:04:32+00:00","breadcrumb":{"@id":"https:\/\/www.novotelbucharestcitycentre.com\/fr\/sustainability\/#breadcrumb"},"inLanguage":"fr-FR","potentialAction":[{"@type":"ReadAction","target":["https:\/\/www.novotelbucharestcitycentre.com\/fr\/sustainability\/"]}]},{"@type":"ImageObject","inLanguage":"fr-FR","@id":"https:\/\/www.novotelbucharestcitycentre.com\/fr\/sustainability\/#primaryimage","url":"http:\/\/www.novotelbucharestcitycentre.com\/wp-content\/uploads\/sites\/26\/2025\/06\/Fara-titlu-15-x-5-cm-12-x-4-cm-1024x341.png","contentUrl":"http:\/\/www.novotelbucharestcitycentre.com\/wp-content\/uploads\/sites\/26\/2025\/06\/Fara-titlu-15-x-5-cm-12-x-4-cm-1024x341.png"},{"@type":"BreadcrumbList","@id":"https:\/\/www.novotelbucharestcitycentre.com\/fr\/sustainability\/#breadcrumb","itemListElement":[{"@type":"ListItem","position":1,"name":"Home","item":"https:\/\/www.novotelbucharestcitycentre.com\/fr\/"},{"@type":"ListItem","position":2,"name":"Durabilit\u00e9"}]},{"@type":"WebSite","@id":"https:\/\/www.novotelbucharestcitycentre.com\/#website","url":"https:\/\/www.novotelbucharestcitycentre.com\/","name":"Novotel Bucarest City Centre SL","description":"Just another D-Edge Accor V2 Sites Hosting site","potentialAction":[{"@type":"SearchAction","target":{"@type":"EntryPoint","urlTemplate":"https:\/\/www.novotelbucharestcitycentre.com\/?s={search_term_string}"},"query-input":{"@type":"PropertyValueSpecification","valueRequired":true,"valueName":"search_term_string"}}],"inLanguage":"fr-FR"}]}},"_links":{"self":[{"href":"https:\/\/www.novotelbucharestcitycentre.com\/fr\/wp-json\/wp\/v2\/pages\/685","targetHints":{"allow":["GET"]}}],"collection":[{"href":"https:\/\/www.novotelbucharestcitycentre.com\/fr\/wp-json\/wp\/v2\/pages"}],"about":[{"href":"https:\/\/www.novotelbucharestcitycentre.com\/fr\/wp-json\/wp\/v2\/types\/page"}],"author":[{"embeddable":true,"href":"https:\/\/www.novotelbucharestcitycentre.com\/fr\/wp-json\/wp\/v2\/users\/73"}],"replies":[{"embeddable":true,"href":"https:\/\/www.novotelbucharestcitycentre.com\/fr\/wp-json\/wp\/v2\/comments?post=685"}],"version-history":[{"count":0,"href":"https:\/\/www.novotelbucharestcitycentre.com\/fr\/wp-json\/wp\/v2\/pages\/685\/revisions"}],"wp:attachment":[{"href":"https:\/\/www.novotelbucharestcitycentre.com\/fr\/wp-json\/wp\/v2\/media?parent=685"}],"wp:term":[{"taxonomy":"category","embeddable":true,"href":"https:\/\/www.novotelbucharestcitycentre.com\/fr\/wp-json\/wp\/v2\/categories?post=685"}],"curies":[{"name":"wp","href":"https:\/\/api.w.org\/{rel}","templated":true}]}}