{"id":386,"date":"2022-11-09T14:38:26","date_gmt":"2022-11-09T14:38:26","guid":{"rendered":"https:\/\/novotelbucarest.accorv2prod.decms.eu\/novotel-bucharest-city-centre\/"},"modified":"2022-12-22T13:40:45","modified_gmt":"2022-12-22T13:40:45","slug":"novotel-bucharest-city-centre","status":"publish","type":"page","link":"https:\/\/www.novotelbucharestcitycentre.com\/fr\/","title":{"rendered":"NOVOTEL BUCHAREST CITY CENTRE"},"content":{"rendered":"\r\n<p>A deux pas du vieux-centre Lipscani sur Calea Victoriei, le plus prestigieux boulevard de la ville, Novotel Bucharest City Center se hisse derri\u00e8re la fa\u00e7ade n\u00e9oclassique impressionnante de l\u2019ancien Th\u00e9\u00e2tre National de Roumanie, un rep\u00e8re architectural. P\u00e9n\u00e9trez dans notre hall vibrant et moderne et vous pouvez b\u00e9n\u00e9ficier d\u2019un check-in rapide et d\u2019un accueil qui combine la chaleur traditionnelle roumaine et l\u2019hospitalit\u00e9 de l\u2019enseigne Novotel.<\/p>\r\n<p>Les 258 <a href=\"\/fr\/chambres-appartements\/\">chambres et appartements<\/a> de notre h\u00f4tel 4 \u00e9toiles situ\u00e9 au centre-ville de Bucarest mettent l\u2019accent sur votre confort et votre bien-\u00eatre. Ils offrent un concept attentif, intuitif et des facilit\u00e9s premium, une vue sur Calea Victoriei ou sur la ville et un WiFi gratuit \u00e0 grande vitesse, tel que vous puissiez rester connect\u00e9 tant que vous voulez. Et parce que la famille est votre univers, les enfants de moins de 16 ans seront h\u00e9berg\u00e9s dans la chambre des parents et prendront un petit d\u00e9jeuner gratuit, et vous allez \u00e9conomiser 50% pour la deuxi\u00e8me chambre r\u00e9serv\u00e9e pour les enfants.<\/p>\r\n<p>Votre s\u00e9jour \u00e0 Bucarest commence avec un petit d\u00e9jeuner d\u00e9licieux et \u00e9nergisant, avec des d\u00e9licatesses provenant des fermes, du paysage rural fertile directement sur la table, un petit d\u00e9jeuner offert dans notre restaurant tr\u00e8s \u00e9clair\u00e9 <a href=\"\/fr\/restaurants-et-bars\/teatro\/\">Teatro<\/a>. Savourez les vins maison provenant des meilleurs vignobles de type boutique de Roumanie, avec la cuisine locale et globale cr\u00e9ative, chez <a href=\"\/fr\/restaurants-et-bars\/winestone\/\">Winestone<\/a>, le meilleur resto-bar de Bucarest.<\/p>\r\n<p>Votre <a href=\"\/fr\/reunions-et-evenements\/\">\u00e9v\u00e9nement<\/a> de Bucarest \u2013 qu\u2019il s\u2019agisse d\u2019une conf\u00e9rence ou dune r\u00e9union de conseil, d\u2019un cocktail ou des noces \u2013 se d\u00e9roulera sans probl\u00e8mes \u00e0 l\u2019aide de notre \u00e9quipe d\u2019Ambassadeurs Novotel. Et vous trouverez l\u2019emplacement parfaitement adapt\u00e9 \u00e0 vos besoins, \u00e0 partir de l\u2019amphith\u00e9\u00e2tre et de la salle de bal Paris jusqu\u2019\u00e0 notre foyer \u00e9l\u00e9gant et des salles de r\u00e9union compl\u00e8tement \u00e9quip\u00e9es.<\/p>\r\n","protected":false},"excerpt":{"rendered":"<p>A deux pas du vieux-centre Lipscani sur Calea Victoriei, le plus prestigieux boulevard de la ville, Novotel Bucharest City Center se hisse derri\u00e8re la fa\u00e7ade n\u00e9oclassique impressionnante de l\u2019ancien Th\u00e9\u00e2tre National de Roumanie, un rep\u00e8re architectural. P\u00e9n\u00e9trez dans notre hall vibrant et moderne et vous pouvez b\u00e9n\u00e9ficier d\u2019un check-in rapide et d\u2019un accueil qui combine [&hellip;]<\/p>\n","protected":false},"author":26,"featured_media":0,"parent":0,"menu_order":0,"comment_status":"closed","ping_status":"closed","template":"","meta":{"footnotes":""},"categories":[],"class_list":["post-386","page","type-page","status-publish","hentry"],"acf":[],"yoast_head":"<!-- This site is optimized with the Yoast SEO plugin v26.9 - https:\/\/yoast.com\/product\/yoast-seo-wordpress\/ -->\n<title>Page officielle d\u2019accueil | Novotel Bucharest City Center | H\u00f4tel 4 \u00e9toiles<\/title>\n<meta name=\"description\" content=\"Soyez les bienvenus \u00e0 notre h\u00f4tel moderne pour les vacances et les affaires, pr\u00e8s du centre-ville Lipscani, au c\u0153ur de Bucarest. R\u00e9servez des chambres et des appartements \u00e9l\u00e9gants sur Calea Victoriei.\" \/>\n<meta name=\"robots\" content=\"index, follow, max-snippet:-1, max-image-preview:large, max-video-preview:-1\" \/>\n<link rel=\"canonical\" href=\"https:\/\/www.novotelbucharestcitycentre.com\/fr\/\" \/>\n<meta property=\"og:locale\" content=\"fr_FR\" \/>\n<meta property=\"og:type\" content=\"article\" \/>\n<meta property=\"og:title\" content=\"Page officielle d\u2019accueil | Novotel Bucharest City Center | H\u00f4tel 4 \u00e9toiles\" \/>\n<meta property=\"og:description\" content=\"Soyez les bienvenus \u00e0 notre h\u00f4tel moderne pour les vacances et les affaires, pr\u00e8s du centre-ville Lipscani, au c\u0153ur de Bucarest. R\u00e9servez des chambres et des appartements \u00e9l\u00e9gants sur Calea Victoriei.\" \/>\n<meta property=\"og:url\" content=\"https:\/\/www.novotelbucharestcitycentre.com\/fr\/\" \/>\n<meta property=\"og:site_name\" content=\"Novotel Bucarest City Centre SL\" \/>\n<meta property=\"article:modified_time\" content=\"2022-12-22T13:40:45+00:00\" \/>\n<meta name=\"twitter:card\" content=\"summary_large_image\" \/>\n<meta name=\"twitter:label1\" content=\"Dur\u00e9e de lecture est.\" \/>\n\t<meta name=\"twitter:data1\" content=\"2 minutes\" \/>\n<script type=\"application\/ld+json\" class=\"yoast-schema-graph\">{\"@context\":\"https:\/\/schema.org\",\"@graph\":[{\"@type\":\"WebPage\",\"@id\":\"https:\/\/www.novotelbucharestcitycentre.com\/fr\/\",\"url\":\"https:\/\/www.novotelbucharestcitycentre.com\/fr\/\",\"name\":\"Page officielle d\u2019accueil | Novotel Bucharest City Center | H\u00f4tel 4 \u00e9toiles\",\"isPartOf\":{\"@id\":\"https:\/\/www.novotelbucharestcitycentre.com\/#website\"},\"datePublished\":\"2022-11-09T14:38:26+00:00\",\"dateModified\":\"2022-12-22T13:40:45+00:00\",\"description\":\"Soyez les bienvenus \u00e0 notre h\u00f4tel moderne pour les vacances et les affaires, pr\u00e8s du centre-ville Lipscani, au c\u0153ur de Bucarest. R\u00e9servez des chambres et des appartements \u00e9l\u00e9gants sur Calea Victoriei.\",\"breadcrumb\":{\"@id\":\"https:\/\/www.novotelbucharestcitycentre.com\/fr\/#breadcrumb\"},\"inLanguage\":\"fr-FR\",\"potentialAction\":[{\"@type\":\"ReadAction\",\"target\":[\"https:\/\/www.novotelbucharestcitycentre.com\/fr\/\"]}]},{\"@type\":\"BreadcrumbList\",\"@id\":\"https:\/\/www.novotelbucharestcitycentre.com\/fr\/#breadcrumb\",\"itemListElement\":[{\"@type\":\"ListItem\",\"position\":1,\"name\":\"Home\",\"item\":\"https:\/\/www.novotelbucharestcitycentre.com\/fr\/\"},{\"@type\":\"ListItem\",\"position\":2,\"name\":\"NOVOTEL BUCHAREST CITY CENTRE\"}]},{\"@type\":\"WebSite\",\"@id\":\"https:\/\/www.novotelbucharestcitycentre.com\/#website\",\"url\":\"https:\/\/www.novotelbucharestcitycentre.com\/\",\"name\":\"Novotel Bucarest City Centre SL\",\"description\":\"Just another D-Edge Accor V2 Sites Hosting site\",\"potentialAction\":[{\"@type\":\"SearchAction\",\"target\":{\"@type\":\"EntryPoint\",\"urlTemplate\":\"https:\/\/www.novotelbucharestcitycentre.com\/?s={search_term_string}\"},\"query-input\":{\"@type\":\"PropertyValueSpecification\",\"valueRequired\":true,\"valueName\":\"search_term_string\"}}],\"inLanguage\":\"fr-FR\"}]}<\/script>\n<!-- \/ Yoast SEO plugin. -->","yoast_head_json":{"title":"Page officielle d\u2019accueil | Novotel Bucharest City Center | H\u00f4tel 4 \u00e9toiles","description":"Soyez les bienvenus \u00e0 notre h\u00f4tel moderne pour les vacances et les affaires, pr\u00e8s du centre-ville Lipscani, au c\u0153ur de Bucarest. R\u00e9servez des chambres et des appartements \u00e9l\u00e9gants sur Calea Victoriei.","robots":{"index":"index","follow":"follow","max-snippet":"max-snippet:-1","max-image-preview":"max-image-preview:large","max-video-preview":"max-video-preview:-1"},"canonical":"https:\/\/www.novotelbucharestcitycentre.com\/fr\/","og_locale":"fr_FR","og_type":"article","og_title":"Page officielle d\u2019accueil | Novotel Bucharest City Center | H\u00f4tel 4 \u00e9toiles","og_description":"Soyez les bienvenus \u00e0 notre h\u00f4tel moderne pour les vacances et les affaires, pr\u00e8s du centre-ville Lipscani, au c\u0153ur de Bucarest. R\u00e9servez des chambres et des appartements \u00e9l\u00e9gants sur Calea Victoriei.","og_url":"https:\/\/www.novotelbucharestcitycentre.com\/fr\/","og_site_name":"Novotel Bucarest City Centre SL","article_modified_time":"2022-12-22T13:40:45+00:00","twitter_card":"summary_large_image","twitter_misc":{"Dur\u00e9e de lecture est.":"2 minutes"},"schema":{"@context":"https:\/\/schema.org","@graph":[{"@type":"WebPage","@id":"https:\/\/www.novotelbucharestcitycentre.com\/fr\/","url":"https:\/\/www.novotelbucharestcitycentre.com\/fr\/","name":"Page officielle d\u2019accueil | Novotel Bucharest City Center | H\u00f4tel 4 \u00e9toiles","isPartOf":{"@id":"https:\/\/www.novotelbucharestcitycentre.com\/#website"},"datePublished":"2022-11-09T14:38:26+00:00","dateModified":"2022-12-22T13:40:45+00:00","description":"Soyez les bienvenus \u00e0 notre h\u00f4tel moderne pour les vacances et les affaires, pr\u00e8s du centre-ville Lipscani, au c\u0153ur de Bucarest. R\u00e9servez des chambres et des appartements \u00e9l\u00e9gants sur Calea Victoriei.","breadcrumb":{"@id":"https:\/\/www.novotelbucharestcitycentre.com\/fr\/#breadcrumb"},"inLanguage":"fr-FR","potentialAction":[{"@type":"ReadAction","target":["https:\/\/www.novotelbucharestcitycentre.com\/fr\/"]}]},{"@type":"BreadcrumbList","@id":"https:\/\/www.novotelbucharestcitycentre.com\/fr\/#breadcrumb","itemListElement":[{"@type":"ListItem","position":1,"name":"Home","item":"https:\/\/www.novotelbucharestcitycentre.com\/fr\/"},{"@type":"ListItem","position":2,"name":"NOVOTEL BUCHAREST CITY CENTRE"}]},{"@type":"WebSite","@id":"https:\/\/www.novotelbucharestcitycentre.com\/#website","url":"https:\/\/www.novotelbucharestcitycentre.com\/","name":"Novotel Bucarest City Centre SL","description":"Just another D-Edge Accor V2 Sites Hosting site","potentialAction":[{"@type":"SearchAction","target":{"@type":"EntryPoint","urlTemplate":"https:\/\/www.novotelbucharestcitycentre.com\/?s={search_term_string}"},"query-input":{"@type":"PropertyValueSpecification","valueRequired":true,"valueName":"search_term_string"}}],"inLanguage":"fr-FR"}]}},"_links":{"self":[{"href":"https:\/\/www.novotelbucharestcitycentre.com\/fr\/wp-json\/wp\/v2\/pages\/386","targetHints":{"allow":["GET"]}}],"collection":[{"href":"https:\/\/www.novotelbucharestcitycentre.com\/fr\/wp-json\/wp\/v2\/pages"}],"about":[{"href":"https:\/\/www.novotelbucharestcitycentre.com\/fr\/wp-json\/wp\/v2\/types\/page"}],"author":[{"embeddable":true,"href":"https:\/\/www.novotelbucharestcitycentre.com\/fr\/wp-json\/wp\/v2\/users\/26"}],"replies":[{"embeddable":true,"href":"https:\/\/www.novotelbucharestcitycentre.com\/fr\/wp-json\/wp\/v2\/comments?post=386"}],"version-history":[{"count":0,"href":"https:\/\/www.novotelbucharestcitycentre.com\/fr\/wp-json\/wp\/v2\/pages\/386\/revisions"}],"wp:attachment":[{"href":"https:\/\/www.novotelbucharestcitycentre.com\/fr\/wp-json\/wp\/v2\/media?parent=386"}],"wp:term":[{"taxonomy":"category","embeddable":true,"href":"https:\/\/www.novotelbucharestcitycentre.com\/fr\/wp-json\/wp\/v2\/categories?post=386"}],"curies":[{"name":"wp","href":"https:\/\/api.w.org\/{rel}","templated":true}]}}