{"id":367,"date":"2022-11-30T10:44:03","date_gmt":"2022-11-30T10:44:03","guid":{"rendered":"https:\/\/novotelbucarest.accorv2prod.decms.eu\/legal-notice\/"},"modified":"2023-06-12T15:02:06","modified_gmt":"2023-06-12T15:02:06","slug":"legal-notice","status":"publish","type":"page","link":"https:\/\/www.novotelbucharestcitycentre.com\/fr\/legal-notice\/","title":{"rendered":"LEGAL NOTICE"},"content":{"rendered":"<p><strong><u>R\u00c8GLEMENT D&rsquo;ORDRE INT\u00c9RIEUR<\/strong><\/u><\/p>\n<p>CHERS CLIENTS, <\/p>\n<p>Nous voulons vous offrir un s\u00e9jour\/une exp\u00e9rience agr\u00e9able, nous avons donc \u00e9tabli un ensemble de r\u00e8gles et principes que nous vous demandons respectueusement de garder \u00e0 l&rsquo;esprit lors de votre s\u00e9jour au NOVOTEL H\u00f4tel. <\/p>\n<p><strong>CONDITIONS G\u00c9N\u00c9RALES <\/strong><br \/>\nLe pr\u00e9sent r\u00e8glement a pour objet d&rsquo;\u00e9tablir les conditions de s\u00e9jour des touristes dans l&rsquo;h\u00f4tel. Le r\u00e8glement s&rsquo;applique \u00e0 tous les touristes, qui l&rsquo;acceptent par le fait m\u00eame de leur h\u00e9bergement \u00e0 l&rsquo;h\u00f4tel et doivent s&rsquo;y conformer sans limites et sans r\u00e9serve. Le r\u00e8glement est affich\u00e9 sur le chevalet \u00e0 c\u00f4t\u00e9 de la r\u00e9ception, \u00e0 l&rsquo;entr\u00e9e au petit-d\u00e9jeuner, sur le plasma dans l&rsquo;ascenseur, sur la petite tablette sur la table dans la r\u00e9ception et est accessible \u00e0 tout moment via le code QR situ\u00e9 sur le porte-cl\u00e9s de la cl\u00e9 d&rsquo;acc\u00e8s dans la chambre.<\/p>\n<p><strong>H\u00c9BERGEMENT (R\u00c8GLES D&rsquo;ORDRE INT\u00c9RIEUR DANS LES CHAMBRES ET L&rsquo;ESPACE PUBLIC) <\/strong><br \/>\nLes clients connaissent les r\u00e8gles suivantes et s&rsquo;engagent \u00e0 les respecter : <\/p>\n<p>1.\tN\u2019endommagez pas les objets de l&rsquo;h\u00f4tel, sinon vous doivent \u00e0 l&rsquo;h\u00f4tel le montant \u00e9gal \u00e0 la valeur de l&rsquo;achat de l&rsquo;objet endommag\u00e9 et de la fabrication connexe \u2013 voir la carte avec les prix des objets d&rsquo;inventaire de la chambre.<br \/>\n2.\tNe prenez pas lors du d\u00e9part les marchandises de l&rsquo;h\u00f4tel.<br \/>\n3.\tGardez le silence entre 22h00-.08h00 afin de ne pas d\u00e9ranger les autres clients.<br \/>\n4.\tUtilisez les serviettes dans les pi\u00e8ces, que pour l&rsquo;usage corporel. Il est interdit d&rsquo;utiliser des serviettes pour la teinture des cheveux, le d\u00e9maquillage, le nettoyage des chaussures. Les serviettes ne sont pas utilis\u00e9es en dehors des chambres, sinon elles seront pay\u00e9es (10 euros\/pi\u00e8ce).<br \/>\n5.\tNe laissez pas les enfants sans surveillance dans les chambres d&rsquo;h\u00f4tel.<br \/>\n6.\tNe jetez pas d&rsquo;objets dans les toilettes qui pourraient endommager la station de collecte des d\u00e9chets.<br \/>\n7.\tNotifiez imm\u00e9diatement au personnel de l\u2019h\u00f4tel tout dysfonctionnement des appareils, installations ou autres non-conformit\u00e9s techniques\/de mobilier dans l&rsquo;\u00e9quipement.<br \/>\n8.\tIl est interdit de pr\u00e9parer la nourriture et de manger dans la chambre. L&rsquo;acc\u00e8s avec des consommateurs \u00e9lectriques est interdit : micro-ondes, radiateurs, plaque chauffante, bouilloire, etc.<br \/>\n9.\tIl est interdit d&rsquo;apporter \u00e0 l&rsquo;h\u00f4tel\/restaurant des aliments ou des boissons en dehors de l&rsquo;h\u00f4tel sans le consentement pr\u00e9alable de la direction.<br \/>\n10.\tNous nous r\u00e9servons le droit de refuser l&rsquo;h\u00e9bergement, le service de restaurant et l&rsquo;acc\u00e8s aux piscines aux clients ivres, grossiers ou turbulents qui ont consomm\u00e9 des drogues, des substances toxiques ou des hallucinog\u00e8nes, qui par leur attitude nuisent \u00e0 l&rsquo;image de l&rsquo;h\u00f4tel ou d\u00e9rangent d&rsquo;autres clients.<br \/>\n11.\tNous nous r\u00e9servons le droit d&rsquo;expulser de l&rsquo;h\u00f4tel ou du restaurant les clients ivres qui ont consomm\u00e9 des drogues, des substances toxiques ou hallucinog\u00e8nes, grossi\u00e8res ou turbulentes. Compte tenu de ce qui pr\u00e9c\u00e8de, nous nous r\u00e9servons le droit de s\u00e9lectionner nos clients. <\/p>\n<p><strong>TABAGISME<\/strong><br \/>\nLe tabagisme traditionnel et les cigarettes \u00e9lectroniques ne sont pas autoris\u00e9s \u00e0 l&rsquo;int\u00e9rieur de l&rsquo;h\u00f4tel, conform\u00e9ment \u00e0 la l\u00e9gislation applicable en vigueur (loi 349\/2002 modifi\u00e9e et compl\u00e9t\u00e9e par la loi 15\/2016). L&rsquo;h\u00f4tel dispose d&rsquo;espaces ext\u00e9rieurs pour les fumeurs. L&rsquo;h\u00f4tel Novotel dispose uniquement de chambres non-fumeurs. Si les dispositions du pr\u00e9sent r\u00e8glement ne sont pas respect\u00e9es, des frais de 500 Ron\/jour seront appliqu\u00e9s, repr\u00e9sentant les services de nettoyage de la chambre ainsi que l&rsquo;impossibilit\u00e9 de vente imm\u00e9diate de la chambre qui sera d\u00e9bit\u00e9e de la carte du client.<br \/>\nL&rsquo;h\u00f4tel dispose de syst\u00e8mes, d&rsquo;installations, d&rsquo;appareils et de dispositifs de signalisation, d&rsquo;alarme, d&rsquo;avertissement et d&rsquo;alerte, con\u00e7us pour la d\u00e9tection et la signalisation en cas de tabagisme dans n&rsquo;importe quelle chambre de l&rsquo;h\u00f4tel. Nous nous r\u00e9servons le droit d&rsquo;expulser de force de l&rsquo;h\u00f4tel ou du restaurant les clients qui ne se conforment pas \u00e0 la restriction de FUMER. <\/p>\n<p><strong>S\u00c9CURIT\u00c9 DES OBJETS PERSONNELS<\/strong><br \/>\nL&rsquo;h\u00f4tel NOVOTEL est \u00e9quip\u00e9 de syst\u00e8mes \u00e9lectroniques approuv\u00e9s pour surveiller l&rsquo;acc\u00e8s \u00e0 la chambre et ouvrir les coffres-forts. Nous vous recommandons d&rsquo;utiliser les coffres-forts disponibles dans les chambres pour stocker des objets de valeur. Nous n&rsquo;assumons aucune responsabilit\u00e9 pour les objets oubli\u00e9s, perdus ou pr\u00e9tendument vol\u00e9s \u00e0 l&rsquo;int\u00e9rieur de l&rsquo;H\u00f4tel Novotel.<\/p>\n<p><strong>LITIGES ET R\u00c9CLAMATIONS<\/strong><br \/>\nNous nous r\u00e9servons le droit de d\u00e9biter la carte de nos clients, ind\u00e9pendamment de leur d\u00e9sir, dans au moins les cas suivants :<br \/>\n\u2022\tLes clients ont quitt\u00e9 les locaux de l&rsquo;h\u00f4tel, sans payer les services de l&rsquo;h\u00f4tel Novotel dont ils b\u00e9n\u00e9ficiaient ;<br \/>\n\u2022\tLes clients ont caus\u00e9 une d\u00e9gradation ou une destruction ;<br \/>\n\u2022\tLes clients sont repartis avec des objets qui ne leur appartiennent pas et dont ils n&rsquo;ont pas pay\u00e9 l&rsquo;\u00e9quivalent \u00e0 la r\u00e9ception ;<br \/>\n\u2022\tLes clients ont viol\u00e9 la restriction de fumer dans l&rsquo;h\u00f4tel ;<br \/>\n\u2022\tLes clients n&rsquo;ont pas annul\u00e9 la r\u00e9servation dans le d\u00e9lai imparti.<br \/>\nPour toute destruction ou dommage \u00e0 la propri\u00e9t\u00e9 ou non-respect des r\u00e8gles de propret\u00e9 et de tranquillit\u00e9, des mesures seront prises en cons\u00e9quence et les montants li\u00e9s \u00e0 la r\u00e9paration des dommages caus\u00e9s seront pay\u00e9s.<br \/>\nLa contre-valeur de toute destruction ou d\u00e9gradation des biens mat\u00e9riels appartenant \u00e0 Novotel H\u00f4tel sera support\u00e9e par les responsables de leur production. <\/p>\n<p><strong>COMPORTEMENT NON CONFORME<\/strong><br \/>\nLe client doit se conformer aux coutumes de l&rsquo;h\u00f4tel. Il devra respecter \u00e0 la fois la tranquillit\u00e9 de l&rsquo;h\u00f4tel, du restaurant et de la piscine, ainsi que les normes de coexistence sociale et morale. Le client NOVOTEL doit \u00e9galement s&rsquo;occuper des biens qui lui sont confi\u00e9s pendant le s\u00e9jour.<br \/>\nToute violation des coutumes de l&rsquo;h\u00f4tel ou des r\u00e8gles de coexistence morale et sociale autorise l&rsquo;h\u00f4tel \u00e0 r\u00e9silier imm\u00e9diatement le contrat\/h\u00e9bergement sans pr\u00e9avis.<br \/>\nTout client acc\u00e9dant \u00e0 tout service offert par l&rsquo;h\u00f4tel a la possibilit\u00e9 d&rsquo;\u00eatre inform\u00e9 et reconna\u00eet par cons\u00e9quent les termes et conditions susmentionn\u00e9s en les acceptant tacitement.<br \/>\nMerci de votre compr\u00e9hension et nous vous souhaitons un agr\u00e9able s\u00e9jour \u00e0 l&rsquo;H\u00f4tel Novotel ! <\/p>\n","protected":false},"excerpt":{"rendered":"<p>R\u00c8GLEMENT D&rsquo;ORDRE INT\u00c9RIEUR CHERS CLIENTS, Nous voulons vous offrir un s\u00e9jour\/une exp\u00e9rience agr\u00e9able, nous avons donc \u00e9tabli un ensemble de r\u00e8gles et principes que nous vous demandons respectueusement de garder \u00e0 l&rsquo;esprit lors de votre s\u00e9jour au NOVOTEL H\u00f4tel. CONDITIONS G\u00c9N\u00c9RALES Le pr\u00e9sent r\u00e8glement a pour objet d&rsquo;\u00e9tablir les conditions de s\u00e9jour des touristes dans [&hellip;]<\/p>\n","protected":false},"author":26,"featured_media":0,"parent":0,"menu_order":995,"comment_status":"closed","ping_status":"closed","template":"template-legal-notice.php","meta":{"footnotes":""},"categories":[],"class_list":["post-367","page","type-page","status-publish","hentry"],"acf":[],"yoast_head":"<!-- This site is optimized with the Yoast SEO plugin v26.9 - https:\/\/yoast.com\/product\/yoast-seo-wordpress\/ -->\n<title>LEGAL NOTICE - Novotel Bucarest City Centre SL<\/title>\n<meta name=\"description\" content=\"IR\u00c8GLEMENT D&#039;ORDRE INT\u00c9RIEUR\" \/>\n<meta name=\"robots\" content=\"index, follow, max-snippet:-1, max-image-preview:large, max-video-preview:-1\" \/>\n<link rel=\"canonical\" href=\"https:\/\/www.novotelbucharestcitycentre.com\/fr\/legal-notice\/\" \/>\n<meta property=\"og:locale\" content=\"fr_FR\" \/>\n<meta property=\"og:type\" content=\"article\" \/>\n<meta property=\"og:title\" content=\"LEGAL NOTICE - Novotel Bucarest City Centre SL\" \/>\n<meta property=\"og:description\" content=\"IR\u00c8GLEMENT D&#039;ORDRE INT\u00c9RIEUR\" \/>\n<meta property=\"og:url\" content=\"https:\/\/www.novotelbucharestcitycentre.com\/fr\/legal-notice\/\" \/>\n<meta property=\"og:site_name\" content=\"Novotel Bucarest City Centre SL\" \/>\n<meta property=\"article:modified_time\" content=\"2023-06-12T15:02:06+00:00\" \/>\n<meta name=\"twitter:card\" content=\"summary_large_image\" \/>\n<meta name=\"twitter:label1\" content=\"Dur\u00e9e de lecture est.\" \/>\n\t<meta name=\"twitter:data1\" content=\"5 minutes\" \/>\n<script type=\"application\/ld+json\" class=\"yoast-schema-graph\">{\"@context\":\"https:\/\/schema.org\",\"@graph\":[{\"@type\":\"WebPage\",\"@id\":\"https:\/\/www.novotelbucharestcitycentre.com\/fr\/legal-notice\/\",\"url\":\"https:\/\/www.novotelbucharestcitycentre.com\/fr\/legal-notice\/\",\"name\":\"LEGAL NOTICE - Novotel Bucarest City Centre SL\",\"isPartOf\":{\"@id\":\"https:\/\/www.novotelbucharestcitycentre.com\/#website\"},\"datePublished\":\"2022-11-30T10:44:03+00:00\",\"dateModified\":\"2023-06-12T15:02:06+00:00\",\"description\":\"IR\u00c8GLEMENT D'ORDRE INT\u00c9RIEUR\",\"breadcrumb\":{\"@id\":\"https:\/\/www.novotelbucharestcitycentre.com\/fr\/legal-notice\/#breadcrumb\"},\"inLanguage\":\"fr-FR\",\"potentialAction\":[{\"@type\":\"ReadAction\",\"target\":[\"https:\/\/www.novotelbucharestcitycentre.com\/fr\/legal-notice\/\"]}]},{\"@type\":\"BreadcrumbList\",\"@id\":\"https:\/\/www.novotelbucharestcitycentre.com\/fr\/legal-notice\/#breadcrumb\",\"itemListElement\":[{\"@type\":\"ListItem\",\"position\":1,\"name\":\"Home\",\"item\":\"https:\/\/www.novotelbucharestcitycentre.com\/fr\/\"},{\"@type\":\"ListItem\",\"position\":2,\"name\":\"LEGAL NOTICE\"}]},{\"@type\":\"WebSite\",\"@id\":\"https:\/\/www.novotelbucharestcitycentre.com\/#website\",\"url\":\"https:\/\/www.novotelbucharestcitycentre.com\/\",\"name\":\"Novotel Bucarest City Centre SL\",\"description\":\"Just another D-Edge Accor V2 Sites Hosting site\",\"potentialAction\":[{\"@type\":\"SearchAction\",\"target\":{\"@type\":\"EntryPoint\",\"urlTemplate\":\"https:\/\/www.novotelbucharestcitycentre.com\/?s={search_term_string}\"},\"query-input\":{\"@type\":\"PropertyValueSpecification\",\"valueRequired\":true,\"valueName\":\"search_term_string\"}}],\"inLanguage\":\"fr-FR\"}]}<\/script>\n<!-- \/ Yoast SEO plugin. -->","yoast_head_json":{"title":"LEGAL NOTICE - Novotel Bucarest City Centre SL","description":"IR\u00c8GLEMENT D'ORDRE INT\u00c9RIEUR","robots":{"index":"index","follow":"follow","max-snippet":"max-snippet:-1","max-image-preview":"max-image-preview:large","max-video-preview":"max-video-preview:-1"},"canonical":"https:\/\/www.novotelbucharestcitycentre.com\/fr\/legal-notice\/","og_locale":"fr_FR","og_type":"article","og_title":"LEGAL NOTICE - Novotel Bucarest City Centre SL","og_description":"IR\u00c8GLEMENT D'ORDRE INT\u00c9RIEUR","og_url":"https:\/\/www.novotelbucharestcitycentre.com\/fr\/legal-notice\/","og_site_name":"Novotel Bucarest City Centre SL","article_modified_time":"2023-06-12T15:02:06+00:00","twitter_card":"summary_large_image","twitter_misc":{"Dur\u00e9e de lecture est.":"5 minutes"},"schema":{"@context":"https:\/\/schema.org","@graph":[{"@type":"WebPage","@id":"https:\/\/www.novotelbucharestcitycentre.com\/fr\/legal-notice\/","url":"https:\/\/www.novotelbucharestcitycentre.com\/fr\/legal-notice\/","name":"LEGAL NOTICE - Novotel Bucarest City Centre SL","isPartOf":{"@id":"https:\/\/www.novotelbucharestcitycentre.com\/#website"},"datePublished":"2022-11-30T10:44:03+00:00","dateModified":"2023-06-12T15:02:06+00:00","description":"IR\u00c8GLEMENT D'ORDRE INT\u00c9RIEUR","breadcrumb":{"@id":"https:\/\/www.novotelbucharestcitycentre.com\/fr\/legal-notice\/#breadcrumb"},"inLanguage":"fr-FR","potentialAction":[{"@type":"ReadAction","target":["https:\/\/www.novotelbucharestcitycentre.com\/fr\/legal-notice\/"]}]},{"@type":"BreadcrumbList","@id":"https:\/\/www.novotelbucharestcitycentre.com\/fr\/legal-notice\/#breadcrumb","itemListElement":[{"@type":"ListItem","position":1,"name":"Home","item":"https:\/\/www.novotelbucharestcitycentre.com\/fr\/"},{"@type":"ListItem","position":2,"name":"LEGAL NOTICE"}]},{"@type":"WebSite","@id":"https:\/\/www.novotelbucharestcitycentre.com\/#website","url":"https:\/\/www.novotelbucharestcitycentre.com\/","name":"Novotel Bucarest City Centre SL","description":"Just another D-Edge Accor V2 Sites Hosting site","potentialAction":[{"@type":"SearchAction","target":{"@type":"EntryPoint","urlTemplate":"https:\/\/www.novotelbucharestcitycentre.com\/?s={search_term_string}"},"query-input":{"@type":"PropertyValueSpecification","valueRequired":true,"valueName":"search_term_string"}}],"inLanguage":"fr-FR"}]}},"_links":{"self":[{"href":"https:\/\/www.novotelbucharestcitycentre.com\/fr\/wp-json\/wp\/v2\/pages\/367","targetHints":{"allow":["GET"]}}],"collection":[{"href":"https:\/\/www.novotelbucharestcitycentre.com\/fr\/wp-json\/wp\/v2\/pages"}],"about":[{"href":"https:\/\/www.novotelbucharestcitycentre.com\/fr\/wp-json\/wp\/v2\/types\/page"}],"author":[{"embeddable":true,"href":"https:\/\/www.novotelbucharestcitycentre.com\/fr\/wp-json\/wp\/v2\/users\/26"}],"replies":[{"embeddable":true,"href":"https:\/\/www.novotelbucharestcitycentre.com\/fr\/wp-json\/wp\/v2\/comments?post=367"}],"version-history":[{"count":0,"href":"https:\/\/www.novotelbucharestcitycentre.com\/fr\/wp-json\/wp\/v2\/pages\/367\/revisions"}],"wp:attachment":[{"href":"https:\/\/www.novotelbucharestcitycentre.com\/fr\/wp-json\/wp\/v2\/media?parent=367"}],"wp:term":[{"taxonomy":"category","embeddable":true,"href":"https:\/\/www.novotelbucharestcitycentre.com\/fr\/wp-json\/wp\/v2\/categories?post=367"}],"curies":[{"name":"wp","href":"https:\/\/api.w.org\/{rel}","templated":true}]}}