{"id":353,"date":"2022-11-30T10:11:32","date_gmt":"2022-11-30T10:11:32","guid":{"rendered":"https:\/\/novotelbucarest.accorv2prod.decms.eu\/news\/"},"modified":"2022-12-22T13:05:47","modified_gmt":"2022-12-22T13:05:47","slug":"nouvelles","status":"publish","type":"page","link":"https:\/\/www.novotelbucharestcitycentre.com\/fr\/nouvelles\/","title":{"rendered":"NOUVELLES"},"content":{"rendered":"<p>Soyez au courant avec tout ce qui se passe chez Novotel Bucharest City Centre. D\u00e9gustations de vin et \u00e9v\u00e9nements culinaires. F\u00eates charmantes. Invit\u00e9s fameux. Offres sp\u00e9ciales tentantes\u2026<\/p>\n<p>Retrouvez les plus r\u00e9centes nouvelles ici.<\/p>\n","protected":false},"excerpt":{"rendered":"<p>Soyez au courant avec tout ce qui se passe chez Novotel Bucharest City Centre. D\u00e9gustations de vin et \u00e9v\u00e9nements culinaires. F\u00eates charmantes. Invit\u00e9s fameux. Offres sp\u00e9ciales tentantes\u2026 Retrouvez les plus r\u00e9centes nouvelles ici.<\/p>\n","protected":false},"author":26,"featured_media":0,"parent":0,"menu_order":90,"comment_status":"closed","ping_status":"closed","template":"template-news.php","meta":{"footnotes":""},"categories":[],"class_list":["post-353","page","type-page","status-publish","hentry"],"acf":[],"yoast_head":"<!-- This site is optimized with the Yoast SEO plugin v26.9 - https:\/\/yoast.com\/product\/yoast-seo-wordpress\/ -->\n<title>Nouvelles | Novotel Bucharest City Center | H\u00f4tel 4 \u00e9toiles<\/title>\n<meta name=\"description\" content=\"Soyez au courant avec les \u00e9v\u00e9nements les plus r\u00e9cents organis\u00e9s dans notre h\u00f4tel Accor de 4 \u00e9toiles de Bucarest, y compris des d\u00e9gustations de vin, des f\u00eates, des offres sp\u00e9ciales et autres.\" \/>\n<meta name=\"robots\" content=\"index, follow, max-snippet:-1, max-image-preview:large, max-video-preview:-1\" \/>\n<link rel=\"canonical\" href=\"https:\/\/www.novotelbucharestcitycentre.com\/fr\/nouvelles\/\" \/>\n<meta property=\"og:locale\" content=\"fr_FR\" \/>\n<meta property=\"og:type\" content=\"article\" \/>\n<meta property=\"og:title\" content=\"Nouvelles | Novotel Bucharest City Center | H\u00f4tel 4 \u00e9toiles\" \/>\n<meta property=\"og:description\" content=\"Soyez au courant avec les \u00e9v\u00e9nements les plus r\u00e9cents organis\u00e9s dans notre h\u00f4tel Accor de 4 \u00e9toiles de Bucarest, y compris des d\u00e9gustations de vin, des f\u00eates, des offres sp\u00e9ciales et autres.\" \/>\n<meta property=\"og:url\" content=\"https:\/\/www.novotelbucharestcitycentre.com\/fr\/nouvelles\/\" \/>\n<meta property=\"og:site_name\" content=\"Novotel Bucarest City Centre SL\" \/>\n<meta property=\"article:modified_time\" content=\"2022-12-22T13:05:47+00:00\" \/>\n<meta name=\"twitter:card\" content=\"summary_large_image\" \/>\n<meta name=\"twitter:label1\" content=\"Dur\u00e9e de lecture est.\" \/>\n\t<meta name=\"twitter:data1\" content=\"1 minute\" \/>\n<script type=\"application\/ld+json\" class=\"yoast-schema-graph\">{\"@context\":\"https:\/\/schema.org\",\"@graph\":[{\"@type\":\"WebPage\",\"@id\":\"https:\/\/www.novotelbucharestcitycentre.com\/fr\/nouvelles\/\",\"url\":\"https:\/\/www.novotelbucharestcitycentre.com\/fr\/nouvelles\/\",\"name\":\"Nouvelles | Novotel Bucharest City Center | H\u00f4tel 4 \u00e9toiles\",\"isPartOf\":{\"@id\":\"https:\/\/www.novotelbucharestcitycentre.com\/#website\"},\"datePublished\":\"2022-11-30T10:11:32+00:00\",\"dateModified\":\"2022-12-22T13:05:47+00:00\",\"description\":\"Soyez au courant avec les \u00e9v\u00e9nements les plus r\u00e9cents organis\u00e9s dans notre h\u00f4tel Accor de 4 \u00e9toiles de Bucarest, y compris des d\u00e9gustations de vin, des f\u00eates, des offres sp\u00e9ciales et autres.\",\"breadcrumb\":{\"@id\":\"https:\/\/www.novotelbucharestcitycentre.com\/fr\/nouvelles\/#breadcrumb\"},\"inLanguage\":\"fr-FR\",\"potentialAction\":[{\"@type\":\"ReadAction\",\"target\":[\"https:\/\/www.novotelbucharestcitycentre.com\/fr\/nouvelles\/\"]}]},{\"@type\":\"BreadcrumbList\",\"@id\":\"https:\/\/www.novotelbucharestcitycentre.com\/fr\/nouvelles\/#breadcrumb\",\"itemListElement\":[{\"@type\":\"ListItem\",\"position\":1,\"name\":\"Home\",\"item\":\"https:\/\/www.novotelbucharestcitycentre.com\/fr\/\"},{\"@type\":\"ListItem\",\"position\":2,\"name\":\"NOUVELLES\"}]},{\"@type\":\"WebSite\",\"@id\":\"https:\/\/www.novotelbucharestcitycentre.com\/#website\",\"url\":\"https:\/\/www.novotelbucharestcitycentre.com\/\",\"name\":\"Novotel Bucarest City Centre SL\",\"description\":\"Just another D-Edge Accor V2 Sites Hosting site\",\"potentialAction\":[{\"@type\":\"SearchAction\",\"target\":{\"@type\":\"EntryPoint\",\"urlTemplate\":\"https:\/\/www.novotelbucharestcitycentre.com\/?s={search_term_string}\"},\"query-input\":{\"@type\":\"PropertyValueSpecification\",\"valueRequired\":true,\"valueName\":\"search_term_string\"}}],\"inLanguage\":\"fr-FR\"}]}<\/script>\n<!-- \/ Yoast SEO plugin. -->","yoast_head_json":{"title":"Nouvelles | Novotel Bucharest City Center | H\u00f4tel 4 \u00e9toiles","description":"Soyez au courant avec les \u00e9v\u00e9nements les plus r\u00e9cents organis\u00e9s dans notre h\u00f4tel Accor de 4 \u00e9toiles de Bucarest, y compris des d\u00e9gustations de vin, des f\u00eates, des offres sp\u00e9ciales et autres.","robots":{"index":"index","follow":"follow","max-snippet":"max-snippet:-1","max-image-preview":"max-image-preview:large","max-video-preview":"max-video-preview:-1"},"canonical":"https:\/\/www.novotelbucharestcitycentre.com\/fr\/nouvelles\/","og_locale":"fr_FR","og_type":"article","og_title":"Nouvelles | Novotel Bucharest City Center | H\u00f4tel 4 \u00e9toiles","og_description":"Soyez au courant avec les \u00e9v\u00e9nements les plus r\u00e9cents organis\u00e9s dans notre h\u00f4tel Accor de 4 \u00e9toiles de Bucarest, y compris des d\u00e9gustations de vin, des f\u00eates, des offres sp\u00e9ciales et autres.","og_url":"https:\/\/www.novotelbucharestcitycentre.com\/fr\/nouvelles\/","og_site_name":"Novotel Bucarest City Centre SL","article_modified_time":"2022-12-22T13:05:47+00:00","twitter_card":"summary_large_image","twitter_misc":{"Dur\u00e9e de lecture est.":"1 minute"},"schema":{"@context":"https:\/\/schema.org","@graph":[{"@type":"WebPage","@id":"https:\/\/www.novotelbucharestcitycentre.com\/fr\/nouvelles\/","url":"https:\/\/www.novotelbucharestcitycentre.com\/fr\/nouvelles\/","name":"Nouvelles | Novotel Bucharest City Center | H\u00f4tel 4 \u00e9toiles","isPartOf":{"@id":"https:\/\/www.novotelbucharestcitycentre.com\/#website"},"datePublished":"2022-11-30T10:11:32+00:00","dateModified":"2022-12-22T13:05:47+00:00","description":"Soyez au courant avec les \u00e9v\u00e9nements les plus r\u00e9cents organis\u00e9s dans notre h\u00f4tel Accor de 4 \u00e9toiles de Bucarest, y compris des d\u00e9gustations de vin, des f\u00eates, des offres sp\u00e9ciales et autres.","breadcrumb":{"@id":"https:\/\/www.novotelbucharestcitycentre.com\/fr\/nouvelles\/#breadcrumb"},"inLanguage":"fr-FR","potentialAction":[{"@type":"ReadAction","target":["https:\/\/www.novotelbucharestcitycentre.com\/fr\/nouvelles\/"]}]},{"@type":"BreadcrumbList","@id":"https:\/\/www.novotelbucharestcitycentre.com\/fr\/nouvelles\/#breadcrumb","itemListElement":[{"@type":"ListItem","position":1,"name":"Home","item":"https:\/\/www.novotelbucharestcitycentre.com\/fr\/"},{"@type":"ListItem","position":2,"name":"NOUVELLES"}]},{"@type":"WebSite","@id":"https:\/\/www.novotelbucharestcitycentre.com\/#website","url":"https:\/\/www.novotelbucharestcitycentre.com\/","name":"Novotel Bucarest City Centre SL","description":"Just another D-Edge Accor V2 Sites Hosting site","potentialAction":[{"@type":"SearchAction","target":{"@type":"EntryPoint","urlTemplate":"https:\/\/www.novotelbucharestcitycentre.com\/?s={search_term_string}"},"query-input":{"@type":"PropertyValueSpecification","valueRequired":true,"valueName":"search_term_string"}}],"inLanguage":"fr-FR"}]}},"_links":{"self":[{"href":"https:\/\/www.novotelbucharestcitycentre.com\/fr\/wp-json\/wp\/v2\/pages\/353","targetHints":{"allow":["GET"]}}],"collection":[{"href":"https:\/\/www.novotelbucharestcitycentre.com\/fr\/wp-json\/wp\/v2\/pages"}],"about":[{"href":"https:\/\/www.novotelbucharestcitycentre.com\/fr\/wp-json\/wp\/v2\/types\/page"}],"author":[{"embeddable":true,"href":"https:\/\/www.novotelbucharestcitycentre.com\/fr\/wp-json\/wp\/v2\/users\/26"}],"replies":[{"embeddable":true,"href":"https:\/\/www.novotelbucharestcitycentre.com\/fr\/wp-json\/wp\/v2\/comments?post=353"}],"version-history":[{"count":0,"href":"https:\/\/www.novotelbucharestcitycentre.com\/fr\/wp-json\/wp\/v2\/pages\/353\/revisions"}],"wp:attachment":[{"href":"https:\/\/www.novotelbucharestcitycentre.com\/fr\/wp-json\/wp\/v2\/media?parent=353"}],"wp:term":[{"taxonomy":"category","embeddable":true,"href":"https:\/\/www.novotelbucharestcitycentre.com\/fr\/wp-json\/wp\/v2\/categories?post=353"}],"curies":[{"name":"wp","href":"https:\/\/api.w.org\/{rel}","templated":true}]}}