{"id":349,"date":"2022-11-30T10:09:55","date_gmt":"2022-11-30T10:09:55","guid":{"rendered":"https:\/\/novotelbucarest.accorv2prod.decms.eu\/where-we-are\/"},"modified":"2022-12-22T13:01:29","modified_gmt":"2022-12-22T13:01:29","slug":"ou-sommes-nous","status":"publish","type":"page","link":"https:\/\/www.novotelbucharestcitycentre.com\/fr\/ou-sommes-nous\/","title":{"rendered":"O\u00f9 sommes-nous ?"},"content":{"rendered":"<p>Novotel Bucharest City Center vous met au bon endroit.<\/p>\n<p>Notre h\u00f4tel est situ\u00e9 au centre-ville, sur la prestigieuse Calea Victoriei, la plus connue rue de Bucarest. Quelques pas vous conduisent \u00e0 Lipscani, le vibrant vieux-centre. Les jardins tranquilles de Ci\u0219migiu et les meilleures zones commerciales, la vie de nuit, et aussi les mus\u00e9es et les th\u00e9\u00e2tres de la ville, ils sont tous \u00e0 proximit\u00e9.<\/p>\n<p>Si vous explorez la ville de Bucarest \u00e0 v\u00e9lo ou en scooter \u00e9lectrique, une piste cyclable passe devant l\u2019h\u00f4tel. Vous allez plus loin ? La station de m\u00e9tro Universitate, sur la ligne bleue M2, est \u00e0 cinq minutes \u00e0 pied.<\/p>\n<p>L\u2019A\u00e9roport International Henri Coand\u0103 se trouve \u00e0 environ 16 kilom\u00e8tres de l\u2019h\u00f4tel, \u00e0 30 minutes en voiture. Avez-vous besoin d\u2019un transport vers ou depuis l\u2019a\u00e9roport ? Veuillez nous contacter pour organiser un service de transfert convenable.<\/p>\n<p>La Gare du Nord, la gare principale de Bucarest se situe \u00e0 un court trajet en taxi ou \u00e0 environ 10 minutes en bus.<\/p>\n<p>A l\u2019h\u00f4tel, nous mettons \u00e0 votre disposition un parking souterrain pour 140 v\u00e9hicules.<\/p>\n<p>&nbsp;<\/p>\n","protected":false},"excerpt":{"rendered":"<p>Novotel Bucharest City Center vous met au bon endroit. Notre h\u00f4tel est situ\u00e9 au centre-ville, sur la prestigieuse Calea Victoriei, la plus connue rue de Bucarest. Quelques pas vous conduisent \u00e0 Lipscani, le vibrant vieux-centre. Les jardins tranquilles de Ci\u0219migiu et les meilleures zones commerciales, la vie de nuit, et aussi les mus\u00e9es et les [&hellip;]<\/p>\n","protected":false},"author":26,"featured_media":0,"parent":0,"menu_order":80,"comment_status":"closed","ping_status":"closed","template":"template-location.php","meta":{"footnotes":""},"categories":[],"class_list":["post-349","page","type-page","status-publish","hentry"],"acf":[],"yoast_head":"<!-- This site is optimized with the Yoast SEO plugin v26.9 - https:\/\/yoast.com\/product\/yoast-seo-wordpress\/ -->\n<title>Emplacement | Novotel Bucharest City Center | H\u00f4tel Calea Victoriei<\/title>\n<meta name=\"description\" content=\"Notre h\u00f4tel moderne sur Calea Victoriei vous situe pr\u00e8s du vieux-centre de Bucarest et pr\u00e8s de la zone commerciale, de la vie de nuit et des objectifs touristiques. Un parking souterrain s\u00e9curis\u00e9 est disponible\" \/>\n<meta name=\"robots\" content=\"index, follow, max-snippet:-1, max-image-preview:large, max-video-preview:-1\" \/>\n<link rel=\"canonical\" href=\"https:\/\/www.novotelbucharestcitycentre.com\/fr\/ou-sommes-nous\/\" \/>\n<meta property=\"og:locale\" content=\"fr_FR\" \/>\n<meta property=\"og:type\" content=\"article\" \/>\n<meta property=\"og:title\" content=\"Emplacement | Novotel Bucharest City Center | H\u00f4tel Calea Victoriei\" \/>\n<meta property=\"og:description\" content=\"Notre h\u00f4tel moderne sur Calea Victoriei vous situe pr\u00e8s du vieux-centre de Bucarest et pr\u00e8s de la zone commerciale, de la vie de nuit et des objectifs touristiques. Un parking souterrain s\u00e9curis\u00e9 est disponible\" \/>\n<meta property=\"og:url\" content=\"https:\/\/www.novotelbucharestcitycentre.com\/fr\/ou-sommes-nous\/\" \/>\n<meta property=\"og:site_name\" content=\"Novotel Bucarest City Centre SL\" \/>\n<meta property=\"article:modified_time\" content=\"2022-12-22T13:01:29+00:00\" \/>\n<meta name=\"twitter:card\" content=\"summary_large_image\" \/>\n<meta name=\"twitter:label1\" content=\"Dur\u00e9e de lecture est.\" \/>\n\t<meta name=\"twitter:data1\" content=\"1 minute\" \/>\n<script type=\"application\/ld+json\" class=\"yoast-schema-graph\">{\"@context\":\"https:\/\/schema.org\",\"@graph\":[{\"@type\":\"WebPage\",\"@id\":\"https:\/\/www.novotelbucharestcitycentre.com\/fr\/ou-sommes-nous\/\",\"url\":\"https:\/\/www.novotelbucharestcitycentre.com\/fr\/ou-sommes-nous\/\",\"name\":\"Emplacement | Novotel Bucharest City Center | H\u00f4tel Calea Victoriei\",\"isPartOf\":{\"@id\":\"https:\/\/www.novotelbucharestcitycentre.com\/#website\"},\"datePublished\":\"2022-11-30T10:09:55+00:00\",\"dateModified\":\"2022-12-22T13:01:29+00:00\",\"description\":\"Notre h\u00f4tel moderne sur Calea Victoriei vous situe pr\u00e8s du vieux-centre de Bucarest et pr\u00e8s de la zone commerciale, de la vie de nuit et des objectifs touristiques. Un parking souterrain s\u00e9curis\u00e9 est disponible\",\"breadcrumb\":{\"@id\":\"https:\/\/www.novotelbucharestcitycentre.com\/fr\/ou-sommes-nous\/#breadcrumb\"},\"inLanguage\":\"fr-FR\",\"potentialAction\":[{\"@type\":\"ReadAction\",\"target\":[\"https:\/\/www.novotelbucharestcitycentre.com\/fr\/ou-sommes-nous\/\"]}]},{\"@type\":\"BreadcrumbList\",\"@id\":\"https:\/\/www.novotelbucharestcitycentre.com\/fr\/ou-sommes-nous\/#breadcrumb\",\"itemListElement\":[{\"@type\":\"ListItem\",\"position\":1,\"name\":\"Home\",\"item\":\"https:\/\/www.novotelbucharestcitycentre.com\/fr\/\"},{\"@type\":\"ListItem\",\"position\":2,\"name\":\"O\u00f9 sommes-nous ?\"}]},{\"@type\":\"WebSite\",\"@id\":\"https:\/\/www.novotelbucharestcitycentre.com\/#website\",\"url\":\"https:\/\/www.novotelbucharestcitycentre.com\/\",\"name\":\"Novotel Bucarest City Centre SL\",\"description\":\"Just another D-Edge Accor V2 Sites Hosting site\",\"potentialAction\":[{\"@type\":\"SearchAction\",\"target\":{\"@type\":\"EntryPoint\",\"urlTemplate\":\"https:\/\/www.novotelbucharestcitycentre.com\/?s={search_term_string}\"},\"query-input\":{\"@type\":\"PropertyValueSpecification\",\"valueRequired\":true,\"valueName\":\"search_term_string\"}}],\"inLanguage\":\"fr-FR\"}]}<\/script>\n<!-- \/ Yoast SEO plugin. -->","yoast_head_json":{"title":"Emplacement | Novotel Bucharest City Center | H\u00f4tel Calea Victoriei","description":"Notre h\u00f4tel moderne sur Calea Victoriei vous situe pr\u00e8s du vieux-centre de Bucarest et pr\u00e8s de la zone commerciale, de la vie de nuit et des objectifs touristiques. Un parking souterrain s\u00e9curis\u00e9 est disponible","robots":{"index":"index","follow":"follow","max-snippet":"max-snippet:-1","max-image-preview":"max-image-preview:large","max-video-preview":"max-video-preview:-1"},"canonical":"https:\/\/www.novotelbucharestcitycentre.com\/fr\/ou-sommes-nous\/","og_locale":"fr_FR","og_type":"article","og_title":"Emplacement | Novotel Bucharest City Center | H\u00f4tel Calea Victoriei","og_description":"Notre h\u00f4tel moderne sur Calea Victoriei vous situe pr\u00e8s du vieux-centre de Bucarest et pr\u00e8s de la zone commerciale, de la vie de nuit et des objectifs touristiques. Un parking souterrain s\u00e9curis\u00e9 est disponible","og_url":"https:\/\/www.novotelbucharestcitycentre.com\/fr\/ou-sommes-nous\/","og_site_name":"Novotel Bucarest City Centre SL","article_modified_time":"2022-12-22T13:01:29+00:00","twitter_card":"summary_large_image","twitter_misc":{"Dur\u00e9e de lecture est.":"1 minute"},"schema":{"@context":"https:\/\/schema.org","@graph":[{"@type":"WebPage","@id":"https:\/\/www.novotelbucharestcitycentre.com\/fr\/ou-sommes-nous\/","url":"https:\/\/www.novotelbucharestcitycentre.com\/fr\/ou-sommes-nous\/","name":"Emplacement | Novotel Bucharest City Center | H\u00f4tel Calea Victoriei","isPartOf":{"@id":"https:\/\/www.novotelbucharestcitycentre.com\/#website"},"datePublished":"2022-11-30T10:09:55+00:00","dateModified":"2022-12-22T13:01:29+00:00","description":"Notre h\u00f4tel moderne sur Calea Victoriei vous situe pr\u00e8s du vieux-centre de Bucarest et pr\u00e8s de la zone commerciale, de la vie de nuit et des objectifs touristiques. Un parking souterrain s\u00e9curis\u00e9 est disponible","breadcrumb":{"@id":"https:\/\/www.novotelbucharestcitycentre.com\/fr\/ou-sommes-nous\/#breadcrumb"},"inLanguage":"fr-FR","potentialAction":[{"@type":"ReadAction","target":["https:\/\/www.novotelbucharestcitycentre.com\/fr\/ou-sommes-nous\/"]}]},{"@type":"BreadcrumbList","@id":"https:\/\/www.novotelbucharestcitycentre.com\/fr\/ou-sommes-nous\/#breadcrumb","itemListElement":[{"@type":"ListItem","position":1,"name":"Home","item":"https:\/\/www.novotelbucharestcitycentre.com\/fr\/"},{"@type":"ListItem","position":2,"name":"O\u00f9 sommes-nous ?"}]},{"@type":"WebSite","@id":"https:\/\/www.novotelbucharestcitycentre.com\/#website","url":"https:\/\/www.novotelbucharestcitycentre.com\/","name":"Novotel Bucarest City Centre SL","description":"Just another D-Edge Accor V2 Sites Hosting site","potentialAction":[{"@type":"SearchAction","target":{"@type":"EntryPoint","urlTemplate":"https:\/\/www.novotelbucharestcitycentre.com\/?s={search_term_string}"},"query-input":{"@type":"PropertyValueSpecification","valueRequired":true,"valueName":"search_term_string"}}],"inLanguage":"fr-FR"}]}},"_links":{"self":[{"href":"https:\/\/www.novotelbucharestcitycentre.com\/fr\/wp-json\/wp\/v2\/pages\/349","targetHints":{"allow":["GET"]}}],"collection":[{"href":"https:\/\/www.novotelbucharestcitycentre.com\/fr\/wp-json\/wp\/v2\/pages"}],"about":[{"href":"https:\/\/www.novotelbucharestcitycentre.com\/fr\/wp-json\/wp\/v2\/types\/page"}],"author":[{"embeddable":true,"href":"https:\/\/www.novotelbucharestcitycentre.com\/fr\/wp-json\/wp\/v2\/users\/26"}],"replies":[{"embeddable":true,"href":"https:\/\/www.novotelbucharestcitycentre.com\/fr\/wp-json\/wp\/v2\/comments?post=349"}],"version-history":[{"count":0,"href":"https:\/\/www.novotelbucharestcitycentre.com\/fr\/wp-json\/wp\/v2\/pages\/349\/revisions"}],"wp:attachment":[{"href":"https:\/\/www.novotelbucharestcitycentre.com\/fr\/wp-json\/wp\/v2\/media?parent=349"}],"wp:term":[{"taxonomy":"category","embeddable":true,"href":"https:\/\/www.novotelbucharestcitycentre.com\/fr\/wp-json\/wp\/v2\/categories?post=349"}],"curies":[{"name":"wp","href":"https:\/\/api.w.org\/{rel}","templated":true}]}}