{"id":332,"date":"2022-11-30T09:57:55","date_gmt":"2022-11-30T09:57:55","guid":{"rendered":"https:\/\/novotelbucarest.accorv2prod.decms.eu\/weddings\/"},"modified":"2022-12-22T12:53:28","modified_gmt":"2022-12-22T12:53:28","slug":"mariages","status":"publish","type":"page","link":"https:\/\/www.novotelbucharestcitycentre.com\/fr\/mariages\/","title":{"rendered":"MARIAGES"},"content":{"rendered":"<p>Nous vous aiderons \u00e0 le transformer dans un \u00e9v\u00e9nement inoubliable.<\/p>\n<p>Chez Novotel Bucharest City Centre, nous avons les configurations, mais aussi l\u2019expertise pour c\u00e9l\u00e9brer parfaitement votre amour.<\/p>\n<p>Un banquet g\u00e9n\u00e9reux pour toute la famille et tous vos amis dans notre plus grande salle de bal, Paris. Un gala somptueux avec une vue vers Calea Victoriei, au milieu des hauts plafonds et des fen\u00eatres cintr\u00e9es de notre \u00e9l\u00e9gant Foyer, \u00e0 l\u2019\u00e9poque l\u2019entr\u00e9e dans le Th\u00e9\u00e2tre National de Roumanie. Ou une rencontre plus intime dans l\u2019une de nos petites salles d\u2019\u00e9v\u00e9nements \u00e9l\u00e9gantes. Vous retrouverez le d\u00e9cor parfait dans notre h\u00f4tel situ\u00e9 au centre-ville de Bucarest.<\/p>\n<p>Nos organisateurs d\u00e9di\u00e9s de mariages seront accompagn\u00e9s \u00e0 chaque pas \u2013 en vous offrant tout, \u00e0 partir du soutien pour choisir la musique et les photographes jusqu\u2019aux d\u00e9corations et aux arrangements pour les tables. Nos chefs cr\u00e9eront un banquet inoubliable. Et parce que vos invit\u00e9s sont aussi les n\u00f4tres, ils seront accueillis avec l\u2019hospitalit\u00e9 de l\u2019enseigne Novotel.<\/p>\n<p>Tout ce qu\u2019il vous reste \u00e0 faire est de cr\u00e9er des souvenirs de longue dur\u00e9e.<\/p>\n","protected":false},"excerpt":{"rendered":"<p>Nous vous aiderons \u00e0 le transformer dans un \u00e9v\u00e9nement inoubliable. Chez Novotel Bucharest City Centre, nous avons les configurations, mais aussi l\u2019expertise pour c\u00e9l\u00e9brer parfaitement votre amour. Un banquet g\u00e9n\u00e9reux pour toute la famille et tous vos amis dans notre plus grande salle de bal, Paris. Un gala somptueux avec une vue vers Calea Victoriei, [&hellip;]<\/p>\n","protected":false},"author":26,"featured_media":0,"parent":0,"menu_order":70,"comment_status":"closed","ping_status":"closed","template":"template-wedding.php","meta":{"footnotes":""},"categories":[],"class_list":["post-332","page","type-page","status-publish","hentry"],"acf":[],"yoast_head":"<!-- This site is optimized with the Yoast SEO plugin v26.9 - https:\/\/yoast.com\/product\/yoast-seo-wordpress\/ -->\n<title>Mariages | Novotel Bucharest City Center | Espaces pour les R\u00e9ceptions<\/title>\n<meta name=\"description\" content=\"Organisez votre mariage de Bucarest dans l\u2019un de nos espaces \u00e9l\u00e9gants pour les r\u00e9ceptions. Nos organisateurs d\u00e9di\u00e9s s\u2019occuperont du traiteur et de tous les autres arrangements.\" \/>\n<meta name=\"robots\" content=\"index, follow, max-snippet:-1, max-image-preview:large, max-video-preview:-1\" \/>\n<link rel=\"canonical\" href=\"https:\/\/www.novotelbucharestcitycentre.com\/fr\/mariages\/\" \/>\n<meta property=\"og:locale\" content=\"fr_FR\" \/>\n<meta property=\"og:type\" content=\"article\" \/>\n<meta property=\"og:title\" content=\"Mariages | Novotel Bucharest City Center | Espaces pour les R\u00e9ceptions\" \/>\n<meta property=\"og:description\" content=\"Organisez votre mariage de Bucarest dans l\u2019un de nos espaces \u00e9l\u00e9gants pour les r\u00e9ceptions. Nos organisateurs d\u00e9di\u00e9s s\u2019occuperont du traiteur et de tous les autres arrangements.\" \/>\n<meta property=\"og:url\" content=\"https:\/\/www.novotelbucharestcitycentre.com\/fr\/mariages\/\" \/>\n<meta property=\"og:site_name\" content=\"Novotel Bucarest City Centre SL\" \/>\n<meta property=\"article:modified_time\" content=\"2022-12-22T12:53:28+00:00\" \/>\n<meta name=\"twitter:card\" content=\"summary_large_image\" \/>\n<meta name=\"twitter:label1\" content=\"Dur\u00e9e de lecture est.\" \/>\n\t<meta name=\"twitter:data1\" content=\"1 minute\" \/>\n<script type=\"application\/ld+json\" class=\"yoast-schema-graph\">{\"@context\":\"https:\/\/schema.org\",\"@graph\":[{\"@type\":\"WebPage\",\"@id\":\"https:\/\/www.novotelbucharestcitycentre.com\/fr\/mariages\/\",\"url\":\"https:\/\/www.novotelbucharestcitycentre.com\/fr\/mariages\/\",\"name\":\"Mariages | Novotel Bucharest City Center | Espaces pour les R\u00e9ceptions\",\"isPartOf\":{\"@id\":\"https:\/\/www.novotelbucharestcitycentre.com\/#website\"},\"datePublished\":\"2022-11-30T09:57:55+00:00\",\"dateModified\":\"2022-12-22T12:53:28+00:00\",\"description\":\"Organisez votre mariage de Bucarest dans l\u2019un de nos espaces \u00e9l\u00e9gants pour les r\u00e9ceptions. Nos organisateurs d\u00e9di\u00e9s s\u2019occuperont du traiteur et de tous les autres arrangements.\",\"breadcrumb\":{\"@id\":\"https:\/\/www.novotelbucharestcitycentre.com\/fr\/mariages\/#breadcrumb\"},\"inLanguage\":\"fr-FR\",\"potentialAction\":[{\"@type\":\"ReadAction\",\"target\":[\"https:\/\/www.novotelbucharestcitycentre.com\/fr\/mariages\/\"]}]},{\"@type\":\"BreadcrumbList\",\"@id\":\"https:\/\/www.novotelbucharestcitycentre.com\/fr\/mariages\/#breadcrumb\",\"itemListElement\":[{\"@type\":\"ListItem\",\"position\":1,\"name\":\"Home\",\"item\":\"https:\/\/www.novotelbucharestcitycentre.com\/fr\/\"},{\"@type\":\"ListItem\",\"position\":2,\"name\":\"MARIAGES\"}]},{\"@type\":\"WebSite\",\"@id\":\"https:\/\/www.novotelbucharestcitycentre.com\/#website\",\"url\":\"https:\/\/www.novotelbucharestcitycentre.com\/\",\"name\":\"Novotel Bucarest City Centre SL\",\"description\":\"Just another D-Edge Accor V2 Sites Hosting site\",\"potentialAction\":[{\"@type\":\"SearchAction\",\"target\":{\"@type\":\"EntryPoint\",\"urlTemplate\":\"https:\/\/www.novotelbucharestcitycentre.com\/?s={search_term_string}\"},\"query-input\":{\"@type\":\"PropertyValueSpecification\",\"valueRequired\":true,\"valueName\":\"search_term_string\"}}],\"inLanguage\":\"fr-FR\"}]}<\/script>\n<!-- \/ Yoast SEO plugin. -->","yoast_head_json":{"title":"Mariages | Novotel Bucharest City Center | Espaces pour les R\u00e9ceptions","description":"Organisez votre mariage de Bucarest dans l\u2019un de nos espaces \u00e9l\u00e9gants pour les r\u00e9ceptions. Nos organisateurs d\u00e9di\u00e9s s\u2019occuperont du traiteur et de tous les autres arrangements.","robots":{"index":"index","follow":"follow","max-snippet":"max-snippet:-1","max-image-preview":"max-image-preview:large","max-video-preview":"max-video-preview:-1"},"canonical":"https:\/\/www.novotelbucharestcitycentre.com\/fr\/mariages\/","og_locale":"fr_FR","og_type":"article","og_title":"Mariages | Novotel Bucharest City Center | Espaces pour les R\u00e9ceptions","og_description":"Organisez votre mariage de Bucarest dans l\u2019un de nos espaces \u00e9l\u00e9gants pour les r\u00e9ceptions. Nos organisateurs d\u00e9di\u00e9s s\u2019occuperont du traiteur et de tous les autres arrangements.","og_url":"https:\/\/www.novotelbucharestcitycentre.com\/fr\/mariages\/","og_site_name":"Novotel Bucarest City Centre SL","article_modified_time":"2022-12-22T12:53:28+00:00","twitter_card":"summary_large_image","twitter_misc":{"Dur\u00e9e de lecture est.":"1 minute"},"schema":{"@context":"https:\/\/schema.org","@graph":[{"@type":"WebPage","@id":"https:\/\/www.novotelbucharestcitycentre.com\/fr\/mariages\/","url":"https:\/\/www.novotelbucharestcitycentre.com\/fr\/mariages\/","name":"Mariages | Novotel Bucharest City Center | Espaces pour les R\u00e9ceptions","isPartOf":{"@id":"https:\/\/www.novotelbucharestcitycentre.com\/#website"},"datePublished":"2022-11-30T09:57:55+00:00","dateModified":"2022-12-22T12:53:28+00:00","description":"Organisez votre mariage de Bucarest dans l\u2019un de nos espaces \u00e9l\u00e9gants pour les r\u00e9ceptions. Nos organisateurs d\u00e9di\u00e9s s\u2019occuperont du traiteur et de tous les autres arrangements.","breadcrumb":{"@id":"https:\/\/www.novotelbucharestcitycentre.com\/fr\/mariages\/#breadcrumb"},"inLanguage":"fr-FR","potentialAction":[{"@type":"ReadAction","target":["https:\/\/www.novotelbucharestcitycentre.com\/fr\/mariages\/"]}]},{"@type":"BreadcrumbList","@id":"https:\/\/www.novotelbucharestcitycentre.com\/fr\/mariages\/#breadcrumb","itemListElement":[{"@type":"ListItem","position":1,"name":"Home","item":"https:\/\/www.novotelbucharestcitycentre.com\/fr\/"},{"@type":"ListItem","position":2,"name":"MARIAGES"}]},{"@type":"WebSite","@id":"https:\/\/www.novotelbucharestcitycentre.com\/#website","url":"https:\/\/www.novotelbucharestcitycentre.com\/","name":"Novotel Bucarest City Centre SL","description":"Just another D-Edge Accor V2 Sites Hosting site","potentialAction":[{"@type":"SearchAction","target":{"@type":"EntryPoint","urlTemplate":"https:\/\/www.novotelbucharestcitycentre.com\/?s={search_term_string}"},"query-input":{"@type":"PropertyValueSpecification","valueRequired":true,"valueName":"search_term_string"}}],"inLanguage":"fr-FR"}]}},"_links":{"self":[{"href":"https:\/\/www.novotelbucharestcitycentre.com\/fr\/wp-json\/wp\/v2\/pages\/332","targetHints":{"allow":["GET"]}}],"collection":[{"href":"https:\/\/www.novotelbucharestcitycentre.com\/fr\/wp-json\/wp\/v2\/pages"}],"about":[{"href":"https:\/\/www.novotelbucharestcitycentre.com\/fr\/wp-json\/wp\/v2\/types\/page"}],"author":[{"embeddable":true,"href":"https:\/\/www.novotelbucharestcitycentre.com\/fr\/wp-json\/wp\/v2\/users\/26"}],"replies":[{"embeddable":true,"href":"https:\/\/www.novotelbucharestcitycentre.com\/fr\/wp-json\/wp\/v2\/comments?post=332"}],"version-history":[{"count":0,"href":"https:\/\/www.novotelbucharestcitycentre.com\/fr\/wp-json\/wp\/v2\/pages\/332\/revisions"}],"wp:attachment":[{"href":"https:\/\/www.novotelbucharestcitycentre.com\/fr\/wp-json\/wp\/v2\/media?parent=332"}],"wp:term":[{"taxonomy":"category","embeddable":true,"href":"https:\/\/www.novotelbucharestcitycentre.com\/fr\/wp-json\/wp\/v2\/categories?post=332"}],"curies":[{"name":"wp","href":"https:\/\/api.w.org\/{rel}","templated":true}]}}