{"id":328,"date":"2022-11-30T09:15:57","date_gmt":"2022-11-30T09:15:57","guid":{"rendered":"https:\/\/novotelbucarest.accorv2prod.decms.eu\/meetings-events\/"},"modified":"2022-12-22T12:49:44","modified_gmt":"2022-12-22T12:49:44","slug":"reunions-et-evenements","status":"publish","type":"page","link":"https:\/\/www.novotelbucharestcitycentre.com\/fr\/reunions-et-evenements\/","title":{"rendered":"R\u00c9UNIONS ET \u00c9V\u00c9NEMENTS"},"content":{"rendered":"<p>Nous d\u00e9sirons que votre \u00e9v\u00e9nement de Bucarest ait du succ\u00e8s. Voici pourquoi nous vous offrons tout ce dont vous avez besoin pour nous assurer que votre occasion est m\u00e9morable pour les bonnes raisons.<\/p>\n<p>Nos ambassadeurs Novotel seront pr\u00e8s de vous d\u00e8s le d\u00e9but jusqu\u2019\u00e0 la fin. Nous vous aiderons \u00e0 d\u00e9cider le concept appropri\u00e9 pour cet \u00e9v\u00e9nement, nous prendront en compte tous les d\u00e9tails de logistique et nous serons disponibles \u00e0 tout moment quand vous avez besoin de nous. Le tout vous permettra de vous concentrer sur l\u2019image d\u2019ensemble.<\/p>\n<p>Les dix espaces versatiles pour les \u00e9v\u00e9nements offrent des configurations \u00e9l\u00e9gantes et fonctionnelles pour tout, \u00e0 partir d\u2019une assembl\u00e9e discr\u00e8te du conseil d\u2019administration jusqu\u2019\u00e0 une conf\u00e9rence prestigieuse, un somptueux banquet ou un r\u00e9ception cocktail tr\u00e8s charmante. La technologie de pointe pour des \u00e9v\u00e9nements et le mobilier ergonomique permettent \u00e0 vos invit\u00e9s de se concentrer sur ce qui est important. Et nos offres flexibles de boissons rafra\u00eechissantes et de plats gardent les invit\u00e9s pleins d\u2019\u00e9nergie et en alerte.<\/p>\n<p>Les zones publiques de l\u2019h\u00f4tel, y compris le foyer, nos restaurants et la terrasse en plein air peuvent repr\u00e9senter, en m\u00eame temps, des d\u00e9cors pour votre \u00e9v\u00e9nement.<\/p>\n<p>&nbsp;<\/p>\n","protected":false},"excerpt":{"rendered":"<p>Nous d\u00e9sirons que votre \u00e9v\u00e9nement de Bucarest ait du succ\u00e8s. Voici pourquoi nous vous offrons tout ce dont vous avez besoin pour nous assurer que votre occasion est m\u00e9morable pour les bonnes raisons. Nos ambassadeurs Novotel seront pr\u00e8s de vous d\u00e8s le d\u00e9but jusqu\u2019\u00e0 la fin. Nous vous aiderons \u00e0 d\u00e9cider le concept appropri\u00e9 pour [&hellip;]<\/p>\n","protected":false},"author":26,"featured_media":0,"parent":0,"menu_order":50,"comment_status":"closed","ping_status":"closed","template":"template-meetings.php","meta":{"footnotes":""},"categories":[],"class_list":["post-328","page","type-page","status-publish","hentry"],"acf":[],"yoast_head":"<!-- This site is optimized with the Yoast SEO plugin v26.9 - https:\/\/yoast.com\/product\/yoast-seo-wordpress\/ -->\n<title>Rencontres et \u00e9v\u00e9nements | Novotel Bucharest City Centre<\/title>\n<meta name=\"description\" content=\"Organisez votre \u00e9v\u00e9nement ou votre rencontre \u00e0 Bucarest, dans notre h\u00f4tel situ\u00e9 sur Calea Victoriei. Nous offrons un planning d\u00e8s le d\u00e9but jusqu\u2019\u00e0 la fin pour des \u00e9v\u00e9nements de toute envergure, d\u00e9roul\u00e9s dans des espaces modernes.\" \/>\n<meta name=\"robots\" content=\"index, follow, max-snippet:-1, max-image-preview:large, max-video-preview:-1\" \/>\n<link rel=\"canonical\" href=\"https:\/\/www.novotelbucharestcitycentre.com\/fr\/reunions-et-evenements\/\" \/>\n<meta property=\"og:locale\" content=\"fr_FR\" \/>\n<meta property=\"og:type\" content=\"article\" \/>\n<meta property=\"og:title\" content=\"Rencontres et \u00e9v\u00e9nements | Novotel Bucharest City Centre\" \/>\n<meta property=\"og:description\" content=\"Organisez votre \u00e9v\u00e9nement ou votre rencontre \u00e0 Bucarest, dans notre h\u00f4tel situ\u00e9 sur Calea Victoriei. Nous offrons un planning d\u00e8s le d\u00e9but jusqu\u2019\u00e0 la fin pour des \u00e9v\u00e9nements de toute envergure, d\u00e9roul\u00e9s dans des espaces modernes.\" \/>\n<meta property=\"og:url\" content=\"https:\/\/www.novotelbucharestcitycentre.com\/fr\/reunions-et-evenements\/\" \/>\n<meta property=\"og:site_name\" content=\"Novotel Bucarest City Centre SL\" \/>\n<meta property=\"article:modified_time\" content=\"2022-12-22T12:49:44+00:00\" \/>\n<meta name=\"twitter:card\" content=\"summary_large_image\" \/>\n<meta name=\"twitter:label1\" content=\"Dur\u00e9e de lecture est.\" \/>\n\t<meta name=\"twitter:data1\" content=\"1 minute\" \/>\n<script type=\"application\/ld+json\" class=\"yoast-schema-graph\">{\"@context\":\"https:\/\/schema.org\",\"@graph\":[{\"@type\":\"WebPage\",\"@id\":\"https:\/\/www.novotelbucharestcitycentre.com\/fr\/reunions-et-evenements\/\",\"url\":\"https:\/\/www.novotelbucharestcitycentre.com\/fr\/reunions-et-evenements\/\",\"name\":\"Rencontres et \u00e9v\u00e9nements | Novotel Bucharest City Centre\",\"isPartOf\":{\"@id\":\"https:\/\/www.novotelbucharestcitycentre.com\/#website\"},\"datePublished\":\"2022-11-30T09:15:57+00:00\",\"dateModified\":\"2022-12-22T12:49:44+00:00\",\"description\":\"Organisez votre \u00e9v\u00e9nement ou votre rencontre \u00e0 Bucarest, dans notre h\u00f4tel situ\u00e9 sur Calea Victoriei. Nous offrons un planning d\u00e8s le d\u00e9but jusqu\u2019\u00e0 la fin pour des \u00e9v\u00e9nements de toute envergure, d\u00e9roul\u00e9s dans des espaces modernes.\",\"breadcrumb\":{\"@id\":\"https:\/\/www.novotelbucharestcitycentre.com\/fr\/reunions-et-evenements\/#breadcrumb\"},\"inLanguage\":\"fr-FR\",\"potentialAction\":[{\"@type\":\"ReadAction\",\"target\":[\"https:\/\/www.novotelbucharestcitycentre.com\/fr\/reunions-et-evenements\/\"]}]},{\"@type\":\"BreadcrumbList\",\"@id\":\"https:\/\/www.novotelbucharestcitycentre.com\/fr\/reunions-et-evenements\/#breadcrumb\",\"itemListElement\":[{\"@type\":\"ListItem\",\"position\":1,\"name\":\"Home\",\"item\":\"https:\/\/www.novotelbucharestcitycentre.com\/fr\/\"},{\"@type\":\"ListItem\",\"position\":2,\"name\":\"R\u00c9UNIONS ET \u00c9V\u00c9NEMENTS\"}]},{\"@type\":\"WebSite\",\"@id\":\"https:\/\/www.novotelbucharestcitycentre.com\/#website\",\"url\":\"https:\/\/www.novotelbucharestcitycentre.com\/\",\"name\":\"Novotel Bucarest City Centre SL\",\"description\":\"Just another D-Edge Accor V2 Sites Hosting site\",\"potentialAction\":[{\"@type\":\"SearchAction\",\"target\":{\"@type\":\"EntryPoint\",\"urlTemplate\":\"https:\/\/www.novotelbucharestcitycentre.com\/?s={search_term_string}\"},\"query-input\":{\"@type\":\"PropertyValueSpecification\",\"valueRequired\":true,\"valueName\":\"search_term_string\"}}],\"inLanguage\":\"fr-FR\"}]}<\/script>\n<!-- \/ Yoast SEO plugin. -->","yoast_head_json":{"title":"Rencontres et \u00e9v\u00e9nements | Novotel Bucharest City Centre","description":"Organisez votre \u00e9v\u00e9nement ou votre rencontre \u00e0 Bucarest, dans notre h\u00f4tel situ\u00e9 sur Calea Victoriei. Nous offrons un planning d\u00e8s le d\u00e9but jusqu\u2019\u00e0 la fin pour des \u00e9v\u00e9nements de toute envergure, d\u00e9roul\u00e9s dans des espaces modernes.","robots":{"index":"index","follow":"follow","max-snippet":"max-snippet:-1","max-image-preview":"max-image-preview:large","max-video-preview":"max-video-preview:-1"},"canonical":"https:\/\/www.novotelbucharestcitycentre.com\/fr\/reunions-et-evenements\/","og_locale":"fr_FR","og_type":"article","og_title":"Rencontres et \u00e9v\u00e9nements | Novotel Bucharest City Centre","og_description":"Organisez votre \u00e9v\u00e9nement ou votre rencontre \u00e0 Bucarest, dans notre h\u00f4tel situ\u00e9 sur Calea Victoriei. Nous offrons un planning d\u00e8s le d\u00e9but jusqu\u2019\u00e0 la fin pour des \u00e9v\u00e9nements de toute envergure, d\u00e9roul\u00e9s dans des espaces modernes.","og_url":"https:\/\/www.novotelbucharestcitycentre.com\/fr\/reunions-et-evenements\/","og_site_name":"Novotel Bucarest City Centre SL","article_modified_time":"2022-12-22T12:49:44+00:00","twitter_card":"summary_large_image","twitter_misc":{"Dur\u00e9e de lecture est.":"1 minute"},"schema":{"@context":"https:\/\/schema.org","@graph":[{"@type":"WebPage","@id":"https:\/\/www.novotelbucharestcitycentre.com\/fr\/reunions-et-evenements\/","url":"https:\/\/www.novotelbucharestcitycentre.com\/fr\/reunions-et-evenements\/","name":"Rencontres et \u00e9v\u00e9nements | Novotel Bucharest City Centre","isPartOf":{"@id":"https:\/\/www.novotelbucharestcitycentre.com\/#website"},"datePublished":"2022-11-30T09:15:57+00:00","dateModified":"2022-12-22T12:49:44+00:00","description":"Organisez votre \u00e9v\u00e9nement ou votre rencontre \u00e0 Bucarest, dans notre h\u00f4tel situ\u00e9 sur Calea Victoriei. Nous offrons un planning d\u00e8s le d\u00e9but jusqu\u2019\u00e0 la fin pour des \u00e9v\u00e9nements de toute envergure, d\u00e9roul\u00e9s dans des espaces modernes.","breadcrumb":{"@id":"https:\/\/www.novotelbucharestcitycentre.com\/fr\/reunions-et-evenements\/#breadcrumb"},"inLanguage":"fr-FR","potentialAction":[{"@type":"ReadAction","target":["https:\/\/www.novotelbucharestcitycentre.com\/fr\/reunions-et-evenements\/"]}]},{"@type":"BreadcrumbList","@id":"https:\/\/www.novotelbucharestcitycentre.com\/fr\/reunions-et-evenements\/#breadcrumb","itemListElement":[{"@type":"ListItem","position":1,"name":"Home","item":"https:\/\/www.novotelbucharestcitycentre.com\/fr\/"},{"@type":"ListItem","position":2,"name":"R\u00c9UNIONS ET \u00c9V\u00c9NEMENTS"}]},{"@type":"WebSite","@id":"https:\/\/www.novotelbucharestcitycentre.com\/#website","url":"https:\/\/www.novotelbucharestcitycentre.com\/","name":"Novotel Bucarest City Centre SL","description":"Just another D-Edge Accor V2 Sites Hosting site","potentialAction":[{"@type":"SearchAction","target":{"@type":"EntryPoint","urlTemplate":"https:\/\/www.novotelbucharestcitycentre.com\/?s={search_term_string}"},"query-input":{"@type":"PropertyValueSpecification","valueRequired":true,"valueName":"search_term_string"}}],"inLanguage":"fr-FR"}]}},"_links":{"self":[{"href":"https:\/\/www.novotelbucharestcitycentre.com\/fr\/wp-json\/wp\/v2\/pages\/328","targetHints":{"allow":["GET"]}}],"collection":[{"href":"https:\/\/www.novotelbucharestcitycentre.com\/fr\/wp-json\/wp\/v2\/pages"}],"about":[{"href":"https:\/\/www.novotelbucharestcitycentre.com\/fr\/wp-json\/wp\/v2\/types\/page"}],"author":[{"embeddable":true,"href":"https:\/\/www.novotelbucharestcitycentre.com\/fr\/wp-json\/wp\/v2\/users\/26"}],"replies":[{"embeddable":true,"href":"https:\/\/www.novotelbucharestcitycentre.com\/fr\/wp-json\/wp\/v2\/comments?post=328"}],"version-history":[{"count":0,"href":"https:\/\/www.novotelbucharestcitycentre.com\/fr\/wp-json\/wp\/v2\/pages\/328\/revisions"}],"wp:attachment":[{"href":"https:\/\/www.novotelbucharestcitycentre.com\/fr\/wp-json\/wp\/v2\/media?parent=328"}],"wp:term":[{"taxonomy":"category","embeddable":true,"href":"https:\/\/www.novotelbucharestcitycentre.com\/fr\/wp-json\/wp\/v2\/categories?post=328"}],"curies":[{"name":"wp","href":"https:\/\/api.w.org\/{rel}","templated":true}]}}