{"id":324,"date":"2022-11-30T09:13:23","date_gmt":"2022-11-30T09:13:23","guid":{"rendered":"https:\/\/novotelbucarest.accorv2prod.decms.eu\/fitness-wellbeing\/"},"modified":"2025-08-19T07:28:38","modified_gmt":"2025-08-19T07:28:38","slug":"gym-relaxation","status":"publish","type":"page","link":"https:\/\/www.novotelbucharestcitycentre.com\/fr\/gym-relaxation\/","title":{"rendered":"GYM &amp; RELAXATION"},"content":{"rendered":"<p data-start=\"59\" data-end=\"108\">\n<p style=\"text-align: center\" data-start=\"59\" data-end=\"108\"><strong data-start=\"59\" data-end=\"106\">Harmonie et \u00e9nergie int\u00e9rieure au ZENco SPA<\/strong><\/p>\n<p data-start=\"59\" data-end=\"108\">\n<p style=\"text-align: center\" data-start=\"110\" data-end=\"431\">Dans un espace \u00e9l\u00e9gant et chaleureux, soigneusement con\u00e7u pour ton confort et ton bien-\u00eatre, nous t\u2019invitons \u00e0 embarquer pour un voyage de d\u00e9tente et de revitalisation. Choisis parmi des massages th\u00e9rapeutiques, relaxants ou exotiques, chacun pens\u00e9 pour d\u00e9tendre ton corps, \u00e9quilibrer ton esprit et raviver ta vitalit\u00e9.<\/p>\n<p style=\"text-align: center\" data-start=\"433\" data-end=\"658\">Pour une exp\u00e9rience exceptionnelle, d\u00e9couvre nos massages exotiques inspir\u00e9s des traditions asiatiques \u2013 des techniques \u00e0 la fois d\u00e9licates et profondes qui apportent s\u00e9r\u00e9nit\u00e9, harmonie et une sensation unique de bien-\u00eatre.<\/p>\n","protected":false},"excerpt":{"rendered":"<p>Harmonie et \u00e9nergie int\u00e9rieure au ZENco SPA Dans un espace \u00e9l\u00e9gant et chaleureux, soigneusement con\u00e7u pour ton confort et ton bien-\u00eatre, nous t\u2019invitons \u00e0 embarquer pour un voyage de d\u00e9tente et de revitalisation. Choisis parmi des massages th\u00e9rapeutiques, relaxants ou exotiques, chacun pens\u00e9 pour d\u00e9tendre ton corps, \u00e9quilibrer ton esprit et raviver ta vitalit\u00e9. Pour [&hellip;]<\/p>\n","protected":false},"author":26,"featured_media":0,"parent":0,"menu_order":40,"comment_status":"closed","ping_status":"closed","template":"template-spa.php","meta":{"footnotes":""},"categories":[],"class_list":["post-324","page","type-page","status-publish","hentry"],"acf":[],"yoast_head":"<!-- This site is optimized with the Yoast SEO plugin v26.9 - https:\/\/yoast.com\/product\/yoast-seo-wordpress\/ -->\n<title>Wellness | Novotel Bucharest City Centre | H\u00f4tel \u00e0 Spa, Piscine et Salle de sport<\/title>\n<meta name=\"description\" content=\"Vivez la d\u00e9tente dans notre centre de spa qui vous propose une piscine, un hammam et un centre de remise en forme moderne et enti\u00e8rement \u00e9quip\u00e9.\" \/>\n<meta name=\"robots\" content=\"index, follow, max-snippet:-1, max-image-preview:large, max-video-preview:-1\" \/>\n<link rel=\"canonical\" href=\"https:\/\/www.novotelbucharestcitycentre.com\/fr\/gym-relaxation\/\" \/>\n<meta property=\"og:locale\" content=\"fr_FR\" \/>\n<meta property=\"og:type\" content=\"article\" \/>\n<meta property=\"og:title\" content=\"Wellness | Novotel Bucharest City Centre | H\u00f4tel \u00e0 Spa, Piscine et Salle de sport\" \/>\n<meta property=\"og:description\" content=\"Vivez la d\u00e9tente dans notre centre de spa qui vous propose une piscine, un hammam et un centre de remise en forme moderne et enti\u00e8rement \u00e9quip\u00e9.\" \/>\n<meta property=\"og:url\" content=\"https:\/\/www.novotelbucharestcitycentre.com\/fr\/gym-relaxation\/\" \/>\n<meta property=\"og:site_name\" content=\"Novotel Bucarest City Centre SL\" \/>\n<meta property=\"article:modified_time\" content=\"2025-08-19T07:28:38+00:00\" \/>\n<meta name=\"twitter:card\" content=\"summary_large_image\" \/>\n<meta name=\"twitter:label1\" content=\"Dur\u00e9e de lecture est.\" \/>\n\t<meta name=\"twitter:data1\" content=\"1 minute\" \/>\n<script type=\"application\/ld+json\" class=\"yoast-schema-graph\">{\"@context\":\"https:\/\/schema.org\",\"@graph\":[{\"@type\":\"WebPage\",\"@id\":\"https:\/\/www.novotelbucharestcitycentre.com\/fr\/gym-relaxation\/\",\"url\":\"https:\/\/www.novotelbucharestcitycentre.com\/fr\/gym-relaxation\/\",\"name\":\"Wellness | Novotel Bucharest City Centre | H\u00f4tel \u00e0 Spa, Piscine et Salle de sport\",\"isPartOf\":{\"@id\":\"https:\/\/www.novotelbucharestcitycentre.com\/#website\"},\"datePublished\":\"2022-11-30T09:13:23+00:00\",\"dateModified\":\"2025-08-19T07:28:38+00:00\",\"description\":\"Vivez la d\u00e9tente dans notre centre de spa qui vous propose une piscine, un hammam et un centre de remise en forme moderne et enti\u00e8rement \u00e9quip\u00e9.\",\"breadcrumb\":{\"@id\":\"https:\/\/www.novotelbucharestcitycentre.com\/fr\/gym-relaxation\/#breadcrumb\"},\"inLanguage\":\"fr-FR\",\"potentialAction\":[{\"@type\":\"ReadAction\",\"target\":[\"https:\/\/www.novotelbucharestcitycentre.com\/fr\/gym-relaxation\/\"]}]},{\"@type\":\"BreadcrumbList\",\"@id\":\"https:\/\/www.novotelbucharestcitycentre.com\/fr\/gym-relaxation\/#breadcrumb\",\"itemListElement\":[{\"@type\":\"ListItem\",\"position\":1,\"name\":\"Home\",\"item\":\"https:\/\/www.novotelbucharestcitycentre.com\/fr\/\"},{\"@type\":\"ListItem\",\"position\":2,\"name\":\"GYM &amp; RELAXATION\"}]},{\"@type\":\"WebSite\",\"@id\":\"https:\/\/www.novotelbucharestcitycentre.com\/#website\",\"url\":\"https:\/\/www.novotelbucharestcitycentre.com\/\",\"name\":\"Novotel Bucarest City Centre SL\",\"description\":\"Just another D-Edge Accor V2 Sites Hosting site\",\"potentialAction\":[{\"@type\":\"SearchAction\",\"target\":{\"@type\":\"EntryPoint\",\"urlTemplate\":\"https:\/\/www.novotelbucharestcitycentre.com\/?s={search_term_string}\"},\"query-input\":{\"@type\":\"PropertyValueSpecification\",\"valueRequired\":true,\"valueName\":\"search_term_string\"}}],\"inLanguage\":\"fr-FR\"}]}<\/script>\n<!-- \/ Yoast SEO plugin. -->","yoast_head_json":{"title":"Wellness | Novotel Bucharest City Centre | H\u00f4tel \u00e0 Spa, Piscine et Salle de sport","description":"Vivez la d\u00e9tente dans notre centre de spa qui vous propose une piscine, un hammam et un centre de remise en forme moderne et enti\u00e8rement \u00e9quip\u00e9.","robots":{"index":"index","follow":"follow","max-snippet":"max-snippet:-1","max-image-preview":"max-image-preview:large","max-video-preview":"max-video-preview:-1"},"canonical":"https:\/\/www.novotelbucharestcitycentre.com\/fr\/gym-relaxation\/","og_locale":"fr_FR","og_type":"article","og_title":"Wellness | Novotel Bucharest City Centre | H\u00f4tel \u00e0 Spa, Piscine et Salle de sport","og_description":"Vivez la d\u00e9tente dans notre centre de spa qui vous propose une piscine, un hammam et un centre de remise en forme moderne et enti\u00e8rement \u00e9quip\u00e9.","og_url":"https:\/\/www.novotelbucharestcitycentre.com\/fr\/gym-relaxation\/","og_site_name":"Novotel Bucarest City Centre SL","article_modified_time":"2025-08-19T07:28:38+00:00","twitter_card":"summary_large_image","twitter_misc":{"Dur\u00e9e de lecture est.":"1 minute"},"schema":{"@context":"https:\/\/schema.org","@graph":[{"@type":"WebPage","@id":"https:\/\/www.novotelbucharestcitycentre.com\/fr\/gym-relaxation\/","url":"https:\/\/www.novotelbucharestcitycentre.com\/fr\/gym-relaxation\/","name":"Wellness | Novotel Bucharest City Centre | H\u00f4tel \u00e0 Spa, Piscine et Salle de sport","isPartOf":{"@id":"https:\/\/www.novotelbucharestcitycentre.com\/#website"},"datePublished":"2022-11-30T09:13:23+00:00","dateModified":"2025-08-19T07:28:38+00:00","description":"Vivez la d\u00e9tente dans notre centre de spa qui vous propose une piscine, un hammam et un centre de remise en forme moderne et enti\u00e8rement \u00e9quip\u00e9.","breadcrumb":{"@id":"https:\/\/www.novotelbucharestcitycentre.com\/fr\/gym-relaxation\/#breadcrumb"},"inLanguage":"fr-FR","potentialAction":[{"@type":"ReadAction","target":["https:\/\/www.novotelbucharestcitycentre.com\/fr\/gym-relaxation\/"]}]},{"@type":"BreadcrumbList","@id":"https:\/\/www.novotelbucharestcitycentre.com\/fr\/gym-relaxation\/#breadcrumb","itemListElement":[{"@type":"ListItem","position":1,"name":"Home","item":"https:\/\/www.novotelbucharestcitycentre.com\/fr\/"},{"@type":"ListItem","position":2,"name":"GYM &amp; RELAXATION"}]},{"@type":"WebSite","@id":"https:\/\/www.novotelbucharestcitycentre.com\/#website","url":"https:\/\/www.novotelbucharestcitycentre.com\/","name":"Novotel Bucarest City Centre SL","description":"Just another D-Edge Accor V2 Sites Hosting site","potentialAction":[{"@type":"SearchAction","target":{"@type":"EntryPoint","urlTemplate":"https:\/\/www.novotelbucharestcitycentre.com\/?s={search_term_string}"},"query-input":{"@type":"PropertyValueSpecification","valueRequired":true,"valueName":"search_term_string"}}],"inLanguage":"fr-FR"}]}},"_links":{"self":[{"href":"https:\/\/www.novotelbucharestcitycentre.com\/fr\/wp-json\/wp\/v2\/pages\/324","targetHints":{"allow":["GET"]}}],"collection":[{"href":"https:\/\/www.novotelbucharestcitycentre.com\/fr\/wp-json\/wp\/v2\/pages"}],"about":[{"href":"https:\/\/www.novotelbucharestcitycentre.com\/fr\/wp-json\/wp\/v2\/types\/page"}],"author":[{"embeddable":true,"href":"https:\/\/www.novotelbucharestcitycentre.com\/fr\/wp-json\/wp\/v2\/users\/26"}],"replies":[{"embeddable":true,"href":"https:\/\/www.novotelbucharestcitycentre.com\/fr\/wp-json\/wp\/v2\/comments?post=324"}],"version-history":[{"count":0,"href":"https:\/\/www.novotelbucharestcitycentre.com\/fr\/wp-json\/wp\/v2\/pages\/324\/revisions"}],"wp:attachment":[{"href":"https:\/\/www.novotelbucharestcitycentre.com\/fr\/wp-json\/wp\/v2\/media?parent=324"}],"wp:term":[{"taxonomy":"category","embeddable":true,"href":"https:\/\/www.novotelbucharestcitycentre.com\/fr\/wp-json\/wp\/v2\/categories?post=324"}],"curies":[{"name":"wp","href":"https:\/\/api.w.org\/{rel}","templated":true}]}}