{"id":320,"date":"2022-11-30T09:04:33","date_gmt":"2022-11-30T09:04:33","guid":{"rendered":"https:\/\/novotelbucarest.accorv2prod.decms.eu\/special-offers\/"},"modified":"2022-12-22T14:43:59","modified_gmt":"2022-12-22T14:43:59","slug":"offres-speciales","status":"publish","type":"page","link":"https:\/\/www.novotelbucharestcitycentre.com\/fr\/offres-speciales\/","title":{"rendered":"OFFRES SPECIALES"},"content":{"rendered":"<p>Des prix imbattables pour les \u00e9vasions de fin de semaine ou les s\u00e9jours plus longs dans nos <a href=\"\/fr\/chambres-appartements\/\">chambres<\/a> et appartements \u00e9clair\u00e9s et modernes, avec l\u2019accueil chaleureux de Novotel inclus. Des offres attirantes de vins exclusifs roumains et de repas d\u00e9licieux, \u00e0 partir des fermes jusqu\u2019\u00e0 la table, dans notre bar et restaurant <a href=\"\/fr\/restaurants-et-bars\/winestone\/\">Winestone<\/a>. Des offres excellentes pour des <a href=\"\/fr\/reunions-et-evenements\/\">\u00e9v\u00e9nements<\/a> priv\u00e9s ou d\u2019affaires \u00e0 notre h\u00f4tel 4 \u00e9toiles au c\u0153ur de Bucarest&#8230;<\/p>\n<p>Ici vous allez retrouver tous sur nos offres sp\u00e9ciales attractives de Novotel Bucharest City Centre.<\/p>\n","protected":false},"excerpt":{"rendered":"<p>Des prix imbattables pour les \u00e9vasions de fin de semaine ou les s\u00e9jours plus longs dans nos chambres et appartements \u00e9clair\u00e9s et modernes, avec l\u2019accueil chaleureux de Novotel inclus. Des offres attirantes de vins exclusifs roumains et de repas d\u00e9licieux, \u00e0 partir des fermes jusqu\u2019\u00e0 la table, dans notre bar et restaurant Winestone. Des offres [&hellip;]<\/p>\n","protected":false},"author":26,"featured_media":0,"parent":0,"menu_order":30,"comment_status":"closed","ping_status":"closed","template":"template-special-offers.php","meta":{"footnotes":""},"categories":[],"class_list":["post-320","page","type-page","status-publish","hentry"],"acf":[],"yoast_head":"<!-- This site is optimized with the Yoast SEO plugin v26.9 - https:\/\/yoast.com\/product\/yoast-seo-wordpress\/ -->\n<title>Offres sp\u00e9ciales | Novotel Bucharest City Center | H\u00f4tel 4 \u00e9toiles<\/title>\n<meta name=\"description\" content=\"R\u00e9servez directement chez nous et profitez de nos offres sp\u00e9ciales in\u00e9galables d\u2019h\u00e9bergement, de repas et d\u2019\u00e9v\u00e9nements, dans notre h\u00f4tel situ\u00e9 pr\u00e8s du vieux-centre Lipscani, Bucarest.\" \/>\n<meta name=\"robots\" content=\"index, follow, max-snippet:-1, max-image-preview:large, max-video-preview:-1\" \/>\n<link rel=\"canonical\" href=\"https:\/\/www.novotelbucharestcitycentre.com\/fr\/offres-speciales\/\" \/>\n<meta property=\"og:locale\" content=\"fr_FR\" \/>\n<meta property=\"og:type\" content=\"article\" \/>\n<meta property=\"og:title\" content=\"Offres sp\u00e9ciales | Novotel Bucharest City Center | H\u00f4tel 4 \u00e9toiles\" \/>\n<meta property=\"og:description\" content=\"R\u00e9servez directement chez nous et profitez de nos offres sp\u00e9ciales in\u00e9galables d\u2019h\u00e9bergement, de repas et d\u2019\u00e9v\u00e9nements, dans notre h\u00f4tel situ\u00e9 pr\u00e8s du vieux-centre Lipscani, Bucarest.\" \/>\n<meta property=\"og:url\" content=\"https:\/\/www.novotelbucharestcitycentre.com\/fr\/offres-speciales\/\" \/>\n<meta property=\"og:site_name\" content=\"Novotel Bucarest City Centre SL\" \/>\n<meta property=\"article:modified_time\" content=\"2022-12-22T14:43:59+00:00\" \/>\n<meta name=\"twitter:card\" content=\"summary_large_image\" \/>\n<meta name=\"twitter:label1\" content=\"Dur\u00e9e de lecture est.\" \/>\n\t<meta name=\"twitter:data1\" content=\"1 minute\" \/>\n<script type=\"application\/ld+json\" class=\"yoast-schema-graph\">{\"@context\":\"https:\/\/schema.org\",\"@graph\":[{\"@type\":\"WebPage\",\"@id\":\"https:\/\/www.novotelbucharestcitycentre.com\/fr\/offres-speciales\/\",\"url\":\"https:\/\/www.novotelbucharestcitycentre.com\/fr\/offres-speciales\/\",\"name\":\"Offres sp\u00e9ciales | Novotel Bucharest City Center | H\u00f4tel 4 \u00e9toiles\",\"isPartOf\":{\"@id\":\"https:\/\/www.novotelbucharestcitycentre.com\/#website\"},\"datePublished\":\"2022-11-30T09:04:33+00:00\",\"dateModified\":\"2022-12-22T14:43:59+00:00\",\"description\":\"R\u00e9servez directement chez nous et profitez de nos offres sp\u00e9ciales in\u00e9galables d\u2019h\u00e9bergement, de repas et d\u2019\u00e9v\u00e9nements, dans notre h\u00f4tel situ\u00e9 pr\u00e8s du vieux-centre Lipscani, Bucarest.\",\"breadcrumb\":{\"@id\":\"https:\/\/www.novotelbucharestcitycentre.com\/fr\/offres-speciales\/#breadcrumb\"},\"inLanguage\":\"fr-FR\",\"potentialAction\":[{\"@type\":\"ReadAction\",\"target\":[\"https:\/\/www.novotelbucharestcitycentre.com\/fr\/offres-speciales\/\"]}]},{\"@type\":\"BreadcrumbList\",\"@id\":\"https:\/\/www.novotelbucharestcitycentre.com\/fr\/offres-speciales\/#breadcrumb\",\"itemListElement\":[{\"@type\":\"ListItem\",\"position\":1,\"name\":\"Home\",\"item\":\"https:\/\/www.novotelbucharestcitycentre.com\/fr\/\"},{\"@type\":\"ListItem\",\"position\":2,\"name\":\"OFFRES SPECIALES\"}]},{\"@type\":\"WebSite\",\"@id\":\"https:\/\/www.novotelbucharestcitycentre.com\/#website\",\"url\":\"https:\/\/www.novotelbucharestcitycentre.com\/\",\"name\":\"Novotel Bucarest City Centre SL\",\"description\":\"Just another D-Edge Accor V2 Sites Hosting site\",\"potentialAction\":[{\"@type\":\"SearchAction\",\"target\":{\"@type\":\"EntryPoint\",\"urlTemplate\":\"https:\/\/www.novotelbucharestcitycentre.com\/?s={search_term_string}\"},\"query-input\":{\"@type\":\"PropertyValueSpecification\",\"valueRequired\":true,\"valueName\":\"search_term_string\"}}],\"inLanguage\":\"fr-FR\"}]}<\/script>\n<!-- \/ Yoast SEO plugin. -->","yoast_head_json":{"title":"Offres sp\u00e9ciales | Novotel Bucharest City Center | H\u00f4tel 4 \u00e9toiles","description":"R\u00e9servez directement chez nous et profitez de nos offres sp\u00e9ciales in\u00e9galables d\u2019h\u00e9bergement, de repas et d\u2019\u00e9v\u00e9nements, dans notre h\u00f4tel situ\u00e9 pr\u00e8s du vieux-centre Lipscani, Bucarest.","robots":{"index":"index","follow":"follow","max-snippet":"max-snippet:-1","max-image-preview":"max-image-preview:large","max-video-preview":"max-video-preview:-1"},"canonical":"https:\/\/www.novotelbucharestcitycentre.com\/fr\/offres-speciales\/","og_locale":"fr_FR","og_type":"article","og_title":"Offres sp\u00e9ciales | Novotel Bucharest City Center | H\u00f4tel 4 \u00e9toiles","og_description":"R\u00e9servez directement chez nous et profitez de nos offres sp\u00e9ciales in\u00e9galables d\u2019h\u00e9bergement, de repas et d\u2019\u00e9v\u00e9nements, dans notre h\u00f4tel situ\u00e9 pr\u00e8s du vieux-centre Lipscani, Bucarest.","og_url":"https:\/\/www.novotelbucharestcitycentre.com\/fr\/offres-speciales\/","og_site_name":"Novotel Bucarest City Centre SL","article_modified_time":"2022-12-22T14:43:59+00:00","twitter_card":"summary_large_image","twitter_misc":{"Dur\u00e9e de lecture est.":"1 minute"},"schema":{"@context":"https:\/\/schema.org","@graph":[{"@type":"WebPage","@id":"https:\/\/www.novotelbucharestcitycentre.com\/fr\/offres-speciales\/","url":"https:\/\/www.novotelbucharestcitycentre.com\/fr\/offres-speciales\/","name":"Offres sp\u00e9ciales | Novotel Bucharest City Center | H\u00f4tel 4 \u00e9toiles","isPartOf":{"@id":"https:\/\/www.novotelbucharestcitycentre.com\/#website"},"datePublished":"2022-11-30T09:04:33+00:00","dateModified":"2022-12-22T14:43:59+00:00","description":"R\u00e9servez directement chez nous et profitez de nos offres sp\u00e9ciales in\u00e9galables d\u2019h\u00e9bergement, de repas et d\u2019\u00e9v\u00e9nements, dans notre h\u00f4tel situ\u00e9 pr\u00e8s du vieux-centre Lipscani, Bucarest.","breadcrumb":{"@id":"https:\/\/www.novotelbucharestcitycentre.com\/fr\/offres-speciales\/#breadcrumb"},"inLanguage":"fr-FR","potentialAction":[{"@type":"ReadAction","target":["https:\/\/www.novotelbucharestcitycentre.com\/fr\/offres-speciales\/"]}]},{"@type":"BreadcrumbList","@id":"https:\/\/www.novotelbucharestcitycentre.com\/fr\/offres-speciales\/#breadcrumb","itemListElement":[{"@type":"ListItem","position":1,"name":"Home","item":"https:\/\/www.novotelbucharestcitycentre.com\/fr\/"},{"@type":"ListItem","position":2,"name":"OFFRES SPECIALES"}]},{"@type":"WebSite","@id":"https:\/\/www.novotelbucharestcitycentre.com\/#website","url":"https:\/\/www.novotelbucharestcitycentre.com\/","name":"Novotel Bucarest City Centre SL","description":"Just another D-Edge Accor V2 Sites Hosting site","potentialAction":[{"@type":"SearchAction","target":{"@type":"EntryPoint","urlTemplate":"https:\/\/www.novotelbucharestcitycentre.com\/?s={search_term_string}"},"query-input":{"@type":"PropertyValueSpecification","valueRequired":true,"valueName":"search_term_string"}}],"inLanguage":"fr-FR"}]}},"_links":{"self":[{"href":"https:\/\/www.novotelbucharestcitycentre.com\/fr\/wp-json\/wp\/v2\/pages\/320","targetHints":{"allow":["GET"]}}],"collection":[{"href":"https:\/\/www.novotelbucharestcitycentre.com\/fr\/wp-json\/wp\/v2\/pages"}],"about":[{"href":"https:\/\/www.novotelbucharestcitycentre.com\/fr\/wp-json\/wp\/v2\/types\/page"}],"author":[{"embeddable":true,"href":"https:\/\/www.novotelbucharestcitycentre.com\/fr\/wp-json\/wp\/v2\/users\/26"}],"replies":[{"embeddable":true,"href":"https:\/\/www.novotelbucharestcitycentre.com\/fr\/wp-json\/wp\/v2\/comments?post=320"}],"version-history":[{"count":0,"href":"https:\/\/www.novotelbucharestcitycentre.com\/fr\/wp-json\/wp\/v2\/pages\/320\/revisions"}],"wp:attachment":[{"href":"https:\/\/www.novotelbucharestcitycentre.com\/fr\/wp-json\/wp\/v2\/media?parent=320"}],"wp:term":[{"taxonomy":"category","embeddable":true,"href":"https:\/\/www.novotelbucharestcitycentre.com\/fr\/wp-json\/wp\/v2\/categories?post=320"}],"curies":[{"name":"wp","href":"https:\/\/api.w.org\/{rel}","templated":true}]}}