{"id":314,"date":"2022-11-30T09:02:01","date_gmt":"2022-11-30T09:02:01","guid":{"rendered":"https:\/\/novotelbucarest.accorv2prod.decms.eu\/restaurants-bars\/teatro\/"},"modified":"2022-12-22T12:15:09","modified_gmt":"2022-12-22T12:15:09","slug":"teatro","status":"publish","type":"page","link":"https:\/\/www.novotelbucharestcitycentre.com\/fr\/restaurants-et-bars\/teatro\/","title":{"rendered":"TEATRO"},"content":{"rendered":"<p>Le petit d\u00e9jeuner est le plus important repas de la journ\u00e9e. Et Teatro est parfait pour un d\u00e9but appropri\u00e9 de votre journ\u00e9e.<\/p>\n<p>En disposant d\u2019un portail en bois sculpt\u00e9 manuellement, qui embellit un mur d\u2019un bleu vif, notre restaurant accueillant, inond\u00e9 de lumi\u00e8re, s\u2019inspire de la beaut\u00e9 naturelle propre et de l\u2019architecture distincte du village de la r\u00e9gion de Maramure\u0219, au nord-ouest de Roumanie. Ce lien avec la nature et la tradition artisanale se refl\u00e8te aussi dans le meilleur petit d\u00e9jeuner de Bucarest. Pensez aux c\u00e9r\u00e9ales saines, aux jus fraichement press\u00e9s, au pain croquant et aux produits frais de p\u00e2tisserie, au caf\u00e9 aromatis\u00e9, aux \u0153ufs pr\u00e9par\u00e9s \u00e0 votre gr\u00e9&#8230; et ainsi de suite.<\/p>\n<p>Lorsqu\u2019il fait chaud, commencez votre journ\u00e9e avec un petit d\u00e9jeuner ensoleill\u00e9 sur notre grande terrasse en plein air.<\/p>\n<p>Est-ce que vous h\u00e9bergez un \u00e9v\u00e9nement dans l\u2019une des salles de r\u00e9union de Novotel Bucharest City Centre ? Teatro et notre terrasse peuvent \u00eatre r\u00e9serv\u00e9s de mani\u00e8re priv\u00e9e, comme endroit pour le d\u00e9jeuner ou pour un autre repas sain et d\u00e9licieux \u2013 qui peut vous garantir que vos invit\u00e9s restent attentifs et pleins d\u2019\u00e9nergie.<\/p>\n","protected":false},"excerpt":{"rendered":"<p>Le petit d\u00e9jeuner est le plus important repas de la journ\u00e9e. Et Teatro est parfait pour un d\u00e9but appropri\u00e9 de votre journ\u00e9e. En disposant d\u2019un portail en bois sculpt\u00e9 manuellement, qui embellit un mur d\u2019un bleu vif, notre restaurant accueillant, inond\u00e9 de lumi\u00e8re, s\u2019inspire de la beaut\u00e9 naturelle propre et de l\u2019architecture distincte du village [&hellip;]<\/p>\n","protected":false},"author":26,"featured_media":0,"parent":306,"menu_order":22,"comment_status":"closed","ping_status":"closed","template":"template-restaurant.php","meta":{"footnotes":""},"categories":[],"class_list":["post-314","page","type-page","status-publish","hentry"],"acf":[],"yoast_head":"<!-- This site is optimized with the Yoast SEO plugin v26.9 - https:\/\/yoast.com\/product\/yoast-seo-wordpress\/ -->\n<title>Teatro | Novotel Bucharest City Centre | Restaurant et endroit pour les \u00e9v\u00e9nements de Bucarest<\/title>\n<meta name=\"description\" content=\"Commencez une belle journ\u00e9e avec un petit-d\u00e9jeuner \u00e9nergisant dans notre confortable restaurant Teatro pr\u00e8s de Lipscani \u00e0 Bucarest ; il est \u00e9galement disponible pour des \u00e9v\u00e9nements priv\u00e9s.\" \/>\n<meta name=\"robots\" content=\"index, follow, max-snippet:-1, max-image-preview:large, max-video-preview:-1\" \/>\n<link rel=\"canonical\" href=\"https:\/\/www.novotelbucharestcitycentre.com\/fr\/restaurants-et-bars\/teatro\/\" \/>\n<meta property=\"og:locale\" content=\"fr_FR\" \/>\n<meta property=\"og:type\" content=\"article\" \/>\n<meta property=\"og:title\" content=\"Teatro | Novotel Bucharest City Centre | Restaurant et endroit pour les \u00e9v\u00e9nements de Bucarest\" \/>\n<meta property=\"og:description\" content=\"Commencez une belle journ\u00e9e avec un petit-d\u00e9jeuner \u00e9nergisant dans notre confortable restaurant Teatro pr\u00e8s de Lipscani \u00e0 Bucarest ; il est \u00e9galement disponible pour des \u00e9v\u00e9nements priv\u00e9s.\" \/>\n<meta property=\"og:url\" content=\"https:\/\/www.novotelbucharestcitycentre.com\/fr\/restaurants-et-bars\/teatro\/\" \/>\n<meta property=\"og:site_name\" content=\"Novotel Bucarest City Centre SL\" \/>\n<meta property=\"article:modified_time\" content=\"2022-12-22T12:15:09+00:00\" \/>\n<meta name=\"twitter:card\" content=\"summary_large_image\" \/>\n<meta name=\"twitter:label1\" content=\"Dur\u00e9e de lecture est.\" \/>\n\t<meta name=\"twitter:data1\" content=\"1 minute\" \/>\n<script type=\"application\/ld+json\" class=\"yoast-schema-graph\">{\"@context\":\"https:\/\/schema.org\",\"@graph\":[{\"@type\":\"WebPage\",\"@id\":\"https:\/\/www.novotelbucharestcitycentre.com\/fr\/restaurants-et-bars\/teatro\/\",\"url\":\"https:\/\/www.novotelbucharestcitycentre.com\/fr\/restaurants-et-bars\/teatro\/\",\"name\":\"Teatro | Novotel Bucharest City Centre | Restaurant et endroit pour les \u00e9v\u00e9nements de Bucarest\",\"isPartOf\":{\"@id\":\"https:\/\/www.novotelbucharestcitycentre.com\/#website\"},\"datePublished\":\"2022-11-30T09:02:01+00:00\",\"dateModified\":\"2022-12-22T12:15:09+00:00\",\"description\":\"Commencez une belle journ\u00e9e avec un petit-d\u00e9jeuner \u00e9nergisant dans notre confortable restaurant Teatro pr\u00e8s de Lipscani \u00e0 Bucarest ; il est \u00e9galement disponible pour des \u00e9v\u00e9nements priv\u00e9s.\",\"breadcrumb\":{\"@id\":\"https:\/\/www.novotelbucharestcitycentre.com\/fr\/restaurants-et-bars\/teatro\/#breadcrumb\"},\"inLanguage\":\"fr-FR\",\"potentialAction\":[{\"@type\":\"ReadAction\",\"target\":[\"https:\/\/www.novotelbucharestcitycentre.com\/fr\/restaurants-et-bars\/teatro\/\"]}]},{\"@type\":\"BreadcrumbList\",\"@id\":\"https:\/\/www.novotelbucharestcitycentre.com\/fr\/restaurants-et-bars\/teatro\/#breadcrumb\",\"itemListElement\":[{\"@type\":\"ListItem\",\"position\":1,\"name\":\"Home\",\"item\":\"https:\/\/www.novotelbucharestcitycentre.com\/fr\/\"},{\"@type\":\"ListItem\",\"position\":2,\"name\":\"RESTAURANTS ET BARS\",\"item\":\"https:\/\/www.novotelbucharestcitycentre.com\/fr\/restaurants-et-bars\/\"},{\"@type\":\"ListItem\",\"position\":3,\"name\":\"TEATRO\"}]},{\"@type\":\"WebSite\",\"@id\":\"https:\/\/www.novotelbucharestcitycentre.com\/#website\",\"url\":\"https:\/\/www.novotelbucharestcitycentre.com\/\",\"name\":\"Novotel Bucarest City Centre SL\",\"description\":\"Just another D-Edge Accor V2 Sites Hosting site\",\"potentialAction\":[{\"@type\":\"SearchAction\",\"target\":{\"@type\":\"EntryPoint\",\"urlTemplate\":\"https:\/\/www.novotelbucharestcitycentre.com\/?s={search_term_string}\"},\"query-input\":{\"@type\":\"PropertyValueSpecification\",\"valueRequired\":true,\"valueName\":\"search_term_string\"}}],\"inLanguage\":\"fr-FR\"}]}<\/script>\n<!-- \/ Yoast SEO plugin. -->","yoast_head_json":{"title":"Teatro | Novotel Bucharest City Centre | Restaurant et endroit pour les \u00e9v\u00e9nements de Bucarest","description":"Commencez une belle journ\u00e9e avec un petit-d\u00e9jeuner \u00e9nergisant dans notre confortable restaurant Teatro pr\u00e8s de Lipscani \u00e0 Bucarest ; il est \u00e9galement disponible pour des \u00e9v\u00e9nements priv\u00e9s.","robots":{"index":"index","follow":"follow","max-snippet":"max-snippet:-1","max-image-preview":"max-image-preview:large","max-video-preview":"max-video-preview:-1"},"canonical":"https:\/\/www.novotelbucharestcitycentre.com\/fr\/restaurants-et-bars\/teatro\/","og_locale":"fr_FR","og_type":"article","og_title":"Teatro | Novotel Bucharest City Centre | Restaurant et endroit pour les \u00e9v\u00e9nements de Bucarest","og_description":"Commencez une belle journ\u00e9e avec un petit-d\u00e9jeuner \u00e9nergisant dans notre confortable restaurant Teatro pr\u00e8s de Lipscani \u00e0 Bucarest ; il est \u00e9galement disponible pour des \u00e9v\u00e9nements priv\u00e9s.","og_url":"https:\/\/www.novotelbucharestcitycentre.com\/fr\/restaurants-et-bars\/teatro\/","og_site_name":"Novotel Bucarest City Centre SL","article_modified_time":"2022-12-22T12:15:09+00:00","twitter_card":"summary_large_image","twitter_misc":{"Dur\u00e9e de lecture est.":"1 minute"},"schema":{"@context":"https:\/\/schema.org","@graph":[{"@type":"WebPage","@id":"https:\/\/www.novotelbucharestcitycentre.com\/fr\/restaurants-et-bars\/teatro\/","url":"https:\/\/www.novotelbucharestcitycentre.com\/fr\/restaurants-et-bars\/teatro\/","name":"Teatro | Novotel Bucharest City Centre | Restaurant et endroit pour les \u00e9v\u00e9nements de Bucarest","isPartOf":{"@id":"https:\/\/www.novotelbucharestcitycentre.com\/#website"},"datePublished":"2022-11-30T09:02:01+00:00","dateModified":"2022-12-22T12:15:09+00:00","description":"Commencez une belle journ\u00e9e avec un petit-d\u00e9jeuner \u00e9nergisant dans notre confortable restaurant Teatro pr\u00e8s de Lipscani \u00e0 Bucarest ; il est \u00e9galement disponible pour des \u00e9v\u00e9nements priv\u00e9s.","breadcrumb":{"@id":"https:\/\/www.novotelbucharestcitycentre.com\/fr\/restaurants-et-bars\/teatro\/#breadcrumb"},"inLanguage":"fr-FR","potentialAction":[{"@type":"ReadAction","target":["https:\/\/www.novotelbucharestcitycentre.com\/fr\/restaurants-et-bars\/teatro\/"]}]},{"@type":"BreadcrumbList","@id":"https:\/\/www.novotelbucharestcitycentre.com\/fr\/restaurants-et-bars\/teatro\/#breadcrumb","itemListElement":[{"@type":"ListItem","position":1,"name":"Home","item":"https:\/\/www.novotelbucharestcitycentre.com\/fr\/"},{"@type":"ListItem","position":2,"name":"RESTAURANTS ET BARS","item":"https:\/\/www.novotelbucharestcitycentre.com\/fr\/restaurants-et-bars\/"},{"@type":"ListItem","position":3,"name":"TEATRO"}]},{"@type":"WebSite","@id":"https:\/\/www.novotelbucharestcitycentre.com\/#website","url":"https:\/\/www.novotelbucharestcitycentre.com\/","name":"Novotel Bucarest City Centre SL","description":"Just another D-Edge Accor V2 Sites Hosting site","potentialAction":[{"@type":"SearchAction","target":{"@type":"EntryPoint","urlTemplate":"https:\/\/www.novotelbucharestcitycentre.com\/?s={search_term_string}"},"query-input":{"@type":"PropertyValueSpecification","valueRequired":true,"valueName":"search_term_string"}}],"inLanguage":"fr-FR"}]}},"_links":{"self":[{"href":"https:\/\/www.novotelbucharestcitycentre.com\/fr\/wp-json\/wp\/v2\/pages\/314","targetHints":{"allow":["GET"]}}],"collection":[{"href":"https:\/\/www.novotelbucharestcitycentre.com\/fr\/wp-json\/wp\/v2\/pages"}],"about":[{"href":"https:\/\/www.novotelbucharestcitycentre.com\/fr\/wp-json\/wp\/v2\/types\/page"}],"author":[{"embeddable":true,"href":"https:\/\/www.novotelbucharestcitycentre.com\/fr\/wp-json\/wp\/v2\/users\/26"}],"replies":[{"embeddable":true,"href":"https:\/\/www.novotelbucharestcitycentre.com\/fr\/wp-json\/wp\/v2\/comments?post=314"}],"version-history":[{"count":0,"href":"https:\/\/www.novotelbucharestcitycentre.com\/fr\/wp-json\/wp\/v2\/pages\/314\/revisions"}],"up":[{"embeddable":true,"href":"https:\/\/www.novotelbucharestcitycentre.com\/fr\/wp-json\/wp\/v2\/pages\/306"}],"wp:attachment":[{"href":"https:\/\/www.novotelbucharestcitycentre.com\/fr\/wp-json\/wp\/v2\/media?parent=314"}],"wp:term":[{"taxonomy":"category","embeddable":true,"href":"https:\/\/www.novotelbucharestcitycentre.com\/fr\/wp-json\/wp\/v2\/categories?post=314"}],"curies":[{"name":"wp","href":"https:\/\/api.w.org\/{rel}","templated":true}]}}