{"id":310,"date":"2022-11-29T16:23:58","date_gmt":"2022-11-29T16:23:58","guid":{"rendered":"https:\/\/novotelbucarest.accorv2prod.decms.eu\/restaurants-bars\/winestone\/"},"modified":"2022-12-22T12:10:29","modified_gmt":"2022-12-22T12:10:29","slug":"winestone","status":"publish","type":"page","link":"https:\/\/www.novotelbucharestcitycentre.com\/fr\/restaurants-et-bars\/winestone\/","title":{"rendered":"WINESTONE"},"content":{"rendered":"<p>El\u00e9gant et avec du style. Chaleureux et accueillant. Aussi flexible que vous.<\/p>\n<p>La meilleure \u0153noth\u00e8que de Bucarest, Winestone est renomm\u00e9e pour son choix attentif de vins mill\u00e9simes provenant des meilleures caves \u00e0 vin de type boutique de Roumanie \u2013 les fruits d\u2019un terroir fertile, un climat chaud et une histoire d\u2019un millier d\u2019ann\u00e9es de viticulture. Accompagnez votre verre avec une gamme accablante de fromages, de prosciutto et d\u2019ap\u00e9ritifs.<\/p>\n<p>Avez-vous faim ? En m\u00eame temps Winestone est un restaurant \u00e0 la carte avec un service complet. Choisissez entre un menu cr\u00e9atif de d\u00e9lices locaux et globaux, \u00e0 partir des salades croquantes et des burgers inventifs aux p\u00e2tes d\u00e9licieuses et aux plats consistants \u00e0 base de viande \u2013 tous cr\u00e9\u00e9s \u00e0 partir des meilleurs ingr\u00e9dients provenant des fermes, produits dans le fertile paysage rural de Roumanie. Et Winestone est pr\u00e9par\u00e9, lorsque vous l\u2019\u00eates aussi, pour un caf\u00e9 aromatis\u00e9, des boissons rafra\u00eechissantes et des d\u00e9licieux g\u00e2teaux maison.<\/p>\n<p>Gardez un \u0153il sur nos fr\u00e9quentes d\u00e9gustations de vin \u00e0 Winestone.<\/p>\n<p>&nbsp;<\/p>\n","protected":false},"excerpt":{"rendered":"<p>El\u00e9gant et avec du style. Chaleureux et accueillant. Aussi flexible que vous. La meilleure \u0153noth\u00e8que de Bucarest, Winestone est renomm\u00e9e pour son choix attentif de vins mill\u00e9simes provenant des meilleures caves \u00e0 vin de type boutique de Roumanie \u2013 les fruits d\u2019un terroir fertile, un climat chaud et une histoire d\u2019un millier d\u2019ann\u00e9es de viticulture. [&hellip;]<\/p>\n","protected":false},"author":26,"featured_media":0,"parent":306,"menu_order":21,"comment_status":"closed","ping_status":"closed","template":"template-restaurant.php","meta":{"footnotes":""},"categories":[],"class_list":["post-310","page","type-page","status-publish","hentry"],"acf":[],"yoast_head":"<!-- This site is optimized with the Yoast SEO plugin v26.9 - https:\/\/yoast.com\/product\/yoast-seo-wordpress\/ -->\n<title>Winestone | Novotel Bucharest City Centre | Bar \u00e0 vin et Restaurant<\/title>\n<meta name=\"description\" content=\"Savourez les meilleurs vins roumains et une cuisine internationale inventive chez Winestone, notre \u0153noth\u00e8que \u00e9l\u00e9gante et notre \u00e9l\u00e9gant restaurant situ\u00e9 sur Calea Victoriei, \u00e0 Bucarest.\" \/>\n<meta name=\"robots\" content=\"index, follow, max-snippet:-1, max-image-preview:large, max-video-preview:-1\" \/>\n<link rel=\"canonical\" href=\"https:\/\/www.novotelbucharestcitycentre.com\/fr\/restaurants-et-bars\/winestone\/\" \/>\n<meta property=\"og:locale\" content=\"fr_FR\" \/>\n<meta property=\"og:type\" content=\"article\" \/>\n<meta property=\"og:title\" content=\"Winestone | Novotel Bucharest City Centre | Bar \u00e0 vin et Restaurant\" \/>\n<meta property=\"og:description\" content=\"Savourez les meilleurs vins roumains et une cuisine internationale inventive chez Winestone, notre \u0153noth\u00e8que \u00e9l\u00e9gante et notre \u00e9l\u00e9gant restaurant situ\u00e9 sur Calea Victoriei, \u00e0 Bucarest.\" \/>\n<meta property=\"og:url\" content=\"https:\/\/www.novotelbucharestcitycentre.com\/fr\/restaurants-et-bars\/winestone\/\" \/>\n<meta property=\"og:site_name\" content=\"Novotel Bucarest City Centre SL\" \/>\n<meta property=\"article:modified_time\" content=\"2022-12-22T12:10:29+00:00\" \/>\n<meta name=\"twitter:card\" content=\"summary_large_image\" \/>\n<meta name=\"twitter:label1\" content=\"Dur\u00e9e de lecture est.\" \/>\n\t<meta name=\"twitter:data1\" content=\"1 minute\" \/>\n<script type=\"application\/ld+json\" class=\"yoast-schema-graph\">{\"@context\":\"https:\/\/schema.org\",\"@graph\":[{\"@type\":\"WebPage\",\"@id\":\"https:\/\/www.novotelbucharestcitycentre.com\/fr\/restaurants-et-bars\/winestone\/\",\"url\":\"https:\/\/www.novotelbucharestcitycentre.com\/fr\/restaurants-et-bars\/winestone\/\",\"name\":\"Winestone | Novotel Bucharest City Centre | Bar \u00e0 vin et Restaurant\",\"isPartOf\":{\"@id\":\"https:\/\/www.novotelbucharestcitycentre.com\/#website\"},\"datePublished\":\"2022-11-29T16:23:58+00:00\",\"dateModified\":\"2022-12-22T12:10:29+00:00\",\"description\":\"Savourez les meilleurs vins roumains et une cuisine internationale inventive chez Winestone, notre \u0153noth\u00e8que \u00e9l\u00e9gante et notre \u00e9l\u00e9gant restaurant situ\u00e9 sur Calea Victoriei, \u00e0 Bucarest.\",\"breadcrumb\":{\"@id\":\"https:\/\/www.novotelbucharestcitycentre.com\/fr\/restaurants-et-bars\/winestone\/#breadcrumb\"},\"inLanguage\":\"fr-FR\",\"potentialAction\":[{\"@type\":\"ReadAction\",\"target\":[\"https:\/\/www.novotelbucharestcitycentre.com\/fr\/restaurants-et-bars\/winestone\/\"]}]},{\"@type\":\"BreadcrumbList\",\"@id\":\"https:\/\/www.novotelbucharestcitycentre.com\/fr\/restaurants-et-bars\/winestone\/#breadcrumb\",\"itemListElement\":[{\"@type\":\"ListItem\",\"position\":1,\"name\":\"Home\",\"item\":\"https:\/\/www.novotelbucharestcitycentre.com\/fr\/\"},{\"@type\":\"ListItem\",\"position\":2,\"name\":\"RESTAURANTS ET BARS\",\"item\":\"https:\/\/www.novotelbucharestcitycentre.com\/fr\/restaurants-et-bars\/\"},{\"@type\":\"ListItem\",\"position\":3,\"name\":\"WINESTONE\"}]},{\"@type\":\"WebSite\",\"@id\":\"https:\/\/www.novotelbucharestcitycentre.com\/#website\",\"url\":\"https:\/\/www.novotelbucharestcitycentre.com\/\",\"name\":\"Novotel Bucarest City Centre SL\",\"description\":\"Just another D-Edge Accor V2 Sites Hosting site\",\"potentialAction\":[{\"@type\":\"SearchAction\",\"target\":{\"@type\":\"EntryPoint\",\"urlTemplate\":\"https:\/\/www.novotelbucharestcitycentre.com\/?s={search_term_string}\"},\"query-input\":{\"@type\":\"PropertyValueSpecification\",\"valueRequired\":true,\"valueName\":\"search_term_string\"}}],\"inLanguage\":\"fr-FR\"}]}<\/script>\n<!-- \/ Yoast SEO plugin. -->","yoast_head_json":{"title":"Winestone | Novotel Bucharest City Centre | Bar \u00e0 vin et Restaurant","description":"Savourez les meilleurs vins roumains et une cuisine internationale inventive chez Winestone, notre \u0153noth\u00e8que \u00e9l\u00e9gante et notre \u00e9l\u00e9gant restaurant situ\u00e9 sur Calea Victoriei, \u00e0 Bucarest.","robots":{"index":"index","follow":"follow","max-snippet":"max-snippet:-1","max-image-preview":"max-image-preview:large","max-video-preview":"max-video-preview:-1"},"canonical":"https:\/\/www.novotelbucharestcitycentre.com\/fr\/restaurants-et-bars\/winestone\/","og_locale":"fr_FR","og_type":"article","og_title":"Winestone | Novotel Bucharest City Centre | Bar \u00e0 vin et Restaurant","og_description":"Savourez les meilleurs vins roumains et une cuisine internationale inventive chez Winestone, notre \u0153noth\u00e8que \u00e9l\u00e9gante et notre \u00e9l\u00e9gant restaurant situ\u00e9 sur Calea Victoriei, \u00e0 Bucarest.","og_url":"https:\/\/www.novotelbucharestcitycentre.com\/fr\/restaurants-et-bars\/winestone\/","og_site_name":"Novotel Bucarest City Centre SL","article_modified_time":"2022-12-22T12:10:29+00:00","twitter_card":"summary_large_image","twitter_misc":{"Dur\u00e9e de lecture est.":"1 minute"},"schema":{"@context":"https:\/\/schema.org","@graph":[{"@type":"WebPage","@id":"https:\/\/www.novotelbucharestcitycentre.com\/fr\/restaurants-et-bars\/winestone\/","url":"https:\/\/www.novotelbucharestcitycentre.com\/fr\/restaurants-et-bars\/winestone\/","name":"Winestone | Novotel Bucharest City Centre | Bar \u00e0 vin et Restaurant","isPartOf":{"@id":"https:\/\/www.novotelbucharestcitycentre.com\/#website"},"datePublished":"2022-11-29T16:23:58+00:00","dateModified":"2022-12-22T12:10:29+00:00","description":"Savourez les meilleurs vins roumains et une cuisine internationale inventive chez Winestone, notre \u0153noth\u00e8que \u00e9l\u00e9gante et notre \u00e9l\u00e9gant restaurant situ\u00e9 sur Calea Victoriei, \u00e0 Bucarest.","breadcrumb":{"@id":"https:\/\/www.novotelbucharestcitycentre.com\/fr\/restaurants-et-bars\/winestone\/#breadcrumb"},"inLanguage":"fr-FR","potentialAction":[{"@type":"ReadAction","target":["https:\/\/www.novotelbucharestcitycentre.com\/fr\/restaurants-et-bars\/winestone\/"]}]},{"@type":"BreadcrumbList","@id":"https:\/\/www.novotelbucharestcitycentre.com\/fr\/restaurants-et-bars\/winestone\/#breadcrumb","itemListElement":[{"@type":"ListItem","position":1,"name":"Home","item":"https:\/\/www.novotelbucharestcitycentre.com\/fr\/"},{"@type":"ListItem","position":2,"name":"RESTAURANTS ET BARS","item":"https:\/\/www.novotelbucharestcitycentre.com\/fr\/restaurants-et-bars\/"},{"@type":"ListItem","position":3,"name":"WINESTONE"}]},{"@type":"WebSite","@id":"https:\/\/www.novotelbucharestcitycentre.com\/#website","url":"https:\/\/www.novotelbucharestcitycentre.com\/","name":"Novotel Bucarest City Centre SL","description":"Just another D-Edge Accor V2 Sites Hosting site","potentialAction":[{"@type":"SearchAction","target":{"@type":"EntryPoint","urlTemplate":"https:\/\/www.novotelbucharestcitycentre.com\/?s={search_term_string}"},"query-input":{"@type":"PropertyValueSpecification","valueRequired":true,"valueName":"search_term_string"}}],"inLanguage":"fr-FR"}]}},"_links":{"self":[{"href":"https:\/\/www.novotelbucharestcitycentre.com\/fr\/wp-json\/wp\/v2\/pages\/310","targetHints":{"allow":["GET"]}}],"collection":[{"href":"https:\/\/www.novotelbucharestcitycentre.com\/fr\/wp-json\/wp\/v2\/pages"}],"about":[{"href":"https:\/\/www.novotelbucharestcitycentre.com\/fr\/wp-json\/wp\/v2\/types\/page"}],"author":[{"embeddable":true,"href":"https:\/\/www.novotelbucharestcitycentre.com\/fr\/wp-json\/wp\/v2\/users\/26"}],"replies":[{"embeddable":true,"href":"https:\/\/www.novotelbucharestcitycentre.com\/fr\/wp-json\/wp\/v2\/comments?post=310"}],"version-history":[{"count":0,"href":"https:\/\/www.novotelbucharestcitycentre.com\/fr\/wp-json\/wp\/v2\/pages\/310\/revisions"}],"up":[{"embeddable":true,"href":"https:\/\/www.novotelbucharestcitycentre.com\/fr\/wp-json\/wp\/v2\/pages\/306"}],"wp:attachment":[{"href":"https:\/\/www.novotelbucharestcitycentre.com\/fr\/wp-json\/wp\/v2\/media?parent=310"}],"wp:term":[{"taxonomy":"category","embeddable":true,"href":"https:\/\/www.novotelbucharestcitycentre.com\/fr\/wp-json\/wp\/v2\/categories?post=310"}],"curies":[{"name":"wp","href":"https:\/\/api.w.org\/{rel}","templated":true}]}}