{"id":306,"date":"2022-11-29T16:15:04","date_gmt":"2022-11-29T16:15:04","guid":{"rendered":"https:\/\/novotelbucarest.accorv2prod.decms.eu\/restaurants-bars\/"},"modified":"2022-12-22T12:06:54","modified_gmt":"2022-12-22T12:06:54","slug":"restaurants-et-bars","status":"publish","type":"page","link":"https:\/\/www.novotelbucharestcitycentre.com\/fr\/restaurants-et-bars\/","title":{"rendered":"RESTAURANTS ET BARS"},"content":{"rendered":"<p>Chez Novotel Bucharest City Center nous croyons que ce que vous mangez et ce que vous buvez est bon pour votre corps et votre esprit.<\/p>\n<p>Petit d\u00e9jeuner qui contient la vitalit\u00e9 du riche paysage rural roumain. Les meilleurs choix qui proviennent de nos meilleures caves \u00e0 vin artisanales. Un caf\u00e9 parfum\u00e9 dans une pause tranquille, dans une journ\u00e9e bien remplie. Un repas d\u00e9licieux, sain, partag\u00e9 avec la famille et les amis&#8230; nous savons que chaque bouch\u00e9e et chaque gorg\u00e9e comptent.<\/p>\n","protected":false},"excerpt":{"rendered":"<p>Chez Novotel Bucharest City Center nous croyons que ce que vous mangez et ce que vous buvez est bon pour votre corps et votre esprit. Petit d\u00e9jeuner qui contient la vitalit\u00e9 du riche paysage rural roumain. Les meilleurs choix qui proviennent de nos meilleures caves \u00e0 vin artisanales. Un caf\u00e9 parfum\u00e9 dans une pause tranquille, [&hellip;]<\/p>\n","protected":false},"author":26,"featured_media":0,"parent":0,"menu_order":20,"comment_status":"closed","ping_status":"closed","template":"template-restaurants.php","meta":{"footnotes":""},"categories":[],"class_list":["post-306","page","type-page","status-publish","hentry"],"acf":[],"yoast_head":"<!-- This site is optimized with the Yoast SEO plugin v26.9 - https:\/\/yoast.com\/product\/yoast-seo-wordpress\/ -->\n<title>Restaurants et Bars | Novotel Bucharest City Center | H\u00f4tel 4 \u00e9toiles<\/title>\n<meta name=\"description\" content=\"Notre bar et notre restaurant pr\u00e8s de la zone de Lipscani, \u00e0 Bucarest, servent des plats et des boissons sains et d\u00e9licieux dans un espace \u00e9clair\u00e9 et moderne. Les vins roumains repr\u00e9sentent une sp\u00e9cialit\u00e9.\" \/>\n<meta name=\"robots\" content=\"index, follow, max-snippet:-1, max-image-preview:large, max-video-preview:-1\" \/>\n<link rel=\"canonical\" href=\"https:\/\/www.novotelbucharestcitycentre.com\/fr\/restaurants-et-bars\/\" \/>\n<meta property=\"og:locale\" content=\"fr_FR\" \/>\n<meta property=\"og:type\" content=\"article\" \/>\n<meta property=\"og:title\" content=\"Restaurants et Bars | Novotel Bucharest City Center | H\u00f4tel 4 \u00e9toiles\" \/>\n<meta property=\"og:description\" content=\"Notre bar et notre restaurant pr\u00e8s de la zone de Lipscani, \u00e0 Bucarest, servent des plats et des boissons sains et d\u00e9licieux dans un espace \u00e9clair\u00e9 et moderne. Les vins roumains repr\u00e9sentent une sp\u00e9cialit\u00e9.\" \/>\n<meta property=\"og:url\" content=\"https:\/\/www.novotelbucharestcitycentre.com\/fr\/restaurants-et-bars\/\" \/>\n<meta property=\"og:site_name\" content=\"Novotel Bucarest City Centre SL\" \/>\n<meta property=\"article:modified_time\" content=\"2022-12-22T12:06:54+00:00\" \/>\n<meta name=\"twitter:card\" content=\"summary_large_image\" \/>\n<meta name=\"twitter:label1\" content=\"Dur\u00e9e de lecture est.\" \/>\n\t<meta name=\"twitter:data1\" content=\"1 minute\" \/>\n<script type=\"application\/ld+json\" class=\"yoast-schema-graph\">{\"@context\":\"https:\/\/schema.org\",\"@graph\":[{\"@type\":\"WebPage\",\"@id\":\"https:\/\/www.novotelbucharestcitycentre.com\/fr\/restaurants-et-bars\/\",\"url\":\"https:\/\/www.novotelbucharestcitycentre.com\/fr\/restaurants-et-bars\/\",\"name\":\"Restaurants et Bars | Novotel Bucharest City Center | H\u00f4tel 4 \u00e9toiles\",\"isPartOf\":{\"@id\":\"https:\/\/www.novotelbucharestcitycentre.com\/#website\"},\"datePublished\":\"2022-11-29T16:15:04+00:00\",\"dateModified\":\"2022-12-22T12:06:54+00:00\",\"description\":\"Notre bar et notre restaurant pr\u00e8s de la zone de Lipscani, \u00e0 Bucarest, servent des plats et des boissons sains et d\u00e9licieux dans un espace \u00e9clair\u00e9 et moderne. Les vins roumains repr\u00e9sentent une sp\u00e9cialit\u00e9.\",\"breadcrumb\":{\"@id\":\"https:\/\/www.novotelbucharestcitycentre.com\/fr\/restaurants-et-bars\/#breadcrumb\"},\"inLanguage\":\"fr-FR\",\"potentialAction\":[{\"@type\":\"ReadAction\",\"target\":[\"https:\/\/www.novotelbucharestcitycentre.com\/fr\/restaurants-et-bars\/\"]}]},{\"@type\":\"BreadcrumbList\",\"@id\":\"https:\/\/www.novotelbucharestcitycentre.com\/fr\/restaurants-et-bars\/#breadcrumb\",\"itemListElement\":[{\"@type\":\"ListItem\",\"position\":1,\"name\":\"Home\",\"item\":\"https:\/\/www.novotelbucharestcitycentre.com\/fr\/\"},{\"@type\":\"ListItem\",\"position\":2,\"name\":\"RESTAURANTS ET BARS\"}]},{\"@type\":\"WebSite\",\"@id\":\"https:\/\/www.novotelbucharestcitycentre.com\/#website\",\"url\":\"https:\/\/www.novotelbucharestcitycentre.com\/\",\"name\":\"Novotel Bucarest City Centre SL\",\"description\":\"Just another D-Edge Accor V2 Sites Hosting site\",\"potentialAction\":[{\"@type\":\"SearchAction\",\"target\":{\"@type\":\"EntryPoint\",\"urlTemplate\":\"https:\/\/www.novotelbucharestcitycentre.com\/?s={search_term_string}\"},\"query-input\":{\"@type\":\"PropertyValueSpecification\",\"valueRequired\":true,\"valueName\":\"search_term_string\"}}],\"inLanguage\":\"fr-FR\"}]}<\/script>\n<!-- \/ Yoast SEO plugin. -->","yoast_head_json":{"title":"Restaurants et Bars | Novotel Bucharest City Center | H\u00f4tel 4 \u00e9toiles","description":"Notre bar et notre restaurant pr\u00e8s de la zone de Lipscani, \u00e0 Bucarest, servent des plats et des boissons sains et d\u00e9licieux dans un espace \u00e9clair\u00e9 et moderne. Les vins roumains repr\u00e9sentent une sp\u00e9cialit\u00e9.","robots":{"index":"index","follow":"follow","max-snippet":"max-snippet:-1","max-image-preview":"max-image-preview:large","max-video-preview":"max-video-preview:-1"},"canonical":"https:\/\/www.novotelbucharestcitycentre.com\/fr\/restaurants-et-bars\/","og_locale":"fr_FR","og_type":"article","og_title":"Restaurants et Bars | Novotel Bucharest City Center | H\u00f4tel 4 \u00e9toiles","og_description":"Notre bar et notre restaurant pr\u00e8s de la zone de Lipscani, \u00e0 Bucarest, servent des plats et des boissons sains et d\u00e9licieux dans un espace \u00e9clair\u00e9 et moderne. Les vins roumains repr\u00e9sentent une sp\u00e9cialit\u00e9.","og_url":"https:\/\/www.novotelbucharestcitycentre.com\/fr\/restaurants-et-bars\/","og_site_name":"Novotel Bucarest City Centre SL","article_modified_time":"2022-12-22T12:06:54+00:00","twitter_card":"summary_large_image","twitter_misc":{"Dur\u00e9e de lecture est.":"1 minute"},"schema":{"@context":"https:\/\/schema.org","@graph":[{"@type":"WebPage","@id":"https:\/\/www.novotelbucharestcitycentre.com\/fr\/restaurants-et-bars\/","url":"https:\/\/www.novotelbucharestcitycentre.com\/fr\/restaurants-et-bars\/","name":"Restaurants et Bars | Novotel Bucharest City Center | H\u00f4tel 4 \u00e9toiles","isPartOf":{"@id":"https:\/\/www.novotelbucharestcitycentre.com\/#website"},"datePublished":"2022-11-29T16:15:04+00:00","dateModified":"2022-12-22T12:06:54+00:00","description":"Notre bar et notre restaurant pr\u00e8s de la zone de Lipscani, \u00e0 Bucarest, servent des plats et des boissons sains et d\u00e9licieux dans un espace \u00e9clair\u00e9 et moderne. Les vins roumains repr\u00e9sentent une sp\u00e9cialit\u00e9.","breadcrumb":{"@id":"https:\/\/www.novotelbucharestcitycentre.com\/fr\/restaurants-et-bars\/#breadcrumb"},"inLanguage":"fr-FR","potentialAction":[{"@type":"ReadAction","target":["https:\/\/www.novotelbucharestcitycentre.com\/fr\/restaurants-et-bars\/"]}]},{"@type":"BreadcrumbList","@id":"https:\/\/www.novotelbucharestcitycentre.com\/fr\/restaurants-et-bars\/#breadcrumb","itemListElement":[{"@type":"ListItem","position":1,"name":"Home","item":"https:\/\/www.novotelbucharestcitycentre.com\/fr\/"},{"@type":"ListItem","position":2,"name":"RESTAURANTS ET BARS"}]},{"@type":"WebSite","@id":"https:\/\/www.novotelbucharestcitycentre.com\/#website","url":"https:\/\/www.novotelbucharestcitycentre.com\/","name":"Novotel Bucarest City Centre SL","description":"Just another D-Edge Accor V2 Sites Hosting site","potentialAction":[{"@type":"SearchAction","target":{"@type":"EntryPoint","urlTemplate":"https:\/\/www.novotelbucharestcitycentre.com\/?s={search_term_string}"},"query-input":{"@type":"PropertyValueSpecification","valueRequired":true,"valueName":"search_term_string"}}],"inLanguage":"fr-FR"}]}},"_links":{"self":[{"href":"https:\/\/www.novotelbucharestcitycentre.com\/fr\/wp-json\/wp\/v2\/pages\/306","targetHints":{"allow":["GET"]}}],"collection":[{"href":"https:\/\/www.novotelbucharestcitycentre.com\/fr\/wp-json\/wp\/v2\/pages"}],"about":[{"href":"https:\/\/www.novotelbucharestcitycentre.com\/fr\/wp-json\/wp\/v2\/types\/page"}],"author":[{"embeddable":true,"href":"https:\/\/www.novotelbucharestcitycentre.com\/fr\/wp-json\/wp\/v2\/users\/26"}],"replies":[{"embeddable":true,"href":"https:\/\/www.novotelbucharestcitycentre.com\/fr\/wp-json\/wp\/v2\/comments?post=306"}],"version-history":[{"count":0,"href":"https:\/\/www.novotelbucharestcitycentre.com\/fr\/wp-json\/wp\/v2\/pages\/306\/revisions"}],"wp:attachment":[{"href":"https:\/\/www.novotelbucharestcitycentre.com\/fr\/wp-json\/wp\/v2\/media?parent=306"}],"wp:term":[{"taxonomy":"category","embeddable":true,"href":"https:\/\/www.novotelbucharestcitycentre.com\/fr\/wp-json\/wp\/v2\/categories?post=306"}],"curies":[{"name":"wp","href":"https:\/\/api.w.org\/{rel}","templated":true}]}}