{"id":294,"date":"2022-11-29T16:07:27","date_gmt":"2022-11-29T16:07:27","guid":{"rendered":"https:\/\/novotelbucarest.accorv2prod.decms.eu\/chambres-appartements\/novation-suite\/"},"modified":"2022-12-22T11:52:21","modified_gmt":"2022-12-22T11:52:21","slug":"appartement-novation","status":"publish","type":"page","link":"https:\/\/www.novotelbucharestcitycentre.com\/fr\/chambres-appartements\/appartement-novation\/","title":{"rendered":"APPARTEMENT NOVATION"},"content":{"rendered":"<p>Est-ce que vous recherchez un peu plus d\u2019espace et d\u2019intimit\u00e9 durant votre s\u00e9jour au centre-ville de Bucarest ? Vous l\u2019avez trouv\u00e9 dans notre appartement spacieux Novation, avec une vue vers la ville, une surface d\u2019au moins 50 m\u00b2 et un plus d\u2019exclusivit\u00e9 \u00e0 un \u00e9tage de l\u2019h\u00f4tel destin\u00e9 de mani\u00e8re exclusive aux appartements.<\/p>\n<p>Est-ce que vous voyagez avec votre famille ? Le grand canap\u00e9 se transforme dans un lit confortable, tandis que la zone de jour spacieuse, d\u00e9cor\u00e9e de mani\u00e8re \u00e9l\u00e9gante et une chambre \u00e0 coucher s\u00e9par\u00e9e signifient que vous allez vous contenter tous de la combinaison appropri\u00e9e d\u2019intimit\u00e9 et d\u2019unit\u00e9. Combiner les affaires avec le plaisir est facile d\u00fb \u00e0 l\u2019espace ample de travail et au WiFi premium \u00e0 grande vitesse \u2013 et il y a une machine \u00e0 expresso \u00e0 port\u00e9e de main lorsqu\u2019on a besoin d\u2019un plus d\u2019\u00e9nergie.<\/p>\n<p>Les boissons gratuites du minibar, et aussi le parking s\u00e9curis\u00e9 gratuit et l\u2019utilisation gratuite de la salle de r\u00e9union (selon la disponibilit\u00e9) sont les petits extras qui vous font le s\u00e9jour dans un Appartement Novation encore plus plaisant.<\/p>\n","protected":false},"excerpt":{"rendered":"<p>Est-ce que vous recherchez un peu plus d\u2019espace et d\u2019intimit\u00e9 durant votre s\u00e9jour au centre-ville de Bucarest ? Vous l\u2019avez trouv\u00e9 dans notre appartement spacieux Novation, avec une vue vers la ville, une surface d\u2019au moins 50 m\u00b2 et un plus d\u2019exclusivit\u00e9 \u00e0 un \u00e9tage de l\u2019h\u00f4tel destin\u00e9 de mani\u00e8re exclusive aux appartements. Est-ce que [&hellip;]<\/p>\n","protected":false},"author":26,"featured_media":0,"parent":267,"menu_order":15,"comment_status":"closed","ping_status":"closed","template":"template-room.php","meta":{"footnotes":""},"categories":[52],"class_list":["post-294","page","type-page","status-publish","hentry","category-appartament"],"acf":[],"yoast_head":"<!-- This site is optimized with the Yoast SEO plugin v26.9 - https:\/\/yoast.com\/product\/yoast-seo-wordpress\/ -->\n<title>Appartement Novation | Novotel Bucharest City Center | H\u00f4tel 4 \u00e9toiles<\/title>\n<meta name=\"description\" content=\"R\u00e9servez un appartement Novation spacieux, avec une zone de jour s\u00e9par\u00e9e, pour des vacances de famille \u00e0 Bucarest, avec des avantages compl\u00e9mentaires, y compris une machine \u00e0 expresso et un parking gratuit.\" \/>\n<meta name=\"robots\" content=\"index, follow, max-snippet:-1, max-image-preview:large, max-video-preview:-1\" \/>\n<link rel=\"canonical\" href=\"https:\/\/www.novotelbucharestcitycentre.com\/fr\/chambres-appartements\/appartement-novation\/\" \/>\n<meta property=\"og:locale\" content=\"fr_FR\" \/>\n<meta property=\"og:type\" content=\"article\" \/>\n<meta property=\"og:title\" content=\"Appartement Novation | Novotel Bucharest City Center | H\u00f4tel 4 \u00e9toiles\" \/>\n<meta property=\"og:description\" content=\"R\u00e9servez un appartement Novation spacieux, avec une zone de jour s\u00e9par\u00e9e, pour des vacances de famille \u00e0 Bucarest, avec des avantages compl\u00e9mentaires, y compris une machine \u00e0 expresso et un parking gratuit.\" \/>\n<meta property=\"og:url\" content=\"https:\/\/www.novotelbucharestcitycentre.com\/fr\/chambres-appartements\/appartement-novation\/\" \/>\n<meta property=\"og:site_name\" content=\"Novotel Bucarest City Centre SL\" \/>\n<meta property=\"article:modified_time\" content=\"2022-12-22T11:52:21+00:00\" \/>\n<meta name=\"twitter:card\" content=\"summary_large_image\" \/>\n<meta name=\"twitter:label1\" content=\"Dur\u00e9e de lecture est.\" \/>\n\t<meta name=\"twitter:data1\" content=\"1 minute\" \/>\n<script type=\"application\/ld+json\" class=\"yoast-schema-graph\">{\"@context\":\"https:\/\/schema.org\",\"@graph\":[{\"@type\":\"WebPage\",\"@id\":\"https:\/\/www.novotelbucharestcitycentre.com\/fr\/chambres-appartements\/appartement-novation\/\",\"url\":\"https:\/\/www.novotelbucharestcitycentre.com\/fr\/chambres-appartements\/appartement-novation\/\",\"name\":\"Appartement Novation | Novotel Bucharest City Center | H\u00f4tel 4 \u00e9toiles\",\"isPartOf\":{\"@id\":\"https:\/\/www.novotelbucharestcitycentre.com\/#website\"},\"datePublished\":\"2022-11-29T16:07:27+00:00\",\"dateModified\":\"2022-12-22T11:52:21+00:00\",\"description\":\"R\u00e9servez un appartement Novation spacieux, avec une zone de jour s\u00e9par\u00e9e, pour des vacances de famille \u00e0 Bucarest, avec des avantages compl\u00e9mentaires, y compris une machine \u00e0 expresso et un parking gratuit.\",\"breadcrumb\":{\"@id\":\"https:\/\/www.novotelbucharestcitycentre.com\/fr\/chambres-appartements\/appartement-novation\/#breadcrumb\"},\"inLanguage\":\"fr-FR\",\"potentialAction\":[{\"@type\":\"ReadAction\",\"target\":[\"https:\/\/www.novotelbucharestcitycentre.com\/fr\/chambres-appartements\/appartement-novation\/\"]}]},{\"@type\":\"BreadcrumbList\",\"@id\":\"https:\/\/www.novotelbucharestcitycentre.com\/fr\/chambres-appartements\/appartement-novation\/#breadcrumb\",\"itemListElement\":[{\"@type\":\"ListItem\",\"position\":1,\"name\":\"Home\",\"item\":\"https:\/\/www.novotelbucharestcitycentre.com\/fr\/\"},{\"@type\":\"ListItem\",\"position\":2,\"name\":\"CHAMBRES &#038; APPARTEMENTS\",\"item\":\"https:\/\/www.novotelbucharestcitycentre.com\/fr\/chambres-appartements\/\"},{\"@type\":\"ListItem\",\"position\":3,\"name\":\"APPARTEMENT NOVATION\"}]},{\"@type\":\"WebSite\",\"@id\":\"https:\/\/www.novotelbucharestcitycentre.com\/#website\",\"url\":\"https:\/\/www.novotelbucharestcitycentre.com\/\",\"name\":\"Novotel Bucarest City Centre SL\",\"description\":\"Just another D-Edge Accor V2 Sites Hosting site\",\"potentialAction\":[{\"@type\":\"SearchAction\",\"target\":{\"@type\":\"EntryPoint\",\"urlTemplate\":\"https:\/\/www.novotelbucharestcitycentre.com\/?s={search_term_string}\"},\"query-input\":{\"@type\":\"PropertyValueSpecification\",\"valueRequired\":true,\"valueName\":\"search_term_string\"}}],\"inLanguage\":\"fr-FR\"}]}<\/script>\n<!-- \/ Yoast SEO plugin. -->","yoast_head_json":{"title":"Appartement Novation | Novotel Bucharest City Center | H\u00f4tel 4 \u00e9toiles","description":"R\u00e9servez un appartement Novation spacieux, avec une zone de jour s\u00e9par\u00e9e, pour des vacances de famille \u00e0 Bucarest, avec des avantages compl\u00e9mentaires, y compris une machine \u00e0 expresso et un parking gratuit.","robots":{"index":"index","follow":"follow","max-snippet":"max-snippet:-1","max-image-preview":"max-image-preview:large","max-video-preview":"max-video-preview:-1"},"canonical":"https:\/\/www.novotelbucharestcitycentre.com\/fr\/chambres-appartements\/appartement-novation\/","og_locale":"fr_FR","og_type":"article","og_title":"Appartement Novation | Novotel Bucharest City Center | H\u00f4tel 4 \u00e9toiles","og_description":"R\u00e9servez un appartement Novation spacieux, avec une zone de jour s\u00e9par\u00e9e, pour des vacances de famille \u00e0 Bucarest, avec des avantages compl\u00e9mentaires, y compris une machine \u00e0 expresso et un parking gratuit.","og_url":"https:\/\/www.novotelbucharestcitycentre.com\/fr\/chambres-appartements\/appartement-novation\/","og_site_name":"Novotel Bucarest City Centre SL","article_modified_time":"2022-12-22T11:52:21+00:00","twitter_card":"summary_large_image","twitter_misc":{"Dur\u00e9e de lecture est.":"1 minute"},"schema":{"@context":"https:\/\/schema.org","@graph":[{"@type":"WebPage","@id":"https:\/\/www.novotelbucharestcitycentre.com\/fr\/chambres-appartements\/appartement-novation\/","url":"https:\/\/www.novotelbucharestcitycentre.com\/fr\/chambres-appartements\/appartement-novation\/","name":"Appartement Novation | Novotel Bucharest City Center | H\u00f4tel 4 \u00e9toiles","isPartOf":{"@id":"https:\/\/www.novotelbucharestcitycentre.com\/#website"},"datePublished":"2022-11-29T16:07:27+00:00","dateModified":"2022-12-22T11:52:21+00:00","description":"R\u00e9servez un appartement Novation spacieux, avec une zone de jour s\u00e9par\u00e9e, pour des vacances de famille \u00e0 Bucarest, avec des avantages compl\u00e9mentaires, y compris une machine \u00e0 expresso et un parking gratuit.","breadcrumb":{"@id":"https:\/\/www.novotelbucharestcitycentre.com\/fr\/chambres-appartements\/appartement-novation\/#breadcrumb"},"inLanguage":"fr-FR","potentialAction":[{"@type":"ReadAction","target":["https:\/\/www.novotelbucharestcitycentre.com\/fr\/chambres-appartements\/appartement-novation\/"]}]},{"@type":"BreadcrumbList","@id":"https:\/\/www.novotelbucharestcitycentre.com\/fr\/chambres-appartements\/appartement-novation\/#breadcrumb","itemListElement":[{"@type":"ListItem","position":1,"name":"Home","item":"https:\/\/www.novotelbucharestcitycentre.com\/fr\/"},{"@type":"ListItem","position":2,"name":"CHAMBRES &#038; APPARTEMENTS","item":"https:\/\/www.novotelbucharestcitycentre.com\/fr\/chambres-appartements\/"},{"@type":"ListItem","position":3,"name":"APPARTEMENT NOVATION"}]},{"@type":"WebSite","@id":"https:\/\/www.novotelbucharestcitycentre.com\/#website","url":"https:\/\/www.novotelbucharestcitycentre.com\/","name":"Novotel Bucarest City Centre SL","description":"Just another D-Edge Accor V2 Sites Hosting site","potentialAction":[{"@type":"SearchAction","target":{"@type":"EntryPoint","urlTemplate":"https:\/\/www.novotelbucharestcitycentre.com\/?s={search_term_string}"},"query-input":{"@type":"PropertyValueSpecification","valueRequired":true,"valueName":"search_term_string"}}],"inLanguage":"fr-FR"}]}},"_links":{"self":[{"href":"https:\/\/www.novotelbucharestcitycentre.com\/fr\/wp-json\/wp\/v2\/pages\/294","targetHints":{"allow":["GET"]}}],"collection":[{"href":"https:\/\/www.novotelbucharestcitycentre.com\/fr\/wp-json\/wp\/v2\/pages"}],"about":[{"href":"https:\/\/www.novotelbucharestcitycentre.com\/fr\/wp-json\/wp\/v2\/types\/page"}],"author":[{"embeddable":true,"href":"https:\/\/www.novotelbucharestcitycentre.com\/fr\/wp-json\/wp\/v2\/users\/26"}],"replies":[{"embeddable":true,"href":"https:\/\/www.novotelbucharestcitycentre.com\/fr\/wp-json\/wp\/v2\/comments?post=294"}],"version-history":[{"count":0,"href":"https:\/\/www.novotelbucharestcitycentre.com\/fr\/wp-json\/wp\/v2\/pages\/294\/revisions"}],"up":[{"embeddable":true,"href":"https:\/\/www.novotelbucharestcitycentre.com\/fr\/wp-json\/wp\/v2\/pages\/267"}],"wp:attachment":[{"href":"https:\/\/www.novotelbucharestcitycentre.com\/fr\/wp-json\/wp\/v2\/media?parent=294"}],"wp:term":[{"taxonomy":"category","embeddable":true,"href":"https:\/\/www.novotelbucharestcitycentre.com\/fr\/wp-json\/wp\/v2\/categories?post=294"}],"curies":[{"name":"wp","href":"https:\/\/api.w.org\/{rel}","templated":true}]}}