{"id":289,"date":"2022-11-29T16:04:37","date_gmt":"2022-11-29T16:04:37","guid":{"rendered":"https:\/\/novotelbucarest.accorv2prod.decms.eu\/chambres-appartements\/junior-suite\/"},"modified":"2022-12-22T11:45:09","modified_gmt":"2022-12-22T11:45:09","slug":"appartement-junior","status":"publish","type":"page","link":"https:\/\/www.novotelbucharestcitycentre.com\/fr\/chambres-appartements\/appartement-junior\/","title":{"rendered":"APPARTEMENT JUNIOR"},"content":{"rendered":"<p>L\u2019appartement Junior vous offre l\u2019espace compl\u00e9mentaire dont vous avez besoin et le confort suppl\u00e9mentaire que vous m\u00e9ritiez. Avec une surface d\u2019au moins 48 m\u00b2, cet appartement de Bucarest, attentivement con\u00e7u, offre une zone de jour et de repas, d\u00e9cor\u00e9e dans des tons neutres, apaisants, avec un espace de travail g\u00e9n\u00e9reux et un WiFi rapide. Le canap\u00e9 confortable vous invite \u00e0 vous blottir devant le t\u00e9l\u00e9viseur intelligent pour regarder un film.<\/p>\n<p>Apr\u00e8s une journ\u00e9e d\u2019aventure, prenez un bain apaisant dans le grand baignoire \u2013 les articles de toilette premium le font encore plus relaxant. Un lit queen-size somptueux dans la chambre \u00e0 coucher s\u00e9par\u00e9e promet un sommeil reposant.<\/p>\n<p>Un s\u00e9jour dans un Appartement Junior inclut des petits extras, tels que des boissons et des gout\u00e9es gratuites du minibar, un parking s\u00e9curis\u00e9 gratuit et l\u2019utilisation gratuite de la salle de r\u00e9union (selon la disponibilit\u00e9).<\/p>\n","protected":false},"excerpt":{"rendered":"<p>L\u2019appartement Junior vous offre l\u2019espace compl\u00e9mentaire dont vous avez besoin et le confort suppl\u00e9mentaire que vous m\u00e9ritiez. Avec une surface d\u2019au moins 48 m\u00b2, cet appartement de Bucarest, attentivement con\u00e7u, offre une zone de jour et de repas, d\u00e9cor\u00e9e dans des tons neutres, apaisants, avec un espace de travail g\u00e9n\u00e9reux et un WiFi rapide. Le [&hellip;]<\/p>\n","protected":false},"author":26,"featured_media":0,"parent":267,"menu_order":14,"comment_status":"closed","ping_status":"closed","template":"template-room.php","meta":{"footnotes":""},"categories":[52],"class_list":["post-289","page","type-page","status-publish","hentry","category-appartament"],"acf":[],"yoast_head":"<!-- This site is optimized with the Yoast SEO plugin v26.9 - https:\/\/yoast.com\/product\/yoast-seo-wordpress\/ -->\n<title>Appartement Junior | Novotel Bucharest City Center | H\u00f4tel 4 \u00e9toiles<\/title>\n<meta name=\"description\" content=\"Pour des vacances de lux \u00e0 Bucarest sur Calea Victoriei, r\u00e9servez un Appartement Junior spacieux, avec une zone s\u00e9par\u00e9e de jour et de repas, et aussi un parking s\u00e9curis\u00e9 gratuit.\" \/>\n<meta name=\"robots\" content=\"index, follow, max-snippet:-1, max-image-preview:large, max-video-preview:-1\" \/>\n<link rel=\"canonical\" href=\"https:\/\/www.novotelbucharestcitycentre.com\/fr\/chambres-appartements\/appartement-junior\/\" \/>\n<meta property=\"og:locale\" content=\"fr_FR\" \/>\n<meta property=\"og:type\" content=\"article\" \/>\n<meta property=\"og:title\" content=\"Appartement Junior | Novotel Bucharest City Center | H\u00f4tel 4 \u00e9toiles\" \/>\n<meta property=\"og:description\" content=\"Pour des vacances de lux \u00e0 Bucarest sur Calea Victoriei, r\u00e9servez un Appartement Junior spacieux, avec une zone s\u00e9par\u00e9e de jour et de repas, et aussi un parking s\u00e9curis\u00e9 gratuit.\" \/>\n<meta property=\"og:url\" content=\"https:\/\/www.novotelbucharestcitycentre.com\/fr\/chambres-appartements\/appartement-junior\/\" \/>\n<meta property=\"og:site_name\" content=\"Novotel Bucarest City Centre SL\" \/>\n<meta property=\"article:modified_time\" content=\"2022-12-22T11:45:09+00:00\" \/>\n<meta name=\"twitter:card\" content=\"summary_large_image\" \/>\n<meta name=\"twitter:label1\" content=\"Dur\u00e9e de lecture est.\" \/>\n\t<meta name=\"twitter:data1\" content=\"1 minute\" \/>\n<script type=\"application\/ld+json\" class=\"yoast-schema-graph\">{\"@context\":\"https:\/\/schema.org\",\"@graph\":[{\"@type\":\"WebPage\",\"@id\":\"https:\/\/www.novotelbucharestcitycentre.com\/fr\/chambres-appartements\/appartement-junior\/\",\"url\":\"https:\/\/www.novotelbucharestcitycentre.com\/fr\/chambres-appartements\/appartement-junior\/\",\"name\":\"Appartement Junior | Novotel Bucharest City Center | H\u00f4tel 4 \u00e9toiles\",\"isPartOf\":{\"@id\":\"https:\/\/www.novotelbucharestcitycentre.com\/#website\"},\"datePublished\":\"2022-11-29T16:04:37+00:00\",\"dateModified\":\"2022-12-22T11:45:09+00:00\",\"description\":\"Pour des vacances de lux \u00e0 Bucarest sur Calea Victoriei, r\u00e9servez un Appartement Junior spacieux, avec une zone s\u00e9par\u00e9e de jour et de repas, et aussi un parking s\u00e9curis\u00e9 gratuit.\",\"breadcrumb\":{\"@id\":\"https:\/\/www.novotelbucharestcitycentre.com\/fr\/chambres-appartements\/appartement-junior\/#breadcrumb\"},\"inLanguage\":\"fr-FR\",\"potentialAction\":[{\"@type\":\"ReadAction\",\"target\":[\"https:\/\/www.novotelbucharestcitycentre.com\/fr\/chambres-appartements\/appartement-junior\/\"]}]},{\"@type\":\"BreadcrumbList\",\"@id\":\"https:\/\/www.novotelbucharestcitycentre.com\/fr\/chambres-appartements\/appartement-junior\/#breadcrumb\",\"itemListElement\":[{\"@type\":\"ListItem\",\"position\":1,\"name\":\"Home\",\"item\":\"https:\/\/www.novotelbucharestcitycentre.com\/fr\/\"},{\"@type\":\"ListItem\",\"position\":2,\"name\":\"CHAMBRES &#038; APPARTEMENTS\",\"item\":\"https:\/\/www.novotelbucharestcitycentre.com\/fr\/chambres-appartements\/\"},{\"@type\":\"ListItem\",\"position\":3,\"name\":\"APPARTEMENT JUNIOR\"}]},{\"@type\":\"WebSite\",\"@id\":\"https:\/\/www.novotelbucharestcitycentre.com\/#website\",\"url\":\"https:\/\/www.novotelbucharestcitycentre.com\/\",\"name\":\"Novotel Bucarest City Centre SL\",\"description\":\"Just another D-Edge Accor V2 Sites Hosting site\",\"potentialAction\":[{\"@type\":\"SearchAction\",\"target\":{\"@type\":\"EntryPoint\",\"urlTemplate\":\"https:\/\/www.novotelbucharestcitycentre.com\/?s={search_term_string}\"},\"query-input\":{\"@type\":\"PropertyValueSpecification\",\"valueRequired\":true,\"valueName\":\"search_term_string\"}}],\"inLanguage\":\"fr-FR\"}]}<\/script>\n<!-- \/ Yoast SEO plugin. -->","yoast_head_json":{"title":"Appartement Junior | Novotel Bucharest City Center | H\u00f4tel 4 \u00e9toiles","description":"Pour des vacances de lux \u00e0 Bucarest sur Calea Victoriei, r\u00e9servez un Appartement Junior spacieux, avec une zone s\u00e9par\u00e9e de jour et de repas, et aussi un parking s\u00e9curis\u00e9 gratuit.","robots":{"index":"index","follow":"follow","max-snippet":"max-snippet:-1","max-image-preview":"max-image-preview:large","max-video-preview":"max-video-preview:-1"},"canonical":"https:\/\/www.novotelbucharestcitycentre.com\/fr\/chambres-appartements\/appartement-junior\/","og_locale":"fr_FR","og_type":"article","og_title":"Appartement Junior | Novotel Bucharest City Center | H\u00f4tel 4 \u00e9toiles","og_description":"Pour des vacances de lux \u00e0 Bucarest sur Calea Victoriei, r\u00e9servez un Appartement Junior spacieux, avec une zone s\u00e9par\u00e9e de jour et de repas, et aussi un parking s\u00e9curis\u00e9 gratuit.","og_url":"https:\/\/www.novotelbucharestcitycentre.com\/fr\/chambres-appartements\/appartement-junior\/","og_site_name":"Novotel Bucarest City Centre SL","article_modified_time":"2022-12-22T11:45:09+00:00","twitter_card":"summary_large_image","twitter_misc":{"Dur\u00e9e de lecture est.":"1 minute"},"schema":{"@context":"https:\/\/schema.org","@graph":[{"@type":"WebPage","@id":"https:\/\/www.novotelbucharestcitycentre.com\/fr\/chambres-appartements\/appartement-junior\/","url":"https:\/\/www.novotelbucharestcitycentre.com\/fr\/chambres-appartements\/appartement-junior\/","name":"Appartement Junior | Novotel Bucharest City Center | H\u00f4tel 4 \u00e9toiles","isPartOf":{"@id":"https:\/\/www.novotelbucharestcitycentre.com\/#website"},"datePublished":"2022-11-29T16:04:37+00:00","dateModified":"2022-12-22T11:45:09+00:00","description":"Pour des vacances de lux \u00e0 Bucarest sur Calea Victoriei, r\u00e9servez un Appartement Junior spacieux, avec une zone s\u00e9par\u00e9e de jour et de repas, et aussi un parking s\u00e9curis\u00e9 gratuit.","breadcrumb":{"@id":"https:\/\/www.novotelbucharestcitycentre.com\/fr\/chambres-appartements\/appartement-junior\/#breadcrumb"},"inLanguage":"fr-FR","potentialAction":[{"@type":"ReadAction","target":["https:\/\/www.novotelbucharestcitycentre.com\/fr\/chambres-appartements\/appartement-junior\/"]}]},{"@type":"BreadcrumbList","@id":"https:\/\/www.novotelbucharestcitycentre.com\/fr\/chambres-appartements\/appartement-junior\/#breadcrumb","itemListElement":[{"@type":"ListItem","position":1,"name":"Home","item":"https:\/\/www.novotelbucharestcitycentre.com\/fr\/"},{"@type":"ListItem","position":2,"name":"CHAMBRES &#038; APPARTEMENTS","item":"https:\/\/www.novotelbucharestcitycentre.com\/fr\/chambres-appartements\/"},{"@type":"ListItem","position":3,"name":"APPARTEMENT JUNIOR"}]},{"@type":"WebSite","@id":"https:\/\/www.novotelbucharestcitycentre.com\/#website","url":"https:\/\/www.novotelbucharestcitycentre.com\/","name":"Novotel Bucarest City Centre SL","description":"Just another D-Edge Accor V2 Sites Hosting site","potentialAction":[{"@type":"SearchAction","target":{"@type":"EntryPoint","urlTemplate":"https:\/\/www.novotelbucharestcitycentre.com\/?s={search_term_string}"},"query-input":{"@type":"PropertyValueSpecification","valueRequired":true,"valueName":"search_term_string"}}],"inLanguage":"fr-FR"}]}},"_links":{"self":[{"href":"https:\/\/www.novotelbucharestcitycentre.com\/fr\/wp-json\/wp\/v2\/pages\/289","targetHints":{"allow":["GET"]}}],"collection":[{"href":"https:\/\/www.novotelbucharestcitycentre.com\/fr\/wp-json\/wp\/v2\/pages"}],"about":[{"href":"https:\/\/www.novotelbucharestcitycentre.com\/fr\/wp-json\/wp\/v2\/types\/page"}],"author":[{"embeddable":true,"href":"https:\/\/www.novotelbucharestcitycentre.com\/fr\/wp-json\/wp\/v2\/users\/26"}],"replies":[{"embeddable":true,"href":"https:\/\/www.novotelbucharestcitycentre.com\/fr\/wp-json\/wp\/v2\/comments?post=289"}],"version-history":[{"count":0,"href":"https:\/\/www.novotelbucharestcitycentre.com\/fr\/wp-json\/wp\/v2\/pages\/289\/revisions"}],"up":[{"embeddable":true,"href":"https:\/\/www.novotelbucharestcitycentre.com\/fr\/wp-json\/wp\/v2\/pages\/267"}],"wp:attachment":[{"href":"https:\/\/www.novotelbucharestcitycentre.com\/fr\/wp-json\/wp\/v2\/media?parent=289"}],"wp:term":[{"taxonomy":"category","embeddable":true,"href":"https:\/\/www.novotelbucharestcitycentre.com\/fr\/wp-json\/wp\/v2\/categories?post=289"}],"curies":[{"name":"wp","href":"https:\/\/api.w.org\/{rel}","templated":true}]}}