{"id":273,"date":"2022-11-29T14:41:56","date_gmt":"2022-11-29T14:41:56","guid":{"rendered":"https:\/\/novotelbucarest.accorv2prod.decms.eu\/chambres-appartements\/superior-room-with-double-bed\/"},"modified":"2023-01-11T15:47:32","modified_gmt":"2023-01-11T15:47:32","slug":"superior-zimmer-mit-doppelbett","status":"publish","type":"page","link":"https:\/\/www.novotelbucharestcitycentre.com\/fr\/chambres-appartements\/superior-zimmer-mit-doppelbett\/","title":{"rendered":"CHAMBRE DOUBLE SUPERIEURE"},"content":{"rendered":"<p>La chambre sup\u00e9rieure avec lit double et canap\u00e9 est une oasis de paix au c\u0153ur de Bucarest, tant pour les voyageurs d&rsquo;affaires que pour les couples ou les familles avec enfants. Des tons subtils, marqu\u00e9s d&rsquo;accents color\u00e9s, cr\u00e9ent une atmosph\u00e8re apaisante, et la surface d&rsquo;au moins 24 m\u00b2 vous offre tout l&rsquo;espace n\u00e9cessaire pour vous sentir chez vous.<\/p>\n<p>Une connexion Wi-Fi gratuite et rapide et un espace de travail g\u00e9n\u00e9reux facilitent le travail. Le soir, installez-vous confortablement sur le canap\u00e9 et regardez un film sur la grande t\u00e9l\u00e9vision connect\u00e9e. Ce fut une journ\u00e9e passionnante.<\/p>\n","protected":false},"excerpt":{"rendered":"<p>La chambre sup\u00e9rieure avec lit double et canap\u00e9 est une oasis de paix au c\u0153ur de Bucarest, tant pour les voyageurs d&rsquo;affaires que pour les couples ou les familles avec enfants. Des tons subtils, marqu\u00e9s d&rsquo;accents color\u00e9s, cr\u00e9ent une atmosph\u00e8re apaisante, et la surface d&rsquo;au moins 24 m\u00b2 vous offre tout l&rsquo;espace n\u00e9cessaire pour vous [&hellip;]<\/p>\n","protected":false},"author":26,"featured_media":0,"parent":267,"menu_order":11,"comment_status":"closed","ping_status":"closed","template":"template-room.php","meta":{"footnotes":""},"categories":[48],"class_list":["post-273","page","type-page","status-publish","hentry","category-chambres"],"acf":[],"yoast_head":"<!-- This site is optimized with the Yoast SEO plugin v26.9 - https:\/\/yoast.com\/product\/yoast-seo-wordpress\/ -->\n<title>Chambre double sup\u00e9rieure | Novotel Bucharest City Centre<\/title>\n<meta name=\"description\" content=\"Parfaite pour une seule personne et pour les couples, la chambre sup\u00e9rieure spacieuse de notre h\u00f4tel moderne du centre-ville de Bucarest offre du WiFi gratuit et des facilit\u00e9s premium.\" \/>\n<meta name=\"robots\" content=\"index, follow, max-snippet:-1, max-image-preview:large, max-video-preview:-1\" \/>\n<link rel=\"canonical\" href=\"https:\/\/www.novotelbucharestcitycentre.com\/fr\/chambres-appartements\/superior-zimmer-mit-doppelbett\/\" \/>\n<meta property=\"og:locale\" content=\"fr_FR\" \/>\n<meta property=\"og:type\" content=\"article\" \/>\n<meta property=\"og:title\" content=\"Chambre double sup\u00e9rieure | Novotel Bucharest City Centre\" \/>\n<meta property=\"og:description\" content=\"Parfaite pour une seule personne et pour les couples, la chambre sup\u00e9rieure spacieuse de notre h\u00f4tel moderne du centre-ville de Bucarest offre du WiFi gratuit et des facilit\u00e9s premium.\" \/>\n<meta property=\"og:url\" content=\"https:\/\/www.novotelbucharestcitycentre.com\/fr\/chambres-appartements\/superior-zimmer-mit-doppelbett\/\" \/>\n<meta property=\"og:site_name\" content=\"Novotel Bucarest City Centre SL\" \/>\n<meta property=\"article:modified_time\" content=\"2023-01-11T15:47:32+00:00\" \/>\n<meta name=\"twitter:card\" content=\"summary_large_image\" \/>\n<meta name=\"twitter:label1\" content=\"Dur\u00e9e de lecture est.\" \/>\n\t<meta name=\"twitter:data1\" content=\"1 minute\" \/>\n<script type=\"application\/ld+json\" class=\"yoast-schema-graph\">{\"@context\":\"https:\/\/schema.org\",\"@graph\":[{\"@type\":\"WebPage\",\"@id\":\"https:\/\/www.novotelbucharestcitycentre.com\/fr\/chambres-appartements\/superior-zimmer-mit-doppelbett\/\",\"url\":\"https:\/\/www.novotelbucharestcitycentre.com\/fr\/chambres-appartements\/superior-zimmer-mit-doppelbett\/\",\"name\":\"Chambre double sup\u00e9rieure | Novotel Bucharest City Centre\",\"isPartOf\":{\"@id\":\"https:\/\/www.novotelbucharestcitycentre.com\/#website\"},\"datePublished\":\"2022-11-29T14:41:56+00:00\",\"dateModified\":\"2023-01-11T15:47:32+00:00\",\"description\":\"Parfaite pour une seule personne et pour les couples, la chambre sup\u00e9rieure spacieuse de notre h\u00f4tel moderne du centre-ville de Bucarest offre du WiFi gratuit et des facilit\u00e9s premium.\",\"breadcrumb\":{\"@id\":\"https:\/\/www.novotelbucharestcitycentre.com\/fr\/chambres-appartements\/superior-zimmer-mit-doppelbett\/#breadcrumb\"},\"inLanguage\":\"fr-FR\",\"potentialAction\":[{\"@type\":\"ReadAction\",\"target\":[\"https:\/\/www.novotelbucharestcitycentre.com\/fr\/chambres-appartements\/superior-zimmer-mit-doppelbett\/\"]}]},{\"@type\":\"BreadcrumbList\",\"@id\":\"https:\/\/www.novotelbucharestcitycentre.com\/fr\/chambres-appartements\/superior-zimmer-mit-doppelbett\/#breadcrumb\",\"itemListElement\":[{\"@type\":\"ListItem\",\"position\":1,\"name\":\"Home\",\"item\":\"https:\/\/www.novotelbucharestcitycentre.com\/fr\/\"},{\"@type\":\"ListItem\",\"position\":2,\"name\":\"CHAMBRES &#038; APPARTEMENTS\",\"item\":\"https:\/\/www.novotelbucharestcitycentre.com\/fr\/chambres-appartements\/\"},{\"@type\":\"ListItem\",\"position\":3,\"name\":\"CHAMBRE DOUBLE SUPERIEURE\"}]},{\"@type\":\"WebSite\",\"@id\":\"https:\/\/www.novotelbucharestcitycentre.com\/#website\",\"url\":\"https:\/\/www.novotelbucharestcitycentre.com\/\",\"name\":\"Novotel Bucarest City Centre SL\",\"description\":\"Just another D-Edge Accor V2 Sites Hosting site\",\"potentialAction\":[{\"@type\":\"SearchAction\",\"target\":{\"@type\":\"EntryPoint\",\"urlTemplate\":\"https:\/\/www.novotelbucharestcitycentre.com\/?s={search_term_string}\"},\"query-input\":{\"@type\":\"PropertyValueSpecification\",\"valueRequired\":true,\"valueName\":\"search_term_string\"}}],\"inLanguage\":\"fr-FR\"}]}<\/script>\n<!-- \/ Yoast SEO plugin. -->","yoast_head_json":{"title":"Chambre double sup\u00e9rieure | Novotel Bucharest City Centre","description":"Parfaite pour une seule personne et pour les couples, la chambre sup\u00e9rieure spacieuse de notre h\u00f4tel moderne du centre-ville de Bucarest offre du WiFi gratuit et des facilit\u00e9s premium.","robots":{"index":"index","follow":"follow","max-snippet":"max-snippet:-1","max-image-preview":"max-image-preview:large","max-video-preview":"max-video-preview:-1"},"canonical":"https:\/\/www.novotelbucharestcitycentre.com\/fr\/chambres-appartements\/superior-zimmer-mit-doppelbett\/","og_locale":"fr_FR","og_type":"article","og_title":"Chambre double sup\u00e9rieure | Novotel Bucharest City Centre","og_description":"Parfaite pour une seule personne et pour les couples, la chambre sup\u00e9rieure spacieuse de notre h\u00f4tel moderne du centre-ville de Bucarest offre du WiFi gratuit et des facilit\u00e9s premium.","og_url":"https:\/\/www.novotelbucharestcitycentre.com\/fr\/chambres-appartements\/superior-zimmer-mit-doppelbett\/","og_site_name":"Novotel Bucarest City Centre SL","article_modified_time":"2023-01-11T15:47:32+00:00","twitter_card":"summary_large_image","twitter_misc":{"Dur\u00e9e de lecture est.":"1 minute"},"schema":{"@context":"https:\/\/schema.org","@graph":[{"@type":"WebPage","@id":"https:\/\/www.novotelbucharestcitycentre.com\/fr\/chambres-appartements\/superior-zimmer-mit-doppelbett\/","url":"https:\/\/www.novotelbucharestcitycentre.com\/fr\/chambres-appartements\/superior-zimmer-mit-doppelbett\/","name":"Chambre double sup\u00e9rieure | Novotel Bucharest City Centre","isPartOf":{"@id":"https:\/\/www.novotelbucharestcitycentre.com\/#website"},"datePublished":"2022-11-29T14:41:56+00:00","dateModified":"2023-01-11T15:47:32+00:00","description":"Parfaite pour une seule personne et pour les couples, la chambre sup\u00e9rieure spacieuse de notre h\u00f4tel moderne du centre-ville de Bucarest offre du WiFi gratuit et des facilit\u00e9s premium.","breadcrumb":{"@id":"https:\/\/www.novotelbucharestcitycentre.com\/fr\/chambres-appartements\/superior-zimmer-mit-doppelbett\/#breadcrumb"},"inLanguage":"fr-FR","potentialAction":[{"@type":"ReadAction","target":["https:\/\/www.novotelbucharestcitycentre.com\/fr\/chambres-appartements\/superior-zimmer-mit-doppelbett\/"]}]},{"@type":"BreadcrumbList","@id":"https:\/\/www.novotelbucharestcitycentre.com\/fr\/chambres-appartements\/superior-zimmer-mit-doppelbett\/#breadcrumb","itemListElement":[{"@type":"ListItem","position":1,"name":"Home","item":"https:\/\/www.novotelbucharestcitycentre.com\/fr\/"},{"@type":"ListItem","position":2,"name":"CHAMBRES &#038; APPARTEMENTS","item":"https:\/\/www.novotelbucharestcitycentre.com\/fr\/chambres-appartements\/"},{"@type":"ListItem","position":3,"name":"CHAMBRE DOUBLE SUPERIEURE"}]},{"@type":"WebSite","@id":"https:\/\/www.novotelbucharestcitycentre.com\/#website","url":"https:\/\/www.novotelbucharestcitycentre.com\/","name":"Novotel Bucarest City Centre SL","description":"Just another D-Edge Accor V2 Sites Hosting site","potentialAction":[{"@type":"SearchAction","target":{"@type":"EntryPoint","urlTemplate":"https:\/\/www.novotelbucharestcitycentre.com\/?s={search_term_string}"},"query-input":{"@type":"PropertyValueSpecification","valueRequired":true,"valueName":"search_term_string"}}],"inLanguage":"fr-FR"}]}},"_links":{"self":[{"href":"https:\/\/www.novotelbucharestcitycentre.com\/fr\/wp-json\/wp\/v2\/pages\/273","targetHints":{"allow":["GET"]}}],"collection":[{"href":"https:\/\/www.novotelbucharestcitycentre.com\/fr\/wp-json\/wp\/v2\/pages"}],"about":[{"href":"https:\/\/www.novotelbucharestcitycentre.com\/fr\/wp-json\/wp\/v2\/types\/page"}],"author":[{"embeddable":true,"href":"https:\/\/www.novotelbucharestcitycentre.com\/fr\/wp-json\/wp\/v2\/users\/26"}],"replies":[{"embeddable":true,"href":"https:\/\/www.novotelbucharestcitycentre.com\/fr\/wp-json\/wp\/v2\/comments?post=273"}],"version-history":[{"count":0,"href":"https:\/\/www.novotelbucharestcitycentre.com\/fr\/wp-json\/wp\/v2\/pages\/273\/revisions"}],"up":[{"embeddable":true,"href":"https:\/\/www.novotelbucharestcitycentre.com\/fr\/wp-json\/wp\/v2\/pages\/267"}],"wp:attachment":[{"href":"https:\/\/www.novotelbucharestcitycentre.com\/fr\/wp-json\/wp\/v2\/media?parent=273"}],"wp:term":[{"taxonomy":"category","embeddable":true,"href":"https:\/\/www.novotelbucharestcitycentre.com\/fr\/wp-json\/wp\/v2\/categories?post=273"}],"curies":[{"name":"wp","href":"https:\/\/api.w.org\/{rel}","templated":true}]}}