{"id":683,"date":"2025-05-15T16:31:56","date_gmt":"2025-05-15T16:31:56","guid":{"rendered":"https:\/\/www.novotelbucharestcitycentre.com\/?page_id=683"},"modified":"2025-06-12T10:07:21","modified_gmt":"2025-06-12T10:07:21","slug":"sustainability","status":"publish","type":"page","link":"https:\/\/www.novotelbucharestcitycentre.com\/de\/sustainability\/","title":{"rendered":"Nachhaltigkeit"},"content":{"rendered":"<p><img loading=\"lazy\" decoding=\"async\" class=\"aligncenter wp-image-719 size-large\" src=\"http:\/\/www.novotelbucharestcitycentre.com\/wp-content\/uploads\/sites\/26\/2025\/06\/Fara-titlu-15-x-5-cm-12-x-4-cm-1024x341.png\" alt=\"\" width=\"1024\" height=\"341\" srcset=\"https:\/\/www.novotelbucharestcitycentre.com\/wp-content\/uploads\/sites\/26\/2025\/06\/Fara-titlu-15-x-5-cm-12-x-4-cm-1024x341.png 1024w, https:\/\/www.novotelbucharestcitycentre.com\/wp-content\/uploads\/sites\/26\/2025\/06\/Fara-titlu-15-x-5-cm-12-x-4-cm-300x100.png 300w, https:\/\/www.novotelbucharestcitycentre.com\/wp-content\/uploads\/sites\/26\/2025\/06\/Fara-titlu-15-x-5-cm-12-x-4-cm-768x256.png 768w, https:\/\/www.novotelbucharestcitycentre.com\/wp-content\/uploads\/sites\/26\/2025\/06\/Fara-titlu-15-x-5-cm-12-x-4-cm-600x200.png 600w, https:\/\/www.novotelbucharestcitycentre.com\/wp-content\/uploads\/sites\/26\/2025\/06\/Fara-titlu-15-x-5-cm-12-x-4-cm-1000x333.png 1000w, https:\/\/www.novotelbucharestcitycentre.com\/wp-content\/uploads\/sites\/26\/2025\/06\/Fara-titlu-15-x-5-cm-12-x-4-cm.png 1417w\" sizes=\"auto, (max-width: 1024px) 100vw, 1024px\" \/><\/p>\n<p data-start=\"58\" data-end=\"354\">Im <strong data-start=\"61\" data-end=\"94\">Novotel Bucharest City Centre<\/strong> sind wir \u00fcberzeugt, dass Gastfreundschaft und Nachhaltigkeit Hand in Hand gehen. Wir setzen uns daf\u00fcr ein, durch die Integration nachhaltiger Praktiken in all unsere T\u00e4tigkeiten einen positiven Einfluss auf die Umwelt und unsere lokale Gemeinschaft auszu\u00fcben.<\/p>\n<p data-start=\"356\" data-end=\"742\"><strong data-start=\"356\" data-end=\"403\">Stolzer Tr\u00e4ger der Green Key-Zertifizierung<\/strong><br data-start=\"403\" data-end=\"406\" \/>Wir sind stolz darauf, die renommierte Green Key-Zertifizierung erhalten zu haben \u2013 ein f\u00fchrender Standard f\u00fcr Umweltverantwortung und nachhaltiges Handeln in der Tourismusbranche. Diese Auszeichnung w\u00fcrdigt unsere kontinuierlichen Bem\u00fchungen, h\u00f6chste Standards in Sachen Nachhaltigkeit und verantwortungsvolle Gastlichkeit zu erf\u00fcllen.<\/p>\n<p data-start=\"744\" data-end=\"1129\"><strong data-start=\"744\" data-end=\"786\">Unsere sechs S\u00e4ulen der Nachhaltigkeit<\/strong><br data-start=\"786\" data-end=\"789\" \/>Unsere Arbeit basiert auf sechs zentralen S\u00e4ulen, die unsere Ziele leiten und unseren Fortschritt in folgenden Bereichen messen:<br \/>\n\u2022 \u00d6kologische Nachhaltigkeit<br data-start=\"946\" data-end=\"949\" \/>\u2022 Soziale Inklusion<br data-start=\"968\" data-end=\"971\" \/>\u2022 Verantwortungsbewusste Beschaffung<br data-start=\"1007\" data-end=\"1010\" \/>\u2022 Kreislaufwirtschaft und Abfallmanagement<br data-start=\"1052\" data-end=\"1055\" \/>\u2022 Einbindung der G\u00e4ste<br data-start=\"1077\" data-end=\"1080\" \/>\u2022 St\u00e4rkung und Weiterbildung der Mitarbeitenden<\/p>\n<p data-start=\"1131\" data-end=\"1238\">Diese S\u00e4ulen sind nicht nur Prinzipien \u2013 sie pr\u00e4gen unser t\u00e4gliches Handeln und unsere langfristige Vision.<\/p>\n<p data-start=\"1240\" data-end=\"1613\"><strong data-start=\"1240\" data-end=\"1268\">Ein Blick in die Zukunft<\/strong><br data-start=\"1268\" data-end=\"1271\" \/>Nachhaltigkeit ist eine Reise, und wir sind stolz, Teil einer globalen Bewegung unter der Leitung von Accor zu sein, die eine verantwortungsvollere Zukunft f\u00fcr die Hotellerie gestaltet. Ob gesch\u00e4ftlich oder privat \u2013 Ihr Aufenthalt im Novotel Bucharest City Centre ist eine Erfahrung, die den Planeten respektiert und lokale Werte unterst\u00fctzt.<\/p>\n<p data-start=\"1615\" data-end=\"1664\"><strong data-start=\"1615\" data-end=\"1664\">Gestalten wir gemeinsam eine bessere Zukunft.<\/strong><\/p>\n<div id=\"attachment_673\" style=\"width: 1034px\" class=\"wp-caption aligncenter\"><img loading=\"lazy\" decoding=\"async\" aria-describedby=\"caption-attachment-673\" class=\"size-large wp-image-673\" src=\"http:\/\/www.novotelbucharestcitycentre.com\/wp-content\/uploads\/sites\/26\/2025\/05\/elderly-person-children-holding-plant-1024x685.jpg\" alt=\"Sustainability\" width=\"1024\" height=\"685\" srcset=\"https:\/\/www.novotelbucharestcitycentre.com\/wp-content\/uploads\/sites\/26\/2025\/05\/elderly-person-children-holding-plant-1024x685.jpg 1024w, https:\/\/www.novotelbucharestcitycentre.com\/wp-content\/uploads\/sites\/26\/2025\/05\/elderly-person-children-holding-plant-300x201.jpg 300w, https:\/\/www.novotelbucharestcitycentre.com\/wp-content\/uploads\/sites\/26\/2025\/05\/elderly-person-children-holding-plant-768x514.jpg 768w, https:\/\/www.novotelbucharestcitycentre.com\/wp-content\/uploads\/sites\/26\/2025\/05\/elderly-person-children-holding-plant-1536x1028.jpg 1536w, https:\/\/www.novotelbucharestcitycentre.com\/wp-content\/uploads\/sites\/26\/2025\/05\/elderly-person-children-holding-plant-2048x1370.jpg 2048w, https:\/\/www.novotelbucharestcitycentre.com\/wp-content\/uploads\/sites\/26\/2025\/05\/elderly-person-children-holding-plant-600x401.jpg 600w, https:\/\/www.novotelbucharestcitycentre.com\/wp-content\/uploads\/sites\/26\/2025\/05\/elderly-person-children-holding-plant-1000x669.jpg 1000w\" sizes=\"auto, (max-width: 1024px) 100vw, 1024px\" \/><p id=\"caption-attachment-673\" class=\"wp-caption-text\">A small tree growing with soil forwarded or delivered between the hands of the elderly and children with the green forest background. Showed the care for the environment with sustainable development.<\/p><\/div>\n","protected":false},"excerpt":{"rendered":"<p>Im Novotel Bucharest City Centre sind wir \u00fcberzeugt, dass Gastfreundschaft und Nachhaltigkeit Hand in Hand gehen. Wir setzen uns daf\u00fcr ein, durch die Integration nachhaltiger Praktiken in all unsere T\u00e4tigkeiten einen positiven Einfluss auf die Umwelt und unsere lokale Gemeinschaft auszu\u00fcben. Stolzer Tr\u00e4ger der Green Key-ZertifizierungWir sind stolz darauf, die renommierte Green Key-Zertifizierung erhalten zu [&hellip;]<\/p>\n","protected":false},"author":73,"featured_media":0,"parent":0,"menu_order":0,"comment_status":"closed","ping_status":"closed","template":"","meta":{"footnotes":""},"categories":[],"class_list":["post-683","page","type-page","status-publish","hentry"],"acf":[],"yoast_head":"<!-- This site is optimized with the Yoast SEO plugin v26.9 - https:\/\/yoast.com\/product\/yoast-seo-wordpress\/ -->\n<title>Nachhaltigkeit - Novotel Bucarest City Centre SL<\/title>\n<meta name=\"robots\" content=\"index, follow, max-snippet:-1, max-image-preview:large, max-video-preview:-1\" \/>\n<link rel=\"canonical\" href=\"https:\/\/www.novotelbucharestcitycentre.com\/de\/sustainability\/\" \/>\n<meta property=\"og:locale\" content=\"de_DE\" \/>\n<meta property=\"og:type\" content=\"article\" \/>\n<meta property=\"og:title\" content=\"Nachhaltigkeit - Novotel Bucarest City Centre SL\" \/>\n<meta property=\"og:description\" content=\"Im Novotel Bucharest City Centre sind wir \u00fcberzeugt, dass Gastfreundschaft und Nachhaltigkeit Hand in Hand gehen. Wir setzen uns daf\u00fcr ein, durch die Integration nachhaltiger Praktiken in all unsere T\u00e4tigkeiten einen positiven Einfluss auf die Umwelt und unsere lokale Gemeinschaft auszu\u00fcben. Stolzer Tr\u00e4ger der Green Key-ZertifizierungWir sind stolz darauf, die renommierte Green Key-Zertifizierung erhalten zu [&hellip;]\" \/>\n<meta property=\"og:url\" content=\"https:\/\/www.novotelbucharestcitycentre.com\/de\/sustainability\/\" \/>\n<meta property=\"og:site_name\" content=\"Novotel Bucarest City Centre SL\" \/>\n<meta property=\"article:modified_time\" content=\"2025-06-12T10:07:21+00:00\" \/>\n<meta property=\"og:image\" content=\"https:\/\/www.novotelbucharestcitycentre.com\/wp-content\/uploads\/sites\/26\/2025\/06\/Fara-titlu-15-x-5-cm-12-x-4-cm.png\" \/>\n\t<meta property=\"og:image:width\" content=\"1417\" \/>\n\t<meta property=\"og:image:height\" content=\"472\" \/>\n\t<meta property=\"og:image:type\" content=\"image\/png\" \/>\n<meta name=\"twitter:card\" content=\"summary_large_image\" \/>\n<meta name=\"twitter:label1\" content=\"Gesch\u00e4tzte Lesezeit\" \/>\n\t<meta name=\"twitter:data1\" content=\"1 Minute\" \/>\n<script type=\"application\/ld+json\" class=\"yoast-schema-graph\">{\"@context\":\"https:\/\/schema.org\",\"@graph\":[{\"@type\":\"WebPage\",\"@id\":\"https:\/\/www.novotelbucharestcitycentre.com\/de\/sustainability\/\",\"url\":\"https:\/\/www.novotelbucharestcitycentre.com\/de\/sustainability\/\",\"name\":\"Nachhaltigkeit - Novotel Bucarest City Centre SL\",\"isPartOf\":{\"@id\":\"https:\/\/www.novotelbucharestcitycentre.com\/#website\"},\"primaryImageOfPage\":{\"@id\":\"https:\/\/www.novotelbucharestcitycentre.com\/de\/sustainability\/#primaryimage\"},\"image\":{\"@id\":\"https:\/\/www.novotelbucharestcitycentre.com\/de\/sustainability\/#primaryimage\"},\"thumbnailUrl\":\"http:\/\/www.novotelbucharestcitycentre.com\/wp-content\/uploads\/sites\/26\/2025\/06\/Fara-titlu-15-x-5-cm-12-x-4-cm-1024x341.png\",\"datePublished\":\"2025-05-15T16:31:56+00:00\",\"dateModified\":\"2025-06-12T10:07:21+00:00\",\"breadcrumb\":{\"@id\":\"https:\/\/www.novotelbucharestcitycentre.com\/de\/sustainability\/#breadcrumb\"},\"inLanguage\":\"de-DE\",\"potentialAction\":[{\"@type\":\"ReadAction\",\"target\":[\"https:\/\/www.novotelbucharestcitycentre.com\/de\/sustainability\/\"]}]},{\"@type\":\"ImageObject\",\"inLanguage\":\"de-DE\",\"@id\":\"https:\/\/www.novotelbucharestcitycentre.com\/de\/sustainability\/#primaryimage\",\"url\":\"http:\/\/www.novotelbucharestcitycentre.com\/wp-content\/uploads\/sites\/26\/2025\/06\/Fara-titlu-15-x-5-cm-12-x-4-cm-1024x341.png\",\"contentUrl\":\"http:\/\/www.novotelbucharestcitycentre.com\/wp-content\/uploads\/sites\/26\/2025\/06\/Fara-titlu-15-x-5-cm-12-x-4-cm-1024x341.png\"},{\"@type\":\"BreadcrumbList\",\"@id\":\"https:\/\/www.novotelbucharestcitycentre.com\/de\/sustainability\/#breadcrumb\",\"itemListElement\":[{\"@type\":\"ListItem\",\"position\":1,\"name\":\"Home\",\"item\":\"https:\/\/www.novotelbucharestcitycentre.com\/de\/\"},{\"@type\":\"ListItem\",\"position\":2,\"name\":\"Nachhaltigkeit\"}]},{\"@type\":\"WebSite\",\"@id\":\"https:\/\/www.novotelbucharestcitycentre.com\/#website\",\"url\":\"https:\/\/www.novotelbucharestcitycentre.com\/\",\"name\":\"Novotel Bucarest City Centre SL\",\"description\":\"Just another D-Edge Accor V2 Sites Hosting site\",\"potentialAction\":[{\"@type\":\"SearchAction\",\"target\":{\"@type\":\"EntryPoint\",\"urlTemplate\":\"https:\/\/www.novotelbucharestcitycentre.com\/?s={search_term_string}\"},\"query-input\":{\"@type\":\"PropertyValueSpecification\",\"valueRequired\":true,\"valueName\":\"search_term_string\"}}],\"inLanguage\":\"de-DE\"}]}<\/script>\n<!-- \/ Yoast SEO plugin. -->","yoast_head_json":{"title":"Nachhaltigkeit - Novotel Bucarest City Centre SL","robots":{"index":"index","follow":"follow","max-snippet":"max-snippet:-1","max-image-preview":"max-image-preview:large","max-video-preview":"max-video-preview:-1"},"canonical":"https:\/\/www.novotelbucharestcitycentre.com\/de\/sustainability\/","og_locale":"de_DE","og_type":"article","og_title":"Nachhaltigkeit - Novotel Bucarest City Centre SL","og_description":"Im Novotel Bucharest City Centre sind wir \u00fcberzeugt, dass Gastfreundschaft und Nachhaltigkeit Hand in Hand gehen. Wir setzen uns daf\u00fcr ein, durch die Integration nachhaltiger Praktiken in all unsere T\u00e4tigkeiten einen positiven Einfluss auf die Umwelt und unsere lokale Gemeinschaft auszu\u00fcben. Stolzer Tr\u00e4ger der Green Key-ZertifizierungWir sind stolz darauf, die renommierte Green Key-Zertifizierung erhalten zu [&hellip;]","og_url":"https:\/\/www.novotelbucharestcitycentre.com\/de\/sustainability\/","og_site_name":"Novotel Bucarest City Centre SL","article_modified_time":"2025-06-12T10:07:21+00:00","og_image":[{"width":1417,"height":472,"url":"https:\/\/www.novotelbucharestcitycentre.com\/wp-content\/uploads\/sites\/26\/2025\/06\/Fara-titlu-15-x-5-cm-12-x-4-cm.png","type":"image\/png"}],"twitter_card":"summary_large_image","twitter_misc":{"Gesch\u00e4tzte Lesezeit":"1 Minute"},"schema":{"@context":"https:\/\/schema.org","@graph":[{"@type":"WebPage","@id":"https:\/\/www.novotelbucharestcitycentre.com\/de\/sustainability\/","url":"https:\/\/www.novotelbucharestcitycentre.com\/de\/sustainability\/","name":"Nachhaltigkeit - Novotel Bucarest City Centre SL","isPartOf":{"@id":"https:\/\/www.novotelbucharestcitycentre.com\/#website"},"primaryImageOfPage":{"@id":"https:\/\/www.novotelbucharestcitycentre.com\/de\/sustainability\/#primaryimage"},"image":{"@id":"https:\/\/www.novotelbucharestcitycentre.com\/de\/sustainability\/#primaryimage"},"thumbnailUrl":"http:\/\/www.novotelbucharestcitycentre.com\/wp-content\/uploads\/sites\/26\/2025\/06\/Fara-titlu-15-x-5-cm-12-x-4-cm-1024x341.png","datePublished":"2025-05-15T16:31:56+00:00","dateModified":"2025-06-12T10:07:21+00:00","breadcrumb":{"@id":"https:\/\/www.novotelbucharestcitycentre.com\/de\/sustainability\/#breadcrumb"},"inLanguage":"de-DE","potentialAction":[{"@type":"ReadAction","target":["https:\/\/www.novotelbucharestcitycentre.com\/de\/sustainability\/"]}]},{"@type":"ImageObject","inLanguage":"de-DE","@id":"https:\/\/www.novotelbucharestcitycentre.com\/de\/sustainability\/#primaryimage","url":"http:\/\/www.novotelbucharestcitycentre.com\/wp-content\/uploads\/sites\/26\/2025\/06\/Fara-titlu-15-x-5-cm-12-x-4-cm-1024x341.png","contentUrl":"http:\/\/www.novotelbucharestcitycentre.com\/wp-content\/uploads\/sites\/26\/2025\/06\/Fara-titlu-15-x-5-cm-12-x-4-cm-1024x341.png"},{"@type":"BreadcrumbList","@id":"https:\/\/www.novotelbucharestcitycentre.com\/de\/sustainability\/#breadcrumb","itemListElement":[{"@type":"ListItem","position":1,"name":"Home","item":"https:\/\/www.novotelbucharestcitycentre.com\/de\/"},{"@type":"ListItem","position":2,"name":"Nachhaltigkeit"}]},{"@type":"WebSite","@id":"https:\/\/www.novotelbucharestcitycentre.com\/#website","url":"https:\/\/www.novotelbucharestcitycentre.com\/","name":"Novotel Bucarest City Centre SL","description":"Just another D-Edge Accor V2 Sites Hosting site","potentialAction":[{"@type":"SearchAction","target":{"@type":"EntryPoint","urlTemplate":"https:\/\/www.novotelbucharestcitycentre.com\/?s={search_term_string}"},"query-input":{"@type":"PropertyValueSpecification","valueRequired":true,"valueName":"search_term_string"}}],"inLanguage":"de-DE"}]}},"_links":{"self":[{"href":"https:\/\/www.novotelbucharestcitycentre.com\/de\/wp-json\/wp\/v2\/pages\/683","targetHints":{"allow":["GET"]}}],"collection":[{"href":"https:\/\/www.novotelbucharestcitycentre.com\/de\/wp-json\/wp\/v2\/pages"}],"about":[{"href":"https:\/\/www.novotelbucharestcitycentre.com\/de\/wp-json\/wp\/v2\/types\/page"}],"author":[{"embeddable":true,"href":"https:\/\/www.novotelbucharestcitycentre.com\/de\/wp-json\/wp\/v2\/users\/73"}],"replies":[{"embeddable":true,"href":"https:\/\/www.novotelbucharestcitycentre.com\/de\/wp-json\/wp\/v2\/comments?post=683"}],"version-history":[{"count":0,"href":"https:\/\/www.novotelbucharestcitycentre.com\/de\/wp-json\/wp\/v2\/pages\/683\/revisions"}],"wp:attachment":[{"href":"https:\/\/www.novotelbucharestcitycentre.com\/de\/wp-json\/wp\/v2\/media?parent=683"}],"wp:term":[{"taxonomy":"category","embeddable":true,"href":"https:\/\/www.novotelbucharestcitycentre.com\/de\/wp-json\/wp\/v2\/categories?post=683"}],"curies":[{"name":"wp","href":"https:\/\/api.w.org\/{rel}","templated":true}]}}