{"id":387,"date":"2022-11-09T14:38:26","date_gmt":"2022-11-09T14:38:26","guid":{"rendered":"https:\/\/novotelbucarest.accorv2prod.decms.eu\/novotel-bucharest-city-centre\/"},"modified":"2022-12-22T13:36:25","modified_gmt":"2022-12-22T13:36:25","slug":"novotel-bucharest-city-centre","status":"publish","type":"page","link":"https:\/\/www.novotelbucharestcitycentre.com\/de\/","title":{"rendered":"NOVOTEL BUCHAREST CITY CENTRE"},"content":{"rendered":"\r\n<p>Nur wenige Schritte von der Altstadt Lipscani entfernt, auf der Calea Victoriei, der meist repr\u00e4sentative Boulevard der Stadt, erhebt sich das Novotel Bukarest City Center hinter der beeindruckenden, neoklassischen Fassade des ehemaligen Nationaltheaters, einem architektonischen Wahrzeichen Rum\u00e4niens. Betrete unseren lebhaften, modernen Eingangsbereich und freue dich auf ein schnelles Einchecken und auf einen Empfang, der die traditionelle rum\u00e4nische Herzlichkeit mit der Novotel-Gastfreundschaft zusammenf\u00fcgt.<\/p>\r\n<p>Die 258 <a href=\"\/de\/zimmer-suiten\/\">Zimmern und Suiten<\/a> unseres 4-Sterne-Hotels, im Zentrum Bukarests, haben Ihr Komfort und Wohlbefinden im Mittelpunkt. Sie alle verf\u00fcgen \u00fcber ein intelligentes, intuitives Design und erstklassige Bequemlichkeiten, Aussicht auf Calea Victoriei oder auf den Stadthorizont, sowie kostenloses Hochgeschwindigkeits-WLAN, so dass Sie solange verbindet bleiben, wie Sie es w\u00fcnschen. Weil die Familie das Wichtigste ist, \u00fcbernachten Kinder unter 16 Jahren im Zimmer der Eltern und nehmen das Fr\u00fchst\u00fcck kostenlos, somit sparen Sie 50% f\u00fcr ein zweites Zimmer f\u00fcr die Kinder.<\/p>\r\n<p>Ihr Tag in Bukarest beginnt mit einem k\u00f6stlichen, energiereichen Fr\u00fchst\u00fcck mit K\u00f6stlichkeiten vom Bauernhof aus der fruchtbaren Landschaft, das in unserem lichtdurchfluteten Restaurant <a href=\"\/de\/restaurants-bars\/teatro\/\">Teatro<\/a> serviert wird. Genie\u00dfen Sie kunstgewerbliche Weine der besten Boutique-Weing\u00fcter Rum\u00e4niens, zusammen mit kreativer lokaler und internationaler K\u00fcche im <a href=\"\/de\/restaurants-bars\/winestone\/\">Winestone<\/a>, die beste Bar und der beste Restaurant in Bukarest.<\/p>\r\n<p>Ihre <a href=\"\/de\/sitzungen-und-veranstaltungen\/\">Veranstaltung<\/a> in Bukarest &#8211; egal ob es eine Konferenz oder eine Vorstandssitzung, eine Cocktailparty oder eine Hochzeit ist \u2013 wird mit Hilfe unseres Teams von Novotel Ambassadeurs reibungslos ablaufen. Sie werden einen, an Ihren Bed\u00fcrfnissen genau angepassten, Veranstaltungsort finden, von unserem Auditorium und Ballsaal Paris bis hin zu unserem eleganten Foyer und unseren komplett ausgestatteten Konferenzr\u00e4umen<\/p>\r\n","protected":false},"excerpt":{"rendered":"<p>Nur wenige Schritte von der Altstadt Lipscani entfernt, auf der Calea Victoriei, der meist repr\u00e4sentative Boulevard der Stadt, erhebt sich das Novotel Bukarest City Center hinter der beeindruckenden, neoklassischen Fassade des ehemaligen Nationaltheaters, einem architektonischen Wahrzeichen Rum\u00e4niens. Betrete unseren lebhaften, modernen Eingangsbereich und freue dich auf ein schnelles Einchecken und auf einen Empfang, der die [&hellip;]<\/p>\n","protected":false},"author":26,"featured_media":0,"parent":0,"menu_order":0,"comment_status":"closed","ping_status":"closed","template":"","meta":{"footnotes":""},"categories":[],"class_list":["post-387","page","type-page","status-publish","hentry"],"acf":[],"yoast_head":"<!-- This site is optimized with the Yoast SEO plugin v26.9 - https:\/\/yoast.com\/product\/yoast-seo-wordpress\/ -->\n<title>Offizielle Startseite | Novotel Bucharest City Center | 4-Sterne-Hotel<\/title>\n<meta name=\"description\" content=\"Willkommen in unserem modernen Hotel f\u00fcr Freizeit- und Gesch\u00e4ftszwecke, in der N\u00e4he der alten Stadtmitte Lipscani, im Herzen von Bukarest. Buchen Sie elegante Zimmer und Suiten auf Calea Victoriei.\" \/>\n<meta name=\"robots\" content=\"index, follow, max-snippet:-1, max-image-preview:large, max-video-preview:-1\" \/>\n<link rel=\"canonical\" href=\"https:\/\/www.novotelbucharestcitycentre.com\/de\/\" \/>\n<meta property=\"og:locale\" content=\"de_DE\" \/>\n<meta property=\"og:type\" content=\"article\" \/>\n<meta property=\"og:title\" content=\"Offizielle Startseite | Novotel Bucharest City Center | 4-Sterne-Hotel\" \/>\n<meta property=\"og:description\" content=\"Willkommen in unserem modernen Hotel f\u00fcr Freizeit- und Gesch\u00e4ftszwecke, in der N\u00e4he der alten Stadtmitte Lipscani, im Herzen von Bukarest. Buchen Sie elegante Zimmer und Suiten auf Calea Victoriei.\" \/>\n<meta property=\"og:url\" content=\"https:\/\/www.novotelbucharestcitycentre.com\/de\/\" \/>\n<meta property=\"og:site_name\" content=\"Novotel Bucarest City Centre SL\" \/>\n<meta property=\"article:modified_time\" content=\"2022-12-22T13:36:25+00:00\" \/>\n<meta name=\"twitter:card\" content=\"summary_large_image\" \/>\n<meta name=\"twitter:label1\" content=\"Gesch\u00e4tzte Lesezeit\" \/>\n\t<meta name=\"twitter:data1\" content=\"2 Minuten\" \/>\n<script type=\"application\/ld+json\" class=\"yoast-schema-graph\">{\"@context\":\"https:\/\/schema.org\",\"@graph\":[{\"@type\":\"WebPage\",\"@id\":\"https:\/\/www.novotelbucharestcitycentre.com\/de\/\",\"url\":\"https:\/\/www.novotelbucharestcitycentre.com\/de\/\",\"name\":\"Offizielle Startseite | Novotel Bucharest City Center | 4-Sterne-Hotel\",\"isPartOf\":{\"@id\":\"https:\/\/www.novotelbucharestcitycentre.com\/#website\"},\"datePublished\":\"2022-11-09T14:38:26+00:00\",\"dateModified\":\"2022-12-22T13:36:25+00:00\",\"description\":\"Willkommen in unserem modernen Hotel f\u00fcr Freizeit- und Gesch\u00e4ftszwecke, in der N\u00e4he der alten Stadtmitte Lipscani, im Herzen von Bukarest. Buchen Sie elegante Zimmer und Suiten auf Calea Victoriei.\",\"breadcrumb\":{\"@id\":\"https:\/\/www.novotelbucharestcitycentre.com\/de\/#breadcrumb\"},\"inLanguage\":\"de-DE\",\"potentialAction\":[{\"@type\":\"ReadAction\",\"target\":[\"https:\/\/www.novotelbucharestcitycentre.com\/de\/\"]}]},{\"@type\":\"BreadcrumbList\",\"@id\":\"https:\/\/www.novotelbucharestcitycentre.com\/de\/#breadcrumb\",\"itemListElement\":[{\"@type\":\"ListItem\",\"position\":1,\"name\":\"Home\",\"item\":\"https:\/\/www.novotelbucharestcitycentre.com\/de\/\"},{\"@type\":\"ListItem\",\"position\":2,\"name\":\"NOVOTEL BUCHAREST CITY CENTRE\"}]},{\"@type\":\"WebSite\",\"@id\":\"https:\/\/www.novotelbucharestcitycentre.com\/#website\",\"url\":\"https:\/\/www.novotelbucharestcitycentre.com\/\",\"name\":\"Novotel Bucarest City Centre SL\",\"description\":\"Just another D-Edge Accor V2 Sites Hosting site\",\"potentialAction\":[{\"@type\":\"SearchAction\",\"target\":{\"@type\":\"EntryPoint\",\"urlTemplate\":\"https:\/\/www.novotelbucharestcitycentre.com\/?s={search_term_string}\"},\"query-input\":{\"@type\":\"PropertyValueSpecification\",\"valueRequired\":true,\"valueName\":\"search_term_string\"}}],\"inLanguage\":\"de-DE\"}]}<\/script>\n<!-- \/ Yoast SEO plugin. -->","yoast_head_json":{"title":"Offizielle Startseite | Novotel Bucharest City Center | 4-Sterne-Hotel","description":"Willkommen in unserem modernen Hotel f\u00fcr Freizeit- und Gesch\u00e4ftszwecke, in der N\u00e4he der alten Stadtmitte Lipscani, im Herzen von Bukarest. Buchen Sie elegante Zimmer und Suiten auf Calea Victoriei.","robots":{"index":"index","follow":"follow","max-snippet":"max-snippet:-1","max-image-preview":"max-image-preview:large","max-video-preview":"max-video-preview:-1"},"canonical":"https:\/\/www.novotelbucharestcitycentre.com\/de\/","og_locale":"de_DE","og_type":"article","og_title":"Offizielle Startseite | Novotel Bucharest City Center | 4-Sterne-Hotel","og_description":"Willkommen in unserem modernen Hotel f\u00fcr Freizeit- und Gesch\u00e4ftszwecke, in der N\u00e4he der alten Stadtmitte Lipscani, im Herzen von Bukarest. Buchen Sie elegante Zimmer und Suiten auf Calea Victoriei.","og_url":"https:\/\/www.novotelbucharestcitycentre.com\/de\/","og_site_name":"Novotel Bucarest City Centre SL","article_modified_time":"2022-12-22T13:36:25+00:00","twitter_card":"summary_large_image","twitter_misc":{"Gesch\u00e4tzte Lesezeit":"2 Minuten"},"schema":{"@context":"https:\/\/schema.org","@graph":[{"@type":"WebPage","@id":"https:\/\/www.novotelbucharestcitycentre.com\/de\/","url":"https:\/\/www.novotelbucharestcitycentre.com\/de\/","name":"Offizielle Startseite | Novotel Bucharest City Center | 4-Sterne-Hotel","isPartOf":{"@id":"https:\/\/www.novotelbucharestcitycentre.com\/#website"},"datePublished":"2022-11-09T14:38:26+00:00","dateModified":"2022-12-22T13:36:25+00:00","description":"Willkommen in unserem modernen Hotel f\u00fcr Freizeit- und Gesch\u00e4ftszwecke, in der N\u00e4he der alten Stadtmitte Lipscani, im Herzen von Bukarest. Buchen Sie elegante Zimmer und Suiten auf Calea Victoriei.","breadcrumb":{"@id":"https:\/\/www.novotelbucharestcitycentre.com\/de\/#breadcrumb"},"inLanguage":"de-DE","potentialAction":[{"@type":"ReadAction","target":["https:\/\/www.novotelbucharestcitycentre.com\/de\/"]}]},{"@type":"BreadcrumbList","@id":"https:\/\/www.novotelbucharestcitycentre.com\/de\/#breadcrumb","itemListElement":[{"@type":"ListItem","position":1,"name":"Home","item":"https:\/\/www.novotelbucharestcitycentre.com\/de\/"},{"@type":"ListItem","position":2,"name":"NOVOTEL BUCHAREST CITY CENTRE"}]},{"@type":"WebSite","@id":"https:\/\/www.novotelbucharestcitycentre.com\/#website","url":"https:\/\/www.novotelbucharestcitycentre.com\/","name":"Novotel Bucarest City Centre SL","description":"Just another D-Edge Accor V2 Sites Hosting site","potentialAction":[{"@type":"SearchAction","target":{"@type":"EntryPoint","urlTemplate":"https:\/\/www.novotelbucharestcitycentre.com\/?s={search_term_string}"},"query-input":{"@type":"PropertyValueSpecification","valueRequired":true,"valueName":"search_term_string"}}],"inLanguage":"de-DE"}]}},"_links":{"self":[{"href":"https:\/\/www.novotelbucharestcitycentre.com\/de\/wp-json\/wp\/v2\/pages\/387","targetHints":{"allow":["GET"]}}],"collection":[{"href":"https:\/\/www.novotelbucharestcitycentre.com\/de\/wp-json\/wp\/v2\/pages"}],"about":[{"href":"https:\/\/www.novotelbucharestcitycentre.com\/de\/wp-json\/wp\/v2\/types\/page"}],"author":[{"embeddable":true,"href":"https:\/\/www.novotelbucharestcitycentre.com\/de\/wp-json\/wp\/v2\/users\/26"}],"replies":[{"embeddable":true,"href":"https:\/\/www.novotelbucharestcitycentre.com\/de\/wp-json\/wp\/v2\/comments?post=387"}],"version-history":[{"count":0,"href":"https:\/\/www.novotelbucharestcitycentre.com\/de\/wp-json\/wp\/v2\/pages\/387\/revisions"}],"wp:attachment":[{"href":"https:\/\/www.novotelbucharestcitycentre.com\/de\/wp-json\/wp\/v2\/media?parent=387"}],"wp:term":[{"taxonomy":"category","embeddable":true,"href":"https:\/\/www.novotelbucharestcitycentre.com\/de\/wp-json\/wp\/v2\/categories?post=387"}],"curies":[{"name":"wp","href":"https:\/\/api.w.org\/{rel}","templated":true}]}}