{"id":337,"date":"2022-11-30T09:59:21","date_gmt":"2022-11-30T09:59:21","guid":{"rendered":"https:\/\/novotelbucarest.accorv2prod.decms.eu\/weddings\/private-functions\/"},"modified":"2022-12-22T12:56:31","modified_gmt":"2022-12-22T12:56:31","slug":"private-veranstaltungen","status":"publish","type":"page","link":"https:\/\/www.novotelbucharestcitycentre.com\/de\/hochzeiten\/private-veranstaltungen\/","title":{"rendered":"PRIVATE VERANSTALTUNGEN"},"content":{"rendered":"<p>Eine Tauffeier f\u00fcr ein neues Familienmitglied &#8230; Ein erfolgreicher Schulabschluss&#8230; Ein Jubil\u00e4um oder ein wichtiger Geburtstag&#8230; Das Leben ist voller Meilensteine, die es verdienen, gefeiert zu werden.<\/p>\n<p>Novotel Bucharest City Center verf\u00fcgt \u00fcber eine Reihe von Veranstaltungsorten, die jedem Anlass w\u00fcrdig sind, von unserem gro\u00dfen Ballsaal Paris oder unserem pr\u00e4chtigen Foyer, bis hin zu einer Reihe von intimeren Veranstaltungsr\u00e4umen. Und unsere Veranstaltungsmanager helfen Ihnen bei allen Vorbereitungen, von den hervorragenden Speisen und Getr\u00e4nken bis hin zur Dekoration und Unterhaltung.<\/p>\n","protected":false},"excerpt":{"rendered":"<p>Eine Tauffeier f\u00fcr ein neues Familienmitglied &#8230; Ein erfolgreicher Schulabschluss&#8230; Ein Jubil\u00e4um oder ein wichtiger Geburtstag&#8230; Das Leben ist voller Meilensteine, die es verdienen, gefeiert zu werden. Novotel Bucharest City Center verf\u00fcgt \u00fcber eine Reihe von Veranstaltungsorten, die jedem Anlass w\u00fcrdig sind, von unserem gro\u00dfen Ballsaal Paris oder unserem pr\u00e4chtigen Foyer, bis hin zu einer [&hellip;]<\/p>\n","protected":false},"author":26,"featured_media":0,"parent":333,"menu_order":71,"comment_status":"closed","ping_status":"closed","template":"","meta":{"footnotes":""},"categories":[],"class_list":["post-337","page","type-page","status-publish","hentry"],"acf":[],"yoast_head":"<!-- This site is optimized with the Yoast SEO plugin v26.9 - https:\/\/yoast.com\/product\/yoast-seo-wordpress\/ -->\n<title>Private Veranstaltungen | Novotel Bucharest City Center | 4-Sterne-Hotel<\/title>\n<meta name=\"description\" content=\"Organisieren Sie Ihre private Veranstaltung in Bukarest, von Abschlussfeiern bis hin zu Geburtstagsfeiern und Jubil\u00e4en in unseren flexiblen und eleganten Veranstaltungsr\u00e4umen.\" \/>\n<meta name=\"robots\" content=\"index, follow, max-snippet:-1, max-image-preview:large, max-video-preview:-1\" \/>\n<link rel=\"canonical\" href=\"https:\/\/www.novotelbucharestcitycentre.com\/de\/hochzeiten\/private-veranstaltungen\/\" \/>\n<meta property=\"og:locale\" content=\"de_DE\" \/>\n<meta property=\"og:type\" content=\"article\" \/>\n<meta property=\"og:title\" content=\"Private Veranstaltungen | Novotel Bucharest City Center | 4-Sterne-Hotel\" \/>\n<meta property=\"og:description\" content=\"Organisieren Sie Ihre private Veranstaltung in Bukarest, von Abschlussfeiern bis hin zu Geburtstagsfeiern und Jubil\u00e4en in unseren flexiblen und eleganten Veranstaltungsr\u00e4umen.\" \/>\n<meta property=\"og:url\" content=\"https:\/\/www.novotelbucharestcitycentre.com\/de\/hochzeiten\/private-veranstaltungen\/\" \/>\n<meta property=\"og:site_name\" content=\"Novotel Bucarest City Centre SL\" \/>\n<meta property=\"article:modified_time\" content=\"2022-12-22T12:56:31+00:00\" \/>\n<meta name=\"twitter:card\" content=\"summary_large_image\" \/>\n<meta name=\"twitter:label1\" content=\"Gesch\u00e4tzte Lesezeit\" \/>\n\t<meta name=\"twitter:data1\" content=\"1 Minute\" \/>\n<script type=\"application\/ld+json\" class=\"yoast-schema-graph\">{\"@context\":\"https:\/\/schema.org\",\"@graph\":[{\"@type\":\"WebPage\",\"@id\":\"https:\/\/www.novotelbucharestcitycentre.com\/de\/hochzeiten\/private-veranstaltungen\/\",\"url\":\"https:\/\/www.novotelbucharestcitycentre.com\/de\/hochzeiten\/private-veranstaltungen\/\",\"name\":\"Private Veranstaltungen | Novotel Bucharest City Center | 4-Sterne-Hotel\",\"isPartOf\":{\"@id\":\"https:\/\/www.novotelbucharestcitycentre.com\/#website\"},\"datePublished\":\"2022-11-30T09:59:21+00:00\",\"dateModified\":\"2022-12-22T12:56:31+00:00\",\"description\":\"Organisieren Sie Ihre private Veranstaltung in Bukarest, von Abschlussfeiern bis hin zu Geburtstagsfeiern und Jubil\u00e4en in unseren flexiblen und eleganten Veranstaltungsr\u00e4umen.\",\"breadcrumb\":{\"@id\":\"https:\/\/www.novotelbucharestcitycentre.com\/de\/hochzeiten\/private-veranstaltungen\/#breadcrumb\"},\"inLanguage\":\"de-DE\",\"potentialAction\":[{\"@type\":\"ReadAction\",\"target\":[\"https:\/\/www.novotelbucharestcitycentre.com\/de\/hochzeiten\/private-veranstaltungen\/\"]}]},{\"@type\":\"BreadcrumbList\",\"@id\":\"https:\/\/www.novotelbucharestcitycentre.com\/de\/hochzeiten\/private-veranstaltungen\/#breadcrumb\",\"itemListElement\":[{\"@type\":\"ListItem\",\"position\":1,\"name\":\"Home\",\"item\":\"https:\/\/www.novotelbucharestcitycentre.com\/de\/\"},{\"@type\":\"ListItem\",\"position\":2,\"name\":\"HOCHZEITEN\",\"item\":\"https:\/\/www.novotelbucharestcitycentre.com\/de\/hochzeiten\/\"},{\"@type\":\"ListItem\",\"position\":3,\"name\":\"PRIVATE VERANSTALTUNGEN\"}]},{\"@type\":\"WebSite\",\"@id\":\"https:\/\/www.novotelbucharestcitycentre.com\/#website\",\"url\":\"https:\/\/www.novotelbucharestcitycentre.com\/\",\"name\":\"Novotel Bucarest City Centre SL\",\"description\":\"Just another D-Edge Accor V2 Sites Hosting site\",\"potentialAction\":[{\"@type\":\"SearchAction\",\"target\":{\"@type\":\"EntryPoint\",\"urlTemplate\":\"https:\/\/www.novotelbucharestcitycentre.com\/?s={search_term_string}\"},\"query-input\":{\"@type\":\"PropertyValueSpecification\",\"valueRequired\":true,\"valueName\":\"search_term_string\"}}],\"inLanguage\":\"de-DE\"}]}<\/script>\n<!-- \/ Yoast SEO plugin. -->","yoast_head_json":{"title":"Private Veranstaltungen | Novotel Bucharest City Center | 4-Sterne-Hotel","description":"Organisieren Sie Ihre private Veranstaltung in Bukarest, von Abschlussfeiern bis hin zu Geburtstagsfeiern und Jubil\u00e4en in unseren flexiblen und eleganten Veranstaltungsr\u00e4umen.","robots":{"index":"index","follow":"follow","max-snippet":"max-snippet:-1","max-image-preview":"max-image-preview:large","max-video-preview":"max-video-preview:-1"},"canonical":"https:\/\/www.novotelbucharestcitycentre.com\/de\/hochzeiten\/private-veranstaltungen\/","og_locale":"de_DE","og_type":"article","og_title":"Private Veranstaltungen | Novotel Bucharest City Center | 4-Sterne-Hotel","og_description":"Organisieren Sie Ihre private Veranstaltung in Bukarest, von Abschlussfeiern bis hin zu Geburtstagsfeiern und Jubil\u00e4en in unseren flexiblen und eleganten Veranstaltungsr\u00e4umen.","og_url":"https:\/\/www.novotelbucharestcitycentre.com\/de\/hochzeiten\/private-veranstaltungen\/","og_site_name":"Novotel Bucarest City Centre SL","article_modified_time":"2022-12-22T12:56:31+00:00","twitter_card":"summary_large_image","twitter_misc":{"Gesch\u00e4tzte Lesezeit":"1 Minute"},"schema":{"@context":"https:\/\/schema.org","@graph":[{"@type":"WebPage","@id":"https:\/\/www.novotelbucharestcitycentre.com\/de\/hochzeiten\/private-veranstaltungen\/","url":"https:\/\/www.novotelbucharestcitycentre.com\/de\/hochzeiten\/private-veranstaltungen\/","name":"Private Veranstaltungen | Novotel Bucharest City Center | 4-Sterne-Hotel","isPartOf":{"@id":"https:\/\/www.novotelbucharestcitycentre.com\/#website"},"datePublished":"2022-11-30T09:59:21+00:00","dateModified":"2022-12-22T12:56:31+00:00","description":"Organisieren Sie Ihre private Veranstaltung in Bukarest, von Abschlussfeiern bis hin zu Geburtstagsfeiern und Jubil\u00e4en in unseren flexiblen und eleganten Veranstaltungsr\u00e4umen.","breadcrumb":{"@id":"https:\/\/www.novotelbucharestcitycentre.com\/de\/hochzeiten\/private-veranstaltungen\/#breadcrumb"},"inLanguage":"de-DE","potentialAction":[{"@type":"ReadAction","target":["https:\/\/www.novotelbucharestcitycentre.com\/de\/hochzeiten\/private-veranstaltungen\/"]}]},{"@type":"BreadcrumbList","@id":"https:\/\/www.novotelbucharestcitycentre.com\/de\/hochzeiten\/private-veranstaltungen\/#breadcrumb","itemListElement":[{"@type":"ListItem","position":1,"name":"Home","item":"https:\/\/www.novotelbucharestcitycentre.com\/de\/"},{"@type":"ListItem","position":2,"name":"HOCHZEITEN","item":"https:\/\/www.novotelbucharestcitycentre.com\/de\/hochzeiten\/"},{"@type":"ListItem","position":3,"name":"PRIVATE VERANSTALTUNGEN"}]},{"@type":"WebSite","@id":"https:\/\/www.novotelbucharestcitycentre.com\/#website","url":"https:\/\/www.novotelbucharestcitycentre.com\/","name":"Novotel Bucarest City Centre SL","description":"Just another D-Edge Accor V2 Sites Hosting site","potentialAction":[{"@type":"SearchAction","target":{"@type":"EntryPoint","urlTemplate":"https:\/\/www.novotelbucharestcitycentre.com\/?s={search_term_string}"},"query-input":{"@type":"PropertyValueSpecification","valueRequired":true,"valueName":"search_term_string"}}],"inLanguage":"de-DE"}]}},"_links":{"self":[{"href":"https:\/\/www.novotelbucharestcitycentre.com\/de\/wp-json\/wp\/v2\/pages\/337","targetHints":{"allow":["GET"]}}],"collection":[{"href":"https:\/\/www.novotelbucharestcitycentre.com\/de\/wp-json\/wp\/v2\/pages"}],"about":[{"href":"https:\/\/www.novotelbucharestcitycentre.com\/de\/wp-json\/wp\/v2\/types\/page"}],"author":[{"embeddable":true,"href":"https:\/\/www.novotelbucharestcitycentre.com\/de\/wp-json\/wp\/v2\/users\/26"}],"replies":[{"embeddable":true,"href":"https:\/\/www.novotelbucharestcitycentre.com\/de\/wp-json\/wp\/v2\/comments?post=337"}],"version-history":[{"count":0,"href":"https:\/\/www.novotelbucharestcitycentre.com\/de\/wp-json\/wp\/v2\/pages\/337\/revisions"}],"up":[{"embeddable":true,"href":"https:\/\/www.novotelbucharestcitycentre.com\/de\/wp-json\/wp\/v2\/pages\/333"}],"wp:attachment":[{"href":"https:\/\/www.novotelbucharestcitycentre.com\/de\/wp-json\/wp\/v2\/media?parent=337"}],"wp:term":[{"taxonomy":"category","embeddable":true,"href":"https:\/\/www.novotelbucharestcitycentre.com\/de\/wp-json\/wp\/v2\/categories?post=337"}],"curies":[{"name":"wp","href":"https:\/\/api.w.org\/{rel}","templated":true}]}}