{"id":329,"date":"2022-11-30T09:15:57","date_gmt":"2022-11-30T09:15:57","guid":{"rendered":"https:\/\/novotelbucarest.accorv2prod.decms.eu\/meetings-events\/"},"modified":"2023-01-11T15:48:33","modified_gmt":"2023-01-11T15:48:33","slug":"sitzungen-und-veranstaltungen","status":"publish","type":"page","link":"https:\/\/www.novotelbucharestcitycentre.com\/de\/sitzungen-und-veranstaltungen\/","title":{"rendered":"SITZUNGEN UND VERANSTALTUNGEN"},"content":{"rendered":"<p>Wir m\u00f6chten, dass Ihre Veranstaltung in Bukarest ein Erfolg wird. Deshalb bieten wir Ihnen alles, was Sie ben\u00f6tigen, um sicherzustellen, dass Ihre Veranstaltung aus richtigen Gr\u00fcnden unvergesslich wird.<\/p>\n<p>Unsere Novotel Ambassadeurs stehen Ihnen von Anfang bis Ende zur Verf\u00fcgung. Wir werden Ihnen bei der Auswahl des richtigen Veranstaltungskonzeptes helfen, k\u00fcmmern uns um alle logistischen Details und sind immer verf\u00fcgbar, wenn Sie uns brauchen. All diese lassen Sie voll und ganz auf das Wesentliche konzentrieren.<\/p>\n<p>Unsere zehn vielseitigen Veranstaltungsr\u00e4ume bieten einen eleganten und funktionalen Rahmen f\u00fcr jede Art von Veranstaltung, von der diskreten Vorstandssitzung bis hin zu einer repr\u00e4sentativen Konferenz, einem gro\u00dfz\u00fcgigen Bankett oder einem glamour\u00f6sen Cocktailempfang. Modernste Veranstaltungstechnik und ergonomische M\u00f6bel sorgen daf\u00fcr, dass sich Ihre G\u00e4ste auf das Wesentliche konzentrieren k\u00f6nnen. Und unsere flexiblen Erfrischungs- und Speiseangebote halten die Teilnehmer bei Laune und aufmerksam.<\/p>\n<p>\u00d6ffentliche Bereiche des Hotels, einschlie\u00dflich unseres Foyers, Restaurants und Au\u00dfenterrasse k\u00f6nnen auch f\u00fcr Ihre Veranstaltung genutzt werden.<\/p>\n","protected":false},"excerpt":{"rendered":"<p>Wir m\u00f6chten, dass Ihre Veranstaltung in Bukarest ein Erfolg wird. Deshalb bieten wir Ihnen alles, was Sie ben\u00f6tigen, um sicherzustellen, dass Ihre Veranstaltung aus richtigen Gr\u00fcnden unvergesslich wird. Unsere Novotel Ambassadeurs stehen Ihnen von Anfang bis Ende zur Verf\u00fcgung. Wir werden Ihnen bei der Auswahl des richtigen Veranstaltungskonzeptes helfen, k\u00fcmmern uns um alle logistischen Details [&hellip;]<\/p>\n","protected":false},"author":26,"featured_media":0,"parent":0,"menu_order":50,"comment_status":"closed","ping_status":"closed","template":"template-meetings.php","meta":{"footnotes":""},"categories":[],"class_list":["post-329","page","type-page","status-publish","hentry"],"acf":[],"yoast_head":"<!-- This site is optimized with the Yoast SEO plugin v26.9 - https:\/\/yoast.com\/product\/yoast-seo-wordpress\/ -->\n<title>Sitzungen und Veranstaltungen | Novotel Bucharest City Center<\/title>\n<meta name=\"description\" content=\"Organisieren Sie Ihre Veranstaltung oder Tagung in Bukarest in unserem Hotel in der Calea Victoriei. Wir bieten eine umfassende Planung f\u00fcr Veranstaltungen jeder Gr\u00f6\u00dfe in modernen R\u00e4umlichkeiten.\" \/>\n<meta name=\"robots\" content=\"index, follow, max-snippet:-1, max-image-preview:large, max-video-preview:-1\" \/>\n<link rel=\"canonical\" href=\"https:\/\/www.novotelbucharestcitycentre.com\/de\/sitzungen-und-veranstaltungen\/\" \/>\n<meta property=\"og:locale\" content=\"de_DE\" \/>\n<meta property=\"og:type\" content=\"article\" \/>\n<meta property=\"og:title\" content=\"Sitzungen und Veranstaltungen | Novotel Bucharest City Center\" \/>\n<meta property=\"og:description\" content=\"Organisieren Sie Ihre Veranstaltung oder Tagung in Bukarest in unserem Hotel in der Calea Victoriei. Wir bieten eine umfassende Planung f\u00fcr Veranstaltungen jeder Gr\u00f6\u00dfe in modernen R\u00e4umlichkeiten.\" \/>\n<meta property=\"og:url\" content=\"https:\/\/www.novotelbucharestcitycentre.com\/de\/sitzungen-und-veranstaltungen\/\" \/>\n<meta property=\"og:site_name\" content=\"Novotel Bucarest City Centre SL\" \/>\n<meta property=\"article:modified_time\" content=\"2023-01-11T15:48:33+00:00\" \/>\n<meta name=\"twitter:card\" content=\"summary_large_image\" \/>\n<meta name=\"twitter:label1\" content=\"Gesch\u00e4tzte Lesezeit\" \/>\n\t<meta name=\"twitter:data1\" content=\"1 Minute\" \/>\n<script type=\"application\/ld+json\" class=\"yoast-schema-graph\">{\"@context\":\"https:\/\/schema.org\",\"@graph\":[{\"@type\":\"WebPage\",\"@id\":\"https:\/\/www.novotelbucharestcitycentre.com\/de\/sitzungen-und-veranstaltungen\/\",\"url\":\"https:\/\/www.novotelbucharestcitycentre.com\/de\/sitzungen-und-veranstaltungen\/\",\"name\":\"Sitzungen und Veranstaltungen | Novotel Bucharest City Center\",\"isPartOf\":{\"@id\":\"https:\/\/www.novotelbucharestcitycentre.com\/#website\"},\"datePublished\":\"2022-11-30T09:15:57+00:00\",\"dateModified\":\"2023-01-11T15:48:33+00:00\",\"description\":\"Organisieren Sie Ihre Veranstaltung oder Tagung in Bukarest in unserem Hotel in der Calea Victoriei. Wir bieten eine umfassende Planung f\u00fcr Veranstaltungen jeder Gr\u00f6\u00dfe in modernen R\u00e4umlichkeiten.\",\"breadcrumb\":{\"@id\":\"https:\/\/www.novotelbucharestcitycentre.com\/de\/sitzungen-und-veranstaltungen\/#breadcrumb\"},\"inLanguage\":\"de-DE\",\"potentialAction\":[{\"@type\":\"ReadAction\",\"target\":[\"https:\/\/www.novotelbucharestcitycentre.com\/de\/sitzungen-und-veranstaltungen\/\"]}]},{\"@type\":\"BreadcrumbList\",\"@id\":\"https:\/\/www.novotelbucharestcitycentre.com\/de\/sitzungen-und-veranstaltungen\/#breadcrumb\",\"itemListElement\":[{\"@type\":\"ListItem\",\"position\":1,\"name\":\"Home\",\"item\":\"https:\/\/www.novotelbucharestcitycentre.com\/de\/\"},{\"@type\":\"ListItem\",\"position\":2,\"name\":\"SITZUNGEN UND VERANSTALTUNGEN\"}]},{\"@type\":\"WebSite\",\"@id\":\"https:\/\/www.novotelbucharestcitycentre.com\/#website\",\"url\":\"https:\/\/www.novotelbucharestcitycentre.com\/\",\"name\":\"Novotel Bucarest City Centre SL\",\"description\":\"Just another D-Edge Accor V2 Sites Hosting site\",\"potentialAction\":[{\"@type\":\"SearchAction\",\"target\":{\"@type\":\"EntryPoint\",\"urlTemplate\":\"https:\/\/www.novotelbucharestcitycentre.com\/?s={search_term_string}\"},\"query-input\":{\"@type\":\"PropertyValueSpecification\",\"valueRequired\":true,\"valueName\":\"search_term_string\"}}],\"inLanguage\":\"de-DE\"}]}<\/script>\n<!-- \/ Yoast SEO plugin. -->","yoast_head_json":{"title":"Sitzungen und Veranstaltungen | Novotel Bucharest City Center","description":"Organisieren Sie Ihre Veranstaltung oder Tagung in Bukarest in unserem Hotel in der Calea Victoriei. Wir bieten eine umfassende Planung f\u00fcr Veranstaltungen jeder Gr\u00f6\u00dfe in modernen R\u00e4umlichkeiten.","robots":{"index":"index","follow":"follow","max-snippet":"max-snippet:-1","max-image-preview":"max-image-preview:large","max-video-preview":"max-video-preview:-1"},"canonical":"https:\/\/www.novotelbucharestcitycentre.com\/de\/sitzungen-und-veranstaltungen\/","og_locale":"de_DE","og_type":"article","og_title":"Sitzungen und Veranstaltungen | Novotel Bucharest City Center","og_description":"Organisieren Sie Ihre Veranstaltung oder Tagung in Bukarest in unserem Hotel in der Calea Victoriei. Wir bieten eine umfassende Planung f\u00fcr Veranstaltungen jeder Gr\u00f6\u00dfe in modernen R\u00e4umlichkeiten.","og_url":"https:\/\/www.novotelbucharestcitycentre.com\/de\/sitzungen-und-veranstaltungen\/","og_site_name":"Novotel Bucarest City Centre SL","article_modified_time":"2023-01-11T15:48:33+00:00","twitter_card":"summary_large_image","twitter_misc":{"Gesch\u00e4tzte Lesezeit":"1 Minute"},"schema":{"@context":"https:\/\/schema.org","@graph":[{"@type":"WebPage","@id":"https:\/\/www.novotelbucharestcitycentre.com\/de\/sitzungen-und-veranstaltungen\/","url":"https:\/\/www.novotelbucharestcitycentre.com\/de\/sitzungen-und-veranstaltungen\/","name":"Sitzungen und Veranstaltungen | Novotel Bucharest City Center","isPartOf":{"@id":"https:\/\/www.novotelbucharestcitycentre.com\/#website"},"datePublished":"2022-11-30T09:15:57+00:00","dateModified":"2023-01-11T15:48:33+00:00","description":"Organisieren Sie Ihre Veranstaltung oder Tagung in Bukarest in unserem Hotel in der Calea Victoriei. Wir bieten eine umfassende Planung f\u00fcr Veranstaltungen jeder Gr\u00f6\u00dfe in modernen R\u00e4umlichkeiten.","breadcrumb":{"@id":"https:\/\/www.novotelbucharestcitycentre.com\/de\/sitzungen-und-veranstaltungen\/#breadcrumb"},"inLanguage":"de-DE","potentialAction":[{"@type":"ReadAction","target":["https:\/\/www.novotelbucharestcitycentre.com\/de\/sitzungen-und-veranstaltungen\/"]}]},{"@type":"BreadcrumbList","@id":"https:\/\/www.novotelbucharestcitycentre.com\/de\/sitzungen-und-veranstaltungen\/#breadcrumb","itemListElement":[{"@type":"ListItem","position":1,"name":"Home","item":"https:\/\/www.novotelbucharestcitycentre.com\/de\/"},{"@type":"ListItem","position":2,"name":"SITZUNGEN UND VERANSTALTUNGEN"}]},{"@type":"WebSite","@id":"https:\/\/www.novotelbucharestcitycentre.com\/#website","url":"https:\/\/www.novotelbucharestcitycentre.com\/","name":"Novotel Bucarest City Centre SL","description":"Just another D-Edge Accor V2 Sites Hosting site","potentialAction":[{"@type":"SearchAction","target":{"@type":"EntryPoint","urlTemplate":"https:\/\/www.novotelbucharestcitycentre.com\/?s={search_term_string}"},"query-input":{"@type":"PropertyValueSpecification","valueRequired":true,"valueName":"search_term_string"}}],"inLanguage":"de-DE"}]}},"_links":{"self":[{"href":"https:\/\/www.novotelbucharestcitycentre.com\/de\/wp-json\/wp\/v2\/pages\/329","targetHints":{"allow":["GET"]}}],"collection":[{"href":"https:\/\/www.novotelbucharestcitycentre.com\/de\/wp-json\/wp\/v2\/pages"}],"about":[{"href":"https:\/\/www.novotelbucharestcitycentre.com\/de\/wp-json\/wp\/v2\/types\/page"}],"author":[{"embeddable":true,"href":"https:\/\/www.novotelbucharestcitycentre.com\/de\/wp-json\/wp\/v2\/users\/26"}],"replies":[{"embeddable":true,"href":"https:\/\/www.novotelbucharestcitycentre.com\/de\/wp-json\/wp\/v2\/comments?post=329"}],"version-history":[{"count":0,"href":"https:\/\/www.novotelbucharestcitycentre.com\/de\/wp-json\/wp\/v2\/pages\/329\/revisions"}],"wp:attachment":[{"href":"https:\/\/www.novotelbucharestcitycentre.com\/de\/wp-json\/wp\/v2\/media?parent=329"}],"wp:term":[{"taxonomy":"category","embeddable":true,"href":"https:\/\/www.novotelbucharestcitycentre.com\/de\/wp-json\/wp\/v2\/categories?post=329"}],"curies":[{"name":"wp","href":"https:\/\/api.w.org\/{rel}","templated":true}]}}