{"id":321,"date":"2022-11-30T09:04:33","date_gmt":"2022-11-30T09:04:33","guid":{"rendered":"https:\/\/novotelbucarest.accorv2prod.decms.eu\/special-offers\/"},"modified":"2022-12-22T14:45:56","modified_gmt":"2022-12-22T14:45:56","slug":"sonderangebote","status":"publish","type":"page","link":"https:\/\/www.novotelbucharestcitycentre.com\/de\/sonderangebote\/","title":{"rendered":"SONDERANGEBOTE"},"content":{"rendered":"<p>Unschlagbare Preise f\u00fcr Wochenendausfl\u00fcge oder l\u00e4ngere Aufenthalte in unseren hellen, modernen <a href=\"\/de\/zimmer-suiten\/\">Zimmern und Suiten<\/a> inklusive Novotel-typische Gastfreundschaft. Attraktive Angebote an exklusiv rum\u00e4nische Weine und k\u00f6stliche Gerichte, vom Bauernhof in unserer <a href=\"\/de\/restaurants-bars\/winestone\/\">Winestone<\/a> Bar und Restaurant. Tolle Angebote f\u00fcr private oder gesch\u00e4ftliche <a href=\"\/de\/sitzungen-und-veranstaltungen\/\">Veranstaltungen<\/a> in unserem 4-Sterne-Hotel im Herzen von Bukarest&#8230;<\/p>\n<p>Hier erfahren Sie alles \u00fcber unsere attraktiven Sonderangebote im Novotel Bucharest City Center.<\/p>\n","protected":false},"excerpt":{"rendered":"<p>Unschlagbare Preise f\u00fcr Wochenendausfl\u00fcge oder l\u00e4ngere Aufenthalte in unseren hellen, modernen Zimmern und Suiten inklusive Novotel-typische Gastfreundschaft. Attraktive Angebote an exklusiv rum\u00e4nische Weine und k\u00f6stliche Gerichte, vom Bauernhof in unserer Winestone Bar und Restaurant. Tolle Angebote f\u00fcr private oder gesch\u00e4ftliche Veranstaltungen in unserem 4-Sterne-Hotel im Herzen von Bukarest&#8230; Hier erfahren Sie alles \u00fcber unsere attraktiven [&hellip;]<\/p>\n","protected":false},"author":26,"featured_media":0,"parent":0,"menu_order":30,"comment_status":"closed","ping_status":"closed","template":"template-special-offers.php","meta":{"footnotes":""},"categories":[],"class_list":["post-321","page","type-page","status-publish","hentry"],"acf":[],"yoast_head":"<!-- This site is optimized with the Yoast SEO plugin v26.9 - https:\/\/yoast.com\/product\/yoast-seo-wordpress\/ -->\n<title>Sonderangebote | Novotel Bucharest City Center | 4-Sterne-Hotel<\/title>\n<meta name=\"description\" content=\"Buchen Sie direkt bei uns und profitieren Sie von unseren unschlagbaren Sonderangeboten f\u00fcr Unterkunft, Speisen und Veranstaltungen in unserem Hotel in der N\u00e4he der Altstadt von Lipscani, Bukarest.\" \/>\n<meta name=\"robots\" content=\"index, follow, max-snippet:-1, max-image-preview:large, max-video-preview:-1\" \/>\n<link rel=\"canonical\" href=\"https:\/\/www.novotelbucharestcitycentre.com\/de\/sonderangebote\/\" \/>\n<meta property=\"og:locale\" content=\"de_DE\" \/>\n<meta property=\"og:type\" content=\"article\" \/>\n<meta property=\"og:title\" content=\"Sonderangebote | Novotel Bucharest City Center | 4-Sterne-Hotel\" \/>\n<meta property=\"og:description\" content=\"Buchen Sie direkt bei uns und profitieren Sie von unseren unschlagbaren Sonderangeboten f\u00fcr Unterkunft, Speisen und Veranstaltungen in unserem Hotel in der N\u00e4he der Altstadt von Lipscani, Bukarest.\" \/>\n<meta property=\"og:url\" content=\"https:\/\/www.novotelbucharestcitycentre.com\/de\/sonderangebote\/\" \/>\n<meta property=\"og:site_name\" content=\"Novotel Bucarest City Centre SL\" \/>\n<meta property=\"article:modified_time\" content=\"2022-12-22T14:45:56+00:00\" \/>\n<meta name=\"twitter:card\" content=\"summary_large_image\" \/>\n<meta name=\"twitter:label1\" content=\"Gesch\u00e4tzte Lesezeit\" \/>\n\t<meta name=\"twitter:data1\" content=\"1 Minute\" \/>\n<script type=\"application\/ld+json\" class=\"yoast-schema-graph\">{\"@context\":\"https:\/\/schema.org\",\"@graph\":[{\"@type\":\"WebPage\",\"@id\":\"https:\/\/www.novotelbucharestcitycentre.com\/de\/sonderangebote\/\",\"url\":\"https:\/\/www.novotelbucharestcitycentre.com\/de\/sonderangebote\/\",\"name\":\"Sonderangebote | Novotel Bucharest City Center | 4-Sterne-Hotel\",\"isPartOf\":{\"@id\":\"https:\/\/www.novotelbucharestcitycentre.com\/#website\"},\"datePublished\":\"2022-11-30T09:04:33+00:00\",\"dateModified\":\"2022-12-22T14:45:56+00:00\",\"description\":\"Buchen Sie direkt bei uns und profitieren Sie von unseren unschlagbaren Sonderangeboten f\u00fcr Unterkunft, Speisen und Veranstaltungen in unserem Hotel in der N\u00e4he der Altstadt von Lipscani, Bukarest.\",\"breadcrumb\":{\"@id\":\"https:\/\/www.novotelbucharestcitycentre.com\/de\/sonderangebote\/#breadcrumb\"},\"inLanguage\":\"de-DE\",\"potentialAction\":[{\"@type\":\"ReadAction\",\"target\":[\"https:\/\/www.novotelbucharestcitycentre.com\/de\/sonderangebote\/\"]}]},{\"@type\":\"BreadcrumbList\",\"@id\":\"https:\/\/www.novotelbucharestcitycentre.com\/de\/sonderangebote\/#breadcrumb\",\"itemListElement\":[{\"@type\":\"ListItem\",\"position\":1,\"name\":\"Home\",\"item\":\"https:\/\/www.novotelbucharestcitycentre.com\/de\/\"},{\"@type\":\"ListItem\",\"position\":2,\"name\":\"SONDERANGEBOTE\"}]},{\"@type\":\"WebSite\",\"@id\":\"https:\/\/www.novotelbucharestcitycentre.com\/#website\",\"url\":\"https:\/\/www.novotelbucharestcitycentre.com\/\",\"name\":\"Novotel Bucarest City Centre SL\",\"description\":\"Just another D-Edge Accor V2 Sites Hosting site\",\"potentialAction\":[{\"@type\":\"SearchAction\",\"target\":{\"@type\":\"EntryPoint\",\"urlTemplate\":\"https:\/\/www.novotelbucharestcitycentre.com\/?s={search_term_string}\"},\"query-input\":{\"@type\":\"PropertyValueSpecification\",\"valueRequired\":true,\"valueName\":\"search_term_string\"}}],\"inLanguage\":\"de-DE\"}]}<\/script>\n<!-- \/ Yoast SEO plugin. -->","yoast_head_json":{"title":"Sonderangebote | Novotel Bucharest City Center | 4-Sterne-Hotel","description":"Buchen Sie direkt bei uns und profitieren Sie von unseren unschlagbaren Sonderangeboten f\u00fcr Unterkunft, Speisen und Veranstaltungen in unserem Hotel in der N\u00e4he der Altstadt von Lipscani, Bukarest.","robots":{"index":"index","follow":"follow","max-snippet":"max-snippet:-1","max-image-preview":"max-image-preview:large","max-video-preview":"max-video-preview:-1"},"canonical":"https:\/\/www.novotelbucharestcitycentre.com\/de\/sonderangebote\/","og_locale":"de_DE","og_type":"article","og_title":"Sonderangebote | Novotel Bucharest City Center | 4-Sterne-Hotel","og_description":"Buchen Sie direkt bei uns und profitieren Sie von unseren unschlagbaren Sonderangeboten f\u00fcr Unterkunft, Speisen und Veranstaltungen in unserem Hotel in der N\u00e4he der Altstadt von Lipscani, Bukarest.","og_url":"https:\/\/www.novotelbucharestcitycentre.com\/de\/sonderangebote\/","og_site_name":"Novotel Bucarest City Centre SL","article_modified_time":"2022-12-22T14:45:56+00:00","twitter_card":"summary_large_image","twitter_misc":{"Gesch\u00e4tzte Lesezeit":"1 Minute"},"schema":{"@context":"https:\/\/schema.org","@graph":[{"@type":"WebPage","@id":"https:\/\/www.novotelbucharestcitycentre.com\/de\/sonderangebote\/","url":"https:\/\/www.novotelbucharestcitycentre.com\/de\/sonderangebote\/","name":"Sonderangebote | Novotel Bucharest City Center | 4-Sterne-Hotel","isPartOf":{"@id":"https:\/\/www.novotelbucharestcitycentre.com\/#website"},"datePublished":"2022-11-30T09:04:33+00:00","dateModified":"2022-12-22T14:45:56+00:00","description":"Buchen Sie direkt bei uns und profitieren Sie von unseren unschlagbaren Sonderangeboten f\u00fcr Unterkunft, Speisen und Veranstaltungen in unserem Hotel in der N\u00e4he der Altstadt von Lipscani, Bukarest.","breadcrumb":{"@id":"https:\/\/www.novotelbucharestcitycentre.com\/de\/sonderangebote\/#breadcrumb"},"inLanguage":"de-DE","potentialAction":[{"@type":"ReadAction","target":["https:\/\/www.novotelbucharestcitycentre.com\/de\/sonderangebote\/"]}]},{"@type":"BreadcrumbList","@id":"https:\/\/www.novotelbucharestcitycentre.com\/de\/sonderangebote\/#breadcrumb","itemListElement":[{"@type":"ListItem","position":1,"name":"Home","item":"https:\/\/www.novotelbucharestcitycentre.com\/de\/"},{"@type":"ListItem","position":2,"name":"SONDERANGEBOTE"}]},{"@type":"WebSite","@id":"https:\/\/www.novotelbucharestcitycentre.com\/#website","url":"https:\/\/www.novotelbucharestcitycentre.com\/","name":"Novotel Bucarest City Centre SL","description":"Just another D-Edge Accor V2 Sites Hosting site","potentialAction":[{"@type":"SearchAction","target":{"@type":"EntryPoint","urlTemplate":"https:\/\/www.novotelbucharestcitycentre.com\/?s={search_term_string}"},"query-input":{"@type":"PropertyValueSpecification","valueRequired":true,"valueName":"search_term_string"}}],"inLanguage":"de-DE"}]}},"_links":{"self":[{"href":"https:\/\/www.novotelbucharestcitycentre.com\/de\/wp-json\/wp\/v2\/pages\/321","targetHints":{"allow":["GET"]}}],"collection":[{"href":"https:\/\/www.novotelbucharestcitycentre.com\/de\/wp-json\/wp\/v2\/pages"}],"about":[{"href":"https:\/\/www.novotelbucharestcitycentre.com\/de\/wp-json\/wp\/v2\/types\/page"}],"author":[{"embeddable":true,"href":"https:\/\/www.novotelbucharestcitycentre.com\/de\/wp-json\/wp\/v2\/users\/26"}],"replies":[{"embeddable":true,"href":"https:\/\/www.novotelbucharestcitycentre.com\/de\/wp-json\/wp\/v2\/comments?post=321"}],"version-history":[{"count":0,"href":"https:\/\/www.novotelbucharestcitycentre.com\/de\/wp-json\/wp\/v2\/pages\/321\/revisions"}],"wp:attachment":[{"href":"https:\/\/www.novotelbucharestcitycentre.com\/de\/wp-json\/wp\/v2\/media?parent=321"}],"wp:term":[{"taxonomy":"category","embeddable":true,"href":"https:\/\/www.novotelbucharestcitycentre.com\/de\/wp-json\/wp\/v2\/categories?post=321"}],"curies":[{"name":"wp","href":"https:\/\/api.w.org\/{rel}","templated":true}]}}