{"id":315,"date":"2022-11-30T09:02:01","date_gmt":"2022-11-30T09:02:01","guid":{"rendered":"https:\/\/novotelbucarest.accorv2prod.decms.eu\/restaurants-bars\/teatro\/"},"modified":"2022-12-22T12:14:27","modified_gmt":"2022-12-22T12:14:27","slug":"teatro","status":"publish","type":"page","link":"https:\/\/www.novotelbucharestcitycentre.com\/de\/restaurants-bars\/teatro\/","title":{"rendered":"TEATRO"},"content":{"rendered":"<p>Fr\u00fchst\u00fcck ist die wichtigste Mahlzeit des Tages. Und das Teatro ist der Hintergrund f\u00fcr einen strahlenden Start f\u00fcr Ihren Tag.<\/p>\n<p>Unser einladendes, lichtdurchflutetes Restaurant mit dem handgeschnitzten Holztor, das eine leuchtend blaue Wand verziert, ist von der unber\u00fchrten Natur und der charakteristischen Dorfarchitektur der Region Maramure\u0219 im Nordwesten Rum\u00e4niens inspiriert. Diese Verbundenheit mit der Natur und der handwerklichen Tradition spiegeln sich auch im besten Fr\u00fchst\u00fcck aus Bukarest wider. Denken Sie an gesundes M\u00fcsli, frisch gepresste S\u00e4fte, knuspriges Brot und warmes Geb\u00e4ck, duftenden Kaffee, Eier, die ganz nach Ihrem Geschmack zubereitet werden&#8230; und vieles mehr.<\/p>\n<p>Bei warmem Wetter k\u00f6nnen Sie Ihren Tag mit einem Fr\u00fchst\u00fcck auf unserer gro\u00dfz\u00fcgigen Au\u00dfenterrasse in der Sonne beginnen.<\/p>\n<p>Haben Sie eine Veranstaltung in einem der Sitzungsr\u00e4ume von Novotel Bucharest City Center? Teatro und unsere Terrasse k\u00f6nnen privat als Veranstaltungsort f\u00fcr ein gesundes, k\u00f6stliches Mittagessen oder eine andere Mahlzeit gebucht werden &#8211; so bleiben Ihre G\u00e4ste garantiert achtsam und voller Energie.<\/p>\n","protected":false},"excerpt":{"rendered":"<p>Fr\u00fchst\u00fcck ist die wichtigste Mahlzeit des Tages. Und das Teatro ist der Hintergrund f\u00fcr einen strahlenden Start f\u00fcr Ihren Tag. Unser einladendes, lichtdurchflutetes Restaurant mit dem handgeschnitzten Holztor, das eine leuchtend blaue Wand verziert, ist von der unber\u00fchrten Natur und der charakteristischen Dorfarchitektur der Region Maramure\u0219 im Nordwesten Rum\u00e4niens inspiriert. Diese Verbundenheit mit der Natur [&hellip;]<\/p>\n","protected":false},"author":26,"featured_media":0,"parent":307,"menu_order":22,"comment_status":"closed","ping_status":"closed","template":"template-restaurant.php","meta":{"footnotes":""},"categories":[],"class_list":["post-315","page","type-page","status-publish","hentry"],"acf":[],"yoast_head":"<!-- This site is optimized with the Yoast SEO plugin v26.9 - https:\/\/yoast.com\/product\/yoast-seo-wordpress\/ -->\n<title>Teatro | Novotel Bucharest City Center | Restaurant und Veranstaltungsort in Bukarest<\/title>\n<meta name=\"description\" content=\"Beginnen Sie einen tollen Tag mit einem vitalisierenden Fr\u00fchst\u00fcck in unserem einladenden Restaurant, Teatro, in der N\u00e4he von Lipscani in Bukarest, das auch f\u00fcr private Veranstaltungen zur Verf\u00fcgung steht.\" \/>\n<meta name=\"robots\" content=\"index, follow, max-snippet:-1, max-image-preview:large, max-video-preview:-1\" \/>\n<link rel=\"canonical\" href=\"https:\/\/www.novotelbucharestcitycentre.com\/de\/restaurants-bars\/teatro\/\" \/>\n<meta property=\"og:locale\" content=\"de_DE\" \/>\n<meta property=\"og:type\" content=\"article\" \/>\n<meta property=\"og:title\" content=\"Teatro | Novotel Bucharest City Center | Restaurant und Veranstaltungsort in Bukarest\" \/>\n<meta property=\"og:description\" content=\"Beginnen Sie einen tollen Tag mit einem vitalisierenden Fr\u00fchst\u00fcck in unserem einladenden Restaurant, Teatro, in der N\u00e4he von Lipscani in Bukarest, das auch f\u00fcr private Veranstaltungen zur Verf\u00fcgung steht.\" \/>\n<meta property=\"og:url\" content=\"https:\/\/www.novotelbucharestcitycentre.com\/de\/restaurants-bars\/teatro\/\" \/>\n<meta property=\"og:site_name\" content=\"Novotel Bucarest City Centre SL\" \/>\n<meta property=\"article:modified_time\" content=\"2022-12-22T12:14:27+00:00\" \/>\n<meta name=\"twitter:card\" content=\"summary_large_image\" \/>\n<meta name=\"twitter:label1\" content=\"Gesch\u00e4tzte Lesezeit\" \/>\n\t<meta name=\"twitter:data1\" content=\"1 Minute\" \/>\n<script type=\"application\/ld+json\" class=\"yoast-schema-graph\">{\"@context\":\"https:\/\/schema.org\",\"@graph\":[{\"@type\":\"WebPage\",\"@id\":\"https:\/\/www.novotelbucharestcitycentre.com\/de\/restaurants-bars\/teatro\/\",\"url\":\"https:\/\/www.novotelbucharestcitycentre.com\/de\/restaurants-bars\/teatro\/\",\"name\":\"Teatro | Novotel Bucharest City Center | Restaurant und Veranstaltungsort in Bukarest\",\"isPartOf\":{\"@id\":\"https:\/\/www.novotelbucharestcitycentre.com\/#website\"},\"datePublished\":\"2022-11-30T09:02:01+00:00\",\"dateModified\":\"2022-12-22T12:14:27+00:00\",\"description\":\"Beginnen Sie einen tollen Tag mit einem vitalisierenden Fr\u00fchst\u00fcck in unserem einladenden Restaurant, Teatro, in der N\u00e4he von Lipscani in Bukarest, das auch f\u00fcr private Veranstaltungen zur Verf\u00fcgung steht.\",\"breadcrumb\":{\"@id\":\"https:\/\/www.novotelbucharestcitycentre.com\/de\/restaurants-bars\/teatro\/#breadcrumb\"},\"inLanguage\":\"de-DE\",\"potentialAction\":[{\"@type\":\"ReadAction\",\"target\":[\"https:\/\/www.novotelbucharestcitycentre.com\/de\/restaurants-bars\/teatro\/\"]}]},{\"@type\":\"BreadcrumbList\",\"@id\":\"https:\/\/www.novotelbucharestcitycentre.com\/de\/restaurants-bars\/teatro\/#breadcrumb\",\"itemListElement\":[{\"@type\":\"ListItem\",\"position\":1,\"name\":\"Home\",\"item\":\"https:\/\/www.novotelbucharestcitycentre.com\/de\/\"},{\"@type\":\"ListItem\",\"position\":2,\"name\":\"RESTAURANTS &#038; BARS\",\"item\":\"https:\/\/www.novotelbucharestcitycentre.com\/de\/restaurants-bars\/\"},{\"@type\":\"ListItem\",\"position\":3,\"name\":\"TEATRO\"}]},{\"@type\":\"WebSite\",\"@id\":\"https:\/\/www.novotelbucharestcitycentre.com\/#website\",\"url\":\"https:\/\/www.novotelbucharestcitycentre.com\/\",\"name\":\"Novotel Bucarest City Centre SL\",\"description\":\"Just another D-Edge Accor V2 Sites Hosting site\",\"potentialAction\":[{\"@type\":\"SearchAction\",\"target\":{\"@type\":\"EntryPoint\",\"urlTemplate\":\"https:\/\/www.novotelbucharestcitycentre.com\/?s={search_term_string}\"},\"query-input\":{\"@type\":\"PropertyValueSpecification\",\"valueRequired\":true,\"valueName\":\"search_term_string\"}}],\"inLanguage\":\"de-DE\"}]}<\/script>\n<!-- \/ Yoast SEO plugin. -->","yoast_head_json":{"title":"Teatro | Novotel Bucharest City Center | Restaurant und Veranstaltungsort in Bukarest","description":"Beginnen Sie einen tollen Tag mit einem vitalisierenden Fr\u00fchst\u00fcck in unserem einladenden Restaurant, Teatro, in der N\u00e4he von Lipscani in Bukarest, das auch f\u00fcr private Veranstaltungen zur Verf\u00fcgung steht.","robots":{"index":"index","follow":"follow","max-snippet":"max-snippet:-1","max-image-preview":"max-image-preview:large","max-video-preview":"max-video-preview:-1"},"canonical":"https:\/\/www.novotelbucharestcitycentre.com\/de\/restaurants-bars\/teatro\/","og_locale":"de_DE","og_type":"article","og_title":"Teatro | Novotel Bucharest City Center | Restaurant und Veranstaltungsort in Bukarest","og_description":"Beginnen Sie einen tollen Tag mit einem vitalisierenden Fr\u00fchst\u00fcck in unserem einladenden Restaurant, Teatro, in der N\u00e4he von Lipscani in Bukarest, das auch f\u00fcr private Veranstaltungen zur Verf\u00fcgung steht.","og_url":"https:\/\/www.novotelbucharestcitycentre.com\/de\/restaurants-bars\/teatro\/","og_site_name":"Novotel Bucarest City Centre SL","article_modified_time":"2022-12-22T12:14:27+00:00","twitter_card":"summary_large_image","twitter_misc":{"Gesch\u00e4tzte Lesezeit":"1 Minute"},"schema":{"@context":"https:\/\/schema.org","@graph":[{"@type":"WebPage","@id":"https:\/\/www.novotelbucharestcitycentre.com\/de\/restaurants-bars\/teatro\/","url":"https:\/\/www.novotelbucharestcitycentre.com\/de\/restaurants-bars\/teatro\/","name":"Teatro | Novotel Bucharest City Center | Restaurant und Veranstaltungsort in Bukarest","isPartOf":{"@id":"https:\/\/www.novotelbucharestcitycentre.com\/#website"},"datePublished":"2022-11-30T09:02:01+00:00","dateModified":"2022-12-22T12:14:27+00:00","description":"Beginnen Sie einen tollen Tag mit einem vitalisierenden Fr\u00fchst\u00fcck in unserem einladenden Restaurant, Teatro, in der N\u00e4he von Lipscani in Bukarest, das auch f\u00fcr private Veranstaltungen zur Verf\u00fcgung steht.","breadcrumb":{"@id":"https:\/\/www.novotelbucharestcitycentre.com\/de\/restaurants-bars\/teatro\/#breadcrumb"},"inLanguage":"de-DE","potentialAction":[{"@type":"ReadAction","target":["https:\/\/www.novotelbucharestcitycentre.com\/de\/restaurants-bars\/teatro\/"]}]},{"@type":"BreadcrumbList","@id":"https:\/\/www.novotelbucharestcitycentre.com\/de\/restaurants-bars\/teatro\/#breadcrumb","itemListElement":[{"@type":"ListItem","position":1,"name":"Home","item":"https:\/\/www.novotelbucharestcitycentre.com\/de\/"},{"@type":"ListItem","position":2,"name":"RESTAURANTS &#038; BARS","item":"https:\/\/www.novotelbucharestcitycentre.com\/de\/restaurants-bars\/"},{"@type":"ListItem","position":3,"name":"TEATRO"}]},{"@type":"WebSite","@id":"https:\/\/www.novotelbucharestcitycentre.com\/#website","url":"https:\/\/www.novotelbucharestcitycentre.com\/","name":"Novotel Bucarest City Centre SL","description":"Just another D-Edge Accor V2 Sites Hosting site","potentialAction":[{"@type":"SearchAction","target":{"@type":"EntryPoint","urlTemplate":"https:\/\/www.novotelbucharestcitycentre.com\/?s={search_term_string}"},"query-input":{"@type":"PropertyValueSpecification","valueRequired":true,"valueName":"search_term_string"}}],"inLanguage":"de-DE"}]}},"_links":{"self":[{"href":"https:\/\/www.novotelbucharestcitycentre.com\/de\/wp-json\/wp\/v2\/pages\/315","targetHints":{"allow":["GET"]}}],"collection":[{"href":"https:\/\/www.novotelbucharestcitycentre.com\/de\/wp-json\/wp\/v2\/pages"}],"about":[{"href":"https:\/\/www.novotelbucharestcitycentre.com\/de\/wp-json\/wp\/v2\/types\/page"}],"author":[{"embeddable":true,"href":"https:\/\/www.novotelbucharestcitycentre.com\/de\/wp-json\/wp\/v2\/users\/26"}],"replies":[{"embeddable":true,"href":"https:\/\/www.novotelbucharestcitycentre.com\/de\/wp-json\/wp\/v2\/comments?post=315"}],"version-history":[{"count":0,"href":"https:\/\/www.novotelbucharestcitycentre.com\/de\/wp-json\/wp\/v2\/pages\/315\/revisions"}],"up":[{"embeddable":true,"href":"https:\/\/www.novotelbucharestcitycentre.com\/de\/wp-json\/wp\/v2\/pages\/307"}],"wp:attachment":[{"href":"https:\/\/www.novotelbucharestcitycentre.com\/de\/wp-json\/wp\/v2\/media?parent=315"}],"wp:term":[{"taxonomy":"category","embeddable":true,"href":"https:\/\/www.novotelbucharestcitycentre.com\/de\/wp-json\/wp\/v2\/categories?post=315"}],"curies":[{"name":"wp","href":"https:\/\/api.w.org\/{rel}","templated":true}]}}