{"id":301,"date":"2022-11-29T16:14:26","date_gmt":"2022-11-29T16:14:26","guid":{"rendered":"https:\/\/novotelbucarest.accorv2prod.decms.eu\/zimmer-suiten\/presidential-suite\/"},"modified":"2022-12-22T11:56:20","modified_gmt":"2022-12-22T11:56:20","slug":"presidential-suite","status":"publish","type":"page","link":"https:\/\/www.novotelbucharestcitycentre.com\/de\/zimmer-suiten\/presidential-suite\/","title":{"rendered":"PRESIDENTIAL SUITE"},"content":{"rendered":"<p>Willkommen zu der Spitze der Luxusunterk\u00fcnfte in der Stadtmitte Bukarests! Unsere Presidential Suite verf\u00fcgt \u00fcber 105m\u00b2 intuitiv gestalteten Raum, eine von Eleganz durchdrungene Innenarchitektur und Panoramablicke auf den bezaubernden Stadthorizont.<\/p>\n<p>Unabh\u00e4ngig, ob Sie G\u00e4ste haben, mit der Familie reisen oder einfach nur \u00fcber gro\u00dfz\u00fcgige R\u00e4ume verf\u00fcgen m\u00f6chten, die Presidential Suite bietet Ihnen erstklassigen Komfort, den Sie erwarten. Der ger\u00e4umige Wohnbereich verf\u00fcgt \u00fcber eine eigene Bar in der Suite, w\u00e4hrend der separate Essbereich auch als Ort f\u00fcr diskrete Gesch\u00e4ftsbesprechungen genutzt werden kann. Ein individuelles Schlafzimmer verf\u00fcgt \u00fcber einem luxuri\u00f6sen Badezimmer mit Whirlpool, Doppelwaschbecken und unabh\u00e4ngige Regendusche.<\/p>\n<p>Nat\u00fcrlich bietet Ihre luxuri\u00f6se Suite von der Calea Victoriei noch eine Reihe von Vorteilen, darunter kostenlose Getr\u00e4nke und Snacks aus der Minibar, eine Espressomaschine, kostenloser, bewachter Parkplatz und die kostenlose Nutzung von Sitzungsr\u00e4umen (je nach Verf\u00fcgbarkeit).<\/p>\n","protected":false},"excerpt":{"rendered":"<p>Willkommen zu der Spitze der Luxusunterk\u00fcnfte in der Stadtmitte Bukarests! Unsere Presidential Suite verf\u00fcgt \u00fcber 105m\u00b2 intuitiv gestalteten Raum, eine von Eleganz durchdrungene Innenarchitektur und Panoramablicke auf den bezaubernden Stadthorizont. Unabh\u00e4ngig, ob Sie G\u00e4ste haben, mit der Familie reisen oder einfach nur \u00fcber gro\u00dfz\u00fcgige R\u00e4ume verf\u00fcgen m\u00f6chten, die Presidential Suite bietet Ihnen erstklassigen Komfort, den [&hellip;]<\/p>\n","protected":false},"author":26,"featured_media":0,"parent":268,"menu_order":16,"comment_status":"closed","ping_status":"closed","template":"template-room.php","meta":{"footnotes":""},"categories":[53],"class_list":["post-301","page","type-page","status-publish","hentry","category-suites"],"acf":[],"yoast_head":"<!-- This site is optimized with the Yoast SEO plugin v26.9 - https:\/\/yoast.com\/product\/yoast-seo-wordpress\/ -->\n<title>Presidential Suite | Novotel Bucharest City Center | 4-Sterne-Hotel<\/title>\n<meta name=\"description\" content=\"Buchen Sie die exklusive Presidential Suite und freuen Sie sich auf die beste luxuri\u00f6se Unterkunft in Bukarest, die \u00fcber einen separaten Wohn-, Ess- und Schlafbereich sowie eine eigene Bar verf\u00fcgt.\" \/>\n<meta name=\"robots\" content=\"index, follow, max-snippet:-1, max-image-preview:large, max-video-preview:-1\" \/>\n<link rel=\"canonical\" href=\"https:\/\/www.novotelbucharestcitycentre.com\/de\/zimmer-suiten\/presidential-suite\/\" \/>\n<meta property=\"og:locale\" content=\"de_DE\" \/>\n<meta property=\"og:type\" content=\"article\" \/>\n<meta property=\"og:title\" content=\"Presidential Suite | Novotel Bucharest City Center | 4-Sterne-Hotel\" \/>\n<meta property=\"og:description\" content=\"Buchen Sie die exklusive Presidential Suite und freuen Sie sich auf die beste luxuri\u00f6se Unterkunft in Bukarest, die \u00fcber einen separaten Wohn-, Ess- und Schlafbereich sowie eine eigene Bar verf\u00fcgt.\" \/>\n<meta property=\"og:url\" content=\"https:\/\/www.novotelbucharestcitycentre.com\/de\/zimmer-suiten\/presidential-suite\/\" \/>\n<meta property=\"og:site_name\" content=\"Novotel Bucarest City Centre SL\" \/>\n<meta property=\"article:modified_time\" content=\"2022-12-22T11:56:20+00:00\" \/>\n<meta name=\"twitter:card\" content=\"summary_large_image\" \/>\n<meta name=\"twitter:label1\" content=\"Gesch\u00e4tzte Lesezeit\" \/>\n\t<meta name=\"twitter:data1\" content=\"1 Minute\" \/>\n<script type=\"application\/ld+json\" class=\"yoast-schema-graph\">{\"@context\":\"https:\/\/schema.org\",\"@graph\":[{\"@type\":\"WebPage\",\"@id\":\"https:\/\/www.novotelbucharestcitycentre.com\/de\/zimmer-suiten\/presidential-suite\/\",\"url\":\"https:\/\/www.novotelbucharestcitycentre.com\/de\/zimmer-suiten\/presidential-suite\/\",\"name\":\"Presidential Suite | Novotel Bucharest City Center | 4-Sterne-Hotel\",\"isPartOf\":{\"@id\":\"https:\/\/www.novotelbucharestcitycentre.com\/#website\"},\"datePublished\":\"2022-11-29T16:14:26+00:00\",\"dateModified\":\"2022-12-22T11:56:20+00:00\",\"description\":\"Buchen Sie die exklusive Presidential Suite und freuen Sie sich auf die beste luxuri\u00f6se Unterkunft in Bukarest, die \u00fcber einen separaten Wohn-, Ess- und Schlafbereich sowie eine eigene Bar verf\u00fcgt.\",\"breadcrumb\":{\"@id\":\"https:\/\/www.novotelbucharestcitycentre.com\/de\/zimmer-suiten\/presidential-suite\/#breadcrumb\"},\"inLanguage\":\"de-DE\",\"potentialAction\":[{\"@type\":\"ReadAction\",\"target\":[\"https:\/\/www.novotelbucharestcitycentre.com\/de\/zimmer-suiten\/presidential-suite\/\"]}]},{\"@type\":\"BreadcrumbList\",\"@id\":\"https:\/\/www.novotelbucharestcitycentre.com\/de\/zimmer-suiten\/presidential-suite\/#breadcrumb\",\"itemListElement\":[{\"@type\":\"ListItem\",\"position\":1,\"name\":\"Home\",\"item\":\"https:\/\/www.novotelbucharestcitycentre.com\/de\/\"},{\"@type\":\"ListItem\",\"position\":2,\"name\":\"ZIMMER &#038; SUITEN\",\"item\":\"https:\/\/www.novotelbucharestcitycentre.com\/de\/zimmer-suiten\/\"},{\"@type\":\"ListItem\",\"position\":3,\"name\":\"PRESIDENTIAL SUITE\"}]},{\"@type\":\"WebSite\",\"@id\":\"https:\/\/www.novotelbucharestcitycentre.com\/#website\",\"url\":\"https:\/\/www.novotelbucharestcitycentre.com\/\",\"name\":\"Novotel Bucarest City Centre SL\",\"description\":\"Just another D-Edge Accor V2 Sites Hosting site\",\"potentialAction\":[{\"@type\":\"SearchAction\",\"target\":{\"@type\":\"EntryPoint\",\"urlTemplate\":\"https:\/\/www.novotelbucharestcitycentre.com\/?s={search_term_string}\"},\"query-input\":{\"@type\":\"PropertyValueSpecification\",\"valueRequired\":true,\"valueName\":\"search_term_string\"}}],\"inLanguage\":\"de-DE\"}]}<\/script>\n<!-- \/ Yoast SEO plugin. -->","yoast_head_json":{"title":"Presidential Suite | Novotel Bucharest City Center | 4-Sterne-Hotel","description":"Buchen Sie die exklusive Presidential Suite und freuen Sie sich auf die beste luxuri\u00f6se Unterkunft in Bukarest, die \u00fcber einen separaten Wohn-, Ess- und Schlafbereich sowie eine eigene Bar verf\u00fcgt.","robots":{"index":"index","follow":"follow","max-snippet":"max-snippet:-1","max-image-preview":"max-image-preview:large","max-video-preview":"max-video-preview:-1"},"canonical":"https:\/\/www.novotelbucharestcitycentre.com\/de\/zimmer-suiten\/presidential-suite\/","og_locale":"de_DE","og_type":"article","og_title":"Presidential Suite | Novotel Bucharest City Center | 4-Sterne-Hotel","og_description":"Buchen Sie die exklusive Presidential Suite und freuen Sie sich auf die beste luxuri\u00f6se Unterkunft in Bukarest, die \u00fcber einen separaten Wohn-, Ess- und Schlafbereich sowie eine eigene Bar verf\u00fcgt.","og_url":"https:\/\/www.novotelbucharestcitycentre.com\/de\/zimmer-suiten\/presidential-suite\/","og_site_name":"Novotel Bucarest City Centre SL","article_modified_time":"2022-12-22T11:56:20+00:00","twitter_card":"summary_large_image","twitter_misc":{"Gesch\u00e4tzte Lesezeit":"1 Minute"},"schema":{"@context":"https:\/\/schema.org","@graph":[{"@type":"WebPage","@id":"https:\/\/www.novotelbucharestcitycentre.com\/de\/zimmer-suiten\/presidential-suite\/","url":"https:\/\/www.novotelbucharestcitycentre.com\/de\/zimmer-suiten\/presidential-suite\/","name":"Presidential Suite | Novotel Bucharest City Center | 4-Sterne-Hotel","isPartOf":{"@id":"https:\/\/www.novotelbucharestcitycentre.com\/#website"},"datePublished":"2022-11-29T16:14:26+00:00","dateModified":"2022-12-22T11:56:20+00:00","description":"Buchen Sie die exklusive Presidential Suite und freuen Sie sich auf die beste luxuri\u00f6se Unterkunft in Bukarest, die \u00fcber einen separaten Wohn-, Ess- und Schlafbereich sowie eine eigene Bar verf\u00fcgt.","breadcrumb":{"@id":"https:\/\/www.novotelbucharestcitycentre.com\/de\/zimmer-suiten\/presidential-suite\/#breadcrumb"},"inLanguage":"de-DE","potentialAction":[{"@type":"ReadAction","target":["https:\/\/www.novotelbucharestcitycentre.com\/de\/zimmer-suiten\/presidential-suite\/"]}]},{"@type":"BreadcrumbList","@id":"https:\/\/www.novotelbucharestcitycentre.com\/de\/zimmer-suiten\/presidential-suite\/#breadcrumb","itemListElement":[{"@type":"ListItem","position":1,"name":"Home","item":"https:\/\/www.novotelbucharestcitycentre.com\/de\/"},{"@type":"ListItem","position":2,"name":"ZIMMER &#038; SUITEN","item":"https:\/\/www.novotelbucharestcitycentre.com\/de\/zimmer-suiten\/"},{"@type":"ListItem","position":3,"name":"PRESIDENTIAL SUITE"}]},{"@type":"WebSite","@id":"https:\/\/www.novotelbucharestcitycentre.com\/#website","url":"https:\/\/www.novotelbucharestcitycentre.com\/","name":"Novotel Bucarest City Centre SL","description":"Just another D-Edge Accor V2 Sites Hosting site","potentialAction":[{"@type":"SearchAction","target":{"@type":"EntryPoint","urlTemplate":"https:\/\/www.novotelbucharestcitycentre.com\/?s={search_term_string}"},"query-input":{"@type":"PropertyValueSpecification","valueRequired":true,"valueName":"search_term_string"}}],"inLanguage":"de-DE"}]}},"_links":{"self":[{"href":"https:\/\/www.novotelbucharestcitycentre.com\/de\/wp-json\/wp\/v2\/pages\/301","targetHints":{"allow":["GET"]}}],"collection":[{"href":"https:\/\/www.novotelbucharestcitycentre.com\/de\/wp-json\/wp\/v2\/pages"}],"about":[{"href":"https:\/\/www.novotelbucharestcitycentre.com\/de\/wp-json\/wp\/v2\/types\/page"}],"author":[{"embeddable":true,"href":"https:\/\/www.novotelbucharestcitycentre.com\/de\/wp-json\/wp\/v2\/users\/26"}],"replies":[{"embeddable":true,"href":"https:\/\/www.novotelbucharestcitycentre.com\/de\/wp-json\/wp\/v2\/comments?post=301"}],"version-history":[{"count":0,"href":"https:\/\/www.novotelbucharestcitycentre.com\/de\/wp-json\/wp\/v2\/pages\/301\/revisions"}],"up":[{"embeddable":true,"href":"https:\/\/www.novotelbucharestcitycentre.com\/de\/wp-json\/wp\/v2\/pages\/268"}],"wp:attachment":[{"href":"https:\/\/www.novotelbucharestcitycentre.com\/de\/wp-json\/wp\/v2\/media?parent=301"}],"wp:term":[{"taxonomy":"category","embeddable":true,"href":"https:\/\/www.novotelbucharestcitycentre.com\/de\/wp-json\/wp\/v2\/categories?post=301"}],"curies":[{"name":"wp","href":"https:\/\/api.w.org\/{rel}","templated":true}]}}