{"id":295,"date":"2022-11-29T16:07:27","date_gmt":"2022-11-29T16:07:27","guid":{"rendered":"https:\/\/novotelbucarest.accorv2prod.decms.eu\/zimmer-suiten\/novation-suite\/"},"modified":"2022-12-22T11:51:41","modified_gmt":"2022-12-22T11:51:41","slug":"novation-suite","status":"publish","type":"page","link":"https:\/\/www.novotelbucharestcitycentre.com\/de\/zimmer-suiten\/novation-suite\/","title":{"rendered":"NOVATION SUITE"},"content":{"rendered":"<p>Suchen Sie nach etwas mehr Platz und Intimsph\u00e4re w\u00e4hrend Ihres Aufenthalts im Zentrum von Bukarest? Dann haben Sie es in unserer ger\u00e4umigen Novation Suite mit Aussicht auf die Stadt und einer Oberfl\u00e4che von mindestens 50 m\u00b2 gefunden. Es verf\u00fcgt \u00fcber mehr Exklusivit\u00e4t, indem es sich auf einer Etage des Hotels befindet, die nur f\u00fcr Suiten vorbehalten ist.<\/p>\n<p>Reisen Sie mit der Familie? Das gro\u00dfe Sofa kann in ein bequemes Bett umgewandelt werden, w\u00e4hrend der ger\u00e4umige, elegant eingerichtete Wohnbereich und ein separates Schlafzimmer daf\u00fcr sorgen, dass Sie alle die passende Kombination von Privatsph\u00e4re und Zusammensein genie\u00dfen. Gesch\u00e4ftliches und Privates miteinander zu verbinden ist dank des gro\u00dfz\u00fcgigen Arbeitsbereiches und des erstklassigen Hochgeschwindigkeits-Wi-Fi m\u00f6glich &#8211; und sollte man mehr Energie brauchen, steht da eine Espressomaschine auch zur Verf\u00fcgung<\/p>\n<p>Die kostenlose Getr\u00e4nke aus der Minibar sowie der kostenlose und bewachte Parkplatz, wie auch die kostenlose Nutzung von Sitzungsr\u00e4umen (je nach Verf\u00fcgbarkeit) geh\u00f6ren zu den weiteren kleinen Annehmlichkeiten, die Ihren Aufenthalt in einer Novation Suite noch angenehmer gestalten.<\/p>\n","protected":false},"excerpt":{"rendered":"<p>Suchen Sie nach etwas mehr Platz und Intimsph\u00e4re w\u00e4hrend Ihres Aufenthalts im Zentrum von Bukarest? Dann haben Sie es in unserer ger\u00e4umigen Novation Suite mit Aussicht auf die Stadt und einer Oberfl\u00e4che von mindestens 50 m\u00b2 gefunden. Es verf\u00fcgt \u00fcber mehr Exklusivit\u00e4t, indem es sich auf einer Etage des Hotels befindet, die nur f\u00fcr Suiten [&hellip;]<\/p>\n","protected":false},"author":26,"featured_media":0,"parent":268,"menu_order":15,"comment_status":"closed","ping_status":"closed","template":"template-room.php","meta":{"footnotes":""},"categories":[53],"class_list":["post-295","page","type-page","status-publish","hentry","category-suites"],"acf":[],"yoast_head":"<!-- This site is optimized with the Yoast SEO plugin v26.9 - https:\/\/yoast.com\/product\/yoast-seo-wordpress\/ -->\n<title>Novation Suite | Novotel Bucharest City Center | 4-Sterne-Hotel<\/title>\n<meta name=\"description\" content=\"Buchen Sie eine ger\u00e4umige Novation Suite mit separatem Wohnbereich f\u00fcr einen Familienurlaub in Bukarest, mit zus\u00e4tzlichen Vorteilen wie einer Espressomaschine und kostenlosem Parkplatz.\" \/>\n<meta name=\"robots\" content=\"index, follow, max-snippet:-1, max-image-preview:large, max-video-preview:-1\" \/>\n<link rel=\"canonical\" href=\"https:\/\/www.novotelbucharestcitycentre.com\/de\/zimmer-suiten\/novation-suite\/\" \/>\n<meta property=\"og:locale\" content=\"de_DE\" \/>\n<meta property=\"og:type\" content=\"article\" \/>\n<meta property=\"og:title\" content=\"Novation Suite | Novotel Bucharest City Center | 4-Sterne-Hotel\" \/>\n<meta property=\"og:description\" content=\"Buchen Sie eine ger\u00e4umige Novation Suite mit separatem Wohnbereich f\u00fcr einen Familienurlaub in Bukarest, mit zus\u00e4tzlichen Vorteilen wie einer Espressomaschine und kostenlosem Parkplatz.\" \/>\n<meta property=\"og:url\" content=\"https:\/\/www.novotelbucharestcitycentre.com\/de\/zimmer-suiten\/novation-suite\/\" \/>\n<meta property=\"og:site_name\" content=\"Novotel Bucarest City Centre SL\" \/>\n<meta property=\"article:modified_time\" content=\"2022-12-22T11:51:41+00:00\" \/>\n<meta name=\"twitter:card\" content=\"summary_large_image\" \/>\n<meta name=\"twitter:label1\" content=\"Gesch\u00e4tzte Lesezeit\" \/>\n\t<meta name=\"twitter:data1\" content=\"1 Minute\" \/>\n<script type=\"application\/ld+json\" class=\"yoast-schema-graph\">{\"@context\":\"https:\/\/schema.org\",\"@graph\":[{\"@type\":\"WebPage\",\"@id\":\"https:\/\/www.novotelbucharestcitycentre.com\/de\/zimmer-suiten\/novation-suite\/\",\"url\":\"https:\/\/www.novotelbucharestcitycentre.com\/de\/zimmer-suiten\/novation-suite\/\",\"name\":\"Novation Suite | Novotel Bucharest City Center | 4-Sterne-Hotel\",\"isPartOf\":{\"@id\":\"https:\/\/www.novotelbucharestcitycentre.com\/#website\"},\"datePublished\":\"2022-11-29T16:07:27+00:00\",\"dateModified\":\"2022-12-22T11:51:41+00:00\",\"description\":\"Buchen Sie eine ger\u00e4umige Novation Suite mit separatem Wohnbereich f\u00fcr einen Familienurlaub in Bukarest, mit zus\u00e4tzlichen Vorteilen wie einer Espressomaschine und kostenlosem Parkplatz.\",\"breadcrumb\":{\"@id\":\"https:\/\/www.novotelbucharestcitycentre.com\/de\/zimmer-suiten\/novation-suite\/#breadcrumb\"},\"inLanguage\":\"de-DE\",\"potentialAction\":[{\"@type\":\"ReadAction\",\"target\":[\"https:\/\/www.novotelbucharestcitycentre.com\/de\/zimmer-suiten\/novation-suite\/\"]}]},{\"@type\":\"BreadcrumbList\",\"@id\":\"https:\/\/www.novotelbucharestcitycentre.com\/de\/zimmer-suiten\/novation-suite\/#breadcrumb\",\"itemListElement\":[{\"@type\":\"ListItem\",\"position\":1,\"name\":\"Home\",\"item\":\"https:\/\/www.novotelbucharestcitycentre.com\/de\/\"},{\"@type\":\"ListItem\",\"position\":2,\"name\":\"ZIMMER &#038; SUITEN\",\"item\":\"https:\/\/www.novotelbucharestcitycentre.com\/de\/zimmer-suiten\/\"},{\"@type\":\"ListItem\",\"position\":3,\"name\":\"NOVATION SUITE\"}]},{\"@type\":\"WebSite\",\"@id\":\"https:\/\/www.novotelbucharestcitycentre.com\/#website\",\"url\":\"https:\/\/www.novotelbucharestcitycentre.com\/\",\"name\":\"Novotel Bucarest City Centre SL\",\"description\":\"Just another D-Edge Accor V2 Sites Hosting site\",\"potentialAction\":[{\"@type\":\"SearchAction\",\"target\":{\"@type\":\"EntryPoint\",\"urlTemplate\":\"https:\/\/www.novotelbucharestcitycentre.com\/?s={search_term_string}\"},\"query-input\":{\"@type\":\"PropertyValueSpecification\",\"valueRequired\":true,\"valueName\":\"search_term_string\"}}],\"inLanguage\":\"de-DE\"}]}<\/script>\n<!-- \/ Yoast SEO plugin. -->","yoast_head_json":{"title":"Novation Suite | Novotel Bucharest City Center | 4-Sterne-Hotel","description":"Buchen Sie eine ger\u00e4umige Novation Suite mit separatem Wohnbereich f\u00fcr einen Familienurlaub in Bukarest, mit zus\u00e4tzlichen Vorteilen wie einer Espressomaschine und kostenlosem Parkplatz.","robots":{"index":"index","follow":"follow","max-snippet":"max-snippet:-1","max-image-preview":"max-image-preview:large","max-video-preview":"max-video-preview:-1"},"canonical":"https:\/\/www.novotelbucharestcitycentre.com\/de\/zimmer-suiten\/novation-suite\/","og_locale":"de_DE","og_type":"article","og_title":"Novation Suite | Novotel Bucharest City Center | 4-Sterne-Hotel","og_description":"Buchen Sie eine ger\u00e4umige Novation Suite mit separatem Wohnbereich f\u00fcr einen Familienurlaub in Bukarest, mit zus\u00e4tzlichen Vorteilen wie einer Espressomaschine und kostenlosem Parkplatz.","og_url":"https:\/\/www.novotelbucharestcitycentre.com\/de\/zimmer-suiten\/novation-suite\/","og_site_name":"Novotel Bucarest City Centre SL","article_modified_time":"2022-12-22T11:51:41+00:00","twitter_card":"summary_large_image","twitter_misc":{"Gesch\u00e4tzte Lesezeit":"1 Minute"},"schema":{"@context":"https:\/\/schema.org","@graph":[{"@type":"WebPage","@id":"https:\/\/www.novotelbucharestcitycentre.com\/de\/zimmer-suiten\/novation-suite\/","url":"https:\/\/www.novotelbucharestcitycentre.com\/de\/zimmer-suiten\/novation-suite\/","name":"Novation Suite | Novotel Bucharest City Center | 4-Sterne-Hotel","isPartOf":{"@id":"https:\/\/www.novotelbucharestcitycentre.com\/#website"},"datePublished":"2022-11-29T16:07:27+00:00","dateModified":"2022-12-22T11:51:41+00:00","description":"Buchen Sie eine ger\u00e4umige Novation Suite mit separatem Wohnbereich f\u00fcr einen Familienurlaub in Bukarest, mit zus\u00e4tzlichen Vorteilen wie einer Espressomaschine und kostenlosem Parkplatz.","breadcrumb":{"@id":"https:\/\/www.novotelbucharestcitycentre.com\/de\/zimmer-suiten\/novation-suite\/#breadcrumb"},"inLanguage":"de-DE","potentialAction":[{"@type":"ReadAction","target":["https:\/\/www.novotelbucharestcitycentre.com\/de\/zimmer-suiten\/novation-suite\/"]}]},{"@type":"BreadcrumbList","@id":"https:\/\/www.novotelbucharestcitycentre.com\/de\/zimmer-suiten\/novation-suite\/#breadcrumb","itemListElement":[{"@type":"ListItem","position":1,"name":"Home","item":"https:\/\/www.novotelbucharestcitycentre.com\/de\/"},{"@type":"ListItem","position":2,"name":"ZIMMER &#038; SUITEN","item":"https:\/\/www.novotelbucharestcitycentre.com\/de\/zimmer-suiten\/"},{"@type":"ListItem","position":3,"name":"NOVATION SUITE"}]},{"@type":"WebSite","@id":"https:\/\/www.novotelbucharestcitycentre.com\/#website","url":"https:\/\/www.novotelbucharestcitycentre.com\/","name":"Novotel Bucarest City Centre SL","description":"Just another D-Edge Accor V2 Sites Hosting site","potentialAction":[{"@type":"SearchAction","target":{"@type":"EntryPoint","urlTemplate":"https:\/\/www.novotelbucharestcitycentre.com\/?s={search_term_string}"},"query-input":{"@type":"PropertyValueSpecification","valueRequired":true,"valueName":"search_term_string"}}],"inLanguage":"de-DE"}]}},"_links":{"self":[{"href":"https:\/\/www.novotelbucharestcitycentre.com\/de\/wp-json\/wp\/v2\/pages\/295","targetHints":{"allow":["GET"]}}],"collection":[{"href":"https:\/\/www.novotelbucharestcitycentre.com\/de\/wp-json\/wp\/v2\/pages"}],"about":[{"href":"https:\/\/www.novotelbucharestcitycentre.com\/de\/wp-json\/wp\/v2\/types\/page"}],"author":[{"embeddable":true,"href":"https:\/\/www.novotelbucharestcitycentre.com\/de\/wp-json\/wp\/v2\/users\/26"}],"replies":[{"embeddable":true,"href":"https:\/\/www.novotelbucharestcitycentre.com\/de\/wp-json\/wp\/v2\/comments?post=295"}],"version-history":[{"count":0,"href":"https:\/\/www.novotelbucharestcitycentre.com\/de\/wp-json\/wp\/v2\/pages\/295\/revisions"}],"up":[{"embeddable":true,"href":"https:\/\/www.novotelbucharestcitycentre.com\/de\/wp-json\/wp\/v2\/pages\/268"}],"wp:attachment":[{"href":"https:\/\/www.novotelbucharestcitycentre.com\/de\/wp-json\/wp\/v2\/media?parent=295"}],"wp:term":[{"taxonomy":"category","embeddable":true,"href":"https:\/\/www.novotelbucharestcitycentre.com\/de\/wp-json\/wp\/v2\/categories?post=295"}],"curies":[{"name":"wp","href":"https:\/\/api.w.org\/{rel}","templated":true}]}}