{"id":285,"date":"2022-11-29T15:59:46","date_gmt":"2022-11-29T15:59:46","guid":{"rendered":"https:\/\/novotelbucarest.accorv2prod.decms.eu\/zimmer-suiten\/executive-room\/"},"modified":"2022-12-22T11:47:09","modified_gmt":"2022-12-22T11:47:09","slug":"executive-zimmer","status":"publish","type":"page","link":"https:\/\/www.novotelbucharestcitycentre.com\/de\/zimmer-suiten\/executive-zimmer\/","title":{"rendered":"EXECUTIVE-ZIMMER"},"content":{"rendered":"<p>Das in neutralen T\u00f6nen dekorierte und mit lebhaften Farbtropfen und auff\u00e4lligen Wandmalereien versehene Executive-Zimmer ist die ideale Unterkunft in Bukarest f\u00fcr Singles oder Paare, die auf der Suche nach mehr Komfort sind.<br \/>\nDer mindestens 24 m\u00b2 gro\u00dfer, intelligent gestalteter Raum bietet Ihnen viel Bewegungsfreiheit. Die schnelle Internetverbindung und eine Espressomaschine verwandeln Arbeit zum Vergn\u00fcgen und sollten Sie entspannen wollen, stehen Ihnen ein bequemes, Sofa sowie kostenlose Getr\u00e4nke und Snacks aus der Minibar zur Verf\u00fcgung.M\u00f6chten Sie mehr erfahren? Andere Vorteile ihres Executive-Zimmers sind ein Queen-Size-Bett, hochwertige Toilettenartikel, kostenlose bewachte Parkpl\u00e4tze und die kostenlose Nutzung von Sitzungsr\u00e4umen (je nach Verf\u00fcgbarkeit).<\/p>\n<p>&nbsp;<\/p>\n","protected":false},"excerpt":{"rendered":"<p>Das in neutralen T\u00f6nen dekorierte und mit lebhaften Farbtropfen und auff\u00e4lligen Wandmalereien versehene Executive-Zimmer ist die ideale Unterkunft in Bukarest f\u00fcr Singles oder Paare, die auf der Suche nach mehr Komfort sind. Der mindestens 24 m\u00b2 gro\u00dfer, intelligent gestalteter Raum bietet Ihnen viel Bewegungsfreiheit. Die schnelle Internetverbindung und eine Espressomaschine verwandeln Arbeit zum Vergn\u00fcgen und [&hellip;]<\/p>\n","protected":false},"author":26,"featured_media":0,"parent":268,"menu_order":13,"comment_status":"closed","ping_status":"closed","template":"template-room.php","meta":{"footnotes":""},"categories":[49],"class_list":["post-285","page","type-page","status-publish","hentry","category-zimmer"],"acf":[],"yoast_head":"<!-- This site is optimized with the Yoast SEO plugin v26.9 - https:\/\/yoast.com\/product\/yoast-seo-wordpress\/ -->\n<title>Executive Zimmer | Novotel Bucharest City Center | 4-Sterne-Hotel<\/title>\n<meta name=\"description\" content=\"Buchen Sie ein modernes Executive Zimmer auf der Calea Victoriei und genie\u00dfen Sie die Vorteile sowie eine kostenlose Minibar und kostenlose, bewachte Parkpl\u00e4tze im Zentrum von Bukarest.\" \/>\n<meta name=\"robots\" content=\"index, follow, max-snippet:-1, max-image-preview:large, max-video-preview:-1\" \/>\n<link rel=\"canonical\" href=\"https:\/\/www.novotelbucharestcitycentre.com\/de\/zimmer-suiten\/executive-zimmer\/\" \/>\n<meta property=\"og:locale\" content=\"de_DE\" \/>\n<meta property=\"og:type\" content=\"article\" \/>\n<meta property=\"og:title\" content=\"Executive Zimmer | Novotel Bucharest City Center | 4-Sterne-Hotel\" \/>\n<meta property=\"og:description\" content=\"Buchen Sie ein modernes Executive Zimmer auf der Calea Victoriei und genie\u00dfen Sie die Vorteile sowie eine kostenlose Minibar und kostenlose, bewachte Parkpl\u00e4tze im Zentrum von Bukarest.\" \/>\n<meta property=\"og:url\" content=\"https:\/\/www.novotelbucharestcitycentre.com\/de\/zimmer-suiten\/executive-zimmer\/\" \/>\n<meta property=\"og:site_name\" content=\"Novotel Bucarest City Centre SL\" \/>\n<meta property=\"article:modified_time\" content=\"2022-12-22T11:47:09+00:00\" \/>\n<meta name=\"twitter:card\" content=\"summary_large_image\" \/>\n<meta name=\"twitter:label1\" content=\"Gesch\u00e4tzte Lesezeit\" \/>\n\t<meta name=\"twitter:data1\" content=\"1 Minute\" \/>\n<script type=\"application\/ld+json\" class=\"yoast-schema-graph\">{\"@context\":\"https:\/\/schema.org\",\"@graph\":[{\"@type\":\"WebPage\",\"@id\":\"https:\/\/www.novotelbucharestcitycentre.com\/de\/zimmer-suiten\/executive-zimmer\/\",\"url\":\"https:\/\/www.novotelbucharestcitycentre.com\/de\/zimmer-suiten\/executive-zimmer\/\",\"name\":\"Executive Zimmer | Novotel Bucharest City Center | 4-Sterne-Hotel\",\"isPartOf\":{\"@id\":\"https:\/\/www.novotelbucharestcitycentre.com\/#website\"},\"datePublished\":\"2022-11-29T15:59:46+00:00\",\"dateModified\":\"2022-12-22T11:47:09+00:00\",\"description\":\"Buchen Sie ein modernes Executive Zimmer auf der Calea Victoriei und genie\u00dfen Sie die Vorteile sowie eine kostenlose Minibar und kostenlose, bewachte Parkpl\u00e4tze im Zentrum von Bukarest.\",\"breadcrumb\":{\"@id\":\"https:\/\/www.novotelbucharestcitycentre.com\/de\/zimmer-suiten\/executive-zimmer\/#breadcrumb\"},\"inLanguage\":\"de-DE\",\"potentialAction\":[{\"@type\":\"ReadAction\",\"target\":[\"https:\/\/www.novotelbucharestcitycentre.com\/de\/zimmer-suiten\/executive-zimmer\/\"]}]},{\"@type\":\"BreadcrumbList\",\"@id\":\"https:\/\/www.novotelbucharestcitycentre.com\/de\/zimmer-suiten\/executive-zimmer\/#breadcrumb\",\"itemListElement\":[{\"@type\":\"ListItem\",\"position\":1,\"name\":\"Home\",\"item\":\"https:\/\/www.novotelbucharestcitycentre.com\/de\/\"},{\"@type\":\"ListItem\",\"position\":2,\"name\":\"ZIMMER &#038; SUITEN\",\"item\":\"https:\/\/www.novotelbucharestcitycentre.com\/de\/zimmer-suiten\/\"},{\"@type\":\"ListItem\",\"position\":3,\"name\":\"EXECUTIVE-ZIMMER\"}]},{\"@type\":\"WebSite\",\"@id\":\"https:\/\/www.novotelbucharestcitycentre.com\/#website\",\"url\":\"https:\/\/www.novotelbucharestcitycentre.com\/\",\"name\":\"Novotel Bucarest City Centre SL\",\"description\":\"Just another D-Edge Accor V2 Sites Hosting site\",\"potentialAction\":[{\"@type\":\"SearchAction\",\"target\":{\"@type\":\"EntryPoint\",\"urlTemplate\":\"https:\/\/www.novotelbucharestcitycentre.com\/?s={search_term_string}\"},\"query-input\":{\"@type\":\"PropertyValueSpecification\",\"valueRequired\":true,\"valueName\":\"search_term_string\"}}],\"inLanguage\":\"de-DE\"}]}<\/script>\n<!-- \/ Yoast SEO plugin. -->","yoast_head_json":{"title":"Executive Zimmer | Novotel Bucharest City Center | 4-Sterne-Hotel","description":"Buchen Sie ein modernes Executive Zimmer auf der Calea Victoriei und genie\u00dfen Sie die Vorteile sowie eine kostenlose Minibar und kostenlose, bewachte Parkpl\u00e4tze im Zentrum von Bukarest.","robots":{"index":"index","follow":"follow","max-snippet":"max-snippet:-1","max-image-preview":"max-image-preview:large","max-video-preview":"max-video-preview:-1"},"canonical":"https:\/\/www.novotelbucharestcitycentre.com\/de\/zimmer-suiten\/executive-zimmer\/","og_locale":"de_DE","og_type":"article","og_title":"Executive Zimmer | Novotel Bucharest City Center | 4-Sterne-Hotel","og_description":"Buchen Sie ein modernes Executive Zimmer auf der Calea Victoriei und genie\u00dfen Sie die Vorteile sowie eine kostenlose Minibar und kostenlose, bewachte Parkpl\u00e4tze im Zentrum von Bukarest.","og_url":"https:\/\/www.novotelbucharestcitycentre.com\/de\/zimmer-suiten\/executive-zimmer\/","og_site_name":"Novotel Bucarest City Centre SL","article_modified_time":"2022-12-22T11:47:09+00:00","twitter_card":"summary_large_image","twitter_misc":{"Gesch\u00e4tzte Lesezeit":"1 Minute"},"schema":{"@context":"https:\/\/schema.org","@graph":[{"@type":"WebPage","@id":"https:\/\/www.novotelbucharestcitycentre.com\/de\/zimmer-suiten\/executive-zimmer\/","url":"https:\/\/www.novotelbucharestcitycentre.com\/de\/zimmer-suiten\/executive-zimmer\/","name":"Executive Zimmer | Novotel Bucharest City Center | 4-Sterne-Hotel","isPartOf":{"@id":"https:\/\/www.novotelbucharestcitycentre.com\/#website"},"datePublished":"2022-11-29T15:59:46+00:00","dateModified":"2022-12-22T11:47:09+00:00","description":"Buchen Sie ein modernes Executive Zimmer auf der Calea Victoriei und genie\u00dfen Sie die Vorteile sowie eine kostenlose Minibar und kostenlose, bewachte Parkpl\u00e4tze im Zentrum von Bukarest.","breadcrumb":{"@id":"https:\/\/www.novotelbucharestcitycentre.com\/de\/zimmer-suiten\/executive-zimmer\/#breadcrumb"},"inLanguage":"de-DE","potentialAction":[{"@type":"ReadAction","target":["https:\/\/www.novotelbucharestcitycentre.com\/de\/zimmer-suiten\/executive-zimmer\/"]}]},{"@type":"BreadcrumbList","@id":"https:\/\/www.novotelbucharestcitycentre.com\/de\/zimmer-suiten\/executive-zimmer\/#breadcrumb","itemListElement":[{"@type":"ListItem","position":1,"name":"Home","item":"https:\/\/www.novotelbucharestcitycentre.com\/de\/"},{"@type":"ListItem","position":2,"name":"ZIMMER &#038; SUITEN","item":"https:\/\/www.novotelbucharestcitycentre.com\/de\/zimmer-suiten\/"},{"@type":"ListItem","position":3,"name":"EXECUTIVE-ZIMMER"}]},{"@type":"WebSite","@id":"https:\/\/www.novotelbucharestcitycentre.com\/#website","url":"https:\/\/www.novotelbucharestcitycentre.com\/","name":"Novotel Bucarest City Centre SL","description":"Just another D-Edge Accor V2 Sites Hosting site","potentialAction":[{"@type":"SearchAction","target":{"@type":"EntryPoint","urlTemplate":"https:\/\/www.novotelbucharestcitycentre.com\/?s={search_term_string}"},"query-input":{"@type":"PropertyValueSpecification","valueRequired":true,"valueName":"search_term_string"}}],"inLanguage":"de-DE"}]}},"_links":{"self":[{"href":"https:\/\/www.novotelbucharestcitycentre.com\/de\/wp-json\/wp\/v2\/pages\/285","targetHints":{"allow":["GET"]}}],"collection":[{"href":"https:\/\/www.novotelbucharestcitycentre.com\/de\/wp-json\/wp\/v2\/pages"}],"about":[{"href":"https:\/\/www.novotelbucharestcitycentre.com\/de\/wp-json\/wp\/v2\/types\/page"}],"author":[{"embeddable":true,"href":"https:\/\/www.novotelbucharestcitycentre.com\/de\/wp-json\/wp\/v2\/users\/26"}],"replies":[{"embeddable":true,"href":"https:\/\/www.novotelbucharestcitycentre.com\/de\/wp-json\/wp\/v2\/comments?post=285"}],"version-history":[{"count":0,"href":"https:\/\/www.novotelbucharestcitycentre.com\/de\/wp-json\/wp\/v2\/pages\/285\/revisions"}],"up":[{"embeddable":true,"href":"https:\/\/www.novotelbucharestcitycentre.com\/de\/wp-json\/wp\/v2\/pages\/268"}],"wp:attachment":[{"href":"https:\/\/www.novotelbucharestcitycentre.com\/de\/wp-json\/wp\/v2\/media?parent=285"}],"wp:term":[{"taxonomy":"category","embeddable":true,"href":"https:\/\/www.novotelbucharestcitycentre.com\/de\/wp-json\/wp\/v2\/categories?post=285"}],"curies":[{"name":"wp","href":"https:\/\/api.w.org\/{rel}","templated":true}]}}