{"id":279,"date":"2022-11-29T14:48:12","date_gmt":"2022-11-29T14:48:12","guid":{"rendered":"https:\/\/novotelbucarest.accorv2prod.decms.eu\/zimmer-suiten\/superior-room-with-2-single-beds\/"},"modified":"2022-12-22T11:47:53","modified_gmt":"2022-12-22T11:47:53","slug":"superior-zimmer-mit-2-einzelbetten","status":"publish","type":"page","link":"https:\/\/www.novotelbucharestcitycentre.com\/de\/zimmer-suiten\/superior-zimmer-mit-2-einzelbetten\/","title":{"rendered":"SUPERIOR-ZIMMER MIT 2 EINZELBETTEN"},"content":{"rendered":"<p>Reisen Sie mit einem Freund oder einem Familienmitglied? Unser helles und modernes Superior-Zimmer mit zwei Einzelbetten ist die perfekte Wahl f\u00fcr Ihren Aufenthalt im lebhaften Bukarest, mit mindestens 24 m\u00b2 haben Sie viel Platz f\u00fcr Ihre Aktivit\u00e4ten zur Verf\u00fcgung.<\/p>\n<p>Ihr Zimmer ist einladend und funktional und dank modernster Kommunikationsmittel bleiben Sie stets auf dem Laufenden. Entspannen Sie sich am Ende eines vollen Tages mit einem wohltuenden Bad in der gro\u00dfen, eigenst\u00e4ndigen Badewanne.<\/p>\n","protected":false},"excerpt":{"rendered":"<p>Reisen Sie mit einem Freund oder einem Familienmitglied? Unser helles und modernes Superior-Zimmer mit zwei Einzelbetten ist die perfekte Wahl f\u00fcr Ihren Aufenthalt im lebhaften Bukarest, mit mindestens 24 m\u00b2 haben Sie viel Platz f\u00fcr Ihre Aktivit\u00e4ten zur Verf\u00fcgung. Ihr Zimmer ist einladend und funktional und dank modernster Kommunikationsmittel bleiben Sie stets auf dem Laufenden. [&hellip;]<\/p>\n","protected":false},"author":26,"featured_media":0,"parent":268,"menu_order":12,"comment_status":"closed","ping_status":"closed","template":"template-room.php","meta":{"footnotes":""},"categories":[49],"class_list":["post-279","page","type-page","status-publish","hentry","category-zimmer"],"acf":[],"yoast_head":"<!-- This site is optimized with the Yoast SEO plugin v26.9 - https:\/\/yoast.com\/product\/yoast-seo-wordpress\/ -->\n<title>Superior-Zimmer mit 2 Einzelbetten | Novotel Bucharest City Center<\/title>\n<meta name=\"description\" content=\"Ideal f\u00fcr einen Besuch in Bukarest mit Freunden oder Familie, unsere elegante, klug gestaltete Superior-Zimmer in der N\u00e4he der Altstadt, verf\u00fcgen \u00fcber 2 Einzelbetten und kostenloses, schnelles Wi-Fi.\" \/>\n<meta name=\"robots\" content=\"index, follow, max-snippet:-1, max-image-preview:large, max-video-preview:-1\" \/>\n<link rel=\"canonical\" href=\"https:\/\/www.novotelbucharestcitycentre.com\/de\/zimmer-suiten\/superior-zimmer-mit-2-einzelbetten\/\" \/>\n<meta property=\"og:locale\" content=\"de_DE\" \/>\n<meta property=\"og:type\" content=\"article\" \/>\n<meta property=\"og:title\" content=\"Superior-Zimmer mit 2 Einzelbetten | Novotel Bucharest City Center\" \/>\n<meta property=\"og:description\" content=\"Ideal f\u00fcr einen Besuch in Bukarest mit Freunden oder Familie, unsere elegante, klug gestaltete Superior-Zimmer in der N\u00e4he der Altstadt, verf\u00fcgen \u00fcber 2 Einzelbetten und kostenloses, schnelles Wi-Fi.\" \/>\n<meta property=\"og:url\" content=\"https:\/\/www.novotelbucharestcitycentre.com\/de\/zimmer-suiten\/superior-zimmer-mit-2-einzelbetten\/\" \/>\n<meta property=\"og:site_name\" content=\"Novotel Bucarest City Centre SL\" \/>\n<meta property=\"article:modified_time\" content=\"2022-12-22T11:47:53+00:00\" \/>\n<meta name=\"twitter:card\" content=\"summary_large_image\" \/>\n<meta name=\"twitter:label1\" content=\"Gesch\u00e4tzte Lesezeit\" \/>\n\t<meta name=\"twitter:data1\" content=\"1 Minute\" \/>\n<script type=\"application\/ld+json\" class=\"yoast-schema-graph\">{\"@context\":\"https:\/\/schema.org\",\"@graph\":[{\"@type\":\"WebPage\",\"@id\":\"https:\/\/www.novotelbucharestcitycentre.com\/de\/zimmer-suiten\/superior-zimmer-mit-2-einzelbetten\/\",\"url\":\"https:\/\/www.novotelbucharestcitycentre.com\/de\/zimmer-suiten\/superior-zimmer-mit-2-einzelbetten\/\",\"name\":\"Superior-Zimmer mit 2 Einzelbetten | Novotel Bucharest City Center\",\"isPartOf\":{\"@id\":\"https:\/\/www.novotelbucharestcitycentre.com\/#website\"},\"datePublished\":\"2022-11-29T14:48:12+00:00\",\"dateModified\":\"2022-12-22T11:47:53+00:00\",\"description\":\"Ideal f\u00fcr einen Besuch in Bukarest mit Freunden oder Familie, unsere elegante, klug gestaltete Superior-Zimmer in der N\u00e4he der Altstadt, verf\u00fcgen \u00fcber 2 Einzelbetten und kostenloses, schnelles Wi-Fi.\",\"breadcrumb\":{\"@id\":\"https:\/\/www.novotelbucharestcitycentre.com\/de\/zimmer-suiten\/superior-zimmer-mit-2-einzelbetten\/#breadcrumb\"},\"inLanguage\":\"de-DE\",\"potentialAction\":[{\"@type\":\"ReadAction\",\"target\":[\"https:\/\/www.novotelbucharestcitycentre.com\/de\/zimmer-suiten\/superior-zimmer-mit-2-einzelbetten\/\"]}]},{\"@type\":\"BreadcrumbList\",\"@id\":\"https:\/\/www.novotelbucharestcitycentre.com\/de\/zimmer-suiten\/superior-zimmer-mit-2-einzelbetten\/#breadcrumb\",\"itemListElement\":[{\"@type\":\"ListItem\",\"position\":1,\"name\":\"Home\",\"item\":\"https:\/\/www.novotelbucharestcitycentre.com\/de\/\"},{\"@type\":\"ListItem\",\"position\":2,\"name\":\"ZIMMER &#038; SUITEN\",\"item\":\"https:\/\/www.novotelbucharestcitycentre.com\/de\/zimmer-suiten\/\"},{\"@type\":\"ListItem\",\"position\":3,\"name\":\"SUPERIOR-ZIMMER MIT 2 EINZELBETTEN\"}]},{\"@type\":\"WebSite\",\"@id\":\"https:\/\/www.novotelbucharestcitycentre.com\/#website\",\"url\":\"https:\/\/www.novotelbucharestcitycentre.com\/\",\"name\":\"Novotel Bucarest City Centre SL\",\"description\":\"Just another D-Edge Accor V2 Sites Hosting site\",\"potentialAction\":[{\"@type\":\"SearchAction\",\"target\":{\"@type\":\"EntryPoint\",\"urlTemplate\":\"https:\/\/www.novotelbucharestcitycentre.com\/?s={search_term_string}\"},\"query-input\":{\"@type\":\"PropertyValueSpecification\",\"valueRequired\":true,\"valueName\":\"search_term_string\"}}],\"inLanguage\":\"de-DE\"}]}<\/script>\n<!-- \/ Yoast SEO plugin. -->","yoast_head_json":{"title":"Superior-Zimmer mit 2 Einzelbetten | Novotel Bucharest City Center","description":"Ideal f\u00fcr einen Besuch in Bukarest mit Freunden oder Familie, unsere elegante, klug gestaltete Superior-Zimmer in der N\u00e4he der Altstadt, verf\u00fcgen \u00fcber 2 Einzelbetten und kostenloses, schnelles Wi-Fi.","robots":{"index":"index","follow":"follow","max-snippet":"max-snippet:-1","max-image-preview":"max-image-preview:large","max-video-preview":"max-video-preview:-1"},"canonical":"https:\/\/www.novotelbucharestcitycentre.com\/de\/zimmer-suiten\/superior-zimmer-mit-2-einzelbetten\/","og_locale":"de_DE","og_type":"article","og_title":"Superior-Zimmer mit 2 Einzelbetten | Novotel Bucharest City Center","og_description":"Ideal f\u00fcr einen Besuch in Bukarest mit Freunden oder Familie, unsere elegante, klug gestaltete Superior-Zimmer in der N\u00e4he der Altstadt, verf\u00fcgen \u00fcber 2 Einzelbetten und kostenloses, schnelles Wi-Fi.","og_url":"https:\/\/www.novotelbucharestcitycentre.com\/de\/zimmer-suiten\/superior-zimmer-mit-2-einzelbetten\/","og_site_name":"Novotel Bucarest City Centre SL","article_modified_time":"2022-12-22T11:47:53+00:00","twitter_card":"summary_large_image","twitter_misc":{"Gesch\u00e4tzte Lesezeit":"1 Minute"},"schema":{"@context":"https:\/\/schema.org","@graph":[{"@type":"WebPage","@id":"https:\/\/www.novotelbucharestcitycentre.com\/de\/zimmer-suiten\/superior-zimmer-mit-2-einzelbetten\/","url":"https:\/\/www.novotelbucharestcitycentre.com\/de\/zimmer-suiten\/superior-zimmer-mit-2-einzelbetten\/","name":"Superior-Zimmer mit 2 Einzelbetten | Novotel Bucharest City Center","isPartOf":{"@id":"https:\/\/www.novotelbucharestcitycentre.com\/#website"},"datePublished":"2022-11-29T14:48:12+00:00","dateModified":"2022-12-22T11:47:53+00:00","description":"Ideal f\u00fcr einen Besuch in Bukarest mit Freunden oder Familie, unsere elegante, klug gestaltete Superior-Zimmer in der N\u00e4he der Altstadt, verf\u00fcgen \u00fcber 2 Einzelbetten und kostenloses, schnelles Wi-Fi.","breadcrumb":{"@id":"https:\/\/www.novotelbucharestcitycentre.com\/de\/zimmer-suiten\/superior-zimmer-mit-2-einzelbetten\/#breadcrumb"},"inLanguage":"de-DE","potentialAction":[{"@type":"ReadAction","target":["https:\/\/www.novotelbucharestcitycentre.com\/de\/zimmer-suiten\/superior-zimmer-mit-2-einzelbetten\/"]}]},{"@type":"BreadcrumbList","@id":"https:\/\/www.novotelbucharestcitycentre.com\/de\/zimmer-suiten\/superior-zimmer-mit-2-einzelbetten\/#breadcrumb","itemListElement":[{"@type":"ListItem","position":1,"name":"Home","item":"https:\/\/www.novotelbucharestcitycentre.com\/de\/"},{"@type":"ListItem","position":2,"name":"ZIMMER &#038; SUITEN","item":"https:\/\/www.novotelbucharestcitycentre.com\/de\/zimmer-suiten\/"},{"@type":"ListItem","position":3,"name":"SUPERIOR-ZIMMER MIT 2 EINZELBETTEN"}]},{"@type":"WebSite","@id":"https:\/\/www.novotelbucharestcitycentre.com\/#website","url":"https:\/\/www.novotelbucharestcitycentre.com\/","name":"Novotel Bucarest City Centre SL","description":"Just another D-Edge Accor V2 Sites Hosting site","potentialAction":[{"@type":"SearchAction","target":{"@type":"EntryPoint","urlTemplate":"https:\/\/www.novotelbucharestcitycentre.com\/?s={search_term_string}"},"query-input":{"@type":"PropertyValueSpecification","valueRequired":true,"valueName":"search_term_string"}}],"inLanguage":"de-DE"}]}},"_links":{"self":[{"href":"https:\/\/www.novotelbucharestcitycentre.com\/de\/wp-json\/wp\/v2\/pages\/279","targetHints":{"allow":["GET"]}}],"collection":[{"href":"https:\/\/www.novotelbucharestcitycentre.com\/de\/wp-json\/wp\/v2\/pages"}],"about":[{"href":"https:\/\/www.novotelbucharestcitycentre.com\/de\/wp-json\/wp\/v2\/types\/page"}],"author":[{"embeddable":true,"href":"https:\/\/www.novotelbucharestcitycentre.com\/de\/wp-json\/wp\/v2\/users\/26"}],"replies":[{"embeddable":true,"href":"https:\/\/www.novotelbucharestcitycentre.com\/de\/wp-json\/wp\/v2\/comments?post=279"}],"version-history":[{"count":0,"href":"https:\/\/www.novotelbucharestcitycentre.com\/de\/wp-json\/wp\/v2\/pages\/279\/revisions"}],"up":[{"embeddable":true,"href":"https:\/\/www.novotelbucharestcitycentre.com\/de\/wp-json\/wp\/v2\/pages\/268"}],"wp:attachment":[{"href":"https:\/\/www.novotelbucharestcitycentre.com\/de\/wp-json\/wp\/v2\/media?parent=279"}],"wp:term":[{"taxonomy":"category","embeddable":true,"href":"https:\/\/www.novotelbucharestcitycentre.com\/de\/wp-json\/wp\/v2\/categories?post=279"}],"curies":[{"name":"wp","href":"https:\/\/api.w.org\/{rel}","templated":true}]}}