{"id":274,"date":"2022-11-29T14:41:56","date_gmt":"2022-11-29T14:41:56","guid":{"rendered":"https:\/\/novotelbucarest.accorv2prod.decms.eu\/zimmer-suiten\/superior-room-with-double-bed\/"},"modified":"2022-12-22T11:48:59","modified_gmt":"2022-12-22T11:48:59","slug":"superior-zimmer-mit-doppelbett","status":"publish","type":"page","link":"https:\/\/www.novotelbucharestcitycentre.com\/de\/zimmer-suiten\/superior-zimmer-mit-doppelbett\/","title":{"rendered":"SUPERIOR-ZIMMER MIT DOPPELBETT"},"content":{"rendered":"<p>Das Superior-Zimmer mit Doppelbett und Sofa ist ein ruhiger Schlupfwinkel in Bukarest f\u00fcr Singles und Paare. Die zarten T\u00f6ne mit farbigen Akzenten schaffen eine beruhigende Atmosph\u00e4re und mit mindestens 24 m\u00b2 haben Sie gen\u00fcgend Platz, um sich wie zu Hause zu f\u00fchlen.<\/p>\n<p>Das kostenlose, schnelle Wi-Fi und der gro\u00dfz\u00fcgige Arbeitsbereich f\u00fchren dazu, dass Ihre Arbeit zum Kinderspiel wird. Abends legen Sie sich in die bequeme Sofa gem\u00fctlich und sehen sich einen Film auf dem gro\u00dfen Smart-TV an. Es war ein spannender Tag.<\/p>\n","protected":false},"excerpt":{"rendered":"<p>Das Superior-Zimmer mit Doppelbett und Sofa ist ein ruhiger Schlupfwinkel in Bukarest f\u00fcr Singles und Paare. Die zarten T\u00f6ne mit farbigen Akzenten schaffen eine beruhigende Atmosph\u00e4re und mit mindestens 24 m\u00b2 haben Sie gen\u00fcgend Platz, um sich wie zu Hause zu f\u00fchlen. Das kostenlose, schnelle Wi-Fi und der gro\u00dfz\u00fcgige Arbeitsbereich f\u00fchren dazu, dass Ihre Arbeit [&hellip;]<\/p>\n","protected":false},"author":26,"featured_media":0,"parent":268,"menu_order":11,"comment_status":"closed","ping_status":"closed","template":"template-room.php","meta":{"footnotes":""},"categories":[49],"class_list":["post-274","page","type-page","status-publish","hentry","category-zimmer"],"acf":[],"yoast_head":"<!-- This site is optimized with the Yoast SEO plugin v26.9 - https:\/\/yoast.com\/product\/yoast-seo-wordpress\/ -->\n<title>Superior Zimmer mit Doppelbett | Novotel Bucharest City Center<\/title>\n<meta name=\"description\" content=\"Perfekt f\u00fcr Singles und Paare, das gro\u00dfe Superior-Zimmer in unserem modernen Hotel aus der Stadtmitte bietet Ihnen kostenloses Wi-Fi und erstklassige Einrichtungen.\" \/>\n<meta name=\"robots\" content=\"index, follow, max-snippet:-1, max-image-preview:large, max-video-preview:-1\" \/>\n<link rel=\"canonical\" href=\"https:\/\/www.novotelbucharestcitycentre.com\/de\/zimmer-suiten\/superior-zimmer-mit-doppelbett\/\" \/>\n<meta property=\"og:locale\" content=\"de_DE\" \/>\n<meta property=\"og:type\" content=\"article\" \/>\n<meta property=\"og:title\" content=\"Superior Zimmer mit Doppelbett | Novotel Bucharest City Center\" \/>\n<meta property=\"og:description\" content=\"Perfekt f\u00fcr Singles und Paare, das gro\u00dfe Superior-Zimmer in unserem modernen Hotel aus der Stadtmitte bietet Ihnen kostenloses Wi-Fi und erstklassige Einrichtungen.\" \/>\n<meta property=\"og:url\" content=\"https:\/\/www.novotelbucharestcitycentre.com\/de\/zimmer-suiten\/superior-zimmer-mit-doppelbett\/\" \/>\n<meta property=\"og:site_name\" content=\"Novotel Bucarest City Centre SL\" \/>\n<meta property=\"article:modified_time\" content=\"2022-12-22T11:48:59+00:00\" \/>\n<meta name=\"twitter:card\" content=\"summary_large_image\" \/>\n<meta name=\"twitter:label1\" content=\"Gesch\u00e4tzte Lesezeit\" \/>\n\t<meta name=\"twitter:data1\" content=\"1 Minute\" \/>\n<script type=\"application\/ld+json\" class=\"yoast-schema-graph\">{\"@context\":\"https:\/\/schema.org\",\"@graph\":[{\"@type\":\"WebPage\",\"@id\":\"https:\/\/www.novotelbucharestcitycentre.com\/de\/zimmer-suiten\/superior-zimmer-mit-doppelbett\/\",\"url\":\"https:\/\/www.novotelbucharestcitycentre.com\/de\/zimmer-suiten\/superior-zimmer-mit-doppelbett\/\",\"name\":\"Superior Zimmer mit Doppelbett | Novotel Bucharest City Center\",\"isPartOf\":{\"@id\":\"https:\/\/www.novotelbucharestcitycentre.com\/#website\"},\"datePublished\":\"2022-11-29T14:41:56+00:00\",\"dateModified\":\"2022-12-22T11:48:59+00:00\",\"description\":\"Perfekt f\u00fcr Singles und Paare, das gro\u00dfe Superior-Zimmer in unserem modernen Hotel aus der Stadtmitte bietet Ihnen kostenloses Wi-Fi und erstklassige Einrichtungen.\",\"breadcrumb\":{\"@id\":\"https:\/\/www.novotelbucharestcitycentre.com\/de\/zimmer-suiten\/superior-zimmer-mit-doppelbett\/#breadcrumb\"},\"inLanguage\":\"de-DE\",\"potentialAction\":[{\"@type\":\"ReadAction\",\"target\":[\"https:\/\/www.novotelbucharestcitycentre.com\/de\/zimmer-suiten\/superior-zimmer-mit-doppelbett\/\"]}]},{\"@type\":\"BreadcrumbList\",\"@id\":\"https:\/\/www.novotelbucharestcitycentre.com\/de\/zimmer-suiten\/superior-zimmer-mit-doppelbett\/#breadcrumb\",\"itemListElement\":[{\"@type\":\"ListItem\",\"position\":1,\"name\":\"Home\",\"item\":\"https:\/\/www.novotelbucharestcitycentre.com\/de\/\"},{\"@type\":\"ListItem\",\"position\":2,\"name\":\"ZIMMER &#038; SUITEN\",\"item\":\"https:\/\/www.novotelbucharestcitycentre.com\/de\/zimmer-suiten\/\"},{\"@type\":\"ListItem\",\"position\":3,\"name\":\"SUPERIOR-ZIMMER MIT DOPPELBETT\"}]},{\"@type\":\"WebSite\",\"@id\":\"https:\/\/www.novotelbucharestcitycentre.com\/#website\",\"url\":\"https:\/\/www.novotelbucharestcitycentre.com\/\",\"name\":\"Novotel Bucarest City Centre SL\",\"description\":\"Just another D-Edge Accor V2 Sites Hosting site\",\"potentialAction\":[{\"@type\":\"SearchAction\",\"target\":{\"@type\":\"EntryPoint\",\"urlTemplate\":\"https:\/\/www.novotelbucharestcitycentre.com\/?s={search_term_string}\"},\"query-input\":{\"@type\":\"PropertyValueSpecification\",\"valueRequired\":true,\"valueName\":\"search_term_string\"}}],\"inLanguage\":\"de-DE\"}]}<\/script>\n<!-- \/ Yoast SEO plugin. -->","yoast_head_json":{"title":"Superior Zimmer mit Doppelbett | Novotel Bucharest City Center","description":"Perfekt f\u00fcr Singles und Paare, das gro\u00dfe Superior-Zimmer in unserem modernen Hotel aus der Stadtmitte bietet Ihnen kostenloses Wi-Fi und erstklassige Einrichtungen.","robots":{"index":"index","follow":"follow","max-snippet":"max-snippet:-1","max-image-preview":"max-image-preview:large","max-video-preview":"max-video-preview:-1"},"canonical":"https:\/\/www.novotelbucharestcitycentre.com\/de\/zimmer-suiten\/superior-zimmer-mit-doppelbett\/","og_locale":"de_DE","og_type":"article","og_title":"Superior Zimmer mit Doppelbett | Novotel Bucharest City Center","og_description":"Perfekt f\u00fcr Singles und Paare, das gro\u00dfe Superior-Zimmer in unserem modernen Hotel aus der Stadtmitte bietet Ihnen kostenloses Wi-Fi und erstklassige Einrichtungen.","og_url":"https:\/\/www.novotelbucharestcitycentre.com\/de\/zimmer-suiten\/superior-zimmer-mit-doppelbett\/","og_site_name":"Novotel Bucarest City Centre SL","article_modified_time":"2022-12-22T11:48:59+00:00","twitter_card":"summary_large_image","twitter_misc":{"Gesch\u00e4tzte Lesezeit":"1 Minute"},"schema":{"@context":"https:\/\/schema.org","@graph":[{"@type":"WebPage","@id":"https:\/\/www.novotelbucharestcitycentre.com\/de\/zimmer-suiten\/superior-zimmer-mit-doppelbett\/","url":"https:\/\/www.novotelbucharestcitycentre.com\/de\/zimmer-suiten\/superior-zimmer-mit-doppelbett\/","name":"Superior Zimmer mit Doppelbett | Novotel Bucharest City Center","isPartOf":{"@id":"https:\/\/www.novotelbucharestcitycentre.com\/#website"},"datePublished":"2022-11-29T14:41:56+00:00","dateModified":"2022-12-22T11:48:59+00:00","description":"Perfekt f\u00fcr Singles und Paare, das gro\u00dfe Superior-Zimmer in unserem modernen Hotel aus der Stadtmitte bietet Ihnen kostenloses Wi-Fi und erstklassige Einrichtungen.","breadcrumb":{"@id":"https:\/\/www.novotelbucharestcitycentre.com\/de\/zimmer-suiten\/superior-zimmer-mit-doppelbett\/#breadcrumb"},"inLanguage":"de-DE","potentialAction":[{"@type":"ReadAction","target":["https:\/\/www.novotelbucharestcitycentre.com\/de\/zimmer-suiten\/superior-zimmer-mit-doppelbett\/"]}]},{"@type":"BreadcrumbList","@id":"https:\/\/www.novotelbucharestcitycentre.com\/de\/zimmer-suiten\/superior-zimmer-mit-doppelbett\/#breadcrumb","itemListElement":[{"@type":"ListItem","position":1,"name":"Home","item":"https:\/\/www.novotelbucharestcitycentre.com\/de\/"},{"@type":"ListItem","position":2,"name":"ZIMMER &#038; SUITEN","item":"https:\/\/www.novotelbucharestcitycentre.com\/de\/zimmer-suiten\/"},{"@type":"ListItem","position":3,"name":"SUPERIOR-ZIMMER MIT DOPPELBETT"}]},{"@type":"WebSite","@id":"https:\/\/www.novotelbucharestcitycentre.com\/#website","url":"https:\/\/www.novotelbucharestcitycentre.com\/","name":"Novotel Bucarest City Centre SL","description":"Just another D-Edge Accor V2 Sites Hosting site","potentialAction":[{"@type":"SearchAction","target":{"@type":"EntryPoint","urlTemplate":"https:\/\/www.novotelbucharestcitycentre.com\/?s={search_term_string}"},"query-input":{"@type":"PropertyValueSpecification","valueRequired":true,"valueName":"search_term_string"}}],"inLanguage":"de-DE"}]}},"_links":{"self":[{"href":"https:\/\/www.novotelbucharestcitycentre.com\/de\/wp-json\/wp\/v2\/pages\/274","targetHints":{"allow":["GET"]}}],"collection":[{"href":"https:\/\/www.novotelbucharestcitycentre.com\/de\/wp-json\/wp\/v2\/pages"}],"about":[{"href":"https:\/\/www.novotelbucharestcitycentre.com\/de\/wp-json\/wp\/v2\/types\/page"}],"author":[{"embeddable":true,"href":"https:\/\/www.novotelbucharestcitycentre.com\/de\/wp-json\/wp\/v2\/users\/26"}],"replies":[{"embeddable":true,"href":"https:\/\/www.novotelbucharestcitycentre.com\/de\/wp-json\/wp\/v2\/comments?post=274"}],"version-history":[{"count":0,"href":"https:\/\/www.novotelbucharestcitycentre.com\/de\/wp-json\/wp\/v2\/pages\/274\/revisions"}],"up":[{"embeddable":true,"href":"https:\/\/www.novotelbucharestcitycentre.com\/de\/wp-json\/wp\/v2\/pages\/268"}],"wp:attachment":[{"href":"https:\/\/www.novotelbucharestcitycentre.com\/de\/wp-json\/wp\/v2\/media?parent=274"}],"wp:term":[{"taxonomy":"category","embeddable":true,"href":"https:\/\/www.novotelbucharestcitycentre.com\/de\/wp-json\/wp\/v2\/categories?post=274"}],"curies":[{"name":"wp","href":"https:\/\/api.w.org\/{rel}","templated":true}]}}