{"id":268,"date":"2022-11-29T14:27:58","date_gmt":"2022-11-29T14:27:58","guid":{"rendered":"https:\/\/novotelbucarest.accorv2prod.decms.eu\/rooms-suites\/"},"modified":"2022-12-21T16:59:05","modified_gmt":"2022-12-21T16:59:05","slug":"zimmer-suiten","status":"publish","type":"page","link":"https:\/\/www.novotelbucharestcitycentre.com\/de\/zimmer-suiten\/","title":{"rendered":"ZIMMER &#038; SUITEN"},"content":{"rendered":"<p>Die 258 Zimmer und Suiten im Novotel Bucharest City Center sind ganz f\u00fcr Ihr Wohlbefinden erdacht. Alle bieten einen Blick auf das historische Wahrzeichen, Calea Victoriei oder die Stadtaussicht. Intuitives und effizientes Design zusammen mit erstklassigen, hochmodernen Annehmlichkeiten, stellen Ihren Komfort und Ihre Bequemlichkeit in den Mittelpunkt, so dass es f\u00fcr Sie einfach sein wird, Ihre Zeit zu verbringen wie sie w\u00fcnschen.<\/p>\n<p>Weil uns bekannt ist, wie wichtig Ihre Familie ist, \u00fcbernachten und fr\u00fchst\u00fccken die Kinder bis 16 Jahre kostenlos.<\/p>\n","protected":false},"excerpt":{"rendered":"<p>Die 258 Zimmer und Suiten im Novotel Bucharest City Center sind ganz f\u00fcr Ihr Wohlbefinden erdacht. Alle bieten einen Blick auf das historische Wahrzeichen, Calea Victoriei oder die Stadtaussicht. Intuitives und effizientes Design zusammen mit erstklassigen, hochmodernen Annehmlichkeiten, stellen Ihren Komfort und Ihre Bequemlichkeit in den Mittelpunkt, so dass es f\u00fcr Sie einfach sein wird, [&hellip;]<\/p>\n","protected":false},"author":26,"featured_media":0,"parent":0,"menu_order":10,"comment_status":"closed","ping_status":"closed","template":"template-rooms.php","meta":{"footnotes":""},"categories":[],"class_list":["post-268","page","type-page","status-publish","hentry"],"acf":[],"yoast_head":"<!-- This site is optimized with the Yoast SEO plugin v26.9 - https:\/\/yoast.com\/product\/yoast-seo-wordpress\/ -->\n<title>Zimmer und Suiten | Novotel Bucharest City Center | 4-Sterne-Hotel<\/title>\n<meta name=\"description\" content=\"Alle unsere modernen, stilvollen Hotelzimmer und Suiten aus Bukarest haben Aussicht auf die Stadt, intuitives Design und erstklassige Einrichtungen f\u00fcr einen unvergesslichen City-Break.\" \/>\n<meta name=\"robots\" content=\"index, follow, max-snippet:-1, max-image-preview:large, max-video-preview:-1\" \/>\n<link rel=\"canonical\" href=\"https:\/\/www.novotelbucharestcitycentre.com\/de\/zimmer-suiten\/\" \/>\n<meta property=\"og:locale\" content=\"de_DE\" \/>\n<meta property=\"og:type\" content=\"article\" \/>\n<meta property=\"og:title\" content=\"Zimmer und Suiten | Novotel Bucharest City Center | 4-Sterne-Hotel\" \/>\n<meta property=\"og:description\" content=\"Alle unsere modernen, stilvollen Hotelzimmer und Suiten aus Bukarest haben Aussicht auf die Stadt, intuitives Design und erstklassige Einrichtungen f\u00fcr einen unvergesslichen City-Break.\" \/>\n<meta property=\"og:url\" content=\"https:\/\/www.novotelbucharestcitycentre.com\/de\/zimmer-suiten\/\" \/>\n<meta property=\"og:site_name\" content=\"Novotel Bucarest City Centre SL\" \/>\n<meta property=\"article:modified_time\" content=\"2022-12-21T16:59:05+00:00\" \/>\n<meta name=\"twitter:card\" content=\"summary_large_image\" \/>\n<meta name=\"twitter:label1\" content=\"Gesch\u00e4tzte Lesezeit\" \/>\n\t<meta name=\"twitter:data1\" content=\"1 Minute\" \/>\n<script type=\"application\/ld+json\" class=\"yoast-schema-graph\">{\"@context\":\"https:\/\/schema.org\",\"@graph\":[{\"@type\":\"WebPage\",\"@id\":\"https:\/\/www.novotelbucharestcitycentre.com\/de\/zimmer-suiten\/\",\"url\":\"https:\/\/www.novotelbucharestcitycentre.com\/de\/zimmer-suiten\/\",\"name\":\"Zimmer und Suiten | Novotel Bucharest City Center | 4-Sterne-Hotel\",\"isPartOf\":{\"@id\":\"https:\/\/www.novotelbucharestcitycentre.com\/#website\"},\"datePublished\":\"2022-11-29T14:27:58+00:00\",\"dateModified\":\"2022-12-21T16:59:05+00:00\",\"description\":\"Alle unsere modernen, stilvollen Hotelzimmer und Suiten aus Bukarest haben Aussicht auf die Stadt, intuitives Design und erstklassige Einrichtungen f\u00fcr einen unvergesslichen City-Break.\",\"breadcrumb\":{\"@id\":\"https:\/\/www.novotelbucharestcitycentre.com\/de\/zimmer-suiten\/#breadcrumb\"},\"inLanguage\":\"de-DE\",\"potentialAction\":[{\"@type\":\"ReadAction\",\"target\":[\"https:\/\/www.novotelbucharestcitycentre.com\/de\/zimmer-suiten\/\"]}]},{\"@type\":\"BreadcrumbList\",\"@id\":\"https:\/\/www.novotelbucharestcitycentre.com\/de\/zimmer-suiten\/#breadcrumb\",\"itemListElement\":[{\"@type\":\"ListItem\",\"position\":1,\"name\":\"Home\",\"item\":\"https:\/\/www.novotelbucharestcitycentre.com\/de\/\"},{\"@type\":\"ListItem\",\"position\":2,\"name\":\"ZIMMER &#038; SUITEN\"}]},{\"@type\":\"WebSite\",\"@id\":\"https:\/\/www.novotelbucharestcitycentre.com\/#website\",\"url\":\"https:\/\/www.novotelbucharestcitycentre.com\/\",\"name\":\"Novotel Bucarest City Centre SL\",\"description\":\"Just another D-Edge Accor V2 Sites Hosting site\",\"potentialAction\":[{\"@type\":\"SearchAction\",\"target\":{\"@type\":\"EntryPoint\",\"urlTemplate\":\"https:\/\/www.novotelbucharestcitycentre.com\/?s={search_term_string}\"},\"query-input\":{\"@type\":\"PropertyValueSpecification\",\"valueRequired\":true,\"valueName\":\"search_term_string\"}}],\"inLanguage\":\"de-DE\"}]}<\/script>\n<!-- \/ Yoast SEO plugin. -->","yoast_head_json":{"title":"Zimmer und Suiten | Novotel Bucharest City Center | 4-Sterne-Hotel","description":"Alle unsere modernen, stilvollen Hotelzimmer und Suiten aus Bukarest haben Aussicht auf die Stadt, intuitives Design und erstklassige Einrichtungen f\u00fcr einen unvergesslichen City-Break.","robots":{"index":"index","follow":"follow","max-snippet":"max-snippet:-1","max-image-preview":"max-image-preview:large","max-video-preview":"max-video-preview:-1"},"canonical":"https:\/\/www.novotelbucharestcitycentre.com\/de\/zimmer-suiten\/","og_locale":"de_DE","og_type":"article","og_title":"Zimmer und Suiten | Novotel Bucharest City Center | 4-Sterne-Hotel","og_description":"Alle unsere modernen, stilvollen Hotelzimmer und Suiten aus Bukarest haben Aussicht auf die Stadt, intuitives Design und erstklassige Einrichtungen f\u00fcr einen unvergesslichen City-Break.","og_url":"https:\/\/www.novotelbucharestcitycentre.com\/de\/zimmer-suiten\/","og_site_name":"Novotel Bucarest City Centre SL","article_modified_time":"2022-12-21T16:59:05+00:00","twitter_card":"summary_large_image","twitter_misc":{"Gesch\u00e4tzte Lesezeit":"1 Minute"},"schema":{"@context":"https:\/\/schema.org","@graph":[{"@type":"WebPage","@id":"https:\/\/www.novotelbucharestcitycentre.com\/de\/zimmer-suiten\/","url":"https:\/\/www.novotelbucharestcitycentre.com\/de\/zimmer-suiten\/","name":"Zimmer und Suiten | Novotel Bucharest City Center | 4-Sterne-Hotel","isPartOf":{"@id":"https:\/\/www.novotelbucharestcitycentre.com\/#website"},"datePublished":"2022-11-29T14:27:58+00:00","dateModified":"2022-12-21T16:59:05+00:00","description":"Alle unsere modernen, stilvollen Hotelzimmer und Suiten aus Bukarest haben Aussicht auf die Stadt, intuitives Design und erstklassige Einrichtungen f\u00fcr einen unvergesslichen City-Break.","breadcrumb":{"@id":"https:\/\/www.novotelbucharestcitycentre.com\/de\/zimmer-suiten\/#breadcrumb"},"inLanguage":"de-DE","potentialAction":[{"@type":"ReadAction","target":["https:\/\/www.novotelbucharestcitycentre.com\/de\/zimmer-suiten\/"]}]},{"@type":"BreadcrumbList","@id":"https:\/\/www.novotelbucharestcitycentre.com\/de\/zimmer-suiten\/#breadcrumb","itemListElement":[{"@type":"ListItem","position":1,"name":"Home","item":"https:\/\/www.novotelbucharestcitycentre.com\/de\/"},{"@type":"ListItem","position":2,"name":"ZIMMER &#038; SUITEN"}]},{"@type":"WebSite","@id":"https:\/\/www.novotelbucharestcitycentre.com\/#website","url":"https:\/\/www.novotelbucharestcitycentre.com\/","name":"Novotel Bucarest City Centre SL","description":"Just another D-Edge Accor V2 Sites Hosting site","potentialAction":[{"@type":"SearchAction","target":{"@type":"EntryPoint","urlTemplate":"https:\/\/www.novotelbucharestcitycentre.com\/?s={search_term_string}"},"query-input":{"@type":"PropertyValueSpecification","valueRequired":true,"valueName":"search_term_string"}}],"inLanguage":"de-DE"}]}},"_links":{"self":[{"href":"https:\/\/www.novotelbucharestcitycentre.com\/de\/wp-json\/wp\/v2\/pages\/268","targetHints":{"allow":["GET"]}}],"collection":[{"href":"https:\/\/www.novotelbucharestcitycentre.com\/de\/wp-json\/wp\/v2\/pages"}],"about":[{"href":"https:\/\/www.novotelbucharestcitycentre.com\/de\/wp-json\/wp\/v2\/types\/page"}],"author":[{"embeddable":true,"href":"https:\/\/www.novotelbucharestcitycentre.com\/de\/wp-json\/wp\/v2\/users\/26"}],"replies":[{"embeddable":true,"href":"https:\/\/www.novotelbucharestcitycentre.com\/de\/wp-json\/wp\/v2\/comments?post=268"}],"version-history":[{"count":0,"href":"https:\/\/www.novotelbucharestcitycentre.com\/de\/wp-json\/wp\/v2\/pages\/268\/revisions"}],"wp:attachment":[{"href":"https:\/\/www.novotelbucharestcitycentre.com\/de\/wp-json\/wp\/v2\/media?parent=268"}],"wp:term":[{"taxonomy":"category","embeddable":true,"href":"https:\/\/www.novotelbucharestcitycentre.com\/de\/wp-json\/wp\/v2\/categories?post=268"}],"curies":[{"name":"wp","href":"https:\/\/api.w.org\/{rel}","templated":true}]}}